{"id":1001,"date":"2021-03-23T11:10:03","date_gmt":"2021-03-23T03:10:03","guid":{"rendered":"https:\/\/med-disposable.com\/?post_type=product&#038;p=1001"},"modified":"2023-06-28T14:53:30","modified_gmt":"2023-06-28T06:53:30","slug":"sabanas-ajustables-desechables-de-alta-resistencia-para-cunas-camilla","status":"publish","type":"product","link":"https:\/\/med-disposable.com\/es\/product\/disposable-heavy-duty-fitted-cot-sheets-stretcher-sheets\/","title":{"rendered":"S\u00e1banas ajustables desechables de alta resistencia para cunas, s\u00e1banas camilla"},"content":{"rendered":"<p><strong>Introducci\u00f3n del producto:<\/strong><\/p>\n<p>Experimente la combinaci\u00f3n \u00f3ptima de seguridad, comodidad y durabilidad con nuestras s\u00e1banas ajustables desechables de uso intensivo para cunas y camillas. Est\u00e1n dise\u00f1adas y fabricadas para ayudar a los centros m\u00e9dicos y sanitarios a proporcionar la mejor atenci\u00f3n al paciente. Fabricadas con una innovadora tecnolog\u00eda de dos capas, estas s\u00e1banas proporcionan una comodidad e higiene inigualables, al tiempo que maximizan la seguridad y comodidad del paciente.<\/p>\n<p><img fetchpriority=\"high\" decoding=\"async\" class=\"aligncenter wp-image-8774 size-full\" src=\"https:\/\/med-disposable.com\/wp-content\/uploads\/2021\/03\/201908221709313914954-1.jpg\" alt=\"\" width=\"800\" height=\"800\" srcset=\"https:\/\/med-disposable.com\/wp-content\/uploads\/2021\/03\/201908221709313914954-1.jpg 800w, https:\/\/med-disposable.com\/wp-content\/uploads\/2021\/03\/201908221709313914954-1-300x300.jpg 300w, https:\/\/med-disposable.com\/wp-content\/uploads\/2021\/03\/201908221709313914954-1-150x150.jpg 150w, https:\/\/med-disposable.com\/wp-content\/uploads\/2021\/03\/201908221709313914954-1-768x768.jpg 768w, https:\/\/med-disposable.com\/wp-content\/uploads\/2021\/03\/201908221709313914954-1-600x600.jpg 600w, https:\/\/med-disposable.com\/wp-content\/uploads\/2021\/03\/201908221709313914954-1-100x100.jpg 100w\" sizes=\"(max-width: 800px) 100vw, 800px\" \/><\/p>\n<p><strong>Caracter\u00edsticas del producto:<\/strong><\/p>\n<p>Nuestras s\u00e1banas ajustables desechables para uso intensivo cuentan con una combinaci\u00f3n \u00fanica de dos capas distintas:<\/p>\n<ol>\n<li><em>Capa exterior:<\/em> Esta capa se compone de material no tejido PP hidr\u00f3filo, conocido por su extraordinaria capacidad de absorci\u00f3n, textura suave y transpirabilidad. Tambi\u00e9n existe la opci\u00f3n alternativa de utilizar material no tejido Spunlace, que ofrece un nivel similar de calidad y rendimiento.<\/li>\n<li><em>Capa interior:<\/em> La capa interior presenta una pel\u00edcula fundida pesada que mejora la resistencia a los fluidos y al desgarro, proporcionando un nivel extra de protecci\u00f3n y durabilidad. Como alternativa, la capa interior tambi\u00e9n puede ser Microporosa+PE.<\/li>\n<\/ol>\n<p><img decoding=\"async\" class=\"aligncenter wp-image-8775 size-full\" src=\"https:\/\/med-disposable.com\/wp-content\/uploads\/2021\/03\/201908221709312158291-1.jpg\" alt=\"\" width=\"800\" height=\"800\" srcset=\"https:\/\/med-disposable.com\/wp-content\/uploads\/2021\/03\/201908221709312158291-1.jpg 800w, https:\/\/med-disposable.com\/wp-content\/uploads\/2021\/03\/201908221709312158291-1-300x300.jpg 300w, https:\/\/med-disposable.com\/wp-content\/uploads\/2021\/03\/201908221709312158291-1-150x150.jpg 150w, https:\/\/med-disposable.com\/wp-content\/uploads\/2021\/03\/201908221709312158291-1-768x768.jpg 768w, https:\/\/med-disposable.com\/wp-content\/uploads\/2021\/03\/201908221709312158291-1-600x600.jpg 600w, https:\/\/med-disposable.com\/wp-content\/uploads\/2021\/03\/201908221709312158291-1-100x100.jpg 100w\" sizes=\"(max-width: 800px) 100vw, 800px\" \/><\/p>\n<p><strong>Especificaci\u00f3n detallada:<\/strong><\/p>\n<table width=\"875\">\n<tbody>\n<tr>\n<td width=\"106\">Material<\/td>\n<td width=\"769\">Pel\u00edcula no tejida+colada de PP hidr\u00f3filo o Pel\u00edcula de PE con revestimiento microporoso<\/td>\n<\/tr>\n<tr>\n<td>Estilo<\/td>\n<td>con el\u00e1stico en dos extremos, podr\u00eda ser el\u00e1stico en las cuatro esquinas si fuera necesario.<\/td>\n<\/tr>\n<tr>\n<td>Gramo de peso<\/td>\n<td>55-75gsm, seg\u00fan pedido<\/td>\n<\/tr>\n<tr>\n<td>Talla<\/td>\n<td>35*80\", 45*95\", a medida<\/td>\n<\/tr>\n<tr>\n<td>Paquete<\/td>\n<td>5pcs\/bag, 50pcs\/carton, o como requisitos<\/td>\n<\/tr>\n<tr>\n<td>Puerto de carga<\/td>\n<td>Wuhan<\/td>\n<\/tr>\n<tr>\n<td>Plazo de entrega<\/td>\n<td>alrededor de 30 d\u00edas, seg\u00fan la cantidad de su pedido<\/td>\n<\/tr>\n<tr>\n<td>Plazo de pago<\/td>\n<td>T\/T, L\/C<\/td>\n<\/tr>\n<tr>\n<td>Certificado<\/td>\n<td>CE, FDA<\/td>\n<\/tr>\n<tr>\n<td>Observaci\u00f3n<\/td>\n<td>Disponibles en diferentes pesos, tama\u00f1os y embalajes seg\u00fan se solicite; las muestras y especificaciones del cliente son siempre bienvenidas.<\/td>\n<\/tr>\n<\/tbody>\n<\/table>\n<p>&nbsp;<\/p>\n<p><strong>Ventajas:<\/strong><\/p>\n<p>Estas s\u00e1banas ajustables desechables para uso intensivo ofrecen varias ventajas clave:<\/p>\n<ul>\n<li>Est\u00e1n dise\u00f1adas espec\u00edficamente para soportar un peso del paciente no inferior a 300 libras, lo que garantiza la seguridad y comodidad del paciente durante su uso.<\/li>\n<li>La gran capacidad de absorci\u00f3n de la capa exterior aumenta la comodidad del paciente al absorber eficazmente el sudor y otros fluidos corporales.<\/li>\n<li>La pesada capa interior de pel\u00edcula fundida garantiza la resistencia a los fluidos, minimizando el riesgo de derrames y fugas.<\/li>\n<li>La calidad resistente al desgarro de estas l\u00e1minas proporciona una mayor durabilidad y longevidad, reduciendo los costes de sustituci\u00f3n.<\/li>\n<li>Estas s\u00e1banas ofrecen la comodidad de ser desechables, lo que simplifica la limpieza y mejora las medidas de control de infecciones.<\/li>\n<\/ul>\n<p><strong>Usos:<\/strong><\/p>\n<p>Nuestras s\u00e1banas desechables son adecuadas para una amplia variedad de entornos sanitarios, como hospitales, cl\u00ednicas, centros de cuidados a largo plazo y servicios m\u00e9dicos de urgencias. Pueden utilizarse en salas de urgencias, quir\u00f3fanos, habitaciones de pacientes, ambulancias, etc.<\/p>\n<p><img decoding=\"async\" class=\"aligncenter wp-image-8776 size-full\" src=\"https:\/\/med-disposable.com\/wp-content\/uploads\/2021\/03\/He85e43247bf04980a7cab437e747b997R-1.jpg\" alt=\"\" width=\"800\" height=\"800\" srcset=\"https:\/\/med-disposable.com\/wp-content\/uploads\/2021\/03\/He85e43247bf04980a7cab437e747b997R-1.jpg 800w, https:\/\/med-disposable.com\/wp-content\/uploads\/2021\/03\/He85e43247bf04980a7cab437e747b997R-1-300x300.jpg 300w, https:\/\/med-disposable.com\/wp-content\/uploads\/2021\/03\/He85e43247bf04980a7cab437e747b997R-1-150x150.jpg 150w, https:\/\/med-disposable.com\/wp-content\/uploads\/2021\/03\/He85e43247bf04980a7cab437e747b997R-1-768x768.jpg 768w, https:\/\/med-disposable.com\/wp-content\/uploads\/2021\/03\/He85e43247bf04980a7cab437e747b997R-1-600x600.jpg 600w, https:\/\/med-disposable.com\/wp-content\/uploads\/2021\/03\/He85e43247bf04980a7cab437e747b997R-1-100x100.jpg 100w\" sizes=\"(max-width: 800px) 100vw, 800px\" \/><\/p>\n<p>&nbsp;<\/p>\n<p><strong>PREGUNTAS FRECUENTES:<\/strong><\/p>\n<p><strong>1. \u00bfCu\u00e1l es el peso m\u00e1ximo que pueden soportar estas s\u00e1banas ajustables para cuna?<\/strong><\/p>\n<p>Las s\u00e1banas ajustables desechables de uso intensivo para cuna\/camilla est\u00e1n dise\u00f1adas para soportar un peso m\u00ednimo del paciente de 300 libras. Esta gran capacidad de peso hace que estas s\u00e1banas sean adecuadas para todo tipo y tama\u00f1o de pacientes, garantizando una comodidad y seguridad \u00f3ptimas durante los procedimientos m\u00e9dicos o los periodos de descanso.<\/p>\n<p><strong>2. \u00bfC\u00f3mo mejora el rendimiento de estas l\u00e1minas la tecnolog\u00eda de dos capas?<\/strong><\/p>\n<p>La exclusiva tecnolog\u00eda de dos capas de estas s\u00e1banas para camillas est\u00e1 dise\u00f1ada para ofrecer comodidad y protecci\u00f3n. La capa exterior, de material no tejido de PP hidr\u00f3filo, proporciona una excelente absorbencia, un tacto suave y transpirabilidad, mejorando la comodidad del paciente. La capa interior, una gruesa pel\u00edcula de yeso, ofrece una resistencia superior a los fluidos y al desgarro, garantizando la durabilidad y la protecci\u00f3n frente a fugas y derrames. Esta combinaci\u00f3n proporciona un equilibrio \u00f3ptimo de comodidad, seguridad y durabilidad.<\/p>\n<p><strong>3. \u00bfC\u00f3mo contribuye la desechabilidad de estas s\u00e1banas a la higiene y el control de infecciones?<\/strong><\/p>\n<p>La posibilidad de desechar estas s\u00e1banas de cuna es un factor clave para mantener altos niveles de higiene y control de infecciones. Las s\u00e1banas usadas pueden retirarse y desecharse inmediatamente despu\u00e9s de su uso, lo que elimina la necesidad de lavarlas y reduce el riesgo de contaminaci\u00f3n cruzada. Esto las convierte en una opci\u00f3n ideal para instalaciones m\u00e9dicas en las que el control de infecciones es una prioridad absoluta.<\/p>\n<p><strong>4. \u00bfPueden personalizarse las fichas en funci\u00f3n de necesidades o requisitos espec\u00edficos?<\/strong><\/p>\n<p>Aunque nuestras s\u00e1banas ajustables para cuna est\u00e1ndar ofrecen una calidad y unas prestaciones excelentes, somos conscientes de que algunos profesionales sanitarios pueden tener requisitos espec\u00edficos. Estaremos encantados de estudiar opciones de personalizaci\u00f3n, incluidos materiales y tama\u00f1os, para satisfacer sus necesidades espec\u00edficas. P\u00f3ngase en contacto con nuestro equipo de atenci\u00f3n al cliente para obtener m\u00e1s informaci\u00f3n.<\/p>","protected":false},"excerpt":{"rendered":"<p>2 capas, funci\u00f3n absorbente de agua y funci\u00f3n resistente a los fluidos.<\/p>\n<p>Soportar un peso del paciente no inferior a 300 libras.<\/p>","protected":false},"featured_media":1004,"template":"","meta":{"_seopress_robots_primary_cat":"none","_seopress_titles_title":"Stretcher Sheets - Disposable Heavy Duty Fitted Cot Sheets","_seopress_titles_desc":"Disposable Heavy Duty Fitted Cot Sheets - Hydrophilic PP non woven+cast film or Microporous coated PE film. Bear patient weight no less than 300 pounds.","_seopress_robots_index":""},"product_brand":[],"product_cat":[49],"product_tag":[83,65],"class_list":{"0":"post-1001","1":"product","2":"type-product","3":"status-publish","4":"has-post-thumbnail","6":"product_cat-bed-linens","7":"product_tag-bed-sheets","8":"product_tag-waterproof","10":"first","11":"instock","12":"shipping-taxable","13":"product-type-simple"},"_links":{"self":[{"href":"https:\/\/med-disposable.com\/es\/wp-json\/wp\/v2\/product\/1001","targetHints":{"allow":["GET"]}}],"collection":[{"href":"https:\/\/med-disposable.com\/es\/wp-json\/wp\/v2\/product"}],"about":[{"href":"https:\/\/med-disposable.com\/es\/wp-json\/wp\/v2\/types\/product"}],"version-history":[{"count":0,"href":"https:\/\/med-disposable.com\/es\/wp-json\/wp\/v2\/product\/1001\/revisions"}],"wp:featuredmedia":[{"embeddable":true,"href":"https:\/\/med-disposable.com\/es\/wp-json\/wp\/v2\/media\/1004"}],"wp:attachment":[{"href":"https:\/\/med-disposable.com\/es\/wp-json\/wp\/v2\/media?parent=1001"}],"wp:term":[{"taxonomy":"product_brand","embeddable":true,"href":"https:\/\/med-disposable.com\/es\/wp-json\/wp\/v2\/product_brand?post=1001"},{"taxonomy":"product_cat","embeddable":true,"href":"https:\/\/med-disposable.com\/es\/wp-json\/wp\/v2\/product_cat?post=1001"},{"taxonomy":"product_tag","embeddable":true,"href":"https:\/\/med-disposable.com\/es\/wp-json\/wp\/v2\/product_tag?post=1001"}],"curies":[{"name":"wp","href":"https:\/\/api.w.org\/{rel}","templated":true}]}}