{"id":1086,"date":"2021-03-26T16:00:00","date_gmt":"2021-03-26T08:00:00","guid":{"rendered":"https:\/\/med-disposable.com\/?post_type=product&#038;p=1086"},"modified":"2023-05-12T11:43:04","modified_gmt":"2023-05-12T03:43:04","slug":"rollo-de-sabana-de-masaje-desechable","status":"publish","type":"product","link":"https:\/\/med-disposable.com\/es\/product\/disposable-massage-bed-sheet-roll\/","title":{"rendered":"Rollo de s\u00e1bana de masaje desechable"},"content":{"rendered":"<p><strong>Introducci\u00f3n del producto:<\/strong><\/p>\n<p>Experimente una comodidad e higiene inigualables con nuestros rollos de s\u00e1banas desechables para camas de masaje. Dise\u00f1adas pensando en la satisfacci\u00f3n del cliente, estas s\u00e1banas proporcionan una superficie fresca y limpia para cada cliente. Perfectas para masajistas, propietarios de spas, fisioterapeutas, etc., nuestras s\u00e1banas desechables son un complemento vers\u00e1til para cualquier instalaci\u00f3n profesional.<\/p>\n<p><img fetchpriority=\"high\" decoding=\"async\" class=\"aligncenter wp-image-6548 size-large\" src=\"https:\/\/med-disposable.com\/wp-content\/uploads\/2021\/03\/bed-sheet-roll-1024x1024.jpg\" alt=\"\" width=\"800\" height=\"800\" srcset=\"https:\/\/med-disposable.com\/wp-content\/uploads\/2021\/03\/bed-sheet-roll-1024x1024.jpg 1024w, https:\/\/med-disposable.com\/wp-content\/uploads\/2021\/03\/bed-sheet-roll-300x300.jpg 300w, https:\/\/med-disposable.com\/wp-content\/uploads\/2021\/03\/bed-sheet-roll-150x150.jpg 150w, https:\/\/med-disposable.com\/wp-content\/uploads\/2021\/03\/bed-sheet-roll-768x768.jpg 768w, https:\/\/med-disposable.com\/wp-content\/uploads\/2021\/03\/bed-sheet-roll-1536x1536.jpg 1536w, https:\/\/med-disposable.com\/wp-content\/uploads\/2021\/03\/bed-sheet-roll-scaled.jpg 2048w, https:\/\/med-disposable.com\/wp-content\/uploads\/2021\/03\/bed-sheet-roll-600x600.jpg 600w, https:\/\/med-disposable.com\/wp-content\/uploads\/2021\/03\/bed-sheet-roll-100x100.jpg 100w\" sizes=\"(max-width: 800px) 100vw, 800px\" \/><\/p>\n<p><strong>Especificaci\u00f3n detallada:<\/strong><\/p>\n<table width=\"483\">\n<tbody>\n<tr>\n<td width=\"114\">Talla<\/td>\n<td width=\"369\">personalizado<\/td>\n<\/tr>\n<tr>\n<td width=\"114\">Material<\/td>\n<td width=\"369\">PP, SMS, Spunlace, Papel<\/td>\n<\/tr>\n<tr>\n<td width=\"114\">Gramo de peso<\/td>\n<td width=\"369\">18-55gsm<\/td>\n<\/tr>\n<tr>\n<td width=\"114\">Color<\/td>\n<td width=\"369\">Blanco, azul, rosa, verde o seg\u00fan pedido<\/td>\n<\/tr>\n<tr>\n<td width=\"114\">Embalaje<\/td>\n<td width=\"369\">1 rollo\/bolsa, 12 rollos\/ctn, o seg\u00fan pedido<\/td>\n<\/tr>\n<tr>\n<td width=\"114\">Observaci\u00f3n<\/td>\n<td width=\"369\">Disponible en distintos pesos, tama\u00f1os y embalajes, seg\u00fan se solicite;<\/p>\n<p>Las muestras y especificaciones de los clientes son siempre bienvenidas.<\/td>\n<\/tr>\n<\/tbody>\n<\/table>\n<p><img decoding=\"async\" class=\"aligncenter wp-image-6543 size-large\" src=\"https:\/\/med-disposable.com\/wp-content\/uploads\/2021\/03\/40A0714-1024x1024.jpg\" alt=\"\" width=\"800\" height=\"800\" srcset=\"https:\/\/med-disposable.com\/wp-content\/uploads\/2021\/03\/40A0714-1024x1024.jpg 1024w, https:\/\/med-disposable.com\/wp-content\/uploads\/2021\/03\/40A0714-300x300.jpg 300w, https:\/\/med-disposable.com\/wp-content\/uploads\/2021\/03\/40A0714-150x150.jpg 150w, https:\/\/med-disposable.com\/wp-content\/uploads\/2021\/03\/40A0714-768x768.jpg 768w, https:\/\/med-disposable.com\/wp-content\/uploads\/2021\/03\/40A0714-1536x1536.jpg 1536w, https:\/\/med-disposable.com\/wp-content\/uploads\/2021\/03\/40A0714-scaled.jpg 2048w, https:\/\/med-disposable.com\/wp-content\/uploads\/2021\/03\/40A0714-600x600.jpg 600w, https:\/\/med-disposable.com\/wp-content\/uploads\/2021\/03\/40A0714-100x100.jpg 100w\" sizes=\"(max-width: 800px) 100vw, 800px\" \/><\/p>\n<p><strong>Caracter\u00edsticas:<\/strong><\/p>\n<ul>\n<li><strong>Comodidad:<\/strong> Nuestras hojas vienen en un rollo continuo, lo que le permite cortar f\u00e1cilmente la longitud necesaria. Las perforaciones incorporadas garantizan un corte limpio y uniforme en todo momento.<\/li>\n<li><strong>Material de calidad:<\/strong> Fabricadas con un suave tejido no tejido, estas s\u00e1banas ofrecen una experiencia confortable a sus clientes sin sacrificar la durabilidad.<\/li>\n<li><strong>Higiene:<\/strong> Al utilizar una s\u00e1bana nueva para cada cliente, se garantiza la m\u00e1xima higiene, se evita la contaminaci\u00f3n cruzada y se da tranquilidad a cada cliente.<\/li>\n<\/ul>\n<p><img decoding=\"async\" class=\"aligncenter wp-image-6539 size-full\" src=\"https:\/\/med-disposable.com\/wp-content\/uploads\/2021\/03\/40A0703.jpg\" alt=\"\" width=\"525\" height=\"525\" srcset=\"https:\/\/med-disposable.com\/wp-content\/uploads\/2021\/03\/40A0703.jpg 525w, https:\/\/med-disposable.com\/wp-content\/uploads\/2021\/03\/40A0703-300x300.jpg 300w, https:\/\/med-disposable.com\/wp-content\/uploads\/2021\/03\/40A0703-150x150.jpg 150w, https:\/\/med-disposable.com\/wp-content\/uploads\/2021\/03\/40A0703-100x100.jpg 100w\" sizes=\"(max-width: 525px) 100vw, 525px\" \/><\/p>\n<p><strong>Ventajas:<\/strong><\/p>\n<ul>\n<li><strong>Ahorro de tiempo:<\/strong> Evite las molestias de la colada. Estas s\u00e1banas desechables le ahorran un tiempo y unos recursos valiosos que puede dedicar mejor a atender a sus clientes.<\/li>\n<li><strong>Rentable:<\/strong> En comparaci\u00f3n con la ropa blanca normal, estas s\u00e1banas desechables son una opci\u00f3n econ\u00f3mica que reduce los costes de lavado y el desgaste de las lavadoras.<\/li>\n<li><strong>Profesionalidad:<\/strong> Utilizar s\u00e1banas limpias para cada cliente demuestra su compromiso con la limpieza y la profesionalidad, mejorando la reputaci\u00f3n de su empresa.<\/li>\n<\/ul>\n<p>&nbsp;<\/p>\n<p><strong>Usos:<\/strong><\/p>\n<p>Nuestros rollos de s\u00e1banas desechables para masajes son perfectos para diversos entornos profesionales, como centros de masajes terap\u00e9uticos, spas, salones de belleza, cl\u00ednicas y hospitales. Tambi\u00e9n son estupendos para uso personal en casa, perfectos para invitados o cuando se necesita un cambio r\u00e1pido de cama.<\/p>\n<figure id=\"attachment_6549\" aria-describedby=\"caption-attachment-6549\" style=\"width: 800px\" class=\"wp-caption aligncenter\"><img loading=\"lazy\" decoding=\"async\" class=\"wp-image-6549 size-full\" src=\"https:\/\/med-disposable.com\/wp-content\/uploads\/2021\/03\/H0db9c5589d5e46228dbca5c6000b72b23.jpg\" alt=\"\" width=\"800\" height=\"800\" srcset=\"https:\/\/med-disposable.com\/wp-content\/uploads\/2021\/03\/H0db9c5589d5e46228dbca5c6000b72b23.jpg 800w, https:\/\/med-disposable.com\/wp-content\/uploads\/2021\/03\/H0db9c5589d5e46228dbca5c6000b72b23-300x300.jpg 300w, https:\/\/med-disposable.com\/wp-content\/uploads\/2021\/03\/H0db9c5589d5e46228dbca5c6000b72b23-150x150.jpg 150w, https:\/\/med-disposable.com\/wp-content\/uploads\/2021\/03\/H0db9c5589d5e46228dbca5c6000b72b23-768x768.jpg 768w, https:\/\/med-disposable.com\/wp-content\/uploads\/2021\/03\/H0db9c5589d5e46228dbca5c6000b72b23-600x600.jpg 600w, https:\/\/med-disposable.com\/wp-content\/uploads\/2021\/03\/H0db9c5589d5e46228dbca5c6000b72b23-100x100.jpg 100w\" sizes=\"(max-width: 800px) 100vw, 800px\" \/><figcaption id=\"caption-attachment-6549\" class=\"wp-caption-text\">bty<\/figcaption><\/figure>\n<p><strong>PREGUNTAS FRECUENTES:<\/strong><\/p>\n<p><strong>1. \u00bfCu\u00e1l es el tama\u00f1o de cada hoja del rollo?<\/strong><\/p>\n<p>Las dimensiones de cada s\u00e1bana est\u00e1n dise\u00f1adas para adaptarse a las camillas de masaje est\u00e1ndar. Sin embargo, las medidas exactas pueden variar seg\u00fan el producto, por lo que es importante comprobar los detalles espec\u00edficos del producto antes de comprarlo.<\/p>\n<p><img loading=\"lazy\" decoding=\"async\" class=\"aligncenter wp-image-6550 size-full\" src=\"https:\/\/med-disposable.com\/wp-content\/uploads\/2021\/03\/H94ed6845485b41fdaa718e2fba7ce0f2Y.jpg\" alt=\"\" width=\"750\" height=\"750\" srcset=\"https:\/\/med-disposable.com\/wp-content\/uploads\/2021\/03\/H94ed6845485b41fdaa718e2fba7ce0f2Y.jpg 750w, https:\/\/med-disposable.com\/wp-content\/uploads\/2021\/03\/H94ed6845485b41fdaa718e2fba7ce0f2Y-300x300.jpg 300w, https:\/\/med-disposable.com\/wp-content\/uploads\/2021\/03\/H94ed6845485b41fdaa718e2fba7ce0f2Y-150x150.jpg 150w, https:\/\/med-disposable.com\/wp-content\/uploads\/2021\/03\/H94ed6845485b41fdaa718e2fba7ce0f2Y-600x600.jpg 600w, https:\/\/med-disposable.com\/wp-content\/uploads\/2021\/03\/H94ed6845485b41fdaa718e2fba7ce0f2Y-100x100.jpg 100w\" sizes=\"(max-width: 750px) 100vw, 750px\" \/><\/p>\n<p><strong>2. \u00bfDe qu\u00e9 materiales est\u00e1n hechas las planchas?<\/strong><\/p>\n<p>Nuestros rollos de s\u00e1bana de masaje desechables est\u00e1n fabricados con un suave tejido no tejido. Este material se elige por su combinaci\u00f3n de comodidad, durabilidad y propiedades higi\u00e9nicas.<\/p>\n<p><strong>3. \u00bfPuedo personalizar el tama\u00f1o de la hoja o la marca?<\/strong><\/p>\n<p>Dependiendo del volumen del pedido, es posible personalizarlo. Esto podr\u00eda incluir tama\u00f1os de hoja personalizados para adaptarse a mesas no est\u00e1ndar, u opciones de marca como logotipos o nombres de empresas impresos en las hojas.<\/p>\n<p><strong>4. \u00bfC\u00f3mo se compara el coste de las s\u00e1banas desechables con el de la ropa blanca normal a lo largo del tiempo?<\/strong><\/p>\n<p>Aunque el coste inicial de las s\u00e1banas desechables puede ser mayor que el de la ropa de cama reutilizable, a la larga pueden resultar m\u00e1s econ\u00f3micas. El ahorro procede de la eliminaci\u00f3n de los gastos de lavander\u00eda, como el agua, la electricidad, los detergentes y el tiempo dedicado a lavar, secar y doblar la ropa blanca.<\/p>\n<p><strong>5. \u00bfPuedo pedir una muestra antes de hacer una compra grande?<\/strong><\/p>\n<p>S\u00ed, entendemos que la calidad y el tacto son importantes a la hora de elegir las s\u00e1banas desechables adecuadas. Ofrecemos pedidos de muestra para que pueda probar nuestro producto antes de realizar una compra mayor.<\/p>","protected":false},"excerpt":{"rendered":"<p>Rollo de s\u00e1bana desechable especial para SPA, masajes, sal\u00f3n de belleza...<\/p>\n<p>Con puntos de rotura, sin tijeras. F\u00e1cil de colocar y ahorra espacio<\/p>","protected":false},"featured_media":574,"template":"","meta":{"_seopress_robots_primary_cat":"none","_seopress_titles_title":"Disposable Massage Bed Sheet Roll - YouFu Medical","_seopress_titles_desc":"Disposable bed sheet roll special for SPA, massage and beauty salon with breakpoints, no scissors. Easy to place and save space. Check now.","_seopress_robots_index":""},"product_brand":[],"product_cat":[49],"product_tag":[69,301,302],"class_list":{"0":"post-1086","1":"product","2":"type-product","3":"status-publish","4":"has-post-thumbnail","6":"product_cat-bed-linens","7":"product_tag-bed-sheet","8":"product_tag-bed-sheet-roll","9":"product_tag-massage-table-sheet","11":"first","12":"instock","13":"shipping-taxable","14":"product-type-simple"},"_links":{"self":[{"href":"https:\/\/med-disposable.com\/es\/wp-json\/wp\/v2\/product\/1086","targetHints":{"allow":["GET"]}}],"collection":[{"href":"https:\/\/med-disposable.com\/es\/wp-json\/wp\/v2\/product"}],"about":[{"href":"https:\/\/med-disposable.com\/es\/wp-json\/wp\/v2\/types\/product"}],"version-history":[{"count":0,"href":"https:\/\/med-disposable.com\/es\/wp-json\/wp\/v2\/product\/1086\/revisions"}],"wp:featuredmedia":[{"embeddable":true,"href":"https:\/\/med-disposable.com\/es\/wp-json\/wp\/v2\/media\/574"}],"wp:attachment":[{"href":"https:\/\/med-disposable.com\/es\/wp-json\/wp\/v2\/media?parent=1086"}],"wp:term":[{"taxonomy":"product_brand","embeddable":true,"href":"https:\/\/med-disposable.com\/es\/wp-json\/wp\/v2\/product_brand?post=1086"},{"taxonomy":"product_cat","embeddable":true,"href":"https:\/\/med-disposable.com\/es\/wp-json\/wp\/v2\/product_cat?post=1086"},{"taxonomy":"product_tag","embeddable":true,"href":"https:\/\/med-disposable.com\/es\/wp-json\/wp\/v2\/product_tag?post=1086"}],"curies":[{"name":"wp","href":"https:\/\/api.w.org\/{rel}","templated":true}]}}