{"id":1218,"date":"2021-04-13T22:13:40","date_gmt":"2021-04-13T14:13:40","guid":{"rendered":"https:\/\/med-disposable.com\/?post_type=product&#038;p=1218"},"modified":"2023-06-15T19:17:32","modified_gmt":"2023-06-15T11:17:32","slug":"gorro-no-tejido-desechable-con-redecilla","status":"publish","type":"product","link":"https:\/\/med-disposable.com\/es\/product\/disposable-non-woven-snood-cap\/","title":{"rendered":"Gorro no tejido desechable con redecilla"},"content":{"rendered":"<h2>Especificaci\u00f3n detallada del gorro de redecilla desechable:<\/h2>\n<table width=\"559\">\n<tbody>\n<tr>\n<td width=\"106\">Talla<\/td>\n<td width=\"453\">S, M, L<\/td>\n<\/tr>\n<tr>\n<td width=\"106\">Material<\/td>\n<td width=\"453\">PP no tejido, 20-45gsm<\/td>\n<\/tr>\n<tr>\n<td width=\"106\">Estilo<\/td>\n<td width=\"453\">delantero con pico, el\u00e1stico en la nuca<\/td>\n<\/tr>\n<tr>\n<td width=\"106\">Color<\/td>\n<td width=\"453\">Blanco, azul, rosa, amarillo, verde, naranja, morado, negro,(todos los colores pueden estar disponibles)<\/td>\n<\/tr>\n<tr>\n<td width=\"106\">Embalaje<\/td>\n<td width=\"453\">100 pcs\/bag, 1000pcs\/ctn, puede ser como requisitos<\/td>\n<\/tr>\n<tr>\n<td width=\"106\">Aplicaci\u00f3n<\/td>\n<td width=\"453\">medicina, salas blancas, producci\u00f3n alimentaria, entornos cr\u00edticos, fabricaci\u00f3n industrial, etc.<\/td>\n<\/tr>\n<\/tbody>\n<\/table>\n<p><img fetchpriority=\"high\" decoding=\"async\" class=\"aligncenter wp-image-8086 size-full\" src=\"https:\/\/med-disposable.com\/wp-content\/uploads\/2021\/04\/snood-caps.jpg\" alt=\"\" width=\"800\" height=\"800\" srcset=\"https:\/\/med-disposable.com\/wp-content\/uploads\/2021\/04\/snood-caps.jpg 800w, https:\/\/med-disposable.com\/wp-content\/uploads\/2021\/04\/snood-caps-300x300.jpg 300w, https:\/\/med-disposable.com\/wp-content\/uploads\/2021\/04\/snood-caps-150x150.jpg 150w, https:\/\/med-disposable.com\/wp-content\/uploads\/2021\/04\/snood-caps-768x768.jpg 768w, https:\/\/med-disposable.com\/wp-content\/uploads\/2021\/04\/snood-caps-600x600.jpg 600w, https:\/\/med-disposable.com\/wp-content\/uploads\/2021\/04\/snood-caps-100x100.jpg 100w\" sizes=\"(max-width: 800px) 100vw, 800px\" \/><\/p>\n<h2>Caracter\u00edsticas del producto<\/h2>\n<ul>\n<li><strong>Material superior:<\/strong>\u00a0Nuestros gorros Snood desechables est\u00e1n fabricados con un tejido no tejido suave, ligero y transpirable que ofrece una comodidad \u00f3ptima durante un uso prolongado.<\/li>\n<li><strong>Pico delantero:<\/strong>\u00a0La visera integrada en la parte delantera del gorro proporciona una cobertura y protecci\u00f3n adicionales, manteniendo la frente limpia y minimizando el riesgo de contaminaci\u00f3n.<\/li>\n<li><strong>Nuca el\u00e1stica:<\/strong>\u00a0La banda el\u00e1stica en la nuca garantiza un ajuste ce\u00f1ido y seguro para todos los tama\u00f1os de cabeza, evitando deslizamientos no deseados durante el trabajo.<\/li>\n<li><strong>Cobertura total del cabello:<\/strong>\u00a0El dise\u00f1o del gorro cubre toda la cabeza y el cabello, reduciendo el riesgo de contaminaci\u00f3n en entornos sensibles.<\/li>\n<li><strong>Sin l\u00e1tex:<\/strong>\u00a0Estos tapones desechables no contienen l\u00e1tex, por lo que son adecuados para personas con sensibilidad al l\u00e1tex.<\/li>\n<\/ul>\n<p><img decoding=\"async\" class=\"aligncenter wp-image-1221 size-full\" src=\"https:\/\/med-disposable.com\/wp-content\/uploads\/2021\/04\/Hb4eecfe16d9a43518aa531c012d6135cB.jpg\" alt=\"\" width=\"800\" height=\"800\" srcset=\"https:\/\/med-disposable.com\/wp-content\/uploads\/2021\/04\/Hb4eecfe16d9a43518aa531c012d6135cB.jpg 800w, https:\/\/med-disposable.com\/wp-content\/uploads\/2021\/04\/Hb4eecfe16d9a43518aa531c012d6135cB-300x300.jpg 300w, https:\/\/med-disposable.com\/wp-content\/uploads\/2021\/04\/Hb4eecfe16d9a43518aa531c012d6135cB-150x150.jpg 150w, https:\/\/med-disposable.com\/wp-content\/uploads\/2021\/04\/Hb4eecfe16d9a43518aa531c012d6135cB-768x768.jpg 768w, https:\/\/med-disposable.com\/wp-content\/uploads\/2021\/04\/Hb4eecfe16d9a43518aa531c012d6135cB-600x600.jpg 600w, https:\/\/med-disposable.com\/wp-content\/uploads\/2021\/04\/Hb4eecfe16d9a43518aa531c012d6135cB-100x100.jpg 100w\" sizes=\"(max-width: 800px) 100vw, 800px\" \/><\/p>\n<h2>Preguntas frecuentes relacionadas:<\/h2>\n<p><strong>P: \u00bfSe adaptan estas gorras a todos los tama\u00f1os de cabeza?<\/strong><\/p>\n<p>R: S\u00ed, nuestros gorros Snood de tejido sin tejer est\u00e1n dise\u00f1ados con un enfoque de talla \u00fanica, con una banda el\u00e1stica en la nuca para garantizar un ajuste seguro y c\u00f3modo para todos los tama\u00f1os de cabeza.<\/p>\n<p><strong>P: \u00bfSon transpirables y c\u00f3modos estos gorros de tela no tejida desechables para largas horas de uso?<\/strong><\/p>\n<p>R: S\u00ed, nuestros gorros est\u00e1n fabricados con un tejido no tejido suave, ligero y transpirable que proporciona una comodidad \u00f3ptima durante un uso prolongado.<\/p>\n<p><strong>P: \u00bfSe pueden utilizar estos gorros de redecilla en un servicio de comidas?<\/strong><\/p>\n<p>R: \u00a1Por supuesto! Nuestros gorros desechables de tejido sin tejer son ideales para su uso en plantas de procesamiento y manipulaci\u00f3n de alimentos, ya que ayudan a mantener la limpieza y reducen el riesgo de contaminaci\u00f3n.<\/p>\n<p><strong>P: \u00bfPara qu\u00e9 sectores o entornos son m\u00e1s adecuados estos gorros de redecilla?<\/strong><\/p>\n<p>R: Los gorros desechables de tejido sin tejer son perfectos para diversos sectores y entornos, como instalaciones sanitarias, establecimientos de servicios alimentarios, entornos farmac\u00e9uticos y de laboratorio, salas blancas, fabricaci\u00f3n de productos electr\u00f3nicos y otros entornos profesionales en los que la higiene es crucial.<\/p>\n<p><strong>P: \u00bfC\u00f3mo puedo deshacerme de los gorros de snood usados?<\/strong><\/p>\n<p>R: Despu\u00e9s de cada uso, retire con cuidado el gorro de la redecilla para evitar la contaminaci\u00f3n y des\u00e9chelo en un contenedor de residuos designado, siguiendo las directrices de su lugar de trabajo para la correcta eliminaci\u00f3n de prendas de protecci\u00f3n de un solo uso.<\/p>","protected":false},"excerpt":{"rendered":"<p>Presentamos nuestro gorro desechable de tela no tejida Snood Cap, la soluci\u00f3n ideal para mantener la limpieza y la higiene en diversos entornos de trabajo. Estos gorros de alta calidad cuentan con una visera frontal y un el\u00e1stico en la nuca, lo que garantiza un ajuste seguro y c\u00f3modo a la vez que proporciona una cobertura total del cabello.<\/p>","protected":false},"featured_media":1220,"template":"","meta":{"_seopress_robots_primary_cat":"none","_seopress_titles_title":"Nonwoven Material: Lightweight, Breathable, Effectively Keeps Out Hair\/Dandruff [S-XL, All Colors]","_seopress_titles_desc":"Keep off hair or dandruff with lightweight, breathable and effective PP nonwoven material! Get the size, style and color that fits you best and use it for medical, clean-room, food production and more.","_seopress_robots_index":""},"product_brand":[],"product_cat":[46],"product_tag":[67,57],"class_list":{"0":"post-1218","1":"product","2":"type-product","3":"status-publish","4":"has-post-thumbnail","6":"product_cat-caps","7":"product_tag-cap","8":"product_tag-non-woven","10":"first","11":"instock","12":"shipping-taxable","13":"product-type-simple"},"_links":{"self":[{"href":"https:\/\/med-disposable.com\/es\/wp-json\/wp\/v2\/product\/1218","targetHints":{"allow":["GET"]}}],"collection":[{"href":"https:\/\/med-disposable.com\/es\/wp-json\/wp\/v2\/product"}],"about":[{"href":"https:\/\/med-disposable.com\/es\/wp-json\/wp\/v2\/types\/product"}],"version-history":[{"count":0,"href":"https:\/\/med-disposable.com\/es\/wp-json\/wp\/v2\/product\/1218\/revisions"}],"wp:featuredmedia":[{"embeddable":true,"href":"https:\/\/med-disposable.com\/es\/wp-json\/wp\/v2\/media\/1220"}],"wp:attachment":[{"href":"https:\/\/med-disposable.com\/es\/wp-json\/wp\/v2\/media?parent=1218"}],"wp:term":[{"taxonomy":"product_brand","embeddable":true,"href":"https:\/\/med-disposable.com\/es\/wp-json\/wp\/v2\/product_brand?post=1218"},{"taxonomy":"product_cat","embeddable":true,"href":"https:\/\/med-disposable.com\/es\/wp-json\/wp\/v2\/product_cat?post=1218"},{"taxonomy":"product_tag","embeddable":true,"href":"https:\/\/med-disposable.com\/es\/wp-json\/wp\/v2\/product_tag?post=1218"}],"curies":[{"name":"wp","href":"https:\/\/api.w.org\/{rel}","templated":true}]}}