{"id":12461,"date":"2024-06-26T17:25:54","date_gmt":"2024-06-26T09:25:54","guid":{"rendered":"https:\/\/med-disposable.com\/?post_type=product&#038;p=12461"},"modified":"2024-06-26T17:25:54","modified_gmt":"2024-06-26T09:25:54","slug":"fundas-no-tejidas-desechables","status":"publish","type":"product","link":"https:\/\/med-disposable.com\/es\/product\/disposable-non-woven-sleeve-covers\/","title":{"rendered":"Fundas no tejidas desechables"},"content":{"rendered":"<p><strong>Especificaciones detalladas de las fundas desechables de tejido no tejido:<\/strong><\/p>\n<table width=\"703\">\n<tbody>\n<tr>\n<td width=\"146\">Material<\/td>\n<td width=\"557\">PP no tejido, SMS no tejido, PP+ Film microporoso<\/td>\n<\/tr>\n<tr>\n<td>Talla<\/td>\n<td>40x20cm, 40x22cm, 44x22cm o a medida<\/td>\n<\/tr>\n<tr>\n<td>Peso<\/td>\n<td>20-45g, a medida.<\/td>\n<\/tr>\n<tr>\n<td>Color<\/td>\n<td>Blanco, azul, verde, morado, amarillo, negro, todos los colores est\u00e1n disponibles.<\/td>\n<\/tr>\n<tr>\n<td>M\u00e9todo de producci\u00f3n<\/td>\n<td>Termosellado por ultrasonidos; cosido por puntadas, seg\u00fan se solicite<\/td>\n<\/tr>\n<tr>\n<td>Estilo<\/td>\n<td>Con el\u00e1stico en ambos extremos; el\u00e1stico en la parte superior y pu\u00f1os de punto<\/td>\n<\/tr>\n<tr>\n<td>MOQ<\/td>\n<td>100.000 unidades<\/td>\n<\/tr>\n<tr>\n<td>Detalles del embalaje<\/td>\n<td>100pcs\/bag, 10bags\/ctn, 20bags\/ctn, o como customzied.<\/td>\n<\/tr>\n<tr>\n<td>Caracter\u00edsticas<\/td>\n<td>Desechables, ligeras, c\u00f3modas, flexibles, econ\u00f3micas, suaves y bonitas.<\/td>\n<\/tr>\n<tr>\n<td>Aplicaci\u00f3n<\/td>\n<td>Ampliamente utilizado en el hogar, jard\u00edn, hotel, hospital e industria alimentaria, etc.<\/td>\n<\/tr>\n<\/tbody>\n<\/table>\n<p><img fetchpriority=\"high\" decoding=\"async\" class=\"aligncenter wp-image-12445 size-full\" src=\"https:\/\/med-disposable.com\/wp-content\/uploads\/2024\/06\/machine-made-arm-sleeves-2.png\" alt=\"\" width=\"800\" height=\"800\" srcset=\"https:\/\/med-disposable.com\/wp-content\/uploads\/2024\/06\/machine-made-arm-sleeves-2.png 800w, https:\/\/med-disposable.com\/wp-content\/uploads\/2024\/06\/machine-made-arm-sleeves-2-300x300.png 300w, https:\/\/med-disposable.com\/wp-content\/uploads\/2024\/06\/machine-made-arm-sleeves-2-150x150.png 150w, https:\/\/med-disposable.com\/wp-content\/uploads\/2024\/06\/machine-made-arm-sleeves-2-768x768.png 768w, https:\/\/med-disposable.com\/wp-content\/uploads\/2024\/06\/machine-made-arm-sleeves-2-600x600.png 600w, https:\/\/med-disposable.com\/wp-content\/uploads\/2024\/06\/machine-made-arm-sleeves-2-100x100.png 100w\" sizes=\"(max-width: 800px) 100vw, 800px\" \/><\/p>\n<p>&nbsp;<\/p>\n<p><strong>Caracter\u00edsticas de las fundas desechables de tejido no tejido:<\/strong><\/p>\n<ul>\n<li><strong>Tela no tejida de alta calidad:<\/strong>\u00a0El material duradero, ligero y transpirable garantiza la comodidad durante un uso prolongado.<\/li>\n<li><strong>Opciones el\u00e1sticas:<\/strong>\n<ul>\n<li><strong>El\u00e1stico en ambos extremos:<\/strong>\u00a0Proporciona un ajuste ce\u00f1ido y seguro, evitando el deslizamiento y garantizando una cobertura constante.<\/li>\n<li><strong>El\u00e1stico en la parte superior y pu\u00f1os de punto:<\/strong>\u00a0Ofrece un ajuste seguro con mayor comodidad y flexibilidad en la mu\u00f1eca.<\/li>\n<\/ul>\n<\/li>\n<li><strong>Opciones de costura:<\/strong>\n<ul>\n<li><strong>Termosellado por ultrasonidos (a m\u00e1quina):<\/strong>\u00a0Garantiza costuras fuertes y fiables con uniformidad y eficacia superiores.<\/li>\n<li><strong>Cosido a mano:<\/strong>\u00a0Proporciona costuras robustas y duraderas con la artesan\u00eda tradicional.<\/li>\n<\/ul>\n<\/li>\n<li><strong>Dise\u00f1o desechable:<\/strong>\u00a0Los manguitos de un solo uso ayudan a mantener altos niveles de higiene y reducen el riesgo de contaminaci\u00f3n cruzada.<\/li>\n<li><strong>Ajuste universal:<\/strong>\u00a0Dise\u00f1ado para adaptarse c\u00f3modamente a la mayor\u00eda de los tama\u00f1os de brazo, proporcionando una barrera eficaz contra los contaminantes.<\/li>\n<\/ul>\n<p><img decoding=\"async\" class=\"aligncenter wp-image-12469 size-full\" src=\"https:\/\/med-disposable.com\/wp-content\/uploads\/2024\/06\/Nonwoven-arm-sleeve.jpg\" alt=\"\" width=\"800\" height=\"403\" srcset=\"https:\/\/med-disposable.com\/wp-content\/uploads\/2024\/06\/Nonwoven-arm-sleeve.jpg 800w, https:\/\/med-disposable.com\/wp-content\/uploads\/2024\/06\/Nonwoven-arm-sleeve-300x151.jpg 300w, https:\/\/med-disposable.com\/wp-content\/uploads\/2024\/06\/Nonwoven-arm-sleeve-768x387.jpg 768w, https:\/\/med-disposable.com\/wp-content\/uploads\/2024\/06\/Nonwoven-arm-sleeve-600x302.jpg 600w\" sizes=\"(max-width: 800px) 100vw, 800px\" \/><\/p>\n<p>&nbsp;<\/p>\n<p><strong>\u00bfPor qu\u00e9 elegir fundas para mangas de Wuhan Youfu?<\/strong><\/p>\n<p>Nuestras fundas desechables de tejido no tejido est\u00e1n dise\u00f1adas para ofrecer una protecci\u00f3n, comodidad y versatilidad superiores.<\/p>\n<p>Con opciones de tipos de el\u00e1sticos y costuras, le garantizamos que dispondr\u00e1 de la prenda de protecci\u00f3n adecuada para sus necesidades espec\u00edficas.<\/p>\n<p>Tanto si trabaja en la industria alimentaria como en la sanitaria, la fabricaci\u00f3n o cualquier otro campo que requiera prendas de protecci\u00f3n fiables, nuestros cubremangas son la soluci\u00f3n ideal.<\/p>\n<p><img decoding=\"async\" class=\"aligncenter wp-image-12466 size-full\" src=\"https:\/\/med-disposable.com\/wp-content\/uploads\/2024\/06\/Nonwoven-arm-sleeves.jpg\" alt=\"\" width=\"800\" height=\"800\" srcset=\"https:\/\/med-disposable.com\/wp-content\/uploads\/2024\/06\/Nonwoven-arm-sleeves.jpg 800w, https:\/\/med-disposable.com\/wp-content\/uploads\/2024\/06\/Nonwoven-arm-sleeves-300x300.jpg 300w, https:\/\/med-disposable.com\/wp-content\/uploads\/2024\/06\/Nonwoven-arm-sleeves-150x150.jpg 150w, https:\/\/med-disposable.com\/wp-content\/uploads\/2024\/06\/Nonwoven-arm-sleeves-768x768.jpg 768w, https:\/\/med-disposable.com\/wp-content\/uploads\/2024\/06\/Nonwoven-arm-sleeves-600x600.jpg 600w, https:\/\/med-disposable.com\/wp-content\/uploads\/2024\/06\/Nonwoven-arm-sleeves-100x100.jpg 100w\" sizes=\"(max-width: 800px) 100vw, 800px\" \/><\/p>\n<p>&nbsp;<\/p>\n<p><strong>Ventajas de las mangas no tejidas:<\/strong><\/p>\n<ul>\n<li><strong>Protecci\u00f3n reforzada:<\/strong>\u00a0Ofrece una barrera protectora contra el polvo, la suciedad y las salpicaduras de productos qu\u00edmicos ligeros, protegiendo sus brazos en diversos entornos.<\/li>\n<li><strong>Rentable:<\/strong>\u00a0Su dise\u00f1o desechable elimina la necesidad de lavarlas, ahorrando tiempo y recursos.<\/li>\n<li><strong>Comodidad y transpirabilidad:<\/strong>\u00a0El material ligero y transpirable garantiza la comodidad del usuario, incluso durante largos periodos de uso.<\/li>\n<li><strong>Higiene y seguridad:<\/strong>\u00a0Ayuda a mantener la limpieza y la higiene, esenciales en entornos donde el control de la contaminaci\u00f3n es crucial.<\/li>\n<li><strong>Dise\u00f1o vers\u00e1til:<\/strong>\u00a0Las m\u00faltiples opciones de el\u00e1sticos y tipos de costuras se adaptan a las distintas preferencias y necesidades, proporcionando una protecci\u00f3n a medida.<\/li>\n<\/ul>\n<p><img loading=\"lazy\" decoding=\"async\" class=\"aligncenter wp-image-11106 size-full\" src=\"https:\/\/med-disposable.com\/wp-content\/uploads\/2023\/11\/sleeve-cover4.jpg\" alt=\"\" width=\"739\" height=\"978\" srcset=\"https:\/\/med-disposable.com\/wp-content\/uploads\/2023\/11\/sleeve-cover4.jpg 739w, https:\/\/med-disposable.com\/wp-content\/uploads\/2023\/11\/sleeve-cover4-227x300.jpg 227w, https:\/\/med-disposable.com\/wp-content\/uploads\/2023\/11\/sleeve-cover4-600x794.jpg 600w\" sizes=\"(max-width: 739px) 100vw, 739px\" \/><\/p>\n<p>&nbsp;<\/p>\n<p><strong>Aplicaciones:<\/strong><\/p>\n<ul>\n<li><strong>Procesado de alimentos:<\/strong>\u00a0Ideal para mantener la higiene y proteger los brazos durante la manipulaci\u00f3n y preparaci\u00f3n de alimentos.<\/li>\n<li><strong>Sanidad:<\/strong>\u00a0Adecuado para su uso en entornos m\u00e9dicos y de laboratorio para proteger contra contaminantes y mantener condiciones est\u00e9riles.<\/li>\n<li><strong>Fabricaci\u00f3n:<\/strong>\u00a0Proporciona protecci\u00f3n en entornos industriales donde los brazos necesitan protecci\u00f3n contra el polvo y los productos qu\u00edmicos ligeros.<\/li>\n<li><strong>Limpieza y saneamiento:<\/strong>\u00a0Perfecto para utilizar durante las tareas de limpieza, protegiendo la piel de detergentes y agentes limpiadores.<\/li>\n<li><strong>Pintura y decoraci\u00f3n:<\/strong>\u00a0Protege los brazos de salpicaduras y derrames de pintura, garantizando limpieza y comodidad.<\/li>\n<\/ul>\n<p><img loading=\"lazy\" decoding=\"async\" class=\"aligncenter wp-image-12459 size-large\" src=\"https:\/\/med-disposable.com\/wp-content\/uploads\/2024\/06\/PP-sleeve-cover-application-1024x576.jpg\" alt=\"\" width=\"800\" height=\"450\" srcset=\"https:\/\/med-disposable.com\/wp-content\/uploads\/2024\/06\/PP-sleeve-cover-application-1024x576.jpg 1024w, https:\/\/med-disposable.com\/wp-content\/uploads\/2024\/06\/PP-sleeve-cover-application-300x169.jpg 300w, https:\/\/med-disposable.com\/wp-content\/uploads\/2024\/06\/PP-sleeve-cover-application-768x432.jpg 768w, https:\/\/med-disposable.com\/wp-content\/uploads\/2024\/06\/PP-sleeve-cover-application-600x338.jpg 600w, https:\/\/med-disposable.com\/wp-content\/uploads\/2024\/06\/PP-sleeve-cover-application.jpg 1280w\" sizes=\"(max-width: 800px) 100vw, 800px\" \/><\/p>","protected":false},"excerpt":{"rendered":"<p>Estos cubremangas est\u00e1n fabricados con tejido no tejido de alta calidad, ligero y transpirable, que garantiza comodidad y durabilidad. Dise\u00f1ados pensando en sus necesidades, nuestros cubremangas se presentan en dos estilos: el\u00e1sticos en ambos extremos o el\u00e1sticos en la parte superior con pu\u00f1os de punto, que ofrecen flexibilidad y una mayor protecci\u00f3n.<\/p>","protected":false},"featured_media":12444,"template":"","meta":{"_seopress_robots_primary_cat":"","_seopress_titles_title":"","_seopress_titles_desc":"","_seopress_robots_index":""},"product_brand":[],"product_cat":[51],"product_tag":[559],"class_list":{"0":"post-12461","1":"product","2":"type-product","3":"status-publish","4":"has-post-thumbnail","6":"product_cat-sleeve-cover","7":"product_tag-disposable-arm-sleeves","9":"first","10":"instock","11":"shipping-taxable","12":"product-type-simple"},"_links":{"self":[{"href":"https:\/\/med-disposable.com\/es\/wp-json\/wp\/v2\/product\/12461","targetHints":{"allow":["GET"]}}],"collection":[{"href":"https:\/\/med-disposable.com\/es\/wp-json\/wp\/v2\/product"}],"about":[{"href":"https:\/\/med-disposable.com\/es\/wp-json\/wp\/v2\/types\/product"}],"version-history":[{"count":0,"href":"https:\/\/med-disposable.com\/es\/wp-json\/wp\/v2\/product\/12461\/revisions"}],"wp:featuredmedia":[{"embeddable":true,"href":"https:\/\/med-disposable.com\/es\/wp-json\/wp\/v2\/media\/12444"}],"wp:attachment":[{"href":"https:\/\/med-disposable.com\/es\/wp-json\/wp\/v2\/media?parent=12461"}],"wp:term":[{"taxonomy":"product_brand","embeddable":true,"href":"https:\/\/med-disposable.com\/es\/wp-json\/wp\/v2\/product_brand?post=12461"},{"taxonomy":"product_cat","embeddable":true,"href":"https:\/\/med-disposable.com\/es\/wp-json\/wp\/v2\/product_cat?post=12461"},{"taxonomy":"product_tag","embeddable":true,"href":"https:\/\/med-disposable.com\/es\/wp-json\/wp\/v2\/product_tag?post=12461"}],"curies":[{"name":"wp","href":"https:\/\/api.w.org\/{rel}","templated":true}]}}