{"id":12473,"date":"2024-06-26T18:17:39","date_gmt":"2024-06-26T10:17:39","guid":{"rendered":"https:\/\/med-disposable.com\/?post_type=product&#038;p=12473"},"modified":"2024-06-26T18:17:39","modified_gmt":"2024-06-26T10:17:39","slug":"toallas-de-bano-desechables-grandes","status":"publish","type":"product","link":"https:\/\/med-disposable.com\/es\/product\/large-disposable-bath-towels\/","title":{"rendered":"Toallas de ba\u00f1o desechables grandes"},"content":{"rendered":"<p><strong>Especificaciones detalladas de las toallas de ba\u00f1o desechables:<\/strong><\/p>\n<table width=\"731\">\n<tbody>\n<tr>\n<td width=\"137\">Material<\/td>\n<td width=\"594\">Spunlace no tejido<\/td>\n<\/tr>\n<tr>\n<td>Talla<\/td>\n<td>100x220cm, 100x200cm, o seg\u00fan pedido<\/td>\n<\/tr>\n<tr>\n<td>Peso<\/td>\n<td>60-100g, seg\u00fan pedido.<\/td>\n<\/tr>\n<tr>\n<td>Color<\/td>\n<td>Blanco, u otros colores a petici\u00f3n.<\/td>\n<\/tr>\n<tr>\n<td>MOQ<\/td>\n<td>10.000 unidades<\/td>\n<\/tr>\n<tr>\n<td>Detalles del embalaje<\/td>\n<td>1pc\/bag, 50bags\/ctn, o como customzied.<\/td>\n<\/tr>\n<tr>\n<td>Caracter\u00edsticas<\/td>\n<td>Desechables, suaves, superabsorbentes, c\u00f3modos, respetuosos con la piel, ligeros, pr\u00e1cticos, flexibles.<\/td>\n<\/tr>\n<\/tbody>\n<\/table>\n<p><img fetchpriority=\"high\" decoding=\"async\" class=\"aligncenter wp-image-12196 size-full\" src=\"https:\/\/med-disposable.com\/wp-content\/uploads\/2024\/03\/disposable-towel-1.jpg\" alt=\"Mujer con toalla en ambiente de ba\u00f1o.\" width=\"800\" height=\"1008\" srcset=\"https:\/\/med-disposable.com\/wp-content\/uploads\/2024\/03\/disposable-towel-1.jpg 800w, https:\/\/med-disposable.com\/wp-content\/uploads\/2024\/03\/disposable-towel-1-238x300.jpg 238w, https:\/\/med-disposable.com\/wp-content\/uploads\/2024\/03\/disposable-towel-1-768x968.jpg 768w, https:\/\/med-disposable.com\/wp-content\/uploads\/2024\/03\/disposable-towel-1-600x756.jpg 600w\" sizes=\"(max-width: 800px) 100vw, 800px\" \/><\/p>\n<p>&nbsp;<\/p>\n<p><strong>Caracter\u00edsticas de las toallas de ba\u00f1o desechables:<\/strong><\/p>\n<ul>\n<li><strong>Spunlace grueso Material no tejido:<\/strong>\u00a0Fabricada con un tejido no tejido grueso de alta calidad, que garantiza la m\u00e1xima absorbencia y un tacto suave y delicado.<\/li>\n<li><strong>Patr\u00f3n de perlas:<\/strong>\u00a0Elegantemente repujado con un patr\u00f3n perlado, que proporciona una sensaci\u00f3n de lujo y un mayor atractivo est\u00e9tico.<\/li>\n<li><strong>Tama\u00f1o generoso:<\/strong>\u00a0Sus grandes dimensiones proporcionan una amplia cobertura, perfecta para el secado de todo el cuerpo y un uso vers\u00e1til.<\/li>\n<li><strong>Altamente absorbente:<\/strong>\u00a0Su gran capacidad de absorci\u00f3n garantiza un secado r\u00e1pido y eficaz, lo que la convierte en una opci\u00f3n fiable para diversas aplicaciones.<\/li>\n<li><strong>Dise\u00f1o desechable:<\/strong>\u00a0Las toallas de un solo uso eliminan la necesidad de lavarlas, lo que reduce la mano de obra y garantiza una toalla limpia y fresca en todo momento.<\/li>\n<li><strong>Higi\u00e9nico:<\/strong>\u00a0Dise\u00f1adas para un solo uso, estas toallas reducen significativamente el riesgo de contaminaci\u00f3n cruzada y mantienen un alto nivel de higiene.<\/li>\n<\/ul>\n<p><img decoding=\"async\" class=\"aligncenter wp-image-12230 size-full\" src=\"https:\/\/med-disposable.com\/wp-content\/uploads\/2024\/03\/disposable-towel-5.jpg\" alt=\"Primer plano de una almohada blanca de espuma viscoel\u00e1stica.\" width=\"800\" height=\"560\" srcset=\"https:\/\/med-disposable.com\/wp-content\/uploads\/2024\/03\/disposable-towel-5.jpg 800w, https:\/\/med-disposable.com\/wp-content\/uploads\/2024\/03\/disposable-towel-5-300x210.jpg 300w, https:\/\/med-disposable.com\/wp-content\/uploads\/2024\/03\/disposable-towel-5-768x538.jpg 768w, https:\/\/med-disposable.com\/wp-content\/uploads\/2024\/03\/disposable-towel-5-600x420.jpg 600w\" sizes=\"(max-width: 800px) 100vw, 800px\" \/><\/p>\n<p><img decoding=\"async\" class=\"aligncenter wp-image-12477 size-full\" src=\"https:\/\/med-disposable.com\/wp-content\/uploads\/2024\/06\/disposable-SPA-towel-8.jpg\" alt=\"\" width=\"800\" height=\"800\" srcset=\"https:\/\/med-disposable.com\/wp-content\/uploads\/2024\/06\/disposable-SPA-towel-8.jpg 800w, https:\/\/med-disposable.com\/wp-content\/uploads\/2024\/06\/disposable-SPA-towel-8-300x300.jpg 300w, https:\/\/med-disposable.com\/wp-content\/uploads\/2024\/06\/disposable-SPA-towel-8-150x150.jpg 150w, https:\/\/med-disposable.com\/wp-content\/uploads\/2024\/06\/disposable-SPA-towel-8-768x768.jpg 768w, https:\/\/med-disposable.com\/wp-content\/uploads\/2024\/06\/disposable-SPA-towel-8-600x600.jpg 600w, https:\/\/med-disposable.com\/wp-content\/uploads\/2024\/06\/disposable-SPA-towel-8-100x100.jpg 100w\" sizes=\"(max-width: 800px) 100vw, 800px\" \/><\/p>\n<p><strong>\u00bfPor qu\u00e9 elegir las toallas de ba\u00f1o desechables de Wuhan Youfu?<\/strong><\/p>\n<p><strong>1. Materiales de primera calidad:<\/strong><\/p>\n<ul>\n<li>Nuestras toallas de ba\u00f1o desechables grandes est\u00e1n fabricadas con un grueso material no tejido que garantiza una absorci\u00f3n excepcional y un tacto suave y agradable.<\/li>\n<li>El elegante patr\u00f3n perlado a\u00f1ade una sensaci\u00f3n de lujo y realza el atractivo est\u00e9tico, proporcionando una experiencia similar a la de un spa.<\/li>\n<\/ul>\n<p><strong>2. Confort e higiene superiores:<\/strong><\/p>\n<ul>\n<li>Dise\u00f1adas para un solo uso, nuestras toallas de ba\u00f1o desechables ofrecen los m\u00e1s altos niveles de limpieza e higiene, reduciendo significativamente el riesgo de contaminaci\u00f3n cruzada.<\/li>\n<li>El material afelpado y suave es delicado con la piel, por lo que resulta ideal para diversas aplicaciones, desde la hosteler\u00eda y la sanidad hasta los balnearios y gimnasios.<\/li>\n<\/ul>\n<p><strong>3. Fabricaci\u00f3n innovadora:<\/strong><\/p>\n<ul>\n<li>En Wuhan Youfu utilizamos t\u00e9cnicas de fabricaci\u00f3n avanzadas para producir toallas duraderas y muy absorbentes.<\/li>\n<li>Nuestros avanzados procesos de producci\u00f3n garantizan la uniformidad y calidad de cada toalla, cumpliendo las normas m\u00e1s exigentes del sector.<\/li>\n<\/ul>\n<p><strong>4. Compromiso con la sostenibilidad:<\/strong><\/p>\n<ul>\n<li>Wuhan Youfu est\u00e1 comprometida con la sostenibilidad y las pr\u00e1cticas respetuosas con el medio ambiente. Nuestros materiales no tejidos se seleccionan teniendo en cuenta su impacto en el medio ambiente.<\/li>\n<li>Nos esforzamos por ofrecer productos que no s\u00f3lo sean eficaces y c\u00f3modos, sino tambi\u00e9n conscientes de nuestra huella ecol\u00f3gica.<\/li>\n<\/ul>\n<p><strong>5. Atenci\u00f3n al cliente excepcional:<\/strong><\/p>\n<ul>\n<li>En Wuhan Youfu, la satisfacci\u00f3n del cliente es nuestra m\u00e1xima prioridad. Nuestro equipo de atenci\u00f3n al cliente est\u00e1 a su disposici\u00f3n para ayudarle con cualquier consulta y garantizarle una experiencia positiva y sin complicaciones.<\/li>\n<li>Ofrecemos soluciones personalizadas para satisfacer las necesidades \u00fanicas de nuestros clientes, proporcionando productos y servicios a medida que se ajustan a sus requisitos espec\u00edficos.<\/li>\n<\/ul>\n<p><strong>6. L\u00edder de confianza del sector:<\/strong><\/p>\n<ul>\n<li>Con a\u00f1os de experiencia en el sector, Wuhan Youfu se ha forjado una reputaci\u00f3n de fiabilidad y excelencia.<\/li>\n<li>Nuestra amplia cartera de clientes satisfechos en diversos sectores da fe de la calidad y eficacia de nuestros productos.<\/li>\n<\/ul>\n<p><img loading=\"lazy\" decoding=\"async\" class=\"aligncenter wp-image-12491 size-full\" src=\"https:\/\/med-disposable.com\/wp-content\/uploads\/2024\/06\/disposable-towels-25.jpg\" alt=\"\" width=\"800\" height=\"489\" srcset=\"https:\/\/med-disposable.com\/wp-content\/uploads\/2024\/06\/disposable-towels-25.jpg 800w, https:\/\/med-disposable.com\/wp-content\/uploads\/2024\/06\/disposable-towels-25-300x183.jpg 300w, https:\/\/med-disposable.com\/wp-content\/uploads\/2024\/06\/disposable-towels-25-768x469.jpg 768w, https:\/\/med-disposable.com\/wp-content\/uploads\/2024\/06\/disposable-towels-25-600x367.jpg 600w\" sizes=\"(max-width: 800px) 100vw, 800px\" \/><\/p>","protected":false},"excerpt":{"rendered":"<p>Fabricadas con un grueso material no tejido con un sofisticado dibujo de perlas, estas toallas combinan una absorbencia, suavidad y durabilidad excepcionales, dise\u00f1adas para un solo uso a fin de garantizar los m\u00e1s altos niveles de limpieza y comodidad.<\/p>","protected":false},"featured_media":12167,"template":"","meta":{"_seopress_robots_primary_cat":"","_seopress_titles_title":"","_seopress_titles_desc":"","_seopress_robots_index":""},"product_brand":[],"product_cat":[86],"product_tag":[561],"class_list":{"0":"post-12473","1":"product","2":"type-product","3":"status-publish","4":"has-post-thumbnail","6":"product_cat-beauty-and-spa","7":"product_tag-disposable-bath-towels","9":"first","10":"instock","11":"shipping-taxable","12":"product-type-simple"},"_links":{"self":[{"href":"https:\/\/med-disposable.com\/es\/wp-json\/wp\/v2\/product\/12473","targetHints":{"allow":["GET"]}}],"collection":[{"href":"https:\/\/med-disposable.com\/es\/wp-json\/wp\/v2\/product"}],"about":[{"href":"https:\/\/med-disposable.com\/es\/wp-json\/wp\/v2\/types\/product"}],"version-history":[{"count":0,"href":"https:\/\/med-disposable.com\/es\/wp-json\/wp\/v2\/product\/12473\/revisions"}],"wp:featuredmedia":[{"embeddable":true,"href":"https:\/\/med-disposable.com\/es\/wp-json\/wp\/v2\/media\/12167"}],"wp:attachment":[{"href":"https:\/\/med-disposable.com\/es\/wp-json\/wp\/v2\/media?parent=12473"}],"wp:term":[{"taxonomy":"product_brand","embeddable":true,"href":"https:\/\/med-disposable.com\/es\/wp-json\/wp\/v2\/product_brand?post=12473"},{"taxonomy":"product_cat","embeddable":true,"href":"https:\/\/med-disposable.com\/es\/wp-json\/wp\/v2\/product_cat?post=12473"},{"taxonomy":"product_tag","embeddable":true,"href":"https:\/\/med-disposable.com\/es\/wp-json\/wp\/v2\/product_tag?post=12473"}],"curies":[{"name":"wp","href":"https:\/\/api.w.org\/{rel}","templated":true}]}}