{"id":1270,"date":"2021-04-15T17:59:50","date_gmt":"2021-04-15T09:59:50","guid":{"rendered":"https:\/\/med-disposable.com\/?post_type=product&#038;p=1270"},"modified":"2023-06-15T10:50:02","modified_gmt":"2023-06-15T02:50:02","slug":"cobertor-de-barba-desechable-no-tejido-detectable","status":"publish","type":"product","link":"https:\/\/med-disposable.com\/es\/product\/disposable-non-woven-detectable-beard-cover\/","title":{"rendered":"Cubrebarba desechable no tejido detectable"},"content":{"rendered":"<h2>Especificaciones b\u00e1sicas de la funda desechable para barba detectable:<\/h2>\n<table width=\"559\">\n<tbody>\n<tr>\n<td width=\"106\">Talla<\/td>\n<td width=\"453\">46*22cm, 48*23cm, o seg\u00fan pedido<\/td>\n<\/tr>\n<tr>\n<td width=\"106\">Material<\/td>\n<td width=\"453\">PP no tejido<\/td>\n<\/tr>\n<tr>\n<td width=\"106\">Peso<\/td>\n<td width=\"453\">10-15gsm<\/td>\n<\/tr>\n<tr>\n<td width=\"106\">Color<\/td>\n<td width=\"453\">Blanco, Azul, Negro, Marr\u00f3n , se puede personalizar<\/td>\n<\/tr>\n<tr>\n<td width=\"106\">Estilo<\/td>\n<td width=\"453\">con bucle de oreja \u00fanico, con tira met\u00e1lica detectable<\/td>\n<\/tr>\n<tr>\n<td width=\"106\">Aplicaci\u00f3n<\/td>\n<td width=\"453\">100pcs\/bag, 1000pcs\/ctn, o como petici\u00f3n<\/td>\n<\/tr>\n<\/tbody>\n<\/table>\n<p><img fetchpriority=\"high\" decoding=\"async\" class=\"aligncenter wp-image-8026 size-full\" src=\"https:\/\/med-disposable.com\/wp-content\/uploads\/2021\/04\/detectable-beard-cover-2.jpg\" alt=\"\" width=\"800\" height=\"800\" srcset=\"https:\/\/med-disposable.com\/wp-content\/uploads\/2021\/04\/detectable-beard-cover-2.jpg 800w, https:\/\/med-disposable.com\/wp-content\/uploads\/2021\/04\/detectable-beard-cover-2-300x300.jpg 300w, https:\/\/med-disposable.com\/wp-content\/uploads\/2021\/04\/detectable-beard-cover-2-150x150.jpg 150w, https:\/\/med-disposable.com\/wp-content\/uploads\/2021\/04\/detectable-beard-cover-2-768x768.jpg 768w, https:\/\/med-disposable.com\/wp-content\/uploads\/2021\/04\/detectable-beard-cover-2-600x600.jpg 600w, https:\/\/med-disposable.com\/wp-content\/uploads\/2021\/04\/detectable-beard-cover-2-100x100.jpg 100w\" sizes=\"(max-width: 800px) 100vw, 800px\" \/><\/p>\n<h2>Caracter\u00edsticas:<\/h2>\n<ul>\n<li><strong>Tira metal detectable:<\/strong>\u00a0Estas tapas para barbas llevan integrada una banda met\u00e1lica detectable, lo que las hace f\u00e1cilmente identificables por los detectores de metales de las instalaciones de procesado de alimentos. Esta avanzada funci\u00f3n de seguridad ayuda a evitar la contaminaci\u00f3n del producto y garantiza el cumplimiento de la normativa del sector.<\/li>\n<\/ul>\n<p><img decoding=\"async\" class=\"aligncenter wp-image-8030 size-full\" src=\"https:\/\/med-disposable.com\/wp-content\/uploads\/2021\/04\/disposable-detectable-beard-cover.jpg\" alt=\"\" width=\"800\" height=\"800\" srcset=\"https:\/\/med-disposable.com\/wp-content\/uploads\/2021\/04\/disposable-detectable-beard-cover.jpg 800w, https:\/\/med-disposable.com\/wp-content\/uploads\/2021\/04\/disposable-detectable-beard-cover-300x300.jpg 300w, https:\/\/med-disposable.com\/wp-content\/uploads\/2021\/04\/disposable-detectable-beard-cover-150x150.jpg 150w, https:\/\/med-disposable.com\/wp-content\/uploads\/2021\/04\/disposable-detectable-beard-cover-768x768.jpg 768w, https:\/\/med-disposable.com\/wp-content\/uploads\/2021\/04\/disposable-detectable-beard-cover-600x600.jpg 600w, https:\/\/med-disposable.com\/wp-content\/uploads\/2021\/04\/disposable-detectable-beard-cover-100x100.jpg 100w\" sizes=\"(max-width: 800px) 100vw, 800px\" \/><\/p>\n<ul>\n<li><strong>Orejeras el\u00e1sticas:<\/strong>\u00a0Gracias a sus trabillas el\u00e1sticas, estos cubrebarbas se ajustan firmemente a las orejas, garantizando un ajuste c\u00f3modo y ce\u00f1ido. Las trabillas el\u00e1sticas est\u00e1n dise\u00f1adas para adaptarse a distintos tama\u00f1os de cabeza sin causar molestias.<\/li>\n<\/ul>\n<p><img decoding=\"async\" class=\"aligncenter wp-image-8025 size-full\" src=\"https:\/\/med-disposable.com\/wp-content\/uploads\/2021\/04\/detectable-beard-cover-1.jpg\" alt=\"\" width=\"800\" height=\"800\" srcset=\"https:\/\/med-disposable.com\/wp-content\/uploads\/2021\/04\/detectable-beard-cover-1.jpg 800w, https:\/\/med-disposable.com\/wp-content\/uploads\/2021\/04\/detectable-beard-cover-1-300x300.jpg 300w, https:\/\/med-disposable.com\/wp-content\/uploads\/2021\/04\/detectable-beard-cover-1-150x150.jpg 150w, https:\/\/med-disposable.com\/wp-content\/uploads\/2021\/04\/detectable-beard-cover-1-768x768.jpg 768w, https:\/\/med-disposable.com\/wp-content\/uploads\/2021\/04\/detectable-beard-cover-1-600x600.jpg 600w, https:\/\/med-disposable.com\/wp-content\/uploads\/2021\/04\/detectable-beard-cover-1-100x100.jpg 100w\" sizes=\"(max-width: 800px) 100vw, 800px\" \/><\/p>\n<ul>\n<li><strong>Transpirable y c\u00f3modo:<\/strong>\u00a0El material no tejido de nuestros Cubrebarbas Desechables Detectables ofrece una excelente transpirabilidad, garantizando la comodidad incluso durante largas horas de uso. Su dise\u00f1o ligero evita la incomodidad y el sobrecalentamiento del usuario.<\/li>\n<li><strong>Higiene y limpieza:<\/strong>\u00a0El uso de protectores de barba detectables desechables en sus instalaciones ayuda a mantener altos niveles de limpieza e higiene al evitar la contaminaci\u00f3n por vello facial. La naturaleza de un solo uso de estas fundas garantiza un entorno limpio e higi\u00e9nico para su personal, clientes y consumidores.<\/li>\n<\/ul>\n<p><img loading=\"lazy\" decoding=\"async\" class=\"aligncenter wp-image-8028 size-full\" src=\"https:\/\/med-disposable.com\/wp-content\/uploads\/2021\/04\/detectable-beard-cover1.jpg\" alt=\"\" width=\"800\" height=\"672\" srcset=\"https:\/\/med-disposable.com\/wp-content\/uploads\/2021\/04\/detectable-beard-cover1.jpg 800w, https:\/\/med-disposable.com\/wp-content\/uploads\/2021\/04\/detectable-beard-cover1-300x252.jpg 300w, https:\/\/med-disposable.com\/wp-content\/uploads\/2021\/04\/detectable-beard-cover1-768x645.jpg 768w, https:\/\/med-disposable.com\/wp-content\/uploads\/2021\/04\/detectable-beard-cover1-600x504.jpg 600w\" sizes=\"(max-width: 800px) 100vw, 800px\" \/><\/p>\n<p>&nbsp;<\/p>\n<h2>Preguntas frecuentes<\/h2>\n<p><strong>1. \u00bfEstos cubrebarbas detectables no contienen l\u00e1tex?<\/strong><\/p>\n<p>S\u00ed, nuestros Cubrebarbas Desechables No Tejidos Detectables no contienen l\u00e1tex, por lo que son aptos para usuarios al\u00e9rgicos o sensibles al l\u00e1tex.<\/p>\n<p><strong>2. \u00bfPueden utilizarse estos cubrebarbas detectables en entornos distintos de la elaboraci\u00f3n de alimentos?<\/strong><\/p>\n<p>S\u00ed, nuestros cobertores de barba desechables no tejidos y detectables son adecuados para diversas industrias, como la farmac\u00e9utica, los laboratorios y otros entornos en los que se requiere la contenci\u00f3n del vello facial y la prevenci\u00f3n de la contaminaci\u00f3n.<\/p>\n<p><strong>3. \u00bfCu\u00e1ntos cubrebarbas detectables vienen en un paquete?<\/strong><\/p>\n<p>El n\u00famero de protectores de barba detectables por paquete depende de las opciones de embalaje disponibles. Para obtener informaci\u00f3n espec\u00edfica sobre las cantidades de envases, p\u00f3ngase en contacto con nuestro equipo de ventas.<\/p>\n<p><strong>4. \u00bfOfrecen estos protectores de barba detectables protecci\u00f3n contra l\u00edquidos o productos qu\u00edmicos?<\/strong><\/p>\n<p>Aunque nuestros cobertores de barba desechables no tejidos y detectables proporcionan una contenci\u00f3n eficaz del vello facial, no est\u00e1n dise\u00f1ados para ofrecer protecci\u00f3n contra l\u00edquidos o productos qu\u00edmicos.<\/p>\n<p><strong>5. \u00bfEstos cubrebarbas detectables est\u00e1n disponibles en diferentes colores?<\/strong><\/p>\n<p>Nuestros Cubrebarbas Desechables No Tejidos Detectables suelen estar disponibles en blanco. Sin embargo, para solicitudes especiales en cuanto a opciones de color, p\u00f3ngase en contacto con nuestro equipo de ventas para hablar de las opciones disponibles.<\/p>","protected":false},"excerpt":{"rendered":"<p>Nuestros protectores de barba desechables no tejidos detectables est\u00e1n dise\u00f1ados para proporcionar una contenci\u00f3n y seguridad superiores del vello facial en entornos de procesamiento de alimentos. Fabricadas con material no tejido de alta calidad, estas fundas para barba incorporan una tira met\u00e1lica detectable que las hace f\u00e1cilmente identificables por los detectores de metales. Esta caracter\u00edstica de seguridad a\u00f1adida garantiza la prevenci\u00f3n de la contaminaci\u00f3n del producto en las instalaciones de procesamiento de alimentos. Ideales para su uso en la fabricaci\u00f3n de alimentos, la restauraci\u00f3n y otras industrias en las que el control de la contaminaci\u00f3n es crucial, estos protectores de barba detectables ayudan a mantener las normas de higiene y seguridad.<\/p>","protected":false},"featured_media":1273,"template":"","meta":{"_seopress_robots_primary_cat":"none","_seopress_titles_title":"Disposable Non Woven Detectable Beard Cover - YouFu Medical","_seopress_titles_desc":"This lightweight, soft and breathable fabric is tear resistant and detectable, perfect for the food industry, hospital, and electronic industry. Choose sizes from 46*22cm, 48*23cm, or customize your own. 100 pieces\/bag, 1000 pieces\/ctn. Try now!","_seopress_robots_index":""},"product_brand":[],"product_cat":[46],"product_tag":[91],"class_list":{"0":"post-1270","1":"product","2":"type-product","3":"status-publish","4":"has-post-thumbnail","6":"product_cat-caps","7":"product_tag-beard-cover","9":"first","10":"instock","11":"shipping-taxable","12":"product-type-simple"},"_links":{"self":[{"href":"https:\/\/med-disposable.com\/es\/wp-json\/wp\/v2\/product\/1270","targetHints":{"allow":["GET"]}}],"collection":[{"href":"https:\/\/med-disposable.com\/es\/wp-json\/wp\/v2\/product"}],"about":[{"href":"https:\/\/med-disposable.com\/es\/wp-json\/wp\/v2\/types\/product"}],"version-history":[{"count":0,"href":"https:\/\/med-disposable.com\/es\/wp-json\/wp\/v2\/product\/1270\/revisions"}],"wp:featuredmedia":[{"embeddable":true,"href":"https:\/\/med-disposable.com\/es\/wp-json\/wp\/v2\/media\/1273"}],"wp:attachment":[{"href":"https:\/\/med-disposable.com\/es\/wp-json\/wp\/v2\/media?parent=1270"}],"wp:term":[{"taxonomy":"product_brand","embeddable":true,"href":"https:\/\/med-disposable.com\/es\/wp-json\/wp\/v2\/product_brand?post=1270"},{"taxonomy":"product_cat","embeddable":true,"href":"https:\/\/med-disposable.com\/es\/wp-json\/wp\/v2\/product_cat?post=1270"},{"taxonomy":"product_tag","embeddable":true,"href":"https:\/\/med-disposable.com\/es\/wp-json\/wp\/v2\/product_tag?post=1270"}],"curies":[{"name":"wp","href":"https:\/\/api.w.org\/{rel}","templated":true}]}}