{"id":1306,"date":"2021-04-19T18:12:43","date_gmt":"2021-04-19T10:12:43","guid":{"rendered":"https:\/\/med-disposable.com\/?post_type=product&#038;p=1306"},"modified":"2023-07-04T15:25:17","modified_gmt":"2023-07-04T07:25:17","slug":"ropa-de-seguridad-desechable-mono-con-cinta-reflectante","status":"publish","type":"product","link":"https:\/\/med-disposable.com\/es\/product\/disposable-safety-clothing-coverall-with-reflective-tape\/","title":{"rendered":"Ropa de seguridad desechable con cinta reflectante"},"content":{"rendered":"<h2>Especificaci\u00f3n b\u00e1sica:<\/h2>\n<table border=\"1\" data-mce-background-color=\"#ffffff\">\n<tbody>\n<tr>\n<td><strong data-spm-anchor-id=\"a2700.details.0.i16.6f04593cmZ4amQ\">Material:<\/strong><\/td>\n<td>PP no tejido+Pel\u00edcula microporosa<\/td>\n<\/tr>\n<tr>\n<td><strong>Peso:<\/strong><\/td>\n<td>De 45 a 70 g\/m\u00b2.<\/td>\n<\/tr>\n<tr>\n<td><strong>Tama\u00f1o:<\/strong><\/td>\n<td>M-5XL<\/td>\n<\/tr>\n<tr>\n<td><strong>Estilo:<\/strong><\/td>\n<td>Pu\u00f1os\/cintura\/tobillos el\u00e1sticos, con capucha, cremallera frontal con solapa<\/td>\n<\/tr>\n<tr>\n<td><strong>Color<\/strong><\/td>\n<td>naranja, tambi\u00e9n puede ser de otros colores seg\u00fan petici\u00f3n<\/td>\n<\/tr>\n<tr>\n<td><b>Embalaje<br \/>\n<\/b><\/td>\n<td>1ud\/bolsa, 50ud\/cart\u00f3n<\/td>\n<\/tr>\n<\/tbody>\n<\/table>\n<figure class=\"wp-block-embed wp-block-embed-youtube is-type-video is-provider-youtube epyt-figure\"><div class=\"wp-block-embed__wrapper\"><div  id=\"_ytid_36433\"  width=\"800\" height=\"450\"  data-origwidth=\"800\" data-origheight=\"450\" data-facadesrc=\"https:\/\/www.youtube.com\/embed\/9Yq-HGdzM6U?enablejsapi=1&autoplay=0&cc_load_policy=0&cc_lang_pref=&iv_load_policy=1&loop=0&rel=1&fs=1&playsinline=0&autohide=2&theme=dark&color=red&controls=1&disablekb=0&\" class=\"__youtube_prefs__ epyt-facade no-lazyload\" data-epautoplay=\"1\" ><img decoding=\"async\" data-spai-excluded=\"true\" class=\"epyt-facade-poster skip-lazy\" loading=\"lazy\"  alt=\"YouTube player\"  src=\"https:\/\/i.ytimg.com\/vi\/9Yq-HGdzM6U\/maxresdefault.jpg\"  \/><button class=\"epyt-facade-play\" aria-label=\"Jugar\"><svg data-no-lazy=\"1\" height=\"100%\" version=\"1.1\" viewbox=\"0 0 68 48\" width=\"100%\"><path class=\"ytp-large-play-button-bg\" d=\"M66.52,7.74c-0.78-2.93-2.49-5.41-5.42-6.19C55.79,.13,34,0,34,0S12.21,.13,6.9,1.55 C3.97,2.33,2.27,4.81,1.48,7.74C0.06,13.05,0,24,0,24s0.06,10.95,1.48,16.26c0.78,2.93,2.49,5.41,5.42,6.19 C12.21,47.87,34,48,34,48s21.79-0.13,27.1-1.55c2.93-0.78,4.64-3.26,5.42-6.19C67.94,34.95,68,24,68,24S67.94,13.05,66.52,7.74z\" fill=\"#f00\"><\/path><path d=\"M 45,24 27,14 27,34\" fill=\"#fff\"><\/path><\/svg><\/button><\/div><\/div><\/figure>\n<h2>Ventajas y caracter\u00edsticas del mono reflectante desechable:<\/h2>\n<ul>\n<li><strong>Cinta reflectante para mejorar la visibilidad:<\/strong>\u00a0Este mono de protecci\u00f3n incorpora cinta reflectante en los brazos, las piernas y el torso, lo que garantiza una gran visibilidad en condiciones de poca luz y aumenta la seguridad de los trabajadores en diversos entornos.<\/li>\n<li><strong>Pu\u00f1os, tobillos y cintura el\u00e1sticos:<\/strong>\u00a0Los pu\u00f1os, tobillos y cintura el\u00e1sticos proporcionan un ajuste c\u00f3modo y ce\u00f1ido, evitando la exposici\u00f3n a contaminantes y garantizando la libertad de movimientos durante las tareas laborales.<\/li>\n<li><strong>Cremallera frontal con solapa protectora:<\/strong>\u00a0La c\u00f3moda cremallera frontal permite pon\u00e9rselo y quit\u00e1rselo con facilidad, mientras que la solapa protectora garantiza un cierre seguro frente a posibles peligros.<\/li>\n<li><strong>Material duradero y transpirable:<\/strong>\u00a0Nuestro mono desechable de alta visibilidad est\u00e1 fabricado con tejido no tejido de alta calidad que proporciona una excelente protecci\u00f3n y transpirabilidad durante largos periodos de uso.<\/li>\n<li><strong>Amplia gama de aplicaciones:<\/strong>\u00a0Nuestro mono de protecci\u00f3n desechable de alta visibilidad con cinta reflectante es adecuado para diversos entornos, como obras de construcci\u00f3n, trabajos en carretera, lugares de trabajo industriales y situaciones de respuesta a emergencias.<\/li>\n<\/ul>\n<p>&nbsp;<\/p>\n<p><img fetchpriority=\"high\" decoding=\"async\" class=\"aligncenter wp-image-8337 size-full\" src=\"https:\/\/med-disposable.com\/wp-content\/uploads\/2021\/04\/disposable-coverall-with-reflective-tapes.jpg\" alt=\"\" width=\"800\" height=\"771\" srcset=\"https:\/\/med-disposable.com\/wp-content\/uploads\/2021\/04\/disposable-coverall-with-reflective-tapes.jpg 800w, https:\/\/med-disposable.com\/wp-content\/uploads\/2021\/04\/disposable-coverall-with-reflective-tapes-300x289.jpg 300w, https:\/\/med-disposable.com\/wp-content\/uploads\/2021\/04\/disposable-coverall-with-reflective-tapes-768x740.jpg 768w, https:\/\/med-disposable.com\/wp-content\/uploads\/2021\/04\/disposable-coverall-with-reflective-tapes-600x578.jpg 600w\" sizes=\"(max-width: 800px) 100vw, 800px\" \/><\/p>\n<p>&nbsp;<\/p>\n<h2>Preguntas frecuentes<\/h2>\n<ol>\n<li><strong>P: \u00bfEn qu\u00e9 tallas est\u00e1 disponible el mono de protecci\u00f3n desechable de alta visibilidad con cinta reflectante?<\/strong>R: Nuestro mono de protecci\u00f3n desechable de alta visibilidad est\u00e1 disponible en varias tallas, de la peque\u00f1a a la XXL, lo que garantiza un ajuste c\u00f3modo para todos los usuarios.<\/li>\n<li><strong>P: \u00bfQu\u00e9 eficacia tiene la cinta reflectante en condiciones de poca luz?<\/strong>R: La cinta reflectante de nuestro mono de protecci\u00f3n desechable de alta visibilidad est\u00e1 dise\u00f1ada para mejorar la visibilidad en condiciones de poca luz, aumentando la seguridad de los trabajadores en diversos entornos. La cinta est\u00e1 colocada estrat\u00e9gicamente en los brazos, las piernas y el torso para ofrecer la m\u00e1xima visibilidad.<\/li>\n<li><strong>P: \u00bfC\u00f3mo puedo determinar la talla correcta de mi mono de protecci\u00f3n desechable de alta visibilidad?<\/strong>R: Para garantizar un ajuste c\u00f3modo, consulte la tabla de tallas que aparece en la p\u00e1gina del producto. Mida su pecho, cintura y caderas y compare estas medidas con la tabla de tallas para determinar la talla correcta para usted. Si no est\u00e1 segura o se encuentra entre dos tallas, le recomendamos que elija la talla m\u00e1s grande para mayor comodidad y facilidad de movimiento.<\/li>\n<li><strong>P: \u00bfLos monos de protecci\u00f3n desechables de alta visibilidad son impermeables o resistentes al agua?<\/strong>R: Nuestros monos de protecci\u00f3n desechables de alta visibilidad est\u00e1n fabricados con tejido no tejido de alta calidad que ofrece cierto grado de resistencia al agua. Sin embargo, no est\u00e1n dise\u00f1ados para proporcionar una protecci\u00f3n totalmente impermeable durante lluvias torrenciales o cuando se trabaja en entornos muy h\u00famedos.<\/li>\n<li><strong>P: \u00bfPueden llevarse estos monos de protecci\u00f3n desechables de alta visibilidad sobre la ropa de trabajo normal?<\/strong>R: S\u00ed, nuestros monos de protecci\u00f3n desechables de alta visibilidad est\u00e1n dise\u00f1ados para llevarlos c\u00f3modamente sobre la ropa de trabajo habitual, proporcionando una capa adicional de protecci\u00f3n y una mayor visibilidad en el trabajo. Aseg\u00farese de elegir la talla adecuada para garantizar un ajuste c\u00f3modo sobre su ropa.<\/li>\n<\/ol>","protected":false},"excerpt":{"rendered":"<p>Mant\u00e9ngase seguro y visible con nuestro mono de protecci\u00f3n desechable de alta visibilidad con cinta reflectante. Dise\u00f1ado tanto para la protecci\u00f3n como para la visibilidad, este mono es perfecto para una amplia gama de aplicaciones, incluyendo la construcci\u00f3n, el trabajo en carretera, la industria y los entornos de respuesta a emergencias. Fabricado con material microporoso transpirable de alta calidad, este mono incorpora cinta reflectante para mejorar la visibilidad en situaciones de poca luz, garantizando su seguridad en el trabajo.<\/p>","protected":false},"featured_media":8331,"template":"","meta":{"_seopress_robots_primary_cat":"none","_seopress_titles_title":"Protective Coveralls - M-5XL: Breathable, Light Weight, Dust\/Liquid\/Chem Resistant","_seopress_titles_desc":"Protect yourself with this breathable, lightweight, dust proof, liquid proof, and chemical resistant fabric. Built from PP &amp; SMS with a size range of M-5XL, featuring elastic wrist\/waist\/ankle, hoods, and zippers available in 5 colors. Ideal for asbestos, cement, painting &amp; more.","_seopress_robots_index":""},"product_brand":[],"product_cat":[44],"product_tag":[64],"class_list":{"0":"post-1306","1":"product","2":"type-product","3":"status-publish","4":"has-post-thumbnail","6":"product_cat-coverall","7":"product_tag-coverall","9":"first","10":"instock","11":"shipping-taxable","12":"product-type-simple"},"_links":{"self":[{"href":"https:\/\/med-disposable.com\/es\/wp-json\/wp\/v2\/product\/1306","targetHints":{"allow":["GET"]}}],"collection":[{"href":"https:\/\/med-disposable.com\/es\/wp-json\/wp\/v2\/product"}],"about":[{"href":"https:\/\/med-disposable.com\/es\/wp-json\/wp\/v2\/types\/product"}],"version-history":[{"count":0,"href":"https:\/\/med-disposable.com\/es\/wp-json\/wp\/v2\/product\/1306\/revisions"}],"wp:featuredmedia":[{"embeddable":true,"href":"https:\/\/med-disposable.com\/es\/wp-json\/wp\/v2\/media\/8331"}],"wp:attachment":[{"href":"https:\/\/med-disposable.com\/es\/wp-json\/wp\/v2\/media?parent=1306"}],"wp:term":[{"taxonomy":"product_brand","embeddable":true,"href":"https:\/\/med-disposable.com\/es\/wp-json\/wp\/v2\/product_brand?post=1306"},{"taxonomy":"product_cat","embeddable":true,"href":"https:\/\/med-disposable.com\/es\/wp-json\/wp\/v2\/product_cat?post=1306"},{"taxonomy":"product_tag","embeddable":true,"href":"https:\/\/med-disposable.com\/es\/wp-json\/wp\/v2\/product_tag?post=1306"}],"curies":[{"name":"wp","href":"https:\/\/api.w.org\/{rel}","templated":true}]}}