{"id":1348,"date":"2021-04-21T18:22:54","date_gmt":"2021-04-21T10:22:54","guid":{"rendered":"https:\/\/med-disposable.com\/?post_type=product&#038;p=1348"},"modified":"2023-07-04T15:41:24","modified_gmt":"2023-07-04T07:41:24","slug":"mascarilla-desechable-de-carbon-activo-de-4-capas","status":"publish","type":"product","link":"https:\/\/med-disposable.com\/es\/product\/disposable-4ply-activated-carbon-face-mask\/","title":{"rendered":"Mascarilla desechable de carb\u00f3n activado de 4 capas"},"content":{"rendered":"<h2>Especificaci\u00f3n detallada:<\/h2>\n<table width=\"686\">\n<tbody>\n<tr>\n<td width=\"123\">Talla<\/td>\n<td width=\"563\">17,5*9,5 cm<\/td>\n<\/tr>\n<tr>\n<td width=\"123\">Material<\/td>\n<td width=\"563\">SBPP+ filtro de carb\u00f3n activado+ MB + PP blando<\/td>\n<\/tr>\n<tr>\n<td width=\"123\">Peso<\/td>\n<td width=\"563\">(18\/20\/25\/30) + (35\/40)+(18\/20\/25) + (18\/20\/25\/30)g<\/td>\n<\/tr>\n<tr>\n<td width=\"123\">Estilo<\/td>\n<td width=\"563\">Orejera, redonda o plana el\u00e1stica<\/td>\n<\/tr>\n<tr>\n<td width=\"123\">Embalaje<\/td>\n<td width=\"563\">50 uds\/caja,2000 uds\/ctn, seg\u00fan necesidades<\/td>\n<\/tr>\n<tr>\n<td width=\"123\">Dise\u00f1o del embalaje<\/td>\n<td width=\"563\">Todas las cajas interiores y la impresi\u00f3n de cart\u00f3n pueden ser como su petici\u00f3n<\/td>\n<\/tr>\n<\/tbody>\n<\/table>\n<figure class=\"wp-block-embed wp-block-embed-youtube is-type-video is-provider-youtube epyt-figure\"><div class=\"wp-block-embed__wrapper\"><div  id=\"_ytid_30526\"  width=\"800\" height=\"450\"  data-origwidth=\"800\" data-origheight=\"450\" data-facadesrc=\"https:\/\/www.youtube.com\/embed\/0nWL1oqUDBw?enablejsapi=1&autoplay=0&cc_load_policy=0&cc_lang_pref=&iv_load_policy=1&loop=0&rel=1&fs=1&playsinline=0&autohide=2&theme=dark&color=red&controls=1&disablekb=0&\" class=\"__youtube_prefs__ epyt-facade no-lazyload\" data-epautoplay=\"1\" ><img decoding=\"async\" data-spai-excluded=\"true\" class=\"epyt-facade-poster skip-lazy\" loading=\"lazy\"  alt=\"YouTube player\"  src=\"https:\/\/i.ytimg.com\/vi\/0nWL1oqUDBw\/maxresdefault.jpg\"  \/><button class=\"epyt-facade-play\" aria-label=\"Jugar\"><svg data-no-lazy=\"1\" height=\"100%\" version=\"1.1\" viewbox=\"0 0 68 48\" width=\"100%\"><path class=\"ytp-large-play-button-bg\" d=\"M66.52,7.74c-0.78-2.93-2.49-5.41-5.42-6.19C55.79,.13,34,0,34,0S12.21,.13,6.9,1.55 C3.97,2.33,2.27,4.81,1.48,7.74C0.06,13.05,0,24,0,24s0.06,10.95,1.48,16.26c0.78,2.93,2.49,5.41,5.42,6.19 C12.21,47.87,34,48,34,48s21.79-0.13,27.1-1.55c2.93-0.78,4.64-3.26,5.42-6.19C67.94,34.95,68,24,68,24S67.94,13.05,66.52,7.74z\" fill=\"#f00\"><\/path><path d=\"M 45,24 27,14 27,34\" fill=\"#fff\"><\/path><\/svg><\/button><\/div><\/div><\/figure>\n<h2>Caracter\u00edsticas:<\/h2>\n<ul>\n<li><strong>Protecci\u00f3n de 4 capas:<\/strong>\u00a0La mascarilla facial desechable de carb\u00f3n activado de 4 capas presenta una construcci\u00f3n de cuatro capas, que consta de una capa exterior de SBPP, un filtro de carb\u00f3n activado, una capa de MB para una alta filtraci\u00f3n y una capa interior de PP suave para una mayor comodidad.<\/li>\n<li><strong>Filtro de carb\u00f3n activado:<\/strong>\u00a0El filtro de carb\u00f3n activado elimina eficazmente los olores y los gases nocivos, proporcionando una mayor protecci\u00f3n contra los contaminantes y garantizando una experiencia respiratoria m\u00e1s c\u00f3moda.<\/li>\n<li><strong>Alta eficacia de filtraci\u00f3n:<\/strong>\u00a0La capa fundida (MB) de nuestra mascarilla facial desechable de carb\u00f3n activado ofrece una alta eficacia de filtraci\u00f3n, bloqueando eficazmente part\u00edculas, bacterias y gotas.<\/li>\n<li><strong>C\u00f3modo y transpirable:<\/strong>\u00a0La suave capa interior de polipropileno (PP) es suave con la piel y proporciona una excelente transpirabilidad, lo que hace que la mascarilla resulte c\u00f3moda de llevar durante periodos prolongados.<\/li>\n<li><strong>Ajuste seguro:<\/strong>\u00a0Nuestra mascarilla desechable de carb\u00f3n activado de 4 capas est\u00e1 dise\u00f1ada con un cable nasal ajustable y trabillas el\u00e1sticas para las orejas, lo que garantiza un ajuste seguro y c\u00f3modo para distintas formas y tama\u00f1os de cara.<\/li>\n<\/ul>\n<p><img fetchpriority=\"high\" decoding=\"async\" class=\"aligncenter wp-image-8386 size-large\" src=\"https:\/\/med-disposable.com\/wp-content\/uploads\/2021\/04\/carbon-active-face-mask-5-1024x1024.jpg\" alt=\"\" width=\"800\" height=\"800\" srcset=\"https:\/\/med-disposable.com\/wp-content\/uploads\/2021\/04\/carbon-active-face-mask-5-1024x1024.jpg 1024w, https:\/\/med-disposable.com\/wp-content\/uploads\/2021\/04\/carbon-active-face-mask-5-300x300.jpg 300w, https:\/\/med-disposable.com\/wp-content\/uploads\/2021\/04\/carbon-active-face-mask-5-150x150.jpg 150w, https:\/\/med-disposable.com\/wp-content\/uploads\/2021\/04\/carbon-active-face-mask-5-768x768.jpg 768w, https:\/\/med-disposable.com\/wp-content\/uploads\/2021\/04\/carbon-active-face-mask-5-600x600.jpg 600w, https:\/\/med-disposable.com\/wp-content\/uploads\/2021\/04\/carbon-active-face-mask-5-100x100.jpg 100w, https:\/\/med-disposable.com\/wp-content\/uploads\/2021\/04\/carbon-active-face-mask-5.jpg 1050w\" sizes=\"(max-width: 800px) 100vw, 800px\" \/> <img decoding=\"async\" class=\"aligncenter wp-image-8382 size-large\" src=\"https:\/\/med-disposable.com\/wp-content\/uploads\/2021\/04\/carbon-active-face-mask-1-1024x1024.jpg\" alt=\"\" width=\"800\" height=\"800\" srcset=\"https:\/\/med-disposable.com\/wp-content\/uploads\/2021\/04\/carbon-active-face-mask-1-1024x1024.jpg 1024w, https:\/\/med-disposable.com\/wp-content\/uploads\/2021\/04\/carbon-active-face-mask-1-300x300.jpg 300w, https:\/\/med-disposable.com\/wp-content\/uploads\/2021\/04\/carbon-active-face-mask-1-150x150.jpg 150w, https:\/\/med-disposable.com\/wp-content\/uploads\/2021\/04\/carbon-active-face-mask-1-768x768.jpg 768w, https:\/\/med-disposable.com\/wp-content\/uploads\/2021\/04\/carbon-active-face-mask-1-1536x1536.jpg 1536w, https:\/\/med-disposable.com\/wp-content\/uploads\/2021\/04\/carbon-active-face-mask-1-scaled.jpg 2048w, https:\/\/med-disposable.com\/wp-content\/uploads\/2021\/04\/carbon-active-face-mask-1-600x600.jpg 600w, https:\/\/med-disposable.com\/wp-content\/uploads\/2021\/04\/carbon-active-face-mask-1-100x100.jpg 100w\" sizes=\"(max-width: 800px) 100vw, 800px\" \/><\/p>\n<p>&nbsp;<\/p>\n<h2>Preguntas frecuentes<\/h2>\n<p><strong>P: \u00bfQu\u00e9 eficacia tiene el filtro de carb\u00f3n activado de esta mascarilla?<\/strong><\/p>\n<p>R: El filtro de carb\u00f3n activado de nuestra mascarilla facial desechable de carb\u00f3n activado elimina eficazmente los olores y los gases nocivos, proporcionando una mayor protecci\u00f3n contra los contaminantes y garantizando una experiencia respiratoria m\u00e1s c\u00f3moda.<\/p>\n<p><strong>P: \u00bfEsta mascarilla protege contra los virus?<\/strong><\/p>\n<p>R: La mascarilla desechable de carb\u00f3n activado de 4 capas ofrece una alta eficacia de filtraci\u00f3n, bloqueando eficazmente part\u00edculas, bacterias y gotas. Aunque ninguna mascarilla puede garantizar una protecci\u00f3n completa contra los virus, esta mascarilla proporciona una capa adicional de defensa.<\/p>\n<p><strong>P: \u00bfC\u00f3mo me pongo y ajusto correctamente la mascarilla facial desechable de carb\u00f3n activado de 4 capas?<\/strong><\/p>\n<p>R: Para ponerse la mascarilla, primero despli\u00e9guela y col\u00f3quesela sobre la nariz y la boca, asegur\u00e1ndose de que la suave capa interior de PP quede hacia dentro. Ajusta el cable de la nariz para que quede bien ajustada y sujeta la mascarilla en su sitio con los lazos el\u00e1sticos para las orejas.<\/p>\n<p><strong>P: \u00bfC\u00f3mo desecho correctamente la mascarilla desechable de carb\u00f3n activado de 4 capas?<\/strong><\/p>\n<p>R: Despu\u00e9s de cada uso, qu\u00edtese la mascarilla manipulando \u00fanicamente los lazos o cintas para las orejas y des\u00e9chela en un contenedor de residuos. Siga las normativas y directrices locales para desechar correctamente la mascarilla.<\/p>\n<p><strong>P: \u00bfDurante cu\u00e1nto tiempo es eficaz la mascarilla?<\/strong><\/p>\n<p>R: La mascarilla debe sustituirse despu\u00e9s de cada uso o cuando est\u00e9 visiblemente sucia, h\u00fameda o da\u00f1ada. La eficacia de la mascarilla tambi\u00e9n puede disminuir con el tiempo debido a la exposici\u00f3n a contaminantes y humedad.<\/p>\n<p>&nbsp;<\/p>","protected":false},"excerpt":{"rendered":"<p>Nuestra mascarilla desechable de 4 capas de carb\u00f3n activado ofrece una protecci\u00f3n y comodidad superiores para el uso diario. Dise\u00f1ada con cuatro capas, que incluyen una capa exterior de SBPP, un filtro de carb\u00f3n activado, una capa de polipropileno fundido (MB) y una capa interior de polipropileno suave (PP), esta mascarilla proporciona una alta eficacia de filtraci\u00f3n y una excelente transpirabilidad. Ideal para diversos entornos, esta mascarilla es adecuada para su uso en instalaciones m\u00e9dicas, laboratorios, entornos industriales y la vida cotidiana.<\/p>","protected":false},"featured_media":8386,"template":"","meta":{"_seopress_robots_primary_cat":"none","_seopress_titles_title":"Filter Smog with 90% Filtration Efficiency: Activated Carbon Filter in 17.5x9.5cm Face Masks","_seopress_titles_desc":"Protect yourself from smog and other non-oily particles with activated carbon filter face masks with filtration efficiency of 90% or higher &amp; customizable design. Shop now!","_seopress_robots_index":""},"product_brand":[],"product_cat":[100],"product_tag":[60],"class_list":{"0":"post-1348","1":"product","2":"type-product","3":"status-publish","4":"has-post-thumbnail","6":"product_cat-face-mask","7":"product_tag-face-mask","9":"first","10":"instock","11":"shipping-taxable","12":"product-type-simple"},"_links":{"self":[{"href":"https:\/\/med-disposable.com\/es\/wp-json\/wp\/v2\/product\/1348","targetHints":{"allow":["GET"]}}],"collection":[{"href":"https:\/\/med-disposable.com\/es\/wp-json\/wp\/v2\/product"}],"about":[{"href":"https:\/\/med-disposable.com\/es\/wp-json\/wp\/v2\/types\/product"}],"version-history":[{"count":0,"href":"https:\/\/med-disposable.com\/es\/wp-json\/wp\/v2\/product\/1348\/revisions"}],"wp:featuredmedia":[{"embeddable":true,"href":"https:\/\/med-disposable.com\/es\/wp-json\/wp\/v2\/media\/8386"}],"wp:attachment":[{"href":"https:\/\/med-disposable.com\/es\/wp-json\/wp\/v2\/media?parent=1348"}],"wp:term":[{"taxonomy":"product_brand","embeddable":true,"href":"https:\/\/med-disposable.com\/es\/wp-json\/wp\/v2\/product_brand?post=1348"},{"taxonomy":"product_cat","embeddable":true,"href":"https:\/\/med-disposable.com\/es\/wp-json\/wp\/v2\/product_cat?post=1348"},{"taxonomy":"product_tag","embeddable":true,"href":"https:\/\/med-disposable.com\/es\/wp-json\/wp\/v2\/product_tag?post=1348"}],"curies":[{"name":"wp","href":"https:\/\/api.w.org\/{rel}","templated":true}]}}