{"id":1497,"date":"2021-04-27T16:40:22","date_gmt":"2021-04-27T08:40:22","guid":{"rendered":"https:\/\/med-disposable.com\/?post_type=product&#038;p=1497"},"modified":"2023-05-19T14:45:35","modified_gmt":"2023-05-19T06:45:35","slug":"cubrebotas-impermeable-de-plastico-desechable","status":"publish","type":"product","link":"https:\/\/med-disposable.com\/es\/product\/disposable-plastic-waterproof-boot-cover\/","title":{"rendered":"Cubrebotas impermeable de pl\u00e1stico desechable"},"content":{"rendered":"<p>Nuestros cubrebotas impermeables de pl\u00e1stico desechables est\u00e1n dise\u00f1ados para proteger el calzado del agua, el polvo, la suciedad y otros contaminantes ambientales. Estos cubrebotas, muy duraderos y f\u00e1ciles de usar, est\u00e1n fabricados con un resistente material pl\u00e1stico que garantiza que el calzado permanezca limpio y seco en diversas condiciones. Ideales para una amplia gama de industrias, estos cubrebotas son un elemento esencial para mantener un entorno limpio e higi\u00e9nico.<\/p>\n<p><img fetchpriority=\"high\" decoding=\"async\" class=\"aligncenter wp-image-6700 size-large\" src=\"https:\/\/med-disposable.com\/wp-content\/uploads\/2021\/04\/40A0310-1024x1024.jpg\" alt=\"\" width=\"800\" height=\"800\" srcset=\"https:\/\/med-disposable.com\/wp-content\/uploads\/2021\/04\/40A0310-1024x1024.jpg 1024w, https:\/\/med-disposable.com\/wp-content\/uploads\/2021\/04\/40A0310-300x300.jpg 300w, https:\/\/med-disposable.com\/wp-content\/uploads\/2021\/04\/40A0310-150x150.jpg 150w, https:\/\/med-disposable.com\/wp-content\/uploads\/2021\/04\/40A0310-768x768.jpg 768w, https:\/\/med-disposable.com\/wp-content\/uploads\/2021\/04\/40A0310-1536x1536.jpg 1536w, https:\/\/med-disposable.com\/wp-content\/uploads\/2021\/04\/40A0310-scaled.jpg 2048w, https:\/\/med-disposable.com\/wp-content\/uploads\/2021\/04\/40A0310-600x600.jpg 600w, https:\/\/med-disposable.com\/wp-content\/uploads\/2021\/04\/40A0310-100x100.jpg 100w\" sizes=\"(max-width: 800px) 100vw, 800px\" \/><\/p>\n<div data-spm-anchor-id=\"a2700.details.0.i29.104450e9qYnKLg\"><strong>Especificaci\u00f3n detallada:<\/strong><\/div>\n<div data-spm-anchor-id=\"a2700.details.0.i29.104450e9qYnKLg\">\n<table width=\"433\">\n<tbody>\n<tr>\n<td width=\"97\">Talla<\/td>\n<td width=\"336\">32*48cm, 36*48cm, 40*50cm o seg\u00fan pedido<\/td>\n<\/tr>\n<tr>\n<td width=\"97\">Material<\/td>\n<td width=\"336\">PE, CPE, a petici\u00f3n<\/td>\n<\/tr>\n<tr>\n<td width=\"97\">Peso<\/td>\n<td width=\"336\">8-20g\/pc<\/td>\n<\/tr>\n<tr>\n<td width=\"97\">Color<\/td>\n<td width=\"336\">Transparente, azul o como se solicite<\/td>\n<\/tr>\n<tr>\n<td width=\"97\">Embalaje<\/td>\n<td width=\"336\">10 pcs\/bag, 500pcs\/ctn<\/td>\n<\/tr>\n<tr>\n<td width=\"97\">Aplicaci\u00f3n<\/td>\n<td width=\"336\">medicina, odontolog\u00eda, salas blancas, entornos cr\u00edticos, manipulaci\u00f3n\/producci\u00f3n de alimentos, fabricaci\u00f3n industrial y uso diario.<\/td>\n<\/tr>\n<\/tbody>\n<\/table>\n<\/div>\n<p><img decoding=\"async\" class=\"aligncenter wp-image-6702 size-large\" src=\"https:\/\/med-disposable.com\/wp-content\/uploads\/2021\/04\/40A0313-1024x1024.jpg\" alt=\"\" width=\"800\" height=\"800\" srcset=\"https:\/\/med-disposable.com\/wp-content\/uploads\/2021\/04\/40A0313-1024x1024.jpg 1024w, https:\/\/med-disposable.com\/wp-content\/uploads\/2021\/04\/40A0313-300x300.jpg 300w, https:\/\/med-disposable.com\/wp-content\/uploads\/2021\/04\/40A0313-150x150.jpg 150w, https:\/\/med-disposable.com\/wp-content\/uploads\/2021\/04\/40A0313-768x768.jpg 768w, https:\/\/med-disposable.com\/wp-content\/uploads\/2021\/04\/40A0313-1536x1536.jpg 1536w, https:\/\/med-disposable.com\/wp-content\/uploads\/2021\/04\/40A0313-scaled.jpg 2048w, https:\/\/med-disposable.com\/wp-content\/uploads\/2021\/04\/40A0313-600x600.jpg 600w, https:\/\/med-disposable.com\/wp-content\/uploads\/2021\/04\/40A0313-100x100.jpg 100w\" sizes=\"(max-width: 800px) 100vw, 800px\" \/> <img decoding=\"async\" class=\"aligncenter wp-image-6705 size-large\" src=\"https:\/\/med-disposable.com\/wp-content\/uploads\/2021\/04\/40A0317-1024x1024.jpg\" alt=\"\" width=\"800\" height=\"800\" srcset=\"https:\/\/med-disposable.com\/wp-content\/uploads\/2021\/04\/40A0317-1024x1024.jpg 1024w, https:\/\/med-disposable.com\/wp-content\/uploads\/2021\/04\/40A0317-300x300.jpg 300w, https:\/\/med-disposable.com\/wp-content\/uploads\/2021\/04\/40A0317-150x150.jpg 150w, https:\/\/med-disposable.com\/wp-content\/uploads\/2021\/04\/40A0317-768x768.jpg 768w, https:\/\/med-disposable.com\/wp-content\/uploads\/2021\/04\/40A0317-1536x1536.jpg 1536w, https:\/\/med-disposable.com\/wp-content\/uploads\/2021\/04\/40A0317-scaled.jpg 2048w, https:\/\/med-disposable.com\/wp-content\/uploads\/2021\/04\/40A0317-600x600.jpg 600w, https:\/\/med-disposable.com\/wp-content\/uploads\/2021\/04\/40A0317-100x100.jpg 100w\" sizes=\"(max-width: 800px) 100vw, 800px\" \/><\/p>\n<p><strong>Caracter\u00edsticas:<\/strong><\/p>\n<ol>\n<li><strong>Material de alta calidad<\/strong>: Nuestros cubrebotas est\u00e1n fabricados con pl\u00e1stico resistente y duradero, que proporciona una excelente protecci\u00f3n contra l\u00edquidos y contaminantes.<\/li>\n<li><strong>Impermeable<\/strong>: Estos cubrebotas son 100% impermeables, lo que garantiza que tus zapatos permanezcan secos y limpios en cualquier condici\u00f3n.<\/li>\n<li><strong>Ajuste universal<\/strong>: Con una parte superior el\u00e1stica, estos cubrebotas se adaptan a una amplia gama de tallas de calzado, por lo que son ideales para diversas aplicaciones.<\/li>\n<\/ol>\n<p><img loading=\"lazy\" decoding=\"async\" class=\"aligncenter wp-image-6703 size-large\" src=\"https:\/\/med-disposable.com\/wp-content\/uploads\/2021\/04\/40A0315-1024x1024.jpg\" alt=\"\" width=\"800\" height=\"800\" srcset=\"https:\/\/med-disposable.com\/wp-content\/uploads\/2021\/04\/40A0315-1024x1024.jpg 1024w, https:\/\/med-disposable.com\/wp-content\/uploads\/2021\/04\/40A0315-300x300.jpg 300w, https:\/\/med-disposable.com\/wp-content\/uploads\/2021\/04\/40A0315-150x150.jpg 150w, https:\/\/med-disposable.com\/wp-content\/uploads\/2021\/04\/40A0315-768x768.jpg 768w, https:\/\/med-disposable.com\/wp-content\/uploads\/2021\/04\/40A0315-1536x1536.jpg 1536w, https:\/\/med-disposable.com\/wp-content\/uploads\/2021\/04\/40A0315-scaled.jpg 2048w, https:\/\/med-disposable.com\/wp-content\/uploads\/2021\/04\/40A0315-600x600.jpg 600w, https:\/\/med-disposable.com\/wp-content\/uploads\/2021\/04\/40A0315-100x100.jpg 100w\" sizes=\"(max-width: 800px) 100vw, 800px\" \/><\/p>\n<p><img loading=\"lazy\" decoding=\"async\" class=\"aligncenter wp-image-6710 size-large\" src=\"https:\/\/med-disposable.com\/wp-content\/uploads\/2021\/04\/40A0326-1024x1024.jpg\" alt=\"\" width=\"800\" height=\"800\" srcset=\"https:\/\/med-disposable.com\/wp-content\/uploads\/2021\/04\/40A0326-1024x1024.jpg 1024w, https:\/\/med-disposable.com\/wp-content\/uploads\/2021\/04\/40A0326-300x300.jpg 300w, https:\/\/med-disposable.com\/wp-content\/uploads\/2021\/04\/40A0326-150x150.jpg 150w, https:\/\/med-disposable.com\/wp-content\/uploads\/2021\/04\/40A0326-768x768.jpg 768w, https:\/\/med-disposable.com\/wp-content\/uploads\/2021\/04\/40A0326-1536x1536.jpg 1536w, https:\/\/med-disposable.com\/wp-content\/uploads\/2021\/04\/40A0326-scaled.jpg 2048w, https:\/\/med-disposable.com\/wp-content\/uploads\/2021\/04\/40A0326-600x600.jpg 600w, https:\/\/med-disposable.com\/wp-content\/uploads\/2021\/04\/40A0326-100x100.jpg 100w\" sizes=\"(max-width: 800px) 100vw, 800px\" \/><\/p>\n<p><strong>Ventajas:<\/strong><\/p>\n<ul>\n<li><strong>Protecci\u00f3n eficaz<\/strong>: Nuestros cubrebotas ofrecen una excelente barrera contra el agua, el polvo y la suciedad, evitando la contaminaci\u00f3n de su calzado.<\/li>\n<li><strong>Uso vers\u00e1til<\/strong>: Adecuado para una variedad de industrias, incluyendo la salud, la construcci\u00f3n, servicios de alimentos, y m\u00e1s.<\/li>\n<li><strong>F\u00e1cil de usar y eliminar<\/strong>: La parte superior el\u00e1stica garantiza una f\u00e1cil colocaci\u00f3n y retirada, mientras que el car\u00e1cter desechable de las fundas favorece las pr\u00e1cticas higi\u00e9nicas.<\/li>\n<\/ul>\n<p><img loading=\"lazy\" decoding=\"async\" class=\"aligncenter wp-image-6714 size-large\" src=\"https:\/\/med-disposable.com\/wp-content\/uploads\/2021\/04\/40A0331-1024x1024.jpg\" alt=\"\" width=\"800\" height=\"800\" srcset=\"https:\/\/med-disposable.com\/wp-content\/uploads\/2021\/04\/40A0331-1024x1024.jpg 1024w, https:\/\/med-disposable.com\/wp-content\/uploads\/2021\/04\/40A0331-300x300.jpg 300w, https:\/\/med-disposable.com\/wp-content\/uploads\/2021\/04\/40A0331-150x150.jpg 150w, https:\/\/med-disposable.com\/wp-content\/uploads\/2021\/04\/40A0331-768x768.jpg 768w, https:\/\/med-disposable.com\/wp-content\/uploads\/2021\/04\/40A0331-1536x1536.jpg 1536w, https:\/\/med-disposable.com\/wp-content\/uploads\/2021\/04\/40A0331-scaled.jpg 2048w, https:\/\/med-disposable.com\/wp-content\/uploads\/2021\/04\/40A0331-600x600.jpg 600w, https:\/\/med-disposable.com\/wp-content\/uploads\/2021\/04\/40A0331-100x100.jpg 100w\" sizes=\"(max-width: 800px) 100vw, 800px\" \/><\/p>\n<p><strong>Usos:<\/strong><\/p>\n<p>Nuestros cubrebotas impermeables de pl\u00e1stico desechables son ideales para su uso en sectores como la sanidad, la industria alimentaria, la construcci\u00f3n, etc. Son perfectos para mantener la higiene en zonas de alto riesgo, proteger el calzado en condiciones de humedad o barro y evitar la contaminaci\u00f3n en entornos limpios. Son perfectos para mantener la higiene en zonas de alto riesgo, proteger el calzado en condiciones de humedad o barro y evitar la contaminaci\u00f3n en entornos limpios.<\/p>\n<p>&nbsp;<\/p>\n<p><strong>LDPE vs. HDPE:<\/strong><\/p>\n<p>Tanto el polietileno de baja densidad (LDPE) como el polietileno de alta densidad (HDPE) son tipos de materiales pl\u00e1sticos utilizados habitualmente en la producci\u00f3n de prendas de protecci\u00f3n desechables debido a su resistencia y flexibilidad. Sin embargo, existen algunas diferencias clave entre ambos:<\/p>\n<ul>\n<li><strong>Durabilidad<\/strong>: El HDPE es m\u00e1s r\u00edgido y tiene mayor resistencia a la tracci\u00f3n que el LDPE, por lo que es m\u00e1s resistente a los impactos y a las altas temperaturas.<\/li>\n<li><strong>Flexibilidad<\/strong>: El LDPE es m\u00e1s flexible y resistente al agrietamiento que el HDPE, por lo que es ideal para aplicaciones que requieren elasticidad.<\/li>\n<li><strong>Transparencia<\/strong>: El LDPE suele ser m\u00e1s transparente que el HDPE, lo que puede ser un factor importante en determinadas aplicaciones.<\/li>\n<\/ul>\n<p><img loading=\"lazy\" decoding=\"async\" class=\"aligncenter wp-image-6262 size-full\" src=\"https:\/\/med-disposable.com\/wp-content\/uploads\/2021\/07\/hdpe-and-ldpe.jpg\" alt=\"\" width=\"800\" height=\"264\" srcset=\"https:\/\/med-disposable.com\/wp-content\/uploads\/2021\/07\/hdpe-and-ldpe.jpg 800w, https:\/\/med-disposable.com\/wp-content\/uploads\/2021\/07\/hdpe-and-ldpe-300x99.jpg 300w, https:\/\/med-disposable.com\/wp-content\/uploads\/2021\/07\/hdpe-and-ldpe-768x253.jpg 768w, https:\/\/med-disposable.com\/wp-content\/uploads\/2021\/07\/hdpe-and-ldpe-600x198.jpg 600w\" sizes=\"(max-width: 800px) 100vw, 800px\" \/><\/p>\n<p><strong>Preguntas frecuentes:<\/strong><\/p>\n<ol>\n<li><strong>\u00bfSon duraderos estos cubrebotas?<\/strong> Nuestros cubrebotas impermeables de pl\u00e1stico desechables est\u00e1n fabricados con pl\u00e1stico robusto, que ofrece una excelente durabilidad y resistencia contra desgarros o pinchazos. Est\u00e1n dise\u00f1ados para soportar diversas condiciones ambientales, proporcionando una protecci\u00f3n fiable del calzado.<\/li>\n<li><strong>\u00bfA qu\u00e9 tallas se adaptan estos cubrebotas?<\/strong> Con su parte superior el\u00e1stica, nuestros cubrebotas est\u00e1n dise\u00f1ados para adaptarse a una amplia gama de tallas de calzado. Proporcionan un ajuste universal que puede adaptarse a la mayor\u00eda de tipos de calzado, desde botas de trabajo hasta zapatillas deportivas.<\/li>\n<li><strong>\u00bfSe pueden reutilizar estos cubrebotas?<\/strong> Estos cubrebotas son de un solo uso para garantizar una higiene \u00f3ptima y evitar la contaminaci\u00f3n. Tras su uso, deben desecharse correctamente y sustituirse por un par nuevo.<\/li>\n<li><strong>\u00bfC\u00f3mo pueden ayudar estos cubrebotas a mantener la higiene? <\/strong>Estos cubrebotas desechables desempe\u00f1an un papel importante en el mantenimiento de un entorno higi\u00e9nico. Al cubrir el calzado, evitan la propagaci\u00f3n de polvo, suciedad y posibles agentes pat\u00f3genos que, de otro modo, podr\u00edan introducirse en zonas est\u00e9riles o limpias. Despu\u00e9s de cada uso, pueden desecharse, lo que reduce el riesgo de contaminaci\u00f3n cruzada.<\/li>\n<li><strong>\u00bfPueden estos cubrebotas soportar condiciones clim\u00e1ticas adversas? <\/strong>Nuestros cubrebotas impermeables de pl\u00e1stico desechables est\u00e1n dise\u00f1ados para proporcionar una protecci\u00f3n fiable en diversas condiciones ambientales. El material pl\u00e1stico duradero es resistente al agua, lo que ayuda a mantener el calzado seco en condiciones de humedad o barro. Sin embargo, no est\u00e1n pensados para su uso en condiciones meteorol\u00f3gicas extremas, como fuertes nevadas o tormentas severas. Util\u00edcelos siempre de acuerdo con las directrices del fabricante.<\/li>\n<\/ol>","protected":false},"excerpt":{"rendered":"<p>Estilo: con el\u00e1stico en la parte superior, largo hasta la rodilla, seg\u00fan pedido.<\/p>\n<p>Robusto y firme, no se rompe f\u00e1cilmente por fricci\u00f3n.<\/p>","protected":false},"featured_media":6706,"template":"","meta":{"_seopress_robots_primary_cat":"none","_seopress_titles_title":"Boot Covers - Disposable plastic waterproof boot cover","_seopress_titles_desc":"Disposable plastic waterproof boot covers - Good sealing, waterproof and dust proof, anti-static, fluid resistant. Check now.","_seopress_robots_index":""},"product_brand":[],"product_cat":[47],"product_tag":[101,75],"class_list":{"0":"post-1497","1":"product","2":"type-product","3":"status-publish","4":"has-post-thumbnail","6":"product_cat-foot-protection","7":"product_tag-boot-cover","8":"product_tag-plastic","10":"first","11":"instock","12":"shipping-taxable","13":"product-type-simple"},"_links":{"self":[{"href":"https:\/\/med-disposable.com\/es\/wp-json\/wp\/v2\/product\/1497","targetHints":{"allow":["GET"]}}],"collection":[{"href":"https:\/\/med-disposable.com\/es\/wp-json\/wp\/v2\/product"}],"about":[{"href":"https:\/\/med-disposable.com\/es\/wp-json\/wp\/v2\/types\/product"}],"version-history":[{"count":0,"href":"https:\/\/med-disposable.com\/es\/wp-json\/wp\/v2\/product\/1497\/revisions"}],"wp:featuredmedia":[{"embeddable":true,"href":"https:\/\/med-disposable.com\/es\/wp-json\/wp\/v2\/media\/6706"}],"wp:attachment":[{"href":"https:\/\/med-disposable.com\/es\/wp-json\/wp\/v2\/media?parent=1497"}],"wp:term":[{"taxonomy":"product_brand","embeddable":true,"href":"https:\/\/med-disposable.com\/es\/wp-json\/wp\/v2\/product_brand?post=1497"},{"taxonomy":"product_cat","embeddable":true,"href":"https:\/\/med-disposable.com\/es\/wp-json\/wp\/v2\/product_cat?post=1497"},{"taxonomy":"product_tag","embeddable":true,"href":"https:\/\/med-disposable.com\/es\/wp-json\/wp\/v2\/product_tag?post=1497"}],"curies":[{"name":"wp","href":"https:\/\/api.w.org\/{rel}","templated":true}]}}