{"id":15025,"date":"2024-08-14T18:25:03","date_gmt":"2024-08-14T10:25:03","guid":{"rendered":"https:\/\/med-disposable.com\/?post_type=product&#038;p=15025"},"modified":"2024-08-14T18:26:43","modified_gmt":"2024-08-14T10:26:43","slug":"gorro-quirurgico-desechable-spunlace-nonwoven","status":"publish","type":"product","link":"https:\/\/med-disposable.com\/es\/product\/disposable-spunlace-nonwoven-surgical-cap\/","title":{"rendered":"Gorro quir\u00fargico desechable de spunlace no tejido"},"content":{"rendered":"<p><strong>Informaci\u00f3n b\u00e1sica del gorro quir\u00fargico no tejido Spunlace:<\/strong><\/p>\n<table width=\"635\">\n<tbody>\n<tr>\n<td width=\"105\">Talla<\/td>\n<td width=\"530\">60*14cm, 65*14cm, o seg\u00fan las necesidades<\/td>\n<\/tr>\n<tr>\n<td width=\"105\">Material<\/td>\n<td width=\"530\">Spunlace 40-60g<\/td>\n<\/tr>\n<tr>\n<td width=\"105\">Estilo<\/td>\n<td width=\"530\">de vuelta con ealstic<\/td>\n<\/tr>\n<tr>\n<td width=\"105\">Color<\/td>\n<td width=\"530\">Azul, verde, blanco, con rayas a petici\u00f3n<\/td>\n<\/tr>\n<tr>\n<td width=\"105\">Caracter\u00edstica<\/td>\n<td width=\"530\">M\u00e1s el\u00e1stico que el PP no tejido, suave, transpirable y c\u00f3modo,<\/td>\n<\/tr>\n<tr>\n<td width=\"105\">Embalaje<\/td>\n<td width=\"530\">100 pcs\/bag, 1000pcs\/ctn, puede ser como requisitos<\/td>\n<\/tr>\n<tr>\n<td width=\"105\">Aplicaci\u00f3n<\/td>\n<td width=\"530\">Quir\u00f3fano, laboratorio, taller m\u00e9dico<\/td>\n<\/tr>\n<\/tbody>\n<\/table>\n<p><img fetchpriority=\"high\" decoding=\"async\" class=\"wp-image-15044 size-full aligncenter\" src=\"https:\/\/med-disposable.com\/wp-content\/uploads\/2024\/08\/spunlace-caps-6.png\" alt=\"Cirujano con mascarilla y gorro quir\u00fargico\" width=\"800\" height=\"800\" srcset=\"https:\/\/med-disposable.com\/wp-content\/uploads\/2024\/08\/spunlace-caps-6.png 800w, https:\/\/med-disposable.com\/wp-content\/uploads\/2024\/08\/spunlace-caps-6-300x300.png 300w, https:\/\/med-disposable.com\/wp-content\/uploads\/2024\/08\/spunlace-caps-6-150x150.png 150w, https:\/\/med-disposable.com\/wp-content\/uploads\/2024\/08\/spunlace-caps-6-768x768.png 768w, https:\/\/med-disposable.com\/wp-content\/uploads\/2024\/08\/spunlace-caps-6-600x600.png 600w, https:\/\/med-disposable.com\/wp-content\/uploads\/2024\/08\/spunlace-caps-6-100x100.png 100w\" sizes=\"(max-width: 800px) 100vw, 800px\" \/><\/p>\n<p>&nbsp;<\/p>\n<p><strong>Caracter\u00edsticas principales:<\/strong><\/p>\n<ul>\n<li><strong>Material superior<\/strong>: Hecho de tela no tejida spunlace suave y ligero, que ofrece un ajuste c\u00f3modo para un uso prolongado.<\/li>\n<li><strong>Protecci\u00f3n reforzada<\/strong>: Evita eficazmente la propagaci\u00f3n de contaminantes, garantizando un entorno higi\u00e9nico tanto para los pacientes como para el personal m\u00e9dico.<\/li>\n<li><strong>Transpirable y c\u00f3modo<\/strong>: El material transpirable permite una correcta circulaci\u00f3n del aire, reduciendo la acumulaci\u00f3n de calor y proporcionando comodidad durante procedimientos prolongados.<\/li>\n<li><strong>Ajuste seguro<\/strong>: Dise\u00f1ado con una banda el\u00e1stica que se ajusta perfectamente a la cabeza, garantizando que el gorro permanezca en su sitio sin causar molestias.<\/li>\n<li><strong>Talla \u00fanica<\/strong>: El dise\u00f1o universal se adapta a varios tama\u00f1os de cabeza, por lo que es adecuado para todos los profesionales sanitarios.<\/li>\n<li><strong>Desechable e higi\u00e9nico<\/strong>: El dise\u00f1o de un solo uso elimina la necesidad de lavado, reduciendo el riesgo de contaminaci\u00f3n cruzada y garantizando la m\u00e1xima higiene.<\/li>\n<\/ul>\n<p><img decoding=\"async\" class=\"wp-image-15041 size-full aligncenter\" src=\"https:\/\/med-disposable.com\/wp-content\/uploads\/2024\/08\/spunlace-caps-2.png\" alt=\"Gorro azul desechable\" width=\"800\" height=\"800\" srcset=\"https:\/\/med-disposable.com\/wp-content\/uploads\/2024\/08\/spunlace-caps-2.png 800w, https:\/\/med-disposable.com\/wp-content\/uploads\/2024\/08\/spunlace-caps-2-300x300.png 300w, https:\/\/med-disposable.com\/wp-content\/uploads\/2024\/08\/spunlace-caps-2-150x150.png 150w, https:\/\/med-disposable.com\/wp-content\/uploads\/2024\/08\/spunlace-caps-2-768x768.png 768w, https:\/\/med-disposable.com\/wp-content\/uploads\/2024\/08\/spunlace-caps-2-600x600.png 600w, https:\/\/med-disposable.com\/wp-content\/uploads\/2024\/08\/spunlace-caps-2-100x100.png 100w\" sizes=\"(max-width: 800px) 100vw, 800px\" \/><\/p>\n<p><img decoding=\"async\" class=\"wp-image-15042 size-full aligncenter\" src=\"https:\/\/med-disposable.com\/wp-content\/uploads\/2024\/08\/spunlace-caps-4.png\" alt=\"Almohadilla azul y blanca\" width=\"800\" height=\"800\" srcset=\"https:\/\/med-disposable.com\/wp-content\/uploads\/2024\/08\/spunlace-caps-4.png 800w, https:\/\/med-disposable.com\/wp-content\/uploads\/2024\/08\/spunlace-caps-4-300x300.png 300w, https:\/\/med-disposable.com\/wp-content\/uploads\/2024\/08\/spunlace-caps-4-150x150.png 150w, https:\/\/med-disposable.com\/wp-content\/uploads\/2024\/08\/spunlace-caps-4-768x768.png 768w, https:\/\/med-disposable.com\/wp-content\/uploads\/2024\/08\/spunlace-caps-4-600x600.png 600w, https:\/\/med-disposable.com\/wp-content\/uploads\/2024\/08\/spunlace-caps-4-100x100.png 100w\" sizes=\"(max-width: 800px) 100vw, 800px\" \/><\/p>\n<p><strong>Aplicaciones:<\/strong><\/p>\n<p>Nuestro gorro quir\u00fargico desechable de spunlace no tejido es ideal para su uso en hospitales, cl\u00ednicas, laboratorios y otros entornos m\u00e9dicos en los que es crucial mantener un campo est\u00e9ril. Tanto si est\u00e1 operando, realizando ex\u00e1menes o trabajando en una sala blanca, este gorro quir\u00fargico proporciona una protecci\u00f3n fiable y tranquilidad.<\/p>\n<p><img loading=\"lazy\" decoding=\"async\" class=\"wp-image-13556 size-full aligncenter\" src=\"https:\/\/med-disposable.com\/wp-content\/uploads\/2024\/07\/disposable-surgical-caps.png\" alt=\"Cirujanos en el quir\u00f3fano prepar\u00e1ndose para la operaci\u00f3n\" width=\"800\" height=\"600\" srcset=\"https:\/\/med-disposable.com\/wp-content\/uploads\/2024\/07\/disposable-surgical-caps.png 800w, https:\/\/med-disposable.com\/wp-content\/uploads\/2024\/07\/disposable-surgical-caps-300x225.png 300w, https:\/\/med-disposable.com\/wp-content\/uploads\/2024\/07\/disposable-surgical-caps-768x576.png 768w, https:\/\/med-disposable.com\/wp-content\/uploads\/2024\/07\/disposable-surgical-caps-600x450.png 600w\" sizes=\"(max-width: 800px) 100vw, 800px\" \/><\/p>\n<p>&nbsp;<\/p>\n<p><strong>\u00bfPor qu\u00e9 elegir el tap\u00f3n quir\u00fargico de Wuhan Youfu?<\/strong><\/p>\n<ul>\n<li><strong>Amplia experiencia en producci\u00f3n<\/strong>M\u00e1s de 10 a\u00f1os de experiencia en producci\u00f3n.<\/li>\n<li><strong>Alta productividad<\/strong>: Con m\u00e1s de 300 trabajadores, siempre podemos ajustar nuestro programa de producci\u00f3n para entregas urgentes.<\/li>\n<li><strong>Rentable<\/strong>: Precios razonables sin comprometer la calidad, lo que la convierte en una opci\u00f3n econ\u00f3mica para los profesionales sanitarios.<\/li>\n<li><strong>Responsabilidad medioambiental<\/strong>: Fabricados con materiales respetuosos con el medio ambiente, nuestros gorros quir\u00fargicos se han dise\u00f1ado pensando en la sostenibilidad.<\/li>\n<\/ul>","protected":false},"excerpt":{"rendered":"<p>El gorro quir\u00fargico desechable Spunlace Nonwoven est\u00e1 dise\u00f1ado para proporcionar una protecci\u00f3n y comodidad \u00f3ptimas a los profesionales sanitarios. Fabricado con tejido no tejido spunlace de primera calidad, este gorro quir\u00fargico garantiza una excelente transpirabilidad y durabilidad, lo que lo convierte en un componente esencial para mantener un entorno est\u00e9ril en entornos m\u00e9dicos.<\/p>","protected":false},"featured_media":15044,"template":"","meta":{"_seopress_robots_primary_cat":"none","_seopress_titles_title":"","_seopress_titles_desc":"","_seopress_robots_index":""},"product_brand":[],"product_cat":[46],"product_tag":[611,612],"class_list":{"0":"post-15025","1":"product","2":"type-product","3":"status-publish","4":"has-post-thumbnail","6":"product_cat-caps","7":"product_tag-disposable-caps","8":"product_tag-surgical-cap","10":"first","11":"instock","12":"shipping-taxable","13":"product-type-simple"},"_links":{"self":[{"href":"https:\/\/med-disposable.com\/es\/wp-json\/wp\/v2\/product\/15025","targetHints":{"allow":["GET"]}}],"collection":[{"href":"https:\/\/med-disposable.com\/es\/wp-json\/wp\/v2\/product"}],"about":[{"href":"https:\/\/med-disposable.com\/es\/wp-json\/wp\/v2\/types\/product"}],"version-history":[{"count":0,"href":"https:\/\/med-disposable.com\/es\/wp-json\/wp\/v2\/product\/15025\/revisions"}],"wp:featuredmedia":[{"embeddable":true,"href":"https:\/\/med-disposable.com\/es\/wp-json\/wp\/v2\/media\/15044"}],"wp:attachment":[{"href":"https:\/\/med-disposable.com\/es\/wp-json\/wp\/v2\/media?parent=15025"}],"wp:term":[{"taxonomy":"product_brand","embeddable":true,"href":"https:\/\/med-disposable.com\/es\/wp-json\/wp\/v2\/product_brand?post=15025"},{"taxonomy":"product_cat","embeddable":true,"href":"https:\/\/med-disposable.com\/es\/wp-json\/wp\/v2\/product_cat?post=15025"},{"taxonomy":"product_tag","embeddable":true,"href":"https:\/\/med-disposable.com\/es\/wp-json\/wp\/v2\/product_tag?post=15025"}],"curies":[{"name":"wp","href":"https:\/\/api.w.org\/{rel}","templated":true}]}}