{"id":15227,"date":"2024-08-21T16:59:21","date_gmt":"2024-08-21T08:59:21","guid":{"rendered":"https:\/\/med-disposable.com\/?post_type=product&#038;p=15227"},"modified":"2024-08-21T17:00:08","modified_gmt":"2024-08-21T09:00:08","slug":"viscosa-no-tejida-gorro-quirurgico-desechable","status":"publish","type":"product","link":"https:\/\/med-disposable.com\/es\/product\/viscose-nonwoven-surgical-cap-disposable\/","title":{"rendered":"viscosa no tejida gorro quir\u00fargico desechable"},"content":{"rendered":"<p><strong>Especificaciones b\u00e1sicas del gorro quir\u00fargico de viscosa no tejida<\/strong>:<\/p>\n<table width=\"635\">\n<tbody>\n<tr>\n<td width=\"105\">Talla<\/td>\n<td width=\"530\">60*14cm, 65*14cm, o seg\u00fan las necesidades<\/td>\n<\/tr>\n<tr>\n<td width=\"105\">Material<\/td>\n<td width=\"530\">Viscosa 60 g, o seg\u00fan pedido<\/td>\n<\/tr>\n<tr>\n<td width=\"105\">Estilo<\/td>\n<td width=\"530\">de vuelta con ealstic<\/td>\n<\/tr>\n<tr>\n<td width=\"105\">Color<\/td>\n<td width=\"530\">Azul, verde, blanco, con rayas a petici\u00f3n<\/td>\n<\/tr>\n<tr>\n<td width=\"105\">Caracter\u00edstica<\/td>\n<td width=\"530\">m\u00e1s el\u00e1stico que el PP no tejido, suave, transpirable y c\u00f3modo<\/td>\n<\/tr>\n<tr>\n<td width=\"105\">Embalaje<\/td>\n<td width=\"530\">100 pcs\/bag, 1000pcs\/ctn, puede ser como requisitos<\/td>\n<\/tr>\n<\/tbody>\n<\/table>\n<p><img fetchpriority=\"high\" decoding=\"async\" class=\"aligncenter wp-image-15237 size-full\" src=\"https:\/\/med-disposable.com\/wp-content\/uploads\/2024\/08\/spunlace-surgical-mask-5.png\" alt=\"Tap\u00f3n azul desechable para uso m\u00e9dico.\" width=\"800\" height=\"800\" srcset=\"https:\/\/med-disposable.com\/wp-content\/uploads\/2024\/08\/spunlace-surgical-mask-5.png 800w, https:\/\/med-disposable.com\/wp-content\/uploads\/2024\/08\/spunlace-surgical-mask-5-300x300.png 300w, https:\/\/med-disposable.com\/wp-content\/uploads\/2024\/08\/spunlace-surgical-mask-5-150x150.png 150w, https:\/\/med-disposable.com\/wp-content\/uploads\/2024\/08\/spunlace-surgical-mask-5-768x768.png 768w, https:\/\/med-disposable.com\/wp-content\/uploads\/2024\/08\/spunlace-surgical-mask-5-600x600.png 600w, https:\/\/med-disposable.com\/wp-content\/uploads\/2024\/08\/spunlace-surgical-mask-5-100x100.png 100w\" sizes=\"(max-width: 800px) 100vw, 800px\" \/><\/p>\n<p><strong>Caracter\u00edsticas del gorro quir\u00fargico de viscosa no tejida:<\/strong><\/p>\n<ul>\n<li><strong>Suavidad excepcional<\/strong>: Fabricado con tejido no tejido de viscosa de primera calidad, que proporciona un ajuste suave y c\u00f3modo que supera a los gorros no tejidos de PP tradicionales.<\/li>\n<li><strong>Transpirabilidad mejorada<\/strong>: El material transpirable permite una excelente circulaci\u00f3n del aire, reduciendo la acumulaci\u00f3n de calor y garantizando la comodidad durante procedimientos prolongados.<\/li>\n<li><strong>Control eficaz de la contaminaci\u00f3n<\/strong>: Dise\u00f1ado para evitar la propagaci\u00f3n de contaminantes, manteniendo un entorno est\u00e9ril tanto para los pacientes como para el personal m\u00e9dico.<\/li>\n<li><strong>Ajuste seguro<\/strong>: Incorpora una banda el\u00e1stica que se ajusta perfectamente a la cabeza, manteniendo el gorro en su sitio sin causar molestias.<\/li>\n<li><strong>Talla \u00fanica<\/strong>: El dise\u00f1o universal se adapta a varios tama\u00f1os de cabeza, por lo que es adecuado para todos los profesionales sanitarios.<\/li>\n<li><strong>Desechable e higi\u00e9nico<\/strong>: El dise\u00f1o de un solo uso elimina la necesidad de lavado, reduciendo el riesgo de contaminaci\u00f3n cruzada y garantizando la m\u00e1xima higiene.<\/li>\n<\/ul>\n<p><img decoding=\"async\" class=\"aligncenter wp-image-15236 size-full\" src=\"https:\/\/med-disposable.com\/wp-content\/uploads\/2024\/08\/spunlace-surgical-mask-3.png\" alt=\"M\u00e9dico con gorro y mascarilla vista lateral\" width=\"800\" height=\"800\" srcset=\"https:\/\/med-disposable.com\/wp-content\/uploads\/2024\/08\/spunlace-surgical-mask-3.png 800w, https:\/\/med-disposable.com\/wp-content\/uploads\/2024\/08\/spunlace-surgical-mask-3-300x300.png 300w, https:\/\/med-disposable.com\/wp-content\/uploads\/2024\/08\/spunlace-surgical-mask-3-150x150.png 150w, https:\/\/med-disposable.com\/wp-content\/uploads\/2024\/08\/spunlace-surgical-mask-3-768x768.png 768w, https:\/\/med-disposable.com\/wp-content\/uploads\/2024\/08\/spunlace-surgical-mask-3-600x600.png 600w, https:\/\/med-disposable.com\/wp-content\/uploads\/2024\/08\/spunlace-surgical-mask-3-100x100.png 100w\" sizes=\"(max-width: 800px) 100vw, 800px\" \/><\/p>\n<p>&nbsp;<\/p>\n<p><strong><span style=\"font-size: 16px\">Preguntas frecuentes sobre el gorro quir\u00fargico desechable de viscosa no tejida<\/span><\/strong><\/p>\n<p><strong>1. \u00bfQu\u00e9 es un gorro quir\u00fargico de viscosa no tejida?<\/strong><\/p>\n<p>Un gorro quir\u00fargico de viscosa no tejida es un tipo de cubrecabeza fabricado con viscosa no tejida. Est\u00e1 dise\u00f1ado para proporcionar una barrera contra los contaminantes, manteniendo seguros tanto al personal m\u00e9dico como a los pacientes mediante el mantenimiento de un entorno est\u00e9ril.<\/p>\n<p><strong>2. \u00bfSon estos gorros quir\u00fargicos de talla \u00fanica?<\/strong><\/p>\n<p>S\u00ed, nuestros gorros quir\u00fargicos est\u00e1n dise\u00f1ados con un ajuste universal, con una banda el\u00e1stica que se adapta c\u00f3modamente a varios tama\u00f1os de cabeza.<\/p>\n<p><strong>3. \u00bfC\u00f3mo debe llevarse el gorro quir\u00fargico?<\/strong><\/p>\n<p>Llevar el gorro quir\u00fargico:<\/p>\n<ol>\n<li>L\u00edmpiate bien las manos.<\/li>\n<li>Despliegue el gorro y col\u00f3quelo sobre la cabeza.<\/li>\n<li>Aseg\u00farese de que la banda el\u00e1stica se ajusta perfectamente alrededor de la frente, los lados de la cabeza y el cuello.<\/li>\n<li>Aj\u00fastalo para mayor comodidad y aseg\u00farate de que cubre completamente tu cabello.<\/li>\n<\/ol>\n<p><strong>4. \u00bfPueden reutilizarse estos tapones?<\/strong><\/p>\n<p>No, estos tapones quir\u00fargicos est\u00e1n dise\u00f1ados para un solo uso. Deben desecharse despu\u00e9s de cada uso para mantener la higiene y evitar la contaminaci\u00f3n cruzada.<\/p>\n<p><strong>5. \u00bfSon transpirables los tapones quir\u00fargicos?<\/strong><\/p>\n<p>S\u00ed, el tejido no tejido de viscosa es transpirable, lo que permite una correcta circulaci\u00f3n del aire y reduce la acumulaci\u00f3n de calor, lo que garantiza la comodidad durante los procedimientos prolongados.<\/p>\n<p><strong>6. \u00bfPara qu\u00e9 entornos son adecuados estos tapones quir\u00fargicos?<\/strong><\/p>\n<p>Nuestros tapones quir\u00fargicos desechables son ideales para su uso en hospitales, cl\u00ednicas, laboratorios, salas blancas y otros entornos m\u00e9dicos en los que es crucial mantener un campo est\u00e9ril.<\/p>\n<p><strong>7. \u00bfC\u00f3mo se envasan los tapones quir\u00fargicos?<\/strong><\/p>\n<p>Los tapones quir\u00fargicos suelen envasarse a granel, con cada tap\u00f3n doblado individualmente y colocado en una bolsa sellada para mantener la limpieza y la higiene.<\/p>\n<p><strong>8. \u00bfLos materiales utilizados son respetuosos con el medio ambiente?<\/strong><\/p>\n<p>S\u00ed, nuestros gorros quir\u00fargicos est\u00e1n fabricados con un tejido no tejido de viscosa respetuoso con el medio ambiente, dise\u00f1ado pensando en la sostenibilidad.<\/p>","protected":false},"excerpt":{"rendered":"<p>El gorro quir\u00fargico desechable de viscosa no tejida ofrece una suavidad y transpirabilidad superiores a las de los gorros est\u00e1ndar de PP no tejido. Dise\u00f1ado para satisfacer las rigurosas exigencias de los profesionales sanitarios, nuestro gorro quir\u00fargico garantiza que usted se mantenga c\u00f3modo y bien protegido durante todo su turno.<\/p>","protected":false},"featured_media":15232,"template":"","meta":{"_seopress_robots_primary_cat":"none","_seopress_titles_title":"","_seopress_titles_desc":"","_seopress_robots_index":""},"product_brand":[],"product_cat":[46],"product_tag":[612],"class_list":{"0":"post-15227","1":"product","2":"type-product","3":"status-publish","4":"has-post-thumbnail","6":"product_cat-caps","7":"product_tag-surgical-cap","9":"first","10":"instock","11":"shipping-taxable","12":"product-type-simple"},"_links":{"self":[{"href":"https:\/\/med-disposable.com\/es\/wp-json\/wp\/v2\/product\/15227","targetHints":{"allow":["GET"]}}],"collection":[{"href":"https:\/\/med-disposable.com\/es\/wp-json\/wp\/v2\/product"}],"about":[{"href":"https:\/\/med-disposable.com\/es\/wp-json\/wp\/v2\/types\/product"}],"version-history":[{"count":0,"href":"https:\/\/med-disposable.com\/es\/wp-json\/wp\/v2\/product\/15227\/revisions"}],"wp:featuredmedia":[{"embeddable":true,"href":"https:\/\/med-disposable.com\/es\/wp-json\/wp\/v2\/media\/15232"}],"wp:attachment":[{"href":"https:\/\/med-disposable.com\/es\/wp-json\/wp\/v2\/media?parent=15227"}],"wp:term":[{"taxonomy":"product_brand","embeddable":true,"href":"https:\/\/med-disposable.com\/es\/wp-json\/wp\/v2\/product_brand?post=15227"},{"taxonomy":"product_cat","embeddable":true,"href":"https:\/\/med-disposable.com\/es\/wp-json\/wp\/v2\/product_cat?post=15227"},{"taxonomy":"product_tag","embeddable":true,"href":"https:\/\/med-disposable.com\/es\/wp-json\/wp\/v2\/product_tag?post=15227"}],"curies":[{"name":"wp","href":"https:\/\/api.w.org\/{rel}","templated":true}]}}