{"id":1630,"date":"2021-05-08T15:43:56","date_gmt":"2021-05-08T07:43:56","guid":{"rendered":"https:\/\/med-disposable.com\/?post_type=product&#038;p=1630"},"modified":"2023-07-03T11:39:01","modified_gmt":"2023-07-03T03:39:01","slug":"cubrecama-desechable-de-tejido-sin-tejer","status":"publish","type":"product","link":"https:\/\/med-disposable.com\/es\/product\/disposable-non-woven-bed-cover\/","title":{"rendered":"Cubrecama no tejido desechable"},"content":{"rendered":"<h2>Especificaci\u00f3n detallada:<\/h2>\n<table width=\"448\">\n<tbody>\n<tr>\n<td width=\"118\">Material<\/td>\n<td width=\"330\">PP no tejido<\/td>\n<\/tr>\n<tr>\n<td width=\"118\">Talla<\/td>\n<td width=\"330\">90*210cm, 110*220cm,130*240cm , el tama\u00f1o se puede personalizar a petici\u00f3n.<\/td>\n<\/tr>\n<tr>\n<td width=\"118\">Gramo de peso<\/td>\n<td width=\"330\">18-55gsm<\/td>\n<\/tr>\n<tr>\n<td width=\"118\">Color<\/td>\n<td width=\"330\">Blanco, azul, rosa, amarillo o como se solicite<\/td>\n<\/tr>\n<tr>\n<td width=\"118\">Estilo<\/td>\n<td width=\"330\">con el\u00e1stico en dos extremos, o el\u00e1stico en las cuatro esquinas, el\u00e1stico en todo el contorno, bajo pedido<\/td>\n<\/tr>\n<\/tbody>\n<\/table>\n<div  id=\"_ytid_54953\"  width=\"800\" height=\"450\"  data-origwidth=\"800\" data-origheight=\"450\" data-facadesrc=\"https:\/\/www.youtube.com\/embed\/wqGtvyc46CM?enablejsapi=1&#038;autoplay=0&#038;cc_load_policy=0&#038;cc_lang_pref=&#038;iv_load_policy=1&#038;loop=0&#038;rel=1&#038;fs=1&#038;playsinline=0&#038;autohide=2&#038;theme=dark&#038;color=red&#038;controls=1&#038;disablekb=0&#038;\" class=\"__youtube_prefs__ epyt-facade epyt-is-override  no-lazyload\" data-epautoplay=\"1\" ><img decoding=\"async\" data-spai-excluded=\"true\" class=\"epyt-facade-poster skip-lazy\" loading=\"lazy\"  alt=\"YouTube player\"  src=\"https:\/\/i.ytimg.com\/vi\/wqGtvyc46CM\/maxresdefault.jpg\"  \/><button class=\"epyt-facade-play\" aria-label=\"Jugar\"><svg data-no-lazy=\"1\" height=\"100%\" version=\"1.1\" viewbox=\"0 0 68 48\" width=\"100%\"><path class=\"ytp-large-play-button-bg\" d=\"M66.52,7.74c-0.78-2.93-2.49-5.41-5.42-6.19C55.79,.13,34,0,34,0S12.21,.13,6.9,1.55 C3.97,2.33,2.27,4.81,1.48,7.74C0.06,13.05,0,24,0,24s0.06,10.95,1.48,16.26c0.78,2.93,2.49,5.41,5.42,6.19 C12.21,47.87,34,48,34,48s21.79-0.13,27.1-1.55c2.93-0.78,4.64-3.26,5.42-6.19C67.94,34.95,68,24,68,24S67.94,13.05,66.52,7.74z\" fill=\"#f00\"><\/path><path d=\"M 45,24 27,14 27,34\" fill=\"#fff\"><\/path><\/svg><\/button><\/div>\n<h2>Ventajas de los cubrecamas no tejidos desechables de Wuhan Youfu:<\/h2>\n<ul>\n<li><strong>Material:<\/strong>\u00a0Fabricado con material no tejido PP de primera calidad, nuestro cubrecama desechable es suave, duradero y c\u00f3modo para sus clientes. Este material hipoalerg\u00e9nico es perfecto para pieles sensibles y ayuda a prevenir irritaciones o alergias.<\/li>\n<li><strong>El\u00e1stico en dos extremos:<\/strong>\u00a0El el\u00e1stico en ambos extremos del cubrecama permite que se ajuste perfectamente a la mayor\u00eda de los tama\u00f1os de cama, garantizando una superficie limpia y segura para sus clientes. El el\u00e1stico tambi\u00e9n facilita poner y quitar el cubrecama, ahorrando tiempo y esfuerzo a su personal.<\/li>\n<li><strong>Variedad de colores:<\/strong>\u00a0Nuestros cubrecamas desechables de tejido-no-tejido est\u00e1n disponibles en una gama de colores a juego con la decoraci\u00f3n de su establecimiento. Elija entre el blanco cl\u00e1sico, el azul relajante, el verde elegante o cualquier otro color que complemente la est\u00e9tica de su negocio.<\/li>\n<\/ul>\n<p>&nbsp;<\/p>\n<p><img fetchpriority=\"high\" decoding=\"async\" class=\"aligncenter wp-image-7975 size-large\" src=\"https:\/\/med-disposable.com\/wp-content\/uploads\/2021\/05\/disposable-bed-covers-16-1024x1024.jpg\" alt=\"\" width=\"800\" height=\"800\" srcset=\"https:\/\/med-disposable.com\/wp-content\/uploads\/2021\/05\/disposable-bed-covers-16-1024x1024.jpg 1024w, https:\/\/med-disposable.com\/wp-content\/uploads\/2021\/05\/disposable-bed-covers-16-300x300.jpg 300w, https:\/\/med-disposable.com\/wp-content\/uploads\/2021\/05\/disposable-bed-covers-16-150x150.jpg 150w, https:\/\/med-disposable.com\/wp-content\/uploads\/2021\/05\/disposable-bed-covers-16-768x768.jpg 768w, https:\/\/med-disposable.com\/wp-content\/uploads\/2021\/05\/disposable-bed-covers-16-1536x1536.jpg 1536w, https:\/\/med-disposable.com\/wp-content\/uploads\/2021\/05\/disposable-bed-covers-16-scaled.jpg 2048w, https:\/\/med-disposable.com\/wp-content\/uploads\/2021\/05\/disposable-bed-covers-16-600x600.jpg 600w, https:\/\/med-disposable.com\/wp-content\/uploads\/2021\/05\/disposable-bed-covers-16-100x100.jpg 100w\" sizes=\"(max-width: 800px) 100vw, 800px\" \/><\/p>\n<p><img decoding=\"async\" class=\"aligncenter wp-image-7969 size-full\" src=\"https:\/\/med-disposable.com\/wp-content\/uploads\/2021\/05\/bed-sheets-details_\u526f\u672c-1.jpg\" alt=\"\" width=\"800\" height=\"696\" srcset=\"https:\/\/med-disposable.com\/wp-content\/uploads\/2021\/05\/bed-sheets-details_\u526f\u672c-1.jpg 800w, https:\/\/med-disposable.com\/wp-content\/uploads\/2021\/05\/bed-sheets-details_\u526f\u672c-1-300x261.jpg 300w, https:\/\/med-disposable.com\/wp-content\/uploads\/2021\/05\/bed-sheets-details_\u526f\u672c-1-768x668.jpg 768w, https:\/\/med-disposable.com\/wp-content\/uploads\/2021\/05\/bed-sheets-details_\u526f\u672c-1-600x522.jpg 600w\" sizes=\"(max-width: 800px) 100vw, 800px\" \/><\/p>\n<p><img decoding=\"async\" class=\"aligncenter wp-image-3439\" src=\"https:\/\/med-disposable.com\/wp-content\/uploads\/2022\/03\/what-are-bed-linens-300x300.jpg\" alt=\"4 hojas desechables dobladas de diferentes colores\" width=\"800\" height=\"800\" srcset=\"https:\/\/med-disposable.com\/wp-content\/uploads\/2022\/03\/what-are-bed-linens-300x300.jpg 300w, https:\/\/med-disposable.com\/wp-content\/uploads\/2022\/03\/what-are-bed-linens-150x150.jpg 150w, https:\/\/med-disposable.com\/wp-content\/uploads\/2022\/03\/what-are-bed-linens-100x100.jpg 100w, https:\/\/med-disposable.com\/wp-content\/uploads\/2022\/03\/what-are-bed-linens.jpg 500w\" sizes=\"(max-width: 800px) 100vw, 800px\" \/><\/p>\n<p>&nbsp;<\/p>\n<ul>\n<li><strong>Higiene y limpieza:<\/strong>\u00a0Utilizar cubrecamas desechables en su establecimiento es una forma excelente de mantener altos niveles de higiene y limpieza. Sustituyendo el cubrecama despu\u00e9s de cada uso, se asegurar\u00e1 de que sus clientes tengan siempre una superficie fresca y limpia para tumbarse.<\/li>\n<li><strong>F\u00e1cil eliminaci\u00f3n:<\/strong>\u00a0Nuestros cubrecamas desechables est\u00e1n dise\u00f1ados para un solo uso, lo que facilita su eliminaci\u00f3n tras el uso. Esto no solo ayuda a mantener la limpieza, sino que tambi\u00e9n reduce la necesidad de lavar la ropa y los costes asociados.<\/li>\n<li><strong>Aplicaciones vers\u00e1tiles:<\/strong>\u00a0Estos cubrecamas desechables son perfectos para diversos negocios, como spas, salones de masaje, salones de belleza, hoteles y centros sanitarios. Proporcione a sus clientes la comodidad y limpieza que se merecen con nuestras fundas de cama desechables de tejido no tejido.<\/li>\n<\/ul>\n<p>&nbsp;<\/p>\n<p><img loading=\"lazy\" decoding=\"async\" class=\"aligncenter wp-image-7977 size-full\" src=\"https:\/\/med-disposable.com\/wp-content\/uploads\/2021\/05\/disposable-bed-sheet-applications.jpg\" alt=\"\" width=\"720\" height=\"660\" srcset=\"https:\/\/med-disposable.com\/wp-content\/uploads\/2021\/05\/disposable-bed-sheet-applications.jpg 720w, https:\/\/med-disposable.com\/wp-content\/uploads\/2021\/05\/disposable-bed-sheet-applications-300x275.jpg 300w, https:\/\/med-disposable.com\/wp-content\/uploads\/2021\/05\/disposable-bed-sheet-applications-600x550.jpg 600w\" sizes=\"(max-width: 720px) 100vw, 720px\" \/><\/p>\n<p>&nbsp;<\/p>\n<h2>Preguntas que pueda concen:<\/h2>\n<p><strong>1. \u00bfSon ecol\u00f3gicos estos cubrecamas desechables?<\/strong><\/p>\n<p>El material no tejido de PP es ligero y puede reciclarse, lo que lo convierte en una opci\u00f3n m\u00e1s respetuosa con el medio ambiente que los cubrecamas de pl\u00e1stico tradicionales.<\/p>\n<p><strong>2. \u00bfPuedo personalizar el tama\u00f1o del cubrecama para adaptarlo a mi tama\u00f1o de cama espec\u00edfico?<\/strong><\/p>\n<p>S\u00ed, podemos atender solicitudes de tama\u00f1os personalizados. P\u00f3ngase en contacto con nuestro equipo de ventas con sus requisitos espec\u00edficos, y estaremos encantados de ayudarle.<\/p>\n<p><strong>3. \u00bfPuedo a\u00f1adir el logotipo de mi empresa a los cubrecamas?<\/strong><\/p>\n<p>S\u00ed, ofrecemos opciones de personalizaci\u00f3n, como a\u00f1adir el logotipo de su empresa a las fundas de cama. P\u00f3ngase en contacto con nuestro equipo de ventas para conocer los detalles y precios de las fundas de cama personalizadas.<\/p>\n<p><strong>4. \u00bfC\u00f3mo puedo asegurarme de que el el\u00e1stico se mantiene en buenas condiciones?<\/strong><\/p>\n<p>Nuestros cubrecamas desechables est\u00e1n dise\u00f1ados para un solo uso, lo que ayuda a mantener la elasticidad del material. Al sustituir el cubrecama despu\u00e9s de cada cliente, puede asegurarse de que el el\u00e1stico se mantiene en buen estado y proporciona un ajuste seguro.<\/p>\n<p><strong>5. \u00bfC\u00f3mo puedo deshacerme de los cubrecamas usados?<\/strong><\/p>\n<p>Tras su uso, basta con retirar el cubrecama de la cama y tirarlo a un contenedor de basura designado. Compruebe la normativa local sobre reciclaje para ver si el material no tejido de PP puede reciclarse en su zona.<\/p>","protected":false},"excerpt":{"rendered":"<p>Nuestra funda de cama desechable no tejida est\u00e1 dise\u00f1ada para proporcionar una superficie limpia, higi\u00e9nica y c\u00f3moda a sus clientes. Fabricado con material no tejido PP de alta calidad, este cubrecama es el\u00e1stico en dos extremos, lo que garantiza un ajuste perfecto en la mayor\u00eda de los tama\u00f1os de cama. Disponible en varios colores, nuestro cubrecama desechable puede combinarse f\u00e1cilmente con la decoraci\u00f3n de su establecimiento, al tiempo que cumple las normas m\u00e1s estrictas de limpieza y profesionalidad.<\/p>","protected":false},"featured_media":7967,"template":"","meta":{"_seopress_robots_primary_cat":"none","_seopress_titles_title":"Stay Dry &amp; Healthy With Our Hygienic, Breathable, Water Repellent Fabrics!","_seopress_titles_desc":"Disposable non woven Bed Cover. Style: with elastic on two ends; elastic on four corners; elastic all around, as you request. Feature: Water repellent, hygienic, unscented.","_seopress_robots_index":""},"product_brand":[],"product_cat":[49],"product_tag":[68,57],"class_list":{"0":"post-1630","1":"product","2":"type-product","3":"status-publish","4":"has-post-thumbnail","6":"product_cat-bed-linens","7":"product_tag-bed-cover","8":"product_tag-non-woven","10":"first","11":"instock","12":"shipping-taxable","13":"product-type-simple"},"_links":{"self":[{"href":"https:\/\/med-disposable.com\/es\/wp-json\/wp\/v2\/product\/1630","targetHints":{"allow":["GET"]}}],"collection":[{"href":"https:\/\/med-disposable.com\/es\/wp-json\/wp\/v2\/product"}],"about":[{"href":"https:\/\/med-disposable.com\/es\/wp-json\/wp\/v2\/types\/product"}],"version-history":[{"count":0,"href":"https:\/\/med-disposable.com\/es\/wp-json\/wp\/v2\/product\/1630\/revisions"}],"wp:featuredmedia":[{"embeddable":true,"href":"https:\/\/med-disposable.com\/es\/wp-json\/wp\/v2\/media\/7967"}],"wp:attachment":[{"href":"https:\/\/med-disposable.com\/es\/wp-json\/wp\/v2\/media?parent=1630"}],"wp:term":[{"taxonomy":"product_brand","embeddable":true,"href":"https:\/\/med-disposable.com\/es\/wp-json\/wp\/v2\/product_brand?post=1630"},{"taxonomy":"product_cat","embeddable":true,"href":"https:\/\/med-disposable.com\/es\/wp-json\/wp\/v2\/product_cat?post=1630"},{"taxonomy":"product_tag","embeddable":true,"href":"https:\/\/med-disposable.com\/es\/wp-json\/wp\/v2\/product_tag?post=1630"}],"curies":[{"name":"wp","href":"https:\/\/api.w.org\/{rel}","templated":true}]}}