{"id":1644,"date":"2021-05-08T17:30:04","date_gmt":"2021-05-08T09:30:04","guid":{"rendered":"https:\/\/med-disposable.com\/?post_type=product&#038;p=1644"},"modified":"2023-09-22T11:10:10","modified_gmt":"2023-09-22T03:10:10","slug":"chubasquero-de-pvc-reutilizable","status":"publish","type":"product","link":"https:\/\/med-disposable.com\/es\/product\/reusable-pvc-rain-coat\/","title":{"rendered":"Impermeable de PVC reutilizable"},"content":{"rendered":"<p>Disfrute de una protecci\u00f3n superior contra la lluvia con nuestro chubasquero de PVC reutilizable. Fabricado con precisi\u00f3n a partir de material de PVC de primera calidad, este chubasquero no s\u00f3lo est\u00e1 dise\u00f1ado para protegerle de la lluvia, sino que tambi\u00e9n hace hincapi\u00e9 en la comodidad y la longevidad. Sus m\u00faltiples caracter\u00edsticas le garantizan que permanecer\u00e1 seco sin renunciar al estilo ni a la funcionalidad.<\/p>\n<p><img fetchpriority=\"high\" decoding=\"async\" class=\"aligncenter wp-image-10368 size-full\" src=\"https:\/\/med-disposable.com\/wp-content\/uploads\/2021\/05\/PVC-RAINCOAT.jpg\" alt=\"\" width=\"801\" height=\"800\" srcset=\"https:\/\/med-disposable.com\/wp-content\/uploads\/2021\/05\/PVC-RAINCOAT.jpg 801w, https:\/\/med-disposable.com\/wp-content\/uploads\/2021\/05\/PVC-RAINCOAT-300x300.jpg 300w, https:\/\/med-disposable.com\/wp-content\/uploads\/2021\/05\/PVC-RAINCOAT-150x150.jpg 150w, https:\/\/med-disposable.com\/wp-content\/uploads\/2021\/05\/PVC-RAINCOAT-768x767.jpg 768w, https:\/\/med-disposable.com\/wp-content\/uploads\/2021\/05\/PVC-RAINCOAT-600x599.jpg 600w, https:\/\/med-disposable.com\/wp-content\/uploads\/2021\/05\/PVC-RAINCOAT-100x100.jpg 100w\" sizes=\"(max-width: 801px) 100vw, 801px\" \/><\/p>\n<p><strong>Especificaci\u00f3n b\u00e1sica:<\/strong><\/p>\n<table width=\"476\">\n<tbody>\n<tr>\n<td width=\"86\">Material<\/td>\n<td width=\"390\">PVC<\/td>\n<\/tr>\n<tr>\n<td width=\"86\">Gramo de peso<\/td>\n<td>0,10 mm-0,3 mm, o seg\u00fan se solicite<\/td>\n<\/tr>\n<tr>\n<td width=\"86\">Estilo<\/td>\n<td width=\"390\">Tipo jersey o c\u00e1rdigan,<\/p>\n<p>Delantero con botones o cremallera,<\/p>\n<p>Con bolsillos o sin bolsillos ,<\/p>\n<p>Gorra con o sin cord\u00f3n,<\/p>\n<p>Pu\u00f1o el\u00e1stico o abierto<\/td>\n<\/tr>\n<tr>\n<td width=\"86\">Color<\/td>\n<td>transparente, blanco, azul, verde, rojo, amarillo... personalizable<\/td>\n<\/tr>\n<\/tbody>\n<\/table>\n<p>&nbsp;<\/p>\n<p><strong>Caracter\u00edsticas:<\/strong><\/p>\n<ul>\n<li><strong>Material de PVC de alta calidad:<\/strong> Fabricado con material de PVC duradero que ofrece una resistencia superior al agua, garantizando que permanezcas seco en todas las condiciones.<\/li>\n<li><strong>Capucha con cierre de cord\u00f3n:<\/strong> Un dise\u00f1o que garantiza la m\u00e1xima protecci\u00f3n contra la lluvia al tiempo que permite ajustarlo para mayor comodidad.<\/li>\n<li><strong>Frente de tormenta con cremalleras de pl\u00e1stico:<\/strong> Protecci\u00f3n a\u00f1adida contra fuertes aguaceros que garantiza la ausencia de filtraciones de agua.<\/li>\n<li><strong>Mangas ragl\u00e1n:<\/strong> Ofrece un ajuste m\u00e1s c\u00f3modo y permite una mayor movilidad.<\/li>\n<li><strong>Abertura del pu\u00f1o ajustable:<\/strong> Adapte el ajuste a sus necesidades, con opciones con o sin botones a presi\u00f3n.<\/li>\n<li><strong>Bolsillos de parche:<\/strong> C\u00f3modamente colocado para facilitar el acceso, dise\u00f1ado sin solapas para un aspecto elegante.<\/li>\n<li><strong>Apertura de piernas ajustable:<\/strong> Personalice el ajuste para una protecci\u00f3n y comodidad \u00f3ptimas, disponible con o sin broches.<\/li>\n<\/ul>\n<p><img decoding=\"async\" class=\"aligncenter wp-image-10369 size-full\" src=\"https:\/\/med-disposable.com\/wp-content\/uploads\/2021\/05\/raincoat3.jpg\" alt=\"\" width=\"800\" height=\"527\" srcset=\"https:\/\/med-disposable.com\/wp-content\/uploads\/2021\/05\/raincoat3.jpg 800w, https:\/\/med-disposable.com\/wp-content\/uploads\/2021\/05\/raincoat3-300x198.jpg 300w, https:\/\/med-disposable.com\/wp-content\/uploads\/2021\/05\/raincoat3-768x506.jpg 768w, https:\/\/med-disposable.com\/wp-content\/uploads\/2021\/05\/raincoat3-600x395.jpg 600w\" sizes=\"(max-width: 800px) 100vw, 800px\" \/><\/p>\n<p><strong>Ventajas:<\/strong><\/p>\n<ol>\n<li><strong>Dise\u00f1o c\u00f3modo:<\/strong> El uso de PVC de primera calidad garantiza que el chubasquero tenga un tacto suave sobre la piel al tiempo que proporciona la m\u00e1xima protecci\u00f3n.<\/li>\n<li><strong>Alta durabilidad:<\/strong> Este impermeable est\u00e1 dise\u00f1ado para un uso repetido, lo que garantiza una larga vida \u00fatil y ofrece una excelente relaci\u00f3n calidad-precio.<\/li>\n<li><strong>Aspecto elegante:<\/strong> Combinando funcionalidad y dise\u00f1o, este chubasquero presenta un aspecto moderno adecuado para diversas ocasiones.<\/li>\n<li><strong>F\u00e1cil mantenimiento:<\/strong> Al ser reutilizable, es f\u00e1cil de limpiar y mantener, lo que garantiza que se mantenga en perfectas condiciones durante m\u00e1s tiempo.<\/li>\n<\/ol>\n<p><img decoding=\"async\" class=\"aligncenter wp-image-10370 size-full\" src=\"https:\/\/med-disposable.com\/wp-content\/uploads\/2021\/05\/PVC-RAINCOAT21.jpg\" alt=\"\" width=\"801\" height=\"800\" srcset=\"https:\/\/med-disposable.com\/wp-content\/uploads\/2021\/05\/PVC-RAINCOAT21.jpg 801w, https:\/\/med-disposable.com\/wp-content\/uploads\/2021\/05\/PVC-RAINCOAT21-300x300.jpg 300w, https:\/\/med-disposable.com\/wp-content\/uploads\/2021\/05\/PVC-RAINCOAT21-150x150.jpg 150w, https:\/\/med-disposable.com\/wp-content\/uploads\/2021\/05\/PVC-RAINCOAT21-768x767.jpg 768w, https:\/\/med-disposable.com\/wp-content\/uploads\/2021\/05\/PVC-RAINCOAT21-600x599.jpg 600w, https:\/\/med-disposable.com\/wp-content\/uploads\/2021\/05\/PVC-RAINCOAT21-100x100.jpg 100w\" sizes=\"(max-width: 801px) 100vw, 801px\" \/><\/p>\n<p><strong>Aplicaciones:<\/strong><\/p>\n<p>El chubasquero de PVC reutilizable es vers\u00e1til, por lo que resulta ideal para:<\/p>\n<ul>\n<li>Actos y conciertos al aire libre<\/li>\n<li>Acampadas y expediciones al aire libre<\/li>\n<li>Desplazamientos diarios y uso urbano<\/li>\n<li>Trabajo de campo y actividades profesionales al aire libre<\/li>\n<li>Kits de emergencia<\/li>\n<\/ul>\n<p><img loading=\"lazy\" decoding=\"async\" class=\"aligncenter wp-image-10371 size-full\" src=\"https:\/\/med-disposable.com\/wp-content\/uploads\/2021\/05\/PVC-RAINCOAT2.jpg\" alt=\"\" width=\"801\" height=\"800\" srcset=\"https:\/\/med-disposable.com\/wp-content\/uploads\/2021\/05\/PVC-RAINCOAT2.jpg 801w, https:\/\/med-disposable.com\/wp-content\/uploads\/2021\/05\/PVC-RAINCOAT2-300x300.jpg 300w, https:\/\/med-disposable.com\/wp-content\/uploads\/2021\/05\/PVC-RAINCOAT2-150x150.jpg 150w, https:\/\/med-disposable.com\/wp-content\/uploads\/2021\/05\/PVC-RAINCOAT2-768x767.jpg 768w, https:\/\/med-disposable.com\/wp-content\/uploads\/2021\/05\/PVC-RAINCOAT2-600x599.jpg 600w, https:\/\/med-disposable.com\/wp-content\/uploads\/2021\/05\/PVC-RAINCOAT2-100x100.jpg 100w\" sizes=\"(max-width: 801px) 100vw, 801px\" \/><\/p>\n<p><strong>Preguntas frecuentes:<\/strong><\/p>\n<ol>\n<li><strong>\u00bfQu\u00e9 estrategias de precios al por mayor ofrecen para el impermeable de PVC reutilizable?<\/strong><br \/>\nReconociendo las necesidades de nuestros compradores al por mayor, ofrecemos opciones de precios escalonados, con notables descuentos a medida que aumenta la cantidad del pedido. Mantenemos nuestro compromiso de ofrecer precios competitivos sin comprometer la calidad.<\/li>\n<li><strong>\u00bfC\u00f3mo se embala el env\u00edo a granel del impermeable de PVC reutilizable?<\/strong><br \/>\nPara los pedidos al por mayor, cada impermeable se embala individualmente para garantizar su integridad. A continuaci\u00f3n, se embalan de forma segura en cajas de cart\u00f3n dise\u00f1adas espec\u00edficamente para soportar los rigores del transporte internacional.<\/li>\n<li><strong>\u00bfSe pueden personalizar los pedidos a gran escala?<\/strong><br \/>\nPor supuesto. Para pedidos grandes, ofrecemos diversas opciones de personalizaci\u00f3n, desde la creaci\u00f3n de la marca hasta retoques en el dise\u00f1o. Nuestro objetivo es satisfacer requisitos exclusivos y garantizar que nuestros productos se ajusten a la imagen de su marca.<\/li>\n<li><strong>\u00bfOfrecen alternativas o envases respetuosos con el medio ambiente para pedidos al por mayor?<\/strong><br \/>\nAunque nuestro chubasquero de PVC reutilizable est\u00e1ndar ya reduce los residuos medioambientales gracias a su naturaleza reutilizable, tambi\u00e9n exploramos continuamente opciones de envasado sostenibles y alternativas de productos para reducir a\u00fan m\u00e1s nuestro impacto medioambiental.<\/li>\n<\/ol>","protected":false},"excerpt":{"rendered":"<p>Estilo: capucha adjunta con cierre de cord\u00f3n, tormenta frontal con cremalleras de pl\u00e1stico, mangas ragl\u00e1n,<\/p>\n<p>abertura de los pu\u00f1os ajustable con o sin broches de presi\u00f3n, bolsillos de parche con o sin solapa, abertura de las perneras ajustable con o sin broches de presi\u00f3n<\/p>","protected":false},"featured_media":1648,"template":"","meta":{"_seopress_robots_primary_cat":"none","_seopress_titles_title":"OEM\/ODM AvailableHigh Quality Reusable PVC Jackets: Tear Resistant, Waterproof, Personalizable!","_seopress_titles_desc":"Reusable PVC rain coat - Adjustable cuff opening with or without snap, patch pockets with or without flap, adjustable leg opening with or without snaps.","_seopress_robots_index":""},"product_brand":[],"product_cat":[50],"product_tag":[75,109],"class_list":{"0":"post-1644","1":"product","2":"type-product","3":"status-publish","4":"has-post-thumbnail","6":"product_cat-rain-coat","7":"product_tag-plastic","8":"product_tag-rain-coat","10":"first","11":"instock","12":"shipping-taxable","13":"product-type-simple"},"_links":{"self":[{"href":"https:\/\/med-disposable.com\/es\/wp-json\/wp\/v2\/product\/1644","targetHints":{"allow":["GET"]}}],"collection":[{"href":"https:\/\/med-disposable.com\/es\/wp-json\/wp\/v2\/product"}],"about":[{"href":"https:\/\/med-disposable.com\/es\/wp-json\/wp\/v2\/types\/product"}],"version-history":[{"count":0,"href":"https:\/\/med-disposable.com\/es\/wp-json\/wp\/v2\/product\/1644\/revisions"}],"wp:featuredmedia":[{"embeddable":true,"href":"https:\/\/med-disposable.com\/es\/wp-json\/wp\/v2\/media\/1648"}],"wp:attachment":[{"href":"https:\/\/med-disposable.com\/es\/wp-json\/wp\/v2\/media?parent=1644"}],"wp:term":[{"taxonomy":"product_brand","embeddable":true,"href":"https:\/\/med-disposable.com\/es\/wp-json\/wp\/v2\/product_brand?post=1644"},{"taxonomy":"product_cat","embeddable":true,"href":"https:\/\/med-disposable.com\/es\/wp-json\/wp\/v2\/product_cat?post=1644"},{"taxonomy":"product_tag","embeddable":true,"href":"https:\/\/med-disposable.com\/es\/wp-json\/wp\/v2\/product_tag?post=1644"}],"curies":[{"name":"wp","href":"https:\/\/api.w.org\/{rel}","templated":true}]}}