{"id":1669,"date":"2021-05-13T18:17:36","date_gmt":"2021-05-13T10:17:36","guid":{"rendered":"https:\/\/med-disposable.com\/?post_type=product&#038;p=1669"},"modified":"2023-07-10T18:14:06","modified_gmt":"2023-07-10T10:14:06","slug":"bata-de-aislamiento-cpe-desechable-norma-aami-nivel-1","status":"publish","type":"product","link":"https:\/\/med-disposable.com\/es\/product\/disposable-cpe-isolation-gown-aami-level-1-standard\/","title":{"rendered":"Bata desechable de aislamiento CPE Norma AAMI de nivel 1"},"content":{"rendered":"<h2>Especificaci\u00f3n b\u00e1sica:<\/h2>\n<table width=\"642\">\n<tbody>\n<tr>\n<td width=\"129\">Material:<\/td>\n<td width=\"513\">100% Polietileno clorado (CPE)<\/td>\n<\/tr>\n<tr>\n<td>Peso del material:<\/td>\n<td>35 g\/unidad<\/td>\n<\/tr>\n<tr>\n<td>Est\u00e1ndar:<\/td>\n<td>nivel 1<\/td>\n<\/tr>\n<tr>\n<td>Tama\u00f1o:<\/td>\n<td>190*115 cm, 120*195 cm, 125*200 cm, o seg\u00fan las necesidades<\/td>\n<\/tr>\n<tr>\n<td>Color:<\/td>\n<td>Azul, amarillo o personalizado<\/td>\n<\/tr>\n<tr>\n<td>Embalaje:<\/td>\n<td>1ud\/bolsa, 10ud\/bolsa mediana, 100ud\/cart\u00f3n o personalizado<\/td>\n<\/tr>\n<tr>\n<td>Informe de la prueba:<\/td>\n<td>informe de nivel 1<\/td>\n<\/tr>\n<\/tbody>\n<\/table>\n<figure class=\"wp-block-embed wp-block-embed-youtube is-type-video is-provider-youtube epyt-figure\"><div class=\"wp-block-embed__wrapper\"><div  id=\"_ytid_19603\"  width=\"800\" height=\"450\"  data-origwidth=\"800\" data-origheight=\"450\" data-facadesrc=\"https:\/\/www.youtube.com\/embed\/obf3hf0MCUU?enablejsapi=1&autoplay=0&cc_load_policy=0&cc_lang_pref=&iv_load_policy=1&loop=0&rel=1&fs=1&playsinline=0&autohide=2&theme=dark&color=red&controls=1&disablekb=0&\" class=\"__youtube_prefs__ epyt-facade no-lazyload\" data-epautoplay=\"1\" ><img decoding=\"async\" data-spai-excluded=\"true\" class=\"epyt-facade-poster skip-lazy\" loading=\"lazy\"  alt=\"YouTube player\"  src=\"https:\/\/i.ytimg.com\/vi\/obf3hf0MCUU\/maxresdefault.jpg\"  \/><button class=\"epyt-facade-play\" aria-label=\"Jugar\"><svg data-no-lazy=\"1\" height=\"100%\" version=\"1.1\" viewbox=\"0 0 68 48\" width=\"100%\"><path class=\"ytp-large-play-button-bg\" d=\"M66.52,7.74c-0.78-2.93-2.49-5.41-5.42-6.19C55.79,.13,34,0,34,0S12.21,.13,6.9,1.55 C3.97,2.33,2.27,4.81,1.48,7.74C0.06,13.05,0,24,0,24s0.06,10.95,1.48,16.26c0.78,2.93,2.49,5.41,5.42,6.19 C12.21,47.87,34,48,34,48s21.79-0.13,27.1-1.55c2.93-0.78,4.64-3.26,5.42-6.19C67.94,34.95,68,24,68,24S67.94,13.05,66.52,7.74z\" fill=\"#f00\"><\/path><path d=\"M 45,24 27,14 27,34\" fill=\"#fff\"><\/path><\/svg><\/button><\/div><\/div><\/figure>\n<p>&nbsp;<\/p>\n<p><strong>Norma AAMI de nivel 1:<\/strong>\u00a0Nuestra bata de aislamiento CPE desechable cumple la norma AAMI de nivel 1, proporcionando una resistencia m\u00ednima a los fluidos y garantizando un entorno seguro y limpio en diversos entornos.<\/p>\n<p><img fetchpriority=\"high\" decoding=\"async\" class=\"aligncenter wp-image-7104 size-large\" src=\"https:\/\/med-disposable.com\/wp-content\/uploads\/2023\/05\/Level-2-3-CPE-isolation-gown-3-724x1024.png\" alt=\"\" width=\"724\" height=\"1024\" srcset=\"https:\/\/med-disposable.com\/wp-content\/uploads\/2023\/05\/Level-2-3-CPE-isolation-gown-3-724x1024.png 724w, https:\/\/med-disposable.com\/wp-content\/uploads\/2023\/05\/Level-2-3-CPE-isolation-gown-3-212x300.png 212w, https:\/\/med-disposable.com\/wp-content\/uploads\/2023\/05\/Level-2-3-CPE-isolation-gown-3-768x1086.png 768w, https:\/\/med-disposable.com\/wp-content\/uploads\/2023\/05\/Level-2-3-CPE-isolation-gown-3-1086x1536.png 1086w, https:\/\/med-disposable.com\/wp-content\/uploads\/2023\/05\/Level-2-3-CPE-isolation-gown-3-600x849.png 600w, https:\/\/med-disposable.com\/wp-content\/uploads\/2023\/05\/Level-2-3-CPE-isolation-gown-3.png 1414w\" sizes=\"(max-width: 724px) 100vw, 724px\" \/><\/p>\n<h2>Detallar los estilos y caracter\u00edsticas de la bata CPE de Nivel 1:<\/h2>\n<p><strong>Material CPE de alta calidad:<\/strong>\u00a0Fabricada con material de polietileno clorado (CPE) duradero y ligero, nuestra bata ofrece una mayor comodidad y protecci\u00f3n frente a fluidos, polvo, suciedad y contaminantes.<\/p>\n<p><strong>Pu\u00f1os con orificio para el pulgar para un ajuste seguro:<\/strong>\u00a0La bata incorpora pu\u00f1os con orificios para los pulgares, que garantizan un ajuste seguro alrededor de las mu\u00f1ecas y evitan que las mangas se enrollen durante el uso.<\/p>\n<p><strong>Dise\u00f1o de espalda abierta para mayor comodidad:<\/strong>\u00a0El dise\u00f1o de espalda abierta de nuestra bata de aislamiento CPE proporciona una mayor comodidad y transpirabilidad, lo que la hace adecuada para un uso prolongado en diversos entornos.<\/p>\n<p><strong>Lazos en la cintura para un ajuste seguro:<\/strong>\u00a0La bata lleva lazos en la cintura, que garantizan un ajuste seguro y c\u00f3modo para distintos tama\u00f1os y tipos de cuerpo.<\/p>\n<p><strong>Desechable e higi\u00e9nico:<\/strong>\u00a0Dise\u00f1ada para un solo uso, nuestra bata desechable de aislamiento CPE garantiza una higiene \u00f3ptima y reduce el riesgo de contaminaci\u00f3n cruzada en diversos entornos.<\/p>\n<p><img decoding=\"async\" class=\"aligncenter wp-image-5433 size-full\" src=\"https:\/\/med-disposable.com\/wp-content\/uploads\/2023\/04\/CPE-gown-blue.jpg\" alt=\"\" width=\"800\" height=\"800\" srcset=\"https:\/\/med-disposable.com\/wp-content\/uploads\/2023\/04\/CPE-gown-blue.jpg 800w, https:\/\/med-disposable.com\/wp-content\/uploads\/2023\/04\/CPE-gown-blue-300x300.jpg 300w, https:\/\/med-disposable.com\/wp-content\/uploads\/2023\/04\/CPE-gown-blue-150x150.jpg 150w, https:\/\/med-disposable.com\/wp-content\/uploads\/2023\/04\/CPE-gown-blue-768x768.jpg 768w, https:\/\/med-disposable.com\/wp-content\/uploads\/2023\/04\/CPE-gown-blue-600x600.jpg 600w, https:\/\/med-disposable.com\/wp-content\/uploads\/2023\/04\/CPE-gown-blue-100x100.jpg 100w\" sizes=\"(max-width: 800px) 100vw, 800px\" \/><\/p>\n<h2>Preguntas frecuentes<\/h2>\n<h4>P: \u00bfQu\u00e9 diferencia hay entre el material CPE y el SMS?<\/h4>\n<p>R: El CPE (polietileno clorado) es un material pl\u00e1stico ligero, impermeable y duradero, mientras que el SMS (spunbond-meltblown-spunbond) es un tejido sin tejer fabricado con fibras de polipropileno. Las batas de CPE son m\u00e1s resistentes a los fluidos, mientras que las de SMS son m\u00e1s transpirables y c\u00f3modas.<\/p>\n<h4>P: \u00bfLa bata de aislamiento desechable CPE no contiene l\u00e1tex?<\/h4>\n<p>R: S\u00ed, nuestra bata de aislamiento desechable para CPE est\u00e1 fabricada con material de polietileno clorado sin l\u00e1tex, por lo que es apta para personas al\u00e9rgicas al l\u00e1tex.<\/p>\n<h4>P: \u00bfLa bata cubre todo el cuerpo?<\/h4>\n<p>R: La bata de aislamiento desechable CPE cubre la parte frontal y los laterales del cuerpo, con un dise\u00f1o de espalda abierta para una mayor comodidad y transpirabilidad. Est\u00e1 dise\u00f1ada para proteger al usuario de una exposici\u00f3n m\u00ednima a fluidos y no est\u00e1 pensada para su uso en entornos con altos niveles de exposici\u00f3n a fluidos.<\/p>\n<h4>P: \u00bfC\u00f3mo desecho correctamente la bata despu\u00e9s de usarla?<\/h4>\n<p>R: Despu\u00e9s de usar la bata desechable de aislamiento para PPE, qu\u00edtesela con cuidado enroll\u00e1ndola lejos de su cuerpo y evite tocar el exterior de la bata. Deseche la bata en un contenedor de basura designado de acuerdo con las directrices de eliminaci\u00f3n de su centro.<\/p>\n<h4>P: \u00bfPuedo pedir la bata en otros colores?<\/h4>\n<p>R: P\u00f3ngase en contacto con nuestro equipo de atenci\u00f3n al cliente para informarse sobre las opciones de color disponibles para la bata de aislamiento desechable para CPE.<\/p>","protected":false},"excerpt":{"rendered":"<p>Presentamos nuestra bata de aislamiento desechable CPE, dise\u00f1ada para proporcionar una protecci\u00f3n y comodidad \u00f3ptimas en diversos entornos que requieren una resistencia m\u00ednima a los fluidos. Esta bata est\u00e1 fabricada con material de polietileno clorado (CPE) de alta calidad y cumple la norma AAMI de nivel 1. Presenta orificios para los pulgares en los pu\u00f1os, un dise\u00f1o de espalda abierta y lazos en la cintura para un ajuste seguro y c\u00f3modo. Ideal para su uso en instalaciones m\u00e9dicas, laboratorios y otros entornos, nuestra bata de aislamiento desechable de CPE ofrece seguridad, comodidad y conveniencia.<\/p>","protected":false},"featured_media":4197,"template":"","meta":{"_seopress_robots_primary_cat":"none","_seopress_titles_title":"Isolation Gown - Disposable CPE isolation gown AAMI level 1 standard","_seopress_titles_desc":"Disposable CPE isolation gown AAMI level 1 standard - Style: long sleeves, with thumb hole, open back, back collar with broken point. Check out now.","_seopress_robots_index":""},"product_brand":[],"product_cat":[43],"product_tag":[97,78],"class_list":{"0":"post-1669","1":"product","2":"type-product","3":"status-publish","4":"has-post-thumbnail","6":"product_cat-gowns","7":"product_tag-aami","8":"product_tag-gown","10":"first","11":"instock","12":"shipping-taxable","13":"product-type-simple"},"_links":{"self":[{"href":"https:\/\/med-disposable.com\/es\/wp-json\/wp\/v2\/product\/1669","targetHints":{"allow":["GET"]}}],"collection":[{"href":"https:\/\/med-disposable.com\/es\/wp-json\/wp\/v2\/product"}],"about":[{"href":"https:\/\/med-disposable.com\/es\/wp-json\/wp\/v2\/types\/product"}],"version-history":[{"count":0,"href":"https:\/\/med-disposable.com\/es\/wp-json\/wp\/v2\/product\/1669\/revisions"}],"wp:featuredmedia":[{"embeddable":true,"href":"https:\/\/med-disposable.com\/es\/wp-json\/wp\/v2\/media\/4197"}],"wp:attachment":[{"href":"https:\/\/med-disposable.com\/es\/wp-json\/wp\/v2\/media?parent=1669"}],"wp:term":[{"taxonomy":"product_brand","embeddable":true,"href":"https:\/\/med-disposable.com\/es\/wp-json\/wp\/v2\/product_brand?post=1669"},{"taxonomy":"product_cat","embeddable":true,"href":"https:\/\/med-disposable.com\/es\/wp-json\/wp\/v2\/product_cat?post=1669"},{"taxonomy":"product_tag","embeddable":true,"href":"https:\/\/med-disposable.com\/es\/wp-json\/wp\/v2\/product_tag?post=1669"}],"curies":[{"name":"wp","href":"https:\/\/api.w.org\/{rel}","templated":true}]}}