{"id":1735,"date":"2021-05-14T17:15:34","date_gmt":"2021-05-14T09:15:34","guid":{"rendered":"https:\/\/med-disposable.com\/?post_type=product&#038;p=1735"},"modified":"2023-09-20T15:46:14","modified_gmt":"2023-09-20T07:46:14","slug":"bata-de-aislamiento-desechable-pp-pe-certificado-ce","status":"publish","type":"product","link":"https:\/\/med-disposable.com\/es\/product\/disposable-pp-pe-isolation-gown-ce-certified\/","title":{"rendered":"Bata de aislamiento desechable PP+PE Certificado CE"},"content":{"rendered":"<p>P\u00f3ngase a la vanguardia de la seguridad y la higiene con nuestra bata de aislamiento desechable PP\/PE con certificaci\u00f3n CE. H\u00e1bilmente confeccionada con tejido sin tejer de polipropileno recubierto con una pel\u00edcula de polietileno, esta bata ofrece un escudo formidable contra los contaminantes al tiempo que mantiene la comodidad y flexibilidad del usuario.<\/p>\n<figure class=\"wp-block-embed wp-block-embed-youtube is-type-video is-provider-youtube epyt-figure\"><div class=\"wp-block-embed__wrapper\"><div  id=\"_ytid_90754\"  width=\"800\" height=\"450\"  data-origwidth=\"800\" data-origheight=\"450\" data-facadesrc=\"https:\/\/www.youtube.com\/embed\/QU4om0Fdk7Q?enablejsapi=1&autoplay=0&cc_load_policy=0&cc_lang_pref=&iv_load_policy=1&loop=0&rel=1&fs=1&playsinline=0&autohide=2&theme=dark&color=red&controls=1&disablekb=0&\" class=\"__youtube_prefs__ epyt-facade no-lazyload\" data-epautoplay=\"1\" ><img decoding=\"async\" data-spai-excluded=\"true\" class=\"epyt-facade-poster skip-lazy\" loading=\"lazy\"  alt=\"YouTube player\"  src=\"https:\/\/i.ytimg.com\/vi\/QU4om0Fdk7Q\/maxresdefault.jpg\"  \/><button class=\"epyt-facade-play\" aria-label=\"Jugar\"><svg data-no-lazy=\"1\" height=\"100%\" version=\"1.1\" viewbox=\"0 0 68 48\" width=\"100%\"><path class=\"ytp-large-play-button-bg\" d=\"M66.52,7.74c-0.78-2.93-2.49-5.41-5.42-6.19C55.79,.13,34,0,34,0S12.21,.13,6.9,1.55 C3.97,2.33,2.27,4.81,1.48,7.74C0.06,13.05,0,24,0,24s0.06,10.95,1.48,16.26c0.78,2.93,2.49,5.41,5.42,6.19 C12.21,47.87,34,48,34,48s21.79-0.13,27.1-1.55c2.93-0.78,4.64-3.26,5.42-6.19C67.94,34.95,68,24,68,24S67.94,13.05,66.52,7.74z\" fill=\"#f00\"><\/path><path d=\"M 45,24 27,14 27,34\" fill=\"#fff\"><\/path><\/svg><\/button><\/div><\/div><\/figure>\n<p><strong>Caracter\u00edsticas:<\/strong><\/p>\n<ol>\n<li><strong>Material de alta calidad:<\/strong> Fabricada con un robusto tejido no tejido de PP recubierto con una pel\u00edcula de PE, que garantiza una mayor protecci\u00f3n contra l\u00edquidos y part\u00edculas contaminantes.<\/li>\n<li><strong>Cierre personalizable:<\/strong> Tanto si prefiere lazada como velcro en el cuello, nuestra bata ofrece ambas opciones para un ajuste a medida.<\/li>\n<li><strong>Cierre de cintura seguro:<\/strong> Se anuda en la cintura para un ajuste ce\u00f1ido, garantizando una exposici\u00f3n m\u00ednima.<\/li>\n<li><strong>Variedades de manguitos:<\/strong> Disponibles con pu\u00f1os el\u00e1sticos o de punto, para adaptarse a las distintas preferencias de los usuarios en cuanto a facilidad y comodidad.<\/li>\n<\/ol>\n<p><img fetchpriority=\"high\" decoding=\"async\" class=\"aligncenter wp-image-10195 size-full\" src=\"https:\/\/med-disposable.com\/wp-content\/uploads\/2021\/04\/pppe-isolation-gown-blue-7.jpg\" alt=\"\" width=\"770\" height=\"770\" srcset=\"https:\/\/med-disposable.com\/wp-content\/uploads\/2021\/04\/pppe-isolation-gown-blue-7.jpg 770w, https:\/\/med-disposable.com\/wp-content\/uploads\/2021\/04\/pppe-isolation-gown-blue-7-300x300.jpg 300w, https:\/\/med-disposable.com\/wp-content\/uploads\/2021\/04\/pppe-isolation-gown-blue-7-150x150.jpg 150w, https:\/\/med-disposable.com\/wp-content\/uploads\/2021\/04\/pppe-isolation-gown-blue-7-768x768.jpg 768w, https:\/\/med-disposable.com\/wp-content\/uploads\/2021\/04\/pppe-isolation-gown-blue-7-600x600.jpg 600w, https:\/\/med-disposable.com\/wp-content\/uploads\/2021\/04\/pppe-isolation-gown-blue-7-100x100.jpg 100w\" sizes=\"(max-width: 770px) 100vw, 770px\" \/><\/p>\n<p><strong>Ventajas:<\/strong><\/p>\n<ol>\n<li><strong>Protecci\u00f3n superior:<\/strong> La combinaci\u00f3n de tela no tejida de PP y pel\u00edcula de PE act\u00faa como una doble barrera contra los contaminantes.<\/li>\n<li><strong>Dise\u00f1o vers\u00e1til:<\/strong> Las m\u00faltiples opciones de cierres y pu\u00f1os permiten elegir la bata en funci\u00f3n de las necesidades espec\u00edficas.<\/li>\n<li><strong>Confort para el usuario:<\/strong> Aunque la bata est\u00e1 dise\u00f1ada para proteger, no renuncia a la comodidad, por lo que es adecuada para un uso prolongado.<\/li>\n<li><strong>Certificaci\u00f3n CE:<\/strong> La certificaci\u00f3n CE garantiza a los usuarios la calidad del producto y el cumplimiento de las normas de seguridad.<\/li>\n<\/ol>\n<p><img decoding=\"async\" class=\"aligncenter wp-image-10192 size-large\" src=\"https:\/\/med-disposable.com\/wp-content\/uploads\/2021\/04\/pppe-isolation-gown-blue-4-1024x1024.jpg\" alt=\"\" width=\"800\" height=\"800\" srcset=\"https:\/\/med-disposable.com\/wp-content\/uploads\/2021\/04\/pppe-isolation-gown-blue-4-1024x1024.jpg 1024w, https:\/\/med-disposable.com\/wp-content\/uploads\/2021\/04\/pppe-isolation-gown-blue-4-300x300.jpg 300w, https:\/\/med-disposable.com\/wp-content\/uploads\/2021\/04\/pppe-isolation-gown-blue-4-150x150.jpg 150w, https:\/\/med-disposable.com\/wp-content\/uploads\/2021\/04\/pppe-isolation-gown-blue-4-768x768.jpg 768w, https:\/\/med-disposable.com\/wp-content\/uploads\/2021\/04\/pppe-isolation-gown-blue-4-1536x1536.jpg 1536w, https:\/\/med-disposable.com\/wp-content\/uploads\/2021\/04\/pppe-isolation-gown-blue-4-scaled.jpg 2048w, https:\/\/med-disposable.com\/wp-content\/uploads\/2021\/04\/pppe-isolation-gown-blue-4-600x600.jpg 600w, https:\/\/med-disposable.com\/wp-content\/uploads\/2021\/04\/pppe-isolation-gown-blue-4-100x100.jpg 100w\" sizes=\"(max-width: 800px) 100vw, 800px\" \/><\/p>\n<p><strong>Aplicaciones:<\/strong> Esta bata de aislamiento est\u00e1 optimizada para su uso en:<\/p>\n<ul>\n<li>Hospitales y centros m\u00e9dicos<\/li>\n<li>Laboratorios cl\u00ednicos<\/li>\n<li>Instituciones de investigaci\u00f3n<\/li>\n<li>Unidades de procesamiento de alimentos<\/li>\n<li>Plantas de fabricaci\u00f3n que requieren controles de higiene<\/li>\n<li>Otros entornos que requieren estrictos controles de contaminaci\u00f3n<\/li>\n<\/ul>\n<p><img decoding=\"async\" class=\"aligncenter wp-image-10250 size-full\" src=\"https:\/\/med-disposable.com\/wp-content\/uploads\/2021\/05\/protective-4.jpg\" alt=\"\" width=\"800\" height=\"525\" srcset=\"https:\/\/med-disposable.com\/wp-content\/uploads\/2021\/05\/protective-4.jpg 800w, https:\/\/med-disposable.com\/wp-content\/uploads\/2021\/05\/protective-4-300x197.jpg 300w, https:\/\/med-disposable.com\/wp-content\/uploads\/2021\/05\/protective-4-768x504.jpg 768w, https:\/\/med-disposable.com\/wp-content\/uploads\/2021\/05\/protective-4-600x394.jpg 600w\" sizes=\"(max-width: 800px) 100vw, 800px\" \/><\/p>\n<p><strong>Modo de empleo:<\/strong><\/p>\n<ol>\n<li>Empiece por asegurarse de que tiene las manos limpias.<\/li>\n<li>Sujeta la bata por los hombros y desliza los brazos por las mangas.<\/li>\n<li>Fije el collar con el m\u00e9todo que prefiera, ya sea at\u00e1ndolo o utilizando el velcro.<\/li>\n<li>Ate los tirantes de la cintura para asegurarse de que la bata se sienta c\u00f3moda y segura sobre su cuerpo.<\/li>\n<li>Ajuste los pu\u00f1os, eligiendo entre el\u00e1sticos o de punto en funci\u00f3n del dise\u00f1o de la bata.<\/li>\n<li>Despu\u00e9s de usarla, qu\u00edtese la bata sin tocar el exterior para evitar la contaminaci\u00f3n. Des\u00e9chela en un contenedor de residuos adecuado e higien\u00edcese las manos.<\/li>\n<\/ol>\n<p><strong>Especificaci\u00f3n:<\/strong><\/p>\n<table style=\"height: 442px\" width=\"611\">\n<tbody>\n<tr>\n<td>Material<\/td>\n<td>PP no tejido + film PE<\/td>\n<\/tr>\n<tr>\n<td>Peso<\/td>\n<td>25-55g<\/td>\n<\/tr>\n<tr>\n<td>Estilo<\/td>\n<td>lazo\/velcro en el cuello, lazo en la cintura, pu\u00f1o el\u00e1stico\/de punto<\/td>\n<\/tr>\n<tr>\n<td>Talla<\/td>\n<td>115x137cm,120x140cm,130x150cm o seg\u00fan su dise\u00f1o<\/td>\n<\/tr>\n<tr>\n<td>Color<\/td>\n<td>blanco, verde, azul, amarillo o como desee<\/td>\n<\/tr>\n<tr>\n<td>Embalaje<\/td>\n<td>no est\u00e9ril,10 uds\/bolsa,10 bolsas\/ctn.<\/td>\n<\/tr>\n<tr>\n<td>Dise\u00f1o del embalaje<\/td>\n<td>todas las bolsas interiores y la impresi\u00f3n de cart\u00f3n puede ser como su dise\u00f1o<\/td>\n<\/tr>\n<tr>\n<td>Certificado<\/td>\n<td>CE, FDA<\/td>\n<\/tr>\n<tr>\n<td>Capacidad<\/td>\n<td>1 mill\u00f3n de unidades al mes<\/td>\n<\/tr>\n<\/tbody>\n<\/table>","protected":false},"excerpt":{"rendered":"<p>Material: PP no tejido, pel\u00edcula de PE recubierta<\/p>\n<p>Estilo: lazo o velcro en el cuello, lazo en la cintura, pu\u00f1o el\u00e1stico o de punto, seg\u00fan se solicite<\/p>","protected":false},"featured_media":10177,"template":"","meta":{"_seopress_robots_primary_cat":"none","_seopress_titles_title":"High-Level Fluid Repellent PP+PE Isolation Gown: CE &amp; FDA Certified","_seopress_titles_desc":"Disposable PP+PE isolation gown - PP+PE isolation gown with a high level of fluid repellency, which can prevent the spread of body fluids and isolate dust, particle, bacteria invading.","_seopress_robots_index":""},"product_brand":[],"product_cat":[43],"product_tag":[78,113],"class_list":{"0":"post-1735","1":"product","2":"type-product","3":"status-publish","4":"has-post-thumbnail","6":"product_cat-gowns","7":"product_tag-gown","8":"product_tag-pppe","10":"first","11":"instock","12":"shipping-taxable","13":"product-type-simple"},"_links":{"self":[{"href":"https:\/\/med-disposable.com\/es\/wp-json\/wp\/v2\/product\/1735","targetHints":{"allow":["GET"]}}],"collection":[{"href":"https:\/\/med-disposable.com\/es\/wp-json\/wp\/v2\/product"}],"about":[{"href":"https:\/\/med-disposable.com\/es\/wp-json\/wp\/v2\/types\/product"}],"version-history":[{"count":0,"href":"https:\/\/med-disposable.com\/es\/wp-json\/wp\/v2\/product\/1735\/revisions"}],"wp:featuredmedia":[{"embeddable":true,"href":"https:\/\/med-disposable.com\/es\/wp-json\/wp\/v2\/media\/10177"}],"wp:attachment":[{"href":"https:\/\/med-disposable.com\/es\/wp-json\/wp\/v2\/media?parent=1735"}],"wp:term":[{"taxonomy":"product_brand","embeddable":true,"href":"https:\/\/med-disposable.com\/es\/wp-json\/wp\/v2\/product_brand?post=1735"},{"taxonomy":"product_cat","embeddable":true,"href":"https:\/\/med-disposable.com\/es\/wp-json\/wp\/v2\/product_cat?post=1735"},{"taxonomy":"product_tag","embeddable":true,"href":"https:\/\/med-disposable.com\/es\/wp-json\/wp\/v2\/product_tag?post=1735"}],"curies":[{"name":"wp","href":"https:\/\/api.w.org\/{rel}","templated":true}]}}