{"id":1764,"date":"2021-05-18T18:06:50","date_gmt":"2021-05-18T10:06:50","guid":{"rendered":"https:\/\/med-disposable.com\/?post_type=product&#038;p=1764"},"modified":"2023-06-06T15:58:08","modified_gmt":"2023-06-06T07:58:08","slug":"delantal-desechable-de-plastico-de-colores-cpe","status":"publish","type":"product","link":"https:\/\/med-disposable.com\/es\/product\/disposable-colorful-plastic-cpe-apron\/","title":{"rendered":"Delantal desechable de pl\u00e1stico de colores CPE"},"content":{"rendered":"<p><strong>Introducci\u00f3n:<\/strong><\/p>\n<p>Disfrute de una protecci\u00f3n superior con estilo en nuestros delantales desechables de pl\u00e1stico CPE de colores. Fabricados con polietileno clorado (CPE) duradero, estos delantales ofrecen una protecci\u00f3n excepcional contra los contaminantes, mientras que la variedad de colores permite una f\u00e1cil codificaci\u00f3n departamental o preferencia personal.<\/p>\n<p><img fetchpriority=\"high\" decoding=\"async\" class=\"aligncenter wp-image-5050 size-full\" src=\"https:\/\/med-disposable.com\/wp-content\/uploads\/2023\/03\/plastic-apron-1.jpg\" alt=\"\" width=\"700\" height=\"700\" srcset=\"https:\/\/med-disposable.com\/wp-content\/uploads\/2023\/03\/plastic-apron-1.jpg 700w, https:\/\/med-disposable.com\/wp-content\/uploads\/2023\/03\/plastic-apron-1-300x300.jpg 300w, https:\/\/med-disposable.com\/wp-content\/uploads\/2023\/03\/plastic-apron-1-150x150.jpg 150w, https:\/\/med-disposable.com\/wp-content\/uploads\/2023\/03\/plastic-apron-1-600x600.jpg 600w, https:\/\/med-disposable.com\/wp-content\/uploads\/2023\/03\/plastic-apron-1-100x100.jpg 100w\" sizes=\"(max-width: 700px) 100vw, 700px\" \/><\/p>\n<p><strong>Caracter\u00edsticas:<\/strong><\/p>\n<ol>\n<li><strong>Polietileno clorado Material<\/strong>: Nuestros delantales est\u00e1n fabricados con robusto material CPE, lo que garantiza una resistencia superior frente a diversos contaminantes.<\/li>\n<li><strong>Colores vibrantes<\/strong>: Disponible en varios colores para una mayor est\u00e9tica y una codificaci\u00f3n departamental m\u00e1s sencilla.<\/li>\n<li><strong>C\u00f3modo y ligero<\/strong>: A pesar de la resistencia del material, nuestros delantales CPE mantienen un dise\u00f1o ligero y c\u00f3modo, ideal para un uso prolongado.<\/li>\n<li><strong>Dise\u00f1o desechable<\/strong>: Para evitar la contaminaci\u00f3n cruzada y garantizar la m\u00e1xima higiene, nuestros delantales CPE son de un solo uso.<\/li>\n<li><strong>Ajuste universal<\/strong>: Estos delantales est\u00e1n dise\u00f1ados para proporcionar un ajuste c\u00f3modo y seguro para todos los usuarios.<\/li>\n<\/ol>\n<p>&nbsp;<\/p>\n<p><strong>Especificaci\u00f3n b\u00e1sica:<\/strong><\/p>\n<table width=\"437\">\n<tbody>\n<tr>\n<td width=\"98\">Talla<\/td>\n<td width=\"339\">70X120cm, 81\u00d7125,81x140cm,81x160cm,o personalizar<\/td>\n<\/tr>\n<tr>\n<td width=\"98\">Material<\/td>\n<td>CPE<\/td>\n<\/tr>\n<tr>\n<td width=\"98\">Gramo de peso<\/td>\n<td>0,02 mm, 0,025 mm, 0,03 mm o seg\u00fan se solicite<\/td>\n<\/tr>\n<tr>\n<td width=\"98\">Color<\/td>\n<td>transparente, blanco, azul, verde, rojo, amarillo... personalizable<\/td>\n<\/tr>\n<tr>\n<td width=\"98\">Embalaje<\/td>\n<td>10pcs\/bag, 1000pcs\/ctn, o como requisitos<\/td>\n<\/tr>\n<\/tbody>\n<\/table>\n<figure id=\"attachment_3767\" aria-describedby=\"caption-attachment-3767\" style=\"width: 800px\" class=\"wp-caption alignnone\"><img decoding=\"async\" class=\"wp-image-3767 size-full\" src=\"https:\/\/med-disposable.com\/wp-content\/uploads\/2022\/04\/colored-apron.webp\" alt=\"\" width=\"800\" height=\"800\" srcset=\"https:\/\/med-disposable.com\/wp-content\/uploads\/2022\/04\/colored-apron.webp 800w, https:\/\/med-disposable.com\/wp-content\/uploads\/2022\/04\/colored-apron-300x300.webp 300w, https:\/\/med-disposable.com\/wp-content\/uploads\/2022\/04\/colored-apron-150x150.webp 150w, https:\/\/med-disposable.com\/wp-content\/uploads\/2022\/04\/colored-apron-768x768.webp 768w, https:\/\/med-disposable.com\/wp-content\/uploads\/2022\/04\/colored-apron-600x600.webp 600w, https:\/\/med-disposable.com\/wp-content\/uploads\/2022\/04\/colored-apron-100x100.webp 100w\" sizes=\"(max-width: 800px) 100vw, 800px\" \/><figcaption id=\"caption-attachment-3767\" class=\"wp-caption-text\">Delantales de pl\u00e1stico de colores<\/figcaption><\/figure>\n<p><strong>Ventajas:<\/strong><\/p>\n<ul>\n<li><strong>Protecci\u00f3n superior<\/strong>: Nuestros delantales CPE ofrecen un alto nivel de protecci\u00f3n contra derrames de l\u00edquidos, grasas y otros contaminantes.<\/li>\n<li><strong>Codificaci\u00f3n por colores<\/strong>: La amplia variedad de colores disponibles permite una f\u00e1cil identificaci\u00f3n y codificaci\u00f3n departamental, mejorando la eficiencia organizativa.<\/li>\n<li><strong>C\u00f3modo de llevar<\/strong>: Ligeros y c\u00f3modos, estos delantales no impiden la movilidad, favoreciendo unas condiciones de trabajo eficientes.<\/li>\n<li><strong>Higiene y seguridad<\/strong>: El dise\u00f1o de un solo uso reduce el riesgo de contaminaci\u00f3n cruzada, garantizando la m\u00e1xima higiene y seguridad.<\/li>\n<\/ul>\n<p>&nbsp;<\/p>\n<p><strong>Usos:<\/strong><\/p>\n<p>Estos delantales desechables de pl\u00e1stico de colores CPE son perfectos para una gran variedad de entornos, como unidades de procesamiento de alimentos, instalaciones m\u00e9dicas, laboratorios, departamentos de limpieza y otros entornos en los que se requiere protecci\u00f3n contra contaminantes.<\/p>\n<p>&nbsp;<\/p>\n<p><strong>Diferencias entre los materiales CPE, HDPE y LDPE:<\/strong><\/p>\n<table>\n<thead>\n<tr>\n<th><\/th>\n<th><strong>CPE (polietileno clorado)<\/strong><\/th>\n<th><strong>HDPE (polietileno de alta densidad)<\/strong><\/th>\n<th><strong>LDPE (polietileno de baja densidad)<\/strong><\/th>\n<\/tr>\n<\/thead>\n<tbody>\n<tr>\n<td><strong>Fuerza<\/strong><\/td>\n<td>Alta<\/td>\n<td>Alta<\/td>\n<td>M\u00e1s bajo que el HDPE y el CPE<\/td>\n<\/tr>\n<tr>\n<td><strong>Flexibilidad<\/strong><\/td>\n<td>Alta<\/td>\n<td>Menos flexible<\/td>\n<td>M\u00e1s flexible<\/td>\n<\/tr>\n<tr>\n<td><strong>Resistencia al agrietamiento<\/strong><\/td>\n<td>Muy alta<\/td>\n<td>M\u00e1s resistentes<\/td>\n<td>Menos resistente<\/td>\n<\/tr>\n<tr>\n<td><strong>Transparencia<\/strong><\/td>\n<td>Opaco<\/td>\n<td>Transl\u00facido<\/td>\n<td>Transparente<\/td>\n<\/tr>\n<tr>\n<td><strong>Usos t\u00edpicos<\/strong><\/td>\n<td>Productos resistentes, como ropa de protecci\u00f3n<\/td>\n<td>Bienes duraderos como botellas<\/td>\n<td>Productos flexibles como bolsas de pl\u00e1stico<\/td>\n<\/tr>\n<\/tbody>\n<\/table>\n<hr \/>\n<p><img decoding=\"async\" class=\"aligncenter wp-image-6906 size-full\" src=\"https:\/\/med-disposable.com\/wp-content\/uploads\/2023\/05\/a02f4074-6040-48bc-961c-fc6a04a25f9b.png\" alt=\"\" width=\"800\" height=\"264\" srcset=\"https:\/\/med-disposable.com\/wp-content\/uploads\/2023\/05\/a02f4074-6040-48bc-961c-fc6a04a25f9b.png 800w, https:\/\/med-disposable.com\/wp-content\/uploads\/2023\/05\/a02f4074-6040-48bc-961c-fc6a04a25f9b-300x99.png 300w, https:\/\/med-disposable.com\/wp-content\/uploads\/2023\/05\/a02f4074-6040-48bc-961c-fc6a04a25f9b-768x253.png 768w, https:\/\/med-disposable.com\/wp-content\/uploads\/2023\/05\/a02f4074-6040-48bc-961c-fc6a04a25f9b-600x198.png 600w\" sizes=\"(max-width: 800px) 100vw, 800px\" \/><\/p>\n<p><strong>Preguntas frecuentes:<\/strong><\/p>\n<ol>\n<li><strong>\u00bfC\u00f3mo contribuye el uso de delantales desechables CPE a la higiene y la seguridad en los entornos de trabajo?<\/strong> Los delantales desechables CPE desempe\u00f1an un papel crucial en el mantenimiento de altos niveles de higiene y seguridad en diversos entornos de trabajo. Crean una barrera protectora entre el usuario y los posibles contaminantes. Al estar dise\u00f1ados para un solo uso, se reducen considerablemente las posibilidades de contaminaci\u00f3n cruzada. Tras su uso, el delantal puede desecharse de forma responsable, lo que garantiza a\u00fan m\u00e1s la limpieza y la seguridad del entorno de trabajo.<\/li>\n<li><strong>\u00bfC\u00f3mo puede beneficiar a nuestra organizaci\u00f3n la codificaci\u00f3n por colores de estos delantales?<\/strong> La gama de colores en que est\u00e1n disponibles nuestros delantales desechables de pl\u00e1stico de colores para CPE puede ser un valioso activo para su organizaci\u00f3n. La codificaci\u00f3n por colores permite identificar f\u00e1cilmente a los distintos equipos, especialmente en organizaciones grandes. Tambi\u00e9n ayuda a reconocerlos r\u00e1pidamente en caso de emergencia. Adem\u00e1s, puede utilizarse para indicar jerarqu\u00edas o segregar al personal en funci\u00f3n de tareas o departamentos espec\u00edficos, lo que aumenta la eficacia de la organizaci\u00f3n.<\/li>\n<li><strong>\u00bfCu\u00e1l es la talla de estos delantales CPE? \u00bfSe pueden personalizar?<\/strong> Nuestros delantales desechables de pl\u00e1stico de colores para CPE est\u00e1n dise\u00f1ados para adaptarse a una amplia gama de tallas, garantizando un ajuste c\u00f3modo y seguro para todos los usuarios. Para pedidos m\u00e1s grandes, ofrecemos opciones de personalizaci\u00f3n, incluyendo ajustes de tama\u00f1o, basados en las necesidades del cliente. Para m\u00e1s detalles y consultas, le recomendamos que se ponga en contacto con nuestro equipo de atenci\u00f3n al cliente, que podr\u00e1 facilitarle informaci\u00f3n precisa en funci\u00f3n de sus requisitos.<\/li>\n<li><strong>\u00bfCu\u00e1l es la cantidad m\u00ednima de pedido de estos delantales CPE?<\/strong> La cantidad m\u00ednima de pedido para nuestros Delantales de pl\u00e1stico desechables de colores para CPE puede variar seg\u00fan los requisitos espec\u00edficos y la log\u00edstica. Para obtener una respuesta detallada y personalizada, p\u00f3ngase en contacto con nuestro equipo de atenci\u00f3n al cliente, que podr\u00e1 ayudarle en funci\u00f3n de sus necesidades particulares.<\/li>\n<li><strong>\u00bfEn cu\u00e1nto tiempo puedo recibir un pedido al por mayor de estos delantales CPE?<\/strong> El plazo de entrega de un pedido al por mayor de nuestros Delantales desechables de pl\u00e1stico de colores CPE depende de varios factores, como el tama\u00f1o del pedido, la capacidad de producci\u00f3n existente y el destino del env\u00edo. Nuestro equipo se esfuerza por procesar todos los pedidos lo m\u00e1s r\u00e1pidamente posible sin comprometer la calidad de nuestros productos. Para una estimaci\u00f3n de entrega m\u00e1s precisa, le sugerimos que se ponga en contacto con nuestro equipo de atenci\u00f3n al cliente con los detalles de su pedido.<\/li>\n<\/ol>","protected":false},"excerpt":{"rendered":"<p>Material CPE en relieve, adecuado para hombres y mujeres;<\/p>\n<p>Todos los colores est\u00e1n disponibles.<\/p>","protected":false},"featured_media":1767,"template":"","meta":{"_seopress_robots_primary_cat":"none","_seopress_titles_title":"Feature-Rich CPE Sheeting: Waterproof, Oil-Proof, Odorless &amp; Tougher Than Ever!","_seopress_titles_desc":"Explore a range of disposable colorful plastic CPE apron at med-disposable.com. Embossed CPE material, suitable for men and women. All colors are available.","_seopress_robots_index":""},"product_brand":[],"product_cat":[45],"product_tag":[77,114],"class_list":{"0":"post-1764","1":"product","2":"type-product","3":"status-publish","4":"has-post-thumbnail","6":"product_cat-apron","7":"product_tag-apron","8":"product_tag-cpe","10":"first","11":"instock","12":"shipping-taxable","13":"product-type-simple"},"_links":{"self":[{"href":"https:\/\/med-disposable.com\/es\/wp-json\/wp\/v2\/product\/1764","targetHints":{"allow":["GET"]}}],"collection":[{"href":"https:\/\/med-disposable.com\/es\/wp-json\/wp\/v2\/product"}],"about":[{"href":"https:\/\/med-disposable.com\/es\/wp-json\/wp\/v2\/types\/product"}],"version-history":[{"count":0,"href":"https:\/\/med-disposable.com\/es\/wp-json\/wp\/v2\/product\/1764\/revisions"}],"wp:featuredmedia":[{"embeddable":true,"href":"https:\/\/med-disposable.com\/es\/wp-json\/wp\/v2\/media\/1767"}],"wp:attachment":[{"href":"https:\/\/med-disposable.com\/es\/wp-json\/wp\/v2\/media?parent=1764"}],"wp:term":[{"taxonomy":"product_brand","embeddable":true,"href":"https:\/\/med-disposable.com\/es\/wp-json\/wp\/v2\/product_brand?post=1764"},{"taxonomy":"product_cat","embeddable":true,"href":"https:\/\/med-disposable.com\/es\/wp-json\/wp\/v2\/product_cat?post=1764"},{"taxonomy":"product_tag","embeddable":true,"href":"https:\/\/med-disposable.com\/es\/wp-json\/wp\/v2\/product_tag?post=1764"}],"curies":[{"name":"wp","href":"https:\/\/api.w.org\/{rel}","templated":true}]}}