{"id":1789,"date":"2021-05-20T17:56:32","date_gmt":"2021-05-20T09:56:32","guid":{"rendered":"https:\/\/med-disposable.com\/?post_type=product&#038;p=1789"},"modified":"2023-06-29T11:16:04","modified_gmt":"2023-06-29T03:16:04","slug":"sabanas-impermeables-desechables-smspe","status":"publish","type":"product","link":"https:\/\/med-disposable.com\/es\/product\/disposable-waterproof-smspe-bed-linens\/","title":{"rendered":"S\u00e1banas impermeables desechables SMS+PE"},"content":{"rendered":"<p><strong>Introducci\u00f3n del producto:<\/strong><\/p>\n<p>Presentamos nuestra ropa de cama impermeable desechable SMS+PE: la mejor opci\u00f3n para hospitales y centros sanitarios que buscan la excelencia en comodidad, higiene y conveniencia para el paciente. Estas s\u00e1banas, fabricadas con una mezcla de primera calidad de materiales Spunbond Meltblown Spunbond (SMS) y polietileno (PE), ofrecen una protecci\u00f3n impermeable 100%, lo que las convierte en una opci\u00f3n de confianza en entornos sanitarios.<\/p>\n<p><img fetchpriority=\"high\" decoding=\"async\" class=\"aligncenter wp-image-8105 size-large\" src=\"https:\/\/med-disposable.com\/wp-content\/uploads\/2023\/06\/lp-bed-linens-2-793x1024.png\" alt=\"\" width=\"793\" height=\"1024\" srcset=\"https:\/\/med-disposable.com\/wp-content\/uploads\/2023\/06\/lp-bed-linens-2-793x1024.png 793w, https:\/\/med-disposable.com\/wp-content\/uploads\/2023\/06\/lp-bed-linens-2-232x300.png 232w, https:\/\/med-disposable.com\/wp-content\/uploads\/2023\/06\/lp-bed-linens-2-768x992.png 768w, https:\/\/med-disposable.com\/wp-content\/uploads\/2023\/06\/lp-bed-linens-2-1189x1536.png 1189w, https:\/\/med-disposable.com\/wp-content\/uploads\/2023\/06\/lp-bed-linens-2-1586x2048.png 1586w, https:\/\/med-disposable.com\/wp-content\/uploads\/2023\/06\/lp-bed-linens-2-600x775.png 600w, https:\/\/med-disposable.com\/wp-content\/uploads\/2023\/06\/lp-bed-linens-2.png 2048w\" sizes=\"(max-width: 793px) 100vw, 793px\" \/><\/p>\n<p><strong>Caracter\u00edsticas del producto:<\/strong><\/p>\n<p>Nuestra ropa de cama impermeable desechable SMS+PE presenta varias caracter\u00edsticas impresionantes:<\/p>\n<ul>\n<li><em>Material:<\/em> Creadas con una mezcla de materiales SMS y PE, estas s\u00e1banas ofrecen una protecci\u00f3n incomparable contra los l\u00edquidos sin comprometer la comodidad.<\/li>\n<li><em>Impermeable:<\/em> Estas s\u00e1banas son 100% impermeables, lo que garantiza que las camas permanezcan secas y limpias incluso en caso de derrames o fluidos corporales.<\/li>\n<li><em>Suave y agradable para la piel:<\/em> A pesar de su durabilidad, estas s\u00e1banas son incre\u00edblemente suaves, proporcionando una superficie c\u00f3moda y agradable para la piel de los pacientes.<\/li>\n<li><em>Variedad de colores:<\/em> Disponible en todos los colores, lo que le permite adaptar la manteler\u00eda a la combinaci\u00f3n de colores de su establecimiento o a la codificaci\u00f3n de los departamentos.<\/li>\n<\/ul>\n<p><img decoding=\"async\" class=\"aligncenter wp-image-8789 size-full\" src=\"https:\/\/med-disposable.com\/wp-content\/uploads\/2021\/05\/bed-cover.jpg\" alt=\"\" width=\"730\" height=\"730\" srcset=\"https:\/\/med-disposable.com\/wp-content\/uploads\/2021\/05\/bed-cover.jpg 730w, https:\/\/med-disposable.com\/wp-content\/uploads\/2021\/05\/bed-cover-300x300.jpg 300w, https:\/\/med-disposable.com\/wp-content\/uploads\/2021\/05\/bed-cover-150x150.jpg 150w, https:\/\/med-disposable.com\/wp-content\/uploads\/2021\/05\/bed-cover-600x600.jpg 600w, https:\/\/med-disposable.com\/wp-content\/uploads\/2021\/05\/bed-cover-100x100.jpg 100w\" sizes=\"(max-width: 730px) 100vw, 730px\" \/><\/p>\n<p><strong>Especificaci\u00f3n b\u00e1sica:<\/strong><\/p>\n<table width=\"448\">\n<tbody>\n<tr>\n<td width=\"118\">Talla<\/td>\n<td width=\"330\">90*200cm, 100*220cm,140*240cm , o seg\u00fan pedido<\/td>\n<\/tr>\n<tr>\n<td width=\"118\">Material<\/td>\n<td width=\"330\">SMS<\/td>\n<\/tr>\n<tr>\n<td width=\"118\">Peso<\/td>\n<td width=\"330\">35-55gsm<\/td>\n<\/tr>\n<tr>\n<td width=\"118\">Color<\/td>\n<td width=\"330\">Blanco, azul, azul oscuro, o seg\u00fan pedido<\/td>\n<\/tr>\n<tr>\n<td width=\"118\">Estilo<\/td>\n<td width=\"330\">con el\u00e1stico en los dos extremos; el\u00e1stico en las cuatro esquinas; el\u00e1stico en todo el contorno, como desee<\/td>\n<\/tr>\n<\/tbody>\n<\/table>\n<p><img decoding=\"async\" class=\"aligncenter\" src=\"https:\/\/med-disposable.com\/wp-content\/uploads\/2021\/05\/sms-material.png.webp\" alt=\"\" width=\"517\" height=\"295\" \/><\/p>\n<p><strong>Ventajas:<\/strong><\/p>\n<p>Optar por nuestra ropa de cama impermeable desechable SMS+PE ofrece numerosas ventajas:<\/p>\n<ul>\n<li><em>Higiene mejorada:<\/em> La impermeabilidad de estas s\u00e1banas impide que penetre cualquier l\u00edquido, manteniendo limpio el colch\u00f3n subyacente y reduciendo el riesgo de contaminaci\u00f3n.<\/li>\n<li><em>Confort del paciente:<\/em> Fabricadas con materiales suaves y respetuosos con la piel, estas s\u00e1banas proporcionan una superficie c\u00f3moda, mejorando la experiencia general del paciente.<\/li>\n<li><em>Facilidad de uso y mantenimiento:<\/em> Al ser desechables, estas s\u00e1banas eliminan la necesidad de lavarlas con regularidad, lo que ahorra tiempo y recursos a la vez que mantiene altos niveles de higiene.<\/li>\n<li><em>Est\u00e9ticamente agradable:<\/em> Disponibles en varios colores, pueden realzar el atractivo est\u00e9tico de su establecimiento.<\/li>\n<\/ul>\n<p>&nbsp;<\/p>\n<p><strong>Usos:<\/strong><\/p>\n<p>La ropa de cama desechable impermeable SMS+PE se utiliza ampliamente en entornos sanitarios, como hospitales, cl\u00ednicas y centros de asistencia. Son una herramienta eficaz para mantener los niveles de higiene y ofrecer comodidad a los pacientes durante su estancia en el hospital.<\/p>\n<p>&nbsp;<\/p>\n<p><strong>PREGUNTAS FRECUENTES:<\/strong><\/p>\n<p><strong>1. \u00bfC\u00f3mo contribuyen estas s\u00e1banas a mantener la higiene en los centros sanitarios?<\/strong><\/p>\n<p>En los entornos sanitarios, mantener los niveles de higiene es crucial para evitar la contaminaci\u00f3n cruzada y las infecciones hospitalarias. Nuestra ropa de cama impermeable desechable SMS+PE ofrece una soluci\u00f3n eficaz al proporcionar una superficie limpia y fresca para cada paciente. Son 100% impermeables, lo que evita que se filtre cualquier l\u00edquido y mantiene limpio el colch\u00f3n subyacente.<\/p>\n<p><strong>2. \u00bfSe puede personalizar la ropa de cama de acuerdo con requisitos espec\u00edficos?<\/strong><\/p>\n<p>Somos conscientes de las necesidades espec\u00edficas de cada centro sanitario. Aunque nuestro producto est\u00e1ndar est\u00e1 dise\u00f1ado para satisfacer una amplia gama de requisitos, estamos abiertos a estudiar posibles opciones de personalizaci\u00f3n. Estas podr\u00edan incluir diferentes tama\u00f1os, grosores u opciones de color espec\u00edficas para adaptarse a la est\u00e9tica de su centro o a la codificaci\u00f3n de su departamento.<\/p>\n<p><strong>3. \u00bfHay descuentos para pedidos al por mayor?<\/strong><\/p>\n<p>S\u00ed, ofrecemos descuentos especiales para pedidos de grandes cantidades. Estos descuentos var\u00edan en funci\u00f3n del tama\u00f1o del pedido. Nuestro equipo de ventas est\u00e1 siempre dispuesto a discutir estos detalles y proporcionar informaci\u00f3n m\u00e1s completa. P\u00f3ngase en contacto con nosotros para obtener m\u00e1s informaci\u00f3n.<\/p>\n<p><strong>4. \u00bfC\u00f3mo mejoran estas s\u00e1banas la comodidad del paciente?<\/strong><\/p>\n<p>La comodidad del paciente es la base del dise\u00f1o de nuestros productos. Nuestras s\u00e1banas impermeables desechables SMS+PE est\u00e1n fabricadas con materiales suaves y respetuosos con la piel, que proporcionan una superficie c\u00f3moda para el descanso de los pacientes. A pesar de su resistencia y durabilidad, estas s\u00e1banas son suaves con la piel, lo que puede mejorar enormemente la experiencia general del paciente durante su estancia en un centro sanitario.<\/p>","protected":false},"excerpt":{"rendered":"<p>Material no tejido SMS, pel\u00edcula de PE recubierta.<\/p>\n<p>Todos los estilos est\u00e1n disponibles, como su personalizado, tambi\u00e9n se puede personalizar el embalaje.<\/p>","protected":false},"featured_media":1791,"template":"","meta":{"_seopress_robots_primary_cat":"none","_seopress_titles_title":"Feature: 100% Waterproof Soft &amp; Skin Friendly for Healthcare, Hospitals. Size, Material, Color Options.","_seopress_titles_desc":"Disposable waterproof SMS+PE Bed Linens are widely used in hospital and healthcare center. 100% waterproof, soft, skin friendly. Available in all colors.","_seopress_robots_index":""},"product_brand":[],"product_cat":[49],"product_tag":[69,71],"class_list":{"0":"post-1789","1":"product","2":"type-product","3":"status-publish","4":"has-post-thumbnail","6":"product_cat-bed-linens","7":"product_tag-bed-sheet","8":"product_tag-sms","10":"first","11":"instock","12":"shipping-taxable","13":"product-type-simple"},"_links":{"self":[{"href":"https:\/\/med-disposable.com\/es\/wp-json\/wp\/v2\/product\/1789","targetHints":{"allow":["GET"]}}],"collection":[{"href":"https:\/\/med-disposable.com\/es\/wp-json\/wp\/v2\/product"}],"about":[{"href":"https:\/\/med-disposable.com\/es\/wp-json\/wp\/v2\/types\/product"}],"version-history":[{"count":0,"href":"https:\/\/med-disposable.com\/es\/wp-json\/wp\/v2\/product\/1789\/revisions"}],"wp:featuredmedia":[{"embeddable":true,"href":"https:\/\/med-disposable.com\/es\/wp-json\/wp\/v2\/media\/1791"}],"wp:attachment":[{"href":"https:\/\/med-disposable.com\/es\/wp-json\/wp\/v2\/media?parent=1789"}],"wp:term":[{"taxonomy":"product_brand","embeddable":true,"href":"https:\/\/med-disposable.com\/es\/wp-json\/wp\/v2\/product_brand?post=1789"},{"taxonomy":"product_cat","embeddable":true,"href":"https:\/\/med-disposable.com\/es\/wp-json\/wp\/v2\/product_cat?post=1789"},{"taxonomy":"product_tag","embeddable":true,"href":"https:\/\/med-disposable.com\/es\/wp-json\/wp\/v2\/product_tag?post=1789"}],"curies":[{"name":"wp","href":"https:\/\/api.w.org\/{rel}","templated":true}]}}