{"id":1798,"date":"2021-05-24T11:28:52","date_gmt":"2021-05-24T03:28:52","guid":{"rendered":"https:\/\/med-disposable.com\/?post_type=product&#038;p=1798"},"modified":"2023-07-03T11:46:06","modified_gmt":"2023-07-03T03:46:06","slug":"non-woven-colorful-waterproof-pppe-bed-covers","status":"publish","type":"product","link":"https:\/\/med-disposable.com\/es\/product\/non-woven-colorful-waterproof-pppe-bed-covers\/","title":{"rendered":"Fundas de cama impermeables PP+PE de colores no tejidos"},"content":{"rendered":"<h2>Especificaci\u00f3n b\u00e1sica:<\/h2>\n<table width=\"448\">\n<tbody>\n<tr>\n<td width=\"118\">Talla<\/td>\n<td width=\"330\">90*200cm, 100*220cm,140*240cm , o seg\u00fan pedido<\/td>\n<\/tr>\n<tr>\n<td width=\"118\">Material<\/td>\n<td width=\"330\">PP+PE<\/td>\n<\/tr>\n<tr>\n<td width=\"118\">Peso<\/td>\n<td width=\"330\">25-55gsm<\/td>\n<\/tr>\n<tr>\n<td width=\"118\">Color<\/td>\n<td width=\"330\">Blanco, azul, azul oscuro, o seg\u00fan pedido<\/td>\n<\/tr>\n<tr>\n<td width=\"118\">Estilo<\/td>\n<td width=\"330\">con el\u00e1stico en los dos extremos; el\u00e1stico en las cuatro esquinas; el\u00e1stico en todo el contorno, como desee<\/td>\n<\/tr>\n<\/tbody>\n<\/table>\n<figure class=\"wp-block-embed wp-block-embed-youtube is-type-video is-provider-youtube epyt-figure\"><div class=\"wp-block-embed__wrapper\"><div  id=\"_ytid_78787\"  width=\"800\" height=\"450\"  data-origwidth=\"800\" data-origheight=\"450\" data-facadesrc=\"https:\/\/www.youtube.com\/embed\/gd9c4BSVkRo?enablejsapi=1&autoplay=0&cc_load_policy=0&cc_lang_pref=&iv_load_policy=1&loop=0&rel=1&fs=1&playsinline=0&autohide=2&theme=dark&color=red&controls=1&disablekb=0&\" class=\"__youtube_prefs__ epyt-facade no-lazyload\" data-epautoplay=\"1\" ><img decoding=\"async\" data-spai-excluded=\"true\" class=\"epyt-facade-poster skip-lazy\" loading=\"lazy\"  alt=\"YouTube player\"  src=\"https:\/\/i.ytimg.com\/vi\/gd9c4BSVkRo\/maxresdefault.jpg\"  \/><button class=\"epyt-facade-play\" aria-label=\"Jugar\"><svg data-no-lazy=\"1\" height=\"100%\" version=\"1.1\" viewbox=\"0 0 68 48\" width=\"100%\"><path class=\"ytp-large-play-button-bg\" d=\"M66.52,7.74c-0.78-2.93-2.49-5.41-5.42-6.19C55.79,.13,34,0,34,0S12.21,.13,6.9,1.55 C3.97,2.33,2.27,4.81,1.48,7.74C0.06,13.05,0,24,0,24s0.06,10.95,1.48,16.26c0.78,2.93,2.49,5.41,5.42,6.19 C12.21,47.87,34,48,34,48s21.79-0.13,27.1-1.55c2.93-0.78,4.64-3.26,5.42-6.19C67.94,34.95,68,24,68,24S67.94,13.05,66.52,7.74z\" fill=\"#f00\"><\/path><path d=\"M 45,24 27,14 27,34\" fill=\"#fff\"><\/path><\/svg><\/button><\/div><\/div><\/figure>\n<h2><\/h2>\n<h2>Caracter\u00edsticas del producto<\/h2>\n<ul>\n<li><strong>Material superior:<\/strong>\u00a0Our bed covers are made from high-quality non-woven PP+PE fabric, ensuring durability and a soft, comfortable feel.<\/li>\n<\/ul>\n<p><img fetchpriority=\"high\" decoding=\"async\" class=\"aligncenter wp-image-8077 size-large\" src=\"https:\/\/med-disposable.com\/wp-content\/uploads\/2021\/05\/PP-PE-bed-sheet-5-1024x1024.jpg\" alt=\"\" width=\"800\" height=\"800\" srcset=\"https:\/\/med-disposable.com\/wp-content\/uploads\/2021\/05\/PP-PE-bed-sheet-5-1024x1024.jpg 1024w, https:\/\/med-disposable.com\/wp-content\/uploads\/2021\/05\/PP-PE-bed-sheet-5-300x300.jpg 300w, https:\/\/med-disposable.com\/wp-content\/uploads\/2021\/05\/PP-PE-bed-sheet-5-150x150.jpg 150w, https:\/\/med-disposable.com\/wp-content\/uploads\/2021\/05\/PP-PE-bed-sheet-5-768x768.jpg 768w, https:\/\/med-disposable.com\/wp-content\/uploads\/2021\/05\/PP-PE-bed-sheet-5-1536x1536.jpg 1536w, https:\/\/med-disposable.com\/wp-content\/uploads\/2021\/05\/PP-PE-bed-sheet-5-scaled.jpg 2048w, https:\/\/med-disposable.com\/wp-content\/uploads\/2021\/05\/PP-PE-bed-sheet-5-600x600.jpg 600w, https:\/\/med-disposable.com\/wp-content\/uploads\/2021\/05\/PP-PE-bed-sheet-5-100x100.jpg 100w\" sizes=\"(max-width: 800px) 100vw, 800px\" \/><\/p>\n<ul>\n<li><strong>Waterproof Protection:<\/strong>\u00a0The polyethylene layer provides a waterproof barrier, protecting your bed from spills, stains, and moisture.<\/li>\n<\/ul>\n<p><img decoding=\"async\" class=\"aligncenter wp-image-4274 size-full\" src=\"https:\/\/med-disposable.com\/wp-content\/uploads\/2022\/06\/Waterproof-display-of-non-woven-bed-sheets.jpg\" alt=\"Waterproof display of non-woven bed sheets\" width=\"700\" height=\"700\" srcset=\"https:\/\/med-disposable.com\/wp-content\/uploads\/2022\/06\/Waterproof-display-of-non-woven-bed-sheets.jpg 700w, https:\/\/med-disposable.com\/wp-content\/uploads\/2022\/06\/Waterproof-display-of-non-woven-bed-sheets-300x300.jpg 300w, https:\/\/med-disposable.com\/wp-content\/uploads\/2022\/06\/Waterproof-display-of-non-woven-bed-sheets-150x150.jpg 150w, https:\/\/med-disposable.com\/wp-content\/uploads\/2022\/06\/Waterproof-display-of-non-woven-bed-sheets-600x600.jpg 600w, https:\/\/med-disposable.com\/wp-content\/uploads\/2022\/06\/Waterproof-display-of-non-woven-bed-sheets-100x100.jpg 100w\" sizes=\"(max-width: 700px) 100vw, 700px\" \/><\/p>\n<ul>\n<li><strong>Allergen Barrier:<\/strong>\u00a0These bed covers also act as a barrier against allergens, dust mites, and pet dander, creating a cleaner and healthier sleeping environment.<\/li>\n<li><strong>Colorful Designs:<\/strong>\u00a0Available in various vibrant colors, these bed covers will add a touch of style to any bedroom.<\/li>\n<li><strong>F\u00e1cil de usar:<\/strong>\u00a0The elasticized edges ensure a snug and secure fit, making it easy to put on and remove the bed cover.<\/li>\n<li><strong>Machine Washable:<\/strong>\u00a0Our Non-Woven Colorful Waterproof PP+PE Bed Covers can be machine washed and tumble dried for easy maintenance.<\/li>\n<li><strong>Available Sizes:<\/strong>\u00a0These bed covers are available in multiple sizes, suitable for single, double, queen, and king-sized beds.<\/li>\n<\/ul>\n<p><img decoding=\"async\" class=\"aligncenter wp-image-8075 size-large\" src=\"https:\/\/med-disposable.com\/wp-content\/uploads\/2021\/05\/PP-PE-bed-sheet-3-1024x1024.jpg\" alt=\"\" width=\"800\" height=\"800\" srcset=\"https:\/\/med-disposable.com\/wp-content\/uploads\/2021\/05\/PP-PE-bed-sheet-3-1024x1024.jpg 1024w, https:\/\/med-disposable.com\/wp-content\/uploads\/2021\/05\/PP-PE-bed-sheet-3-300x300.jpg 300w, https:\/\/med-disposable.com\/wp-content\/uploads\/2021\/05\/PP-PE-bed-sheet-3-150x150.jpg 150w, https:\/\/med-disposable.com\/wp-content\/uploads\/2021\/05\/PP-PE-bed-sheet-3-768x768.jpg 768w, https:\/\/med-disposable.com\/wp-content\/uploads\/2021\/05\/PP-PE-bed-sheet-3-600x600.jpg 600w, https:\/\/med-disposable.com\/wp-content\/uploads\/2021\/05\/PP-PE-bed-sheet-3-100x100.jpg 100w, https:\/\/med-disposable.com\/wp-content\/uploads\/2021\/05\/PP-PE-bed-sheet-3.jpg 1190w\" sizes=\"(max-width: 800px) 100vw, 800px\" \/><\/p>\n<p>&nbsp;<\/p>\n<h2>Aplicaciones<\/h2>\n<ul>\n<li>Homes and apartments<\/li>\n<li>Hotels and guesthouses<\/li>\n<li>Hospitals and healthcare facilities<\/li>\n<li>Dormitories and hostels<\/li>\n<li>Temporary housing and shelters<\/li>\n<\/ul>\n<p><img loading=\"lazy\" decoding=\"async\" class=\"aligncenter wp-image-7977 size-full\" src=\"https:\/\/med-disposable.com\/wp-content\/uploads\/2021\/05\/disposable-bed-sheet-applications.jpg\" alt=\"\" width=\"720\" height=\"660\" srcset=\"https:\/\/med-disposable.com\/wp-content\/uploads\/2021\/05\/disposable-bed-sheet-applications.jpg 720w, https:\/\/med-disposable.com\/wp-content\/uploads\/2021\/05\/disposable-bed-sheet-applications-300x275.jpg 300w, https:\/\/med-disposable.com\/wp-content\/uploads\/2021\/05\/disposable-bed-sheet-applications-600x550.jpg 600w\" sizes=\"(max-width: 720px) 100vw, 720px\" \/><\/p>\n<p>&nbsp;<\/p>","protected":false},"excerpt":{"rendered":"<p>Introducing our Non-Woven Colorful Waterproof PP+PE Bed Covers \u2013 the ultimate solution for protecting your bedding from spills, stains, and allergens. These high-quality bed covers are made from a blend of polypropylene (PP) and polyethylene (PE), providing a soft, comfortable, and waterproof barrier between your bed and any unwanted substances.<\/p>","protected":false},"featured_media":8073,"template":"","meta":{"_seopress_robots_primary_cat":"none","_seopress_titles_title":"Feature: PP Nonwoven Material for Skin-Friendly Comfort &amp; Waterproofing","_seopress_titles_desc":"Non-woven colorful waterproof PP+PE bed covers - All colors are available, widely used for beauty salon, SPA, massage, tattoo, outside, and daily life.","_seopress_robots_index":""},"product_brand":[],"product_cat":[49],"product_tag":[69,72],"class_list":{"0":"post-1798","1":"product","2":"type-product","3":"status-publish","4":"has-post-thumbnail","6":"product_cat-bed-linens","7":"product_tag-bed-sheet","8":"product_tag-pp","10":"first","11":"instock","12":"shipping-taxable","13":"product-type-simple"},"_links":{"self":[{"href":"https:\/\/med-disposable.com\/es\/wp-json\/wp\/v2\/product\/1798","targetHints":{"allow":["GET"]}}],"collection":[{"href":"https:\/\/med-disposable.com\/es\/wp-json\/wp\/v2\/product"}],"about":[{"href":"https:\/\/med-disposable.com\/es\/wp-json\/wp\/v2\/types\/product"}],"version-history":[{"count":0,"href":"https:\/\/med-disposable.com\/es\/wp-json\/wp\/v2\/product\/1798\/revisions"}],"wp:featuredmedia":[{"embeddable":true,"href":"https:\/\/med-disposable.com\/es\/wp-json\/wp\/v2\/media\/8073"}],"wp:attachment":[{"href":"https:\/\/med-disposable.com\/es\/wp-json\/wp\/v2\/media?parent=1798"}],"wp:term":[{"taxonomy":"product_brand","embeddable":true,"href":"https:\/\/med-disposable.com\/es\/wp-json\/wp\/v2\/product_brand?post=1798"},{"taxonomy":"product_cat","embeddable":true,"href":"https:\/\/med-disposable.com\/es\/wp-json\/wp\/v2\/product_cat?post=1798"},{"taxonomy":"product_tag","embeddable":true,"href":"https:\/\/med-disposable.com\/es\/wp-json\/wp\/v2\/product_tag?post=1798"}],"curies":[{"name":"wp","href":"https:\/\/api.w.org\/{rel}","templated":true}]}}