{"id":1881,"date":"2021-06-08T17:35:52","date_gmt":"2021-06-08T09:35:52","guid":{"rendered":"https:\/\/med-disposable.com\/?post_type=product&#038;p=1881"},"modified":"2023-07-20T18:06:46","modified_gmt":"2023-07-20T10:06:46","slug":"gorro-rizado-no-tejido-con-doble-elastico","status":"publish","type":"product","link":"https:\/\/med-disposable.com\/es\/product\/non-woven-bouffant-crimp-cap-with-double-elastic\/","title":{"rendered":"Gorro rizado no tejido con doble el\u00e1stico"},"content":{"rendered":"<p><strong>Presentaci\u00f3n del producto<\/strong><\/p>\n<p>Nuestro gorro no tejido con doble el\u00e1stico ofrece una soluci\u00f3n perfecta para las industrias que requieren un alto nivel de higiene y limpieza. Fabricado con polipropileno (PP) de alta calidad, este gorro se puede guardar y transportar f\u00e1cilmente. Con su doble goma el\u00e1stica, el gorro garantiza un ajuste seguro y una cobertura capilar completa, lo que lo convierte en una pieza esencial del equipo de seguridad.<\/p>\n<p><img fetchpriority=\"high\" decoding=\"async\" class=\"aligncenter wp-image-9261 size-large\" src=\"https:\/\/med-disposable.com\/wp-content\/uploads\/2021\/06\/40A8994-1024x1024.jpg\" alt=\"\" width=\"800\" height=\"800\" srcset=\"https:\/\/med-disposable.com\/wp-content\/uploads\/2021\/06\/40A8994-1024x1024.jpg 1024w, https:\/\/med-disposable.com\/wp-content\/uploads\/2021\/06\/40A8994-300x300.jpg 300w, https:\/\/med-disposable.com\/wp-content\/uploads\/2021\/06\/40A8994-150x150.jpg 150w, https:\/\/med-disposable.com\/wp-content\/uploads\/2021\/06\/40A8994-768x768.jpg 768w, https:\/\/med-disposable.com\/wp-content\/uploads\/2021\/06\/40A8994-1536x1536.jpg 1536w, https:\/\/med-disposable.com\/wp-content\/uploads\/2021\/06\/40A8994-scaled.jpg 2048w, https:\/\/med-disposable.com\/wp-content\/uploads\/2021\/06\/40A8994-600x600.jpg 600w, https:\/\/med-disposable.com\/wp-content\/uploads\/2021\/06\/40A8994-100x100.jpg 100w\" sizes=\"(max-width: 800px) 100vw, 800px\" \/><\/p>\n<p><strong>Caracter\u00edsticas<\/strong><\/p>\n<ol>\n<li><strong>Material de alta calidad<\/strong>: La gorra de engarce Bouffant no tejida est\u00e1 fabricada con material PP duradero, lo que garantiza que pueda soportar las exigencias de diversos entornos de trabajo.<\/li>\n<li><strong>Dise\u00f1o Crimp Style<\/strong>: El dise\u00f1o de estilo engarzado de este tap\u00f3n lo hace compacto y f\u00e1cil de transportar, perfecto para su uso sobre la marcha o en entornos de alta rotaci\u00f3n.<\/li>\n<li><strong>Goma el\u00e1stica doble<\/strong>: El gorro dispone de doble goma el\u00e1stica para garantizar un ajuste ce\u00f1ido, proporcionando una cobertura superior del cabello y manteniendo limpio el entorno de trabajo.<\/li>\n<\/ol>\n<p><img decoding=\"async\" class=\"aligncenter wp-image-9268 size-large\" src=\"https:\/\/med-disposable.com\/wp-content\/uploads\/2021\/06\/40A9005-1024x1024.jpg\" alt=\"\" width=\"800\" height=\"800\" srcset=\"https:\/\/med-disposable.com\/wp-content\/uploads\/2021\/06\/40A9005-1024x1024.jpg 1024w, https:\/\/med-disposable.com\/wp-content\/uploads\/2021\/06\/40A9005-300x300.jpg 300w, https:\/\/med-disposable.com\/wp-content\/uploads\/2021\/06\/40A9005-150x150.jpg 150w, https:\/\/med-disposable.com\/wp-content\/uploads\/2021\/06\/40A9005-768x768.jpg 768w, https:\/\/med-disposable.com\/wp-content\/uploads\/2021\/06\/40A9005-1536x1536.jpg 1536w, https:\/\/med-disposable.com\/wp-content\/uploads\/2021\/06\/40A9005-scaled.jpg 2048w, https:\/\/med-disposable.com\/wp-content\/uploads\/2021\/06\/40A9005-600x600.jpg 600w, https:\/\/med-disposable.com\/wp-content\/uploads\/2021\/06\/40A9005-100x100.jpg 100w\" sizes=\"(max-width: 800px) 100vw, 800px\" \/><\/p>\n<p><strong>Especificaci\u00f3n\uff1a<\/strong><\/p>\n<table width=\"649\">\n<tbody>\n<tr>\n<td>Material<\/td>\n<td>Material no tejido PP, pp 10gsm-14gsm<\/td>\n<\/tr>\n<tr>\n<td>Estilo<\/td>\n<td>tapa de engarce\/clip<\/td>\n<\/tr>\n<tr>\n<td>Talla<\/td>\n<td>18\u2033, 19\u2033, 20\u2033, 21\u2033 o personalizado<\/td>\n<\/tr>\n<tr>\n<td>Color<\/td>\n<td>Blanco, azul, verde, rojo, amarillo... o personalizado<\/td>\n<\/tr>\n<tr>\n<td>Aplicaci\u00f3n<\/td>\n<td>Medicina, procesamiento de alimentos, restaurantes, laboratorios hospitalarios, etc.<\/td>\n<\/tr>\n<\/tbody>\n<\/table>\n<p>&nbsp;<\/p>\n<p><strong>Ventajas<\/strong><\/p>\n<ol>\n<li><strong>Eficiencia de almacenamiento<\/strong>: Gracias a su dise\u00f1o de estilo engarzado, este tap\u00f3n ocupa un espacio de almacenamiento m\u00ednimo, lo que lo convierte en una opci\u00f3n eficaz para instalaciones de todos los tama\u00f1os.<\/li>\n<li><strong>Ajuste seguro<\/strong>: La doble goma el\u00e1stica proporciona un ajuste c\u00f3modo y seguro, garantizando que todos los tipos de cabello queden adecuadamente cubiertos para mantener las normas de higiene.<\/li>\n<li><strong>Uso vers\u00e1til<\/strong>: La durabilidad del material de PP y el ajuste seguro del tap\u00f3n lo hacen vers\u00e1til para su uso en m\u00faltiples sectores, como el sanitario, el alimentario y el manufacturero.<\/li>\n<\/ol>\n<p><img decoding=\"async\" class=\"aligncenter wp-image-6648 size-full\" src=\"https:\/\/med-disposable.com\/wp-content\/uploads\/2023\/05\/caps.jpg\" alt=\"\" width=\"799\" height=\"519\" srcset=\"https:\/\/med-disposable.com\/wp-content\/uploads\/2023\/05\/caps.jpg 799w, https:\/\/med-disposable.com\/wp-content\/uploads\/2023\/05\/caps-300x195.jpg 300w, https:\/\/med-disposable.com\/wp-content\/uploads\/2023\/05\/caps-768x499.jpg 768w, https:\/\/med-disposable.com\/wp-content\/uploads\/2023\/05\/caps-600x390.jpg 600w\" sizes=\"(max-width: 799px) 100vw, 799px\" \/><\/p>\n<p><strong>Utiliza<\/strong><\/p>\n<p>El gorro no tejido con doble el\u00e1stico se utiliza principalmente en industrias que requieren estrictas normas de limpieza e higiene, como centros sanitarios, establecimientos de restauraci\u00f3n, laboratorios y f\u00e1bricas.<\/p>\n<p>&nbsp;<\/p>\n<p><strong>PREGUNTAS FRECUENTES<\/strong><\/p>\n<ol>\n<li><strong>\u00bfQu\u00e9 hace que el material PP sea adecuado para la gorra de engarce Bouffant no tejida con doble el\u00e1stico?<\/strong>\n<p>El polipropileno (PP) es un material conocido por su durabilidad y resistencia al desgaste, lo que lo convierte en la elecci\u00f3n ideal para nuestra gorra de engarce Bouffant no tejida. Adem\u00e1s, el PP es ligero y c\u00f3modo, lo que permite llevarlo durante mucho tiempo sin molestias.<\/li>\n<li><strong>\u00bfCu\u00e1l es la ventaja del dise\u00f1o de estilo engarzado del tap\u00f3n?<\/strong>\n<p>El dise\u00f1o de estilo engarzado de nuestro tap\u00f3n lo hace compacto y f\u00e1cil de almacenar, ahorrando un valioso espacio en sus zonas de almacenamiento. Esto es especialmente beneficioso en entornos de alta rotaci\u00f3n, donde la eficiencia del espacio es crucial.<\/li>\n<li><strong>\u00bfC\u00f3mo garantiza la doble goma el\u00e1stica un ajuste seguro?<\/strong>\n<p>La doble goma el\u00e1stica est\u00e1 dise\u00f1ada para adaptarse c\u00f3modamente a distintos tama\u00f1os de cabeza y vol\u00famenes de cabello. Garantiza un ajuste ce\u00f1ido, evitando que el gorro se deslice durante su uso. Esta caracter\u00edstica de dise\u00f1o es esencial para mantener la limpieza y las normas de higiene en el lugar de trabajo.<\/li>\n<li><strong>\u00bfPodemos personalizar la gorra de tejido sin tejer con doble el\u00e1stico para adaptarla a la marca o el c\u00f3digo de colores de nuestra empresa?<\/strong>\n<p>Dependiendo del volumen y los detalles de su pedido, podemos ofrecerle opciones de personalizaci\u00f3n. P\u00f3ngase en contacto con nuestro equipo de ventas para obtener informaci\u00f3n m\u00e1s detallada.<\/li>\n<li><strong>\u00bfC\u00f3mo contribuye la gorra de tejido sin tejer con doble el\u00e1stico a mantener las normas de higiene en mi sector?<\/strong>\n<p>Nuestro gorro est\u00e1 dise\u00f1ado para ofrecer una cobertura total del cabello, evitando que los pelos sueltos caigan en zonas sensibles. Esto es crucial en sectores como el sanitario y el alimentario, en los que es primordial mantener estrictas normas de higiene.<\/li>\n<\/ol>","protected":false},"excerpt":{"rendered":"<p>Material PP no tejido, suave y transpirable;<\/p>\n<p>Estilo engarzado, ahorra espacio de almacenamiento y es f\u00e1cil de transportar;<\/p>\n<p>Doble goma el\u00e1stica, lo suficientemente fuerte, puede cubrir su cabello muy bien.<\/p>\n<p>&nbsp;<\/p>","protected":false},"featured_media":9262,"template":"","meta":{"_seopress_robots_primary_cat":"none","_seopress_titles_title":"Lightweight, Breathable &amp; Tear-Resistant PP Non-Woven Material: Perfect for Medical &amp; Food Processing!","_seopress_titles_desc":"Manufacturers of Non-woven bouffant crimp cap with double elastic. Double elastic rubber, strong enough, can cover your hair very well.","_seopress_robots_index":""},"product_brand":[],"product_cat":[46],"product_tag":[67,57],"class_list":{"0":"post-1881","1":"product","2":"type-product","3":"status-publish","4":"has-post-thumbnail","6":"product_cat-caps","7":"product_tag-cap","8":"product_tag-non-woven","10":"first","11":"instock","12":"shipping-taxable","13":"product-type-simple"},"_links":{"self":[{"href":"https:\/\/med-disposable.com\/es\/wp-json\/wp\/v2\/product\/1881","targetHints":{"allow":["GET"]}}],"collection":[{"href":"https:\/\/med-disposable.com\/es\/wp-json\/wp\/v2\/product"}],"about":[{"href":"https:\/\/med-disposable.com\/es\/wp-json\/wp\/v2\/types\/product"}],"version-history":[{"count":0,"href":"https:\/\/med-disposable.com\/es\/wp-json\/wp\/v2\/product\/1881\/revisions"}],"wp:featuredmedia":[{"embeddable":true,"href":"https:\/\/med-disposable.com\/es\/wp-json\/wp\/v2\/media\/9262"}],"wp:attachment":[{"href":"https:\/\/med-disposable.com\/es\/wp-json\/wp\/v2\/media?parent=1881"}],"wp:term":[{"taxonomy":"product_brand","embeddable":true,"href":"https:\/\/med-disposable.com\/es\/wp-json\/wp\/v2\/product_brand?post=1881"},{"taxonomy":"product_cat","embeddable":true,"href":"https:\/\/med-disposable.com\/es\/wp-json\/wp\/v2\/product_cat?post=1881"},{"taxonomy":"product_tag","embeddable":true,"href":"https:\/\/med-disposable.com\/es\/wp-json\/wp\/v2\/product_tag?post=1881"}],"curies":[{"name":"wp","href":"https:\/\/api.w.org\/{rel}","templated":true}]}}