{"id":1889,"date":"2021-06-07T17:12:57","date_gmt":"2021-06-07T09:12:57","guid":{"rendered":"https:\/\/med-disposable.com\/?post_type=product&#038;p=1889"},"modified":"2023-09-20T14:12:22","modified_gmt":"2023-09-20T06:12:22","slug":"monos-desechables-no-tejidos-sms-para-hospital","status":"publish","type":"product","link":"https:\/\/med-disposable.com\/es\/product\/disposable-non-woven-sms-patient-scrub-suit-for-hospital\/","title":{"rendered":"Traje quir\u00fargico desechable no tejido SMS para hospital"},"content":{"rendered":"<p>Presentamos nuestros modernos trajes m\u00e9dicos desechables no tejidos SMS para pacientes, dise\u00f1ados para profesionales m\u00e9dicos y pacientes que buscan calidad, comodidad y protecci\u00f3n superiores. Nuestros trajes m\u00e9dicos est\u00e1n dise\u00f1ados teniendo en cuenta las rigurosas exigencias del entorno sanitario.<\/p>\n<p><img fetchpriority=\"high\" decoding=\"async\" class=\"aligncenter wp-image-10221 size-full\" src=\"https:\/\/med-disposable.com\/wp-content\/uploads\/2021\/06\/suits4.png\" alt=\"\" width=\"800\" height=\"800\" srcset=\"https:\/\/med-disposable.com\/wp-content\/uploads\/2021\/06\/suits4.png 800w, https:\/\/med-disposable.com\/wp-content\/uploads\/2021\/06\/suits4-300x300.png 300w, https:\/\/med-disposable.com\/wp-content\/uploads\/2021\/06\/suits4-150x150.png 150w, https:\/\/med-disposable.com\/wp-content\/uploads\/2021\/06\/suits4-768x768.png 768w, https:\/\/med-disposable.com\/wp-content\/uploads\/2021\/06\/suits4-600x600.png 600w, https:\/\/med-disposable.com\/wp-content\/uploads\/2021\/06\/suits4-100x100.png 100w\" sizes=\"(max-width: 800px) 100vw, 800px\" \/><\/p>\n<p><strong>Especificaci\u00f3n:<\/strong><\/p>\n<table style=\"height: 338px\" width=\"496\">\n<tbody>\n<tr>\n<td width=\"101\">Talla<\/td>\n<td width=\"393\">M, L, XL, XXL, XXXL, personalizable<\/td>\n<\/tr>\n<tr>\n<td>Material<\/td>\n<td>\u00a0SMS, PP<\/td>\n<\/tr>\n<tr>\n<td>Color<\/td>\n<td>Azul, verde, morado, rosa... etc.<\/td>\n<\/tr>\n<tr>\n<td width=\"101\">Estilo<\/td>\n<td width=\"393\">Blusa: Cuello en V o redondo(con o sin ribete) ,manga larga o corta, con o sin bolsillosPantal\u00f3n: Atados en la cintura, abiertos en los tobillos<\/td>\n<\/tr>\n<tr>\n<td width=\"101\">Est\u00e1ndar<\/td>\n<td width=\"393\">Nivel 2<\/td>\n<\/tr>\n<tr>\n<td width=\"101\">Embalaje<\/td>\n<td width=\"393\">1 set\/bolsa, 50sets\/ctn<\/td>\n<\/tr>\n<tr>\n<td width=\"101\">Aplicaci\u00f3n<\/td>\n<td width=\"393\">Hospital, centro de salud, industria alimentaria, laboratorio, fabricaci\u00f3n, sala blanca...etc.<\/td>\n<\/tr>\n<\/tbody>\n<\/table>\n<h3><strong>Caracter\u00edsticas:<\/strong><\/h3>\n<ol>\n<li><strong>Material superior<\/strong>: Fabricado con material SMS de alta calidad, que garantiza durabilidad y transpirabilidad.<\/li>\n<li><strong>Dise\u00f1o elegante<\/strong>: Presenta un elegante cuello en V con ribetes y mangas cortas.<\/li>\n<li><strong>Bolsillos funcionales<\/strong>: Bolsillos integrados para facilitar el acceso a herramientas esenciales u objetos personales.<\/li>\n<li><strong>Ajuste seguro y regulable<\/strong>: C\u00f3modos lazos en la cintura y un dise\u00f1o abierto en los tobillos para adaptarse a distintas necesidades.<\/li>\n<li><strong>C\u00f3modo de llevar<\/strong>: El tejido ligero garantiza la comodidad incluso durante un uso prolongado.<\/li>\n<\/ol>\n<p><img decoding=\"async\" class=\"aligncenter wp-image-10220 size-full\" src=\"https:\/\/med-disposable.com\/wp-content\/uploads\/2021\/06\/suits3.png\" alt=\"\" width=\"800\" height=\"800\" srcset=\"https:\/\/med-disposable.com\/wp-content\/uploads\/2021\/06\/suits3.png 800w, https:\/\/med-disposable.com\/wp-content\/uploads\/2021\/06\/suits3-300x300.png 300w, https:\/\/med-disposable.com\/wp-content\/uploads\/2021\/06\/suits3-150x150.png 150w, https:\/\/med-disposable.com\/wp-content\/uploads\/2021\/06\/suits3-768x768.png 768w, https:\/\/med-disposable.com\/wp-content\/uploads\/2021\/06\/suits3-600x600.png 600w, https:\/\/med-disposable.com\/wp-content\/uploads\/2021\/06\/suits3-100x100.png 100w\" sizes=\"(max-width: 800px) 100vw, 800px\" \/> <img decoding=\"async\" class=\"aligncenter wp-image-10219 size-full\" src=\"https:\/\/med-disposable.com\/wp-content\/uploads\/2021\/06\/suits2.png\" alt=\"\" width=\"800\" height=\"800\" srcset=\"https:\/\/med-disposable.com\/wp-content\/uploads\/2021\/06\/suits2.png 800w, https:\/\/med-disposable.com\/wp-content\/uploads\/2021\/06\/suits2-300x300.png 300w, https:\/\/med-disposable.com\/wp-content\/uploads\/2021\/06\/suits2-150x150.png 150w, https:\/\/med-disposable.com\/wp-content\/uploads\/2021\/06\/suits2-768x768.png 768w, https:\/\/med-disposable.com\/wp-content\/uploads\/2021\/06\/suits2-600x600.png 600w, https:\/\/med-disposable.com\/wp-content\/uploads\/2021\/06\/suits2-100x100.png 100w\" sizes=\"(max-width: 800px) 100vw, 800px\" \/><\/p>\n<h3><strong>Ventajas:<\/strong><\/h3>\n<ul>\n<li><strong>Higi\u00e9nico<\/strong>: Protege de los contaminantes, garantizando un entorno est\u00e9ril.<\/li>\n<li><strong>Flexibilidad<\/strong>: Dise\u00f1ado para ofrecer el m\u00e1ximo movimiento sin constricciones.<\/li>\n<li><strong>F\u00e1cil de poner y quitar<\/strong>: Los tobillos abiertos y los lazos en la cintura facilitan el uso y la retirada r\u00e1pidos.<\/li>\n<li><strong>Aplicaci\u00f3n universal<\/strong>: Adecuado tanto para profesionales m\u00e9dicos como para pacientes.<\/li>\n<\/ul>\n<h3><strong>Aplicaciones:<\/strong><\/h3>\n<p>Ideal para:<\/p>\n<ul>\n<li><strong>Hospitales<\/strong>: Para que tanto el personal m\u00e9dico como los pacientes mantengan un entorno higi\u00e9nico.<\/li>\n<li><strong>Cl\u00ednicas<\/strong>: Para m\u00e9dicos y facultativos durante los reconocimientos.<\/li>\n<li><strong>Procedimientos quir\u00fargicos<\/strong>: Garantizar un entorno est\u00e9ril durante las intervenciones quir\u00fargicas.<\/li>\n<li><strong>Centros de diagn\u00f3stico<\/strong>: Tanto para t\u00e9cnicos como para pacientes.<\/li>\n<\/ul>\n<p><img loading=\"lazy\" decoding=\"async\" class=\"aligncenter wp-image-6751 size-full\" src=\"https:\/\/med-disposable.com\/wp-content\/uploads\/2021\/08\/scrub-suits1.png\" alt=\"\" width=\"800\" height=\"586\" srcset=\"https:\/\/med-disposable.com\/wp-content\/uploads\/2021\/08\/scrub-suits1.png 800w, https:\/\/med-disposable.com\/wp-content\/uploads\/2021\/08\/scrub-suits1-300x220.png 300w, https:\/\/med-disposable.com\/wp-content\/uploads\/2021\/08\/scrub-suits1-768x563.png 768w, https:\/\/med-disposable.com\/wp-content\/uploads\/2021\/08\/scrub-suits1-600x440.png 600w\" sizes=\"(max-width: 800px) 100vw, 800px\" \/><\/p>\n<h3><strong>Modo de empleo:<\/strong><\/h3>\n<ol>\n<li><strong>Pre-Check<\/strong>: Examine el traje de fregado para detectar posibles da\u00f1os o defectos.<\/li>\n<li><strong>Abrir<\/strong>: Despliegue y abra el traje.<\/li>\n<li><strong>Llevar Top<\/strong>: Pase los brazos por las mangas y ajuste el cuello en V. F\u00edjalo con los lazos.<\/li>\n<li><strong>Wear Bottom<\/strong>: Ponte los pantalones y ajusta los lazos de la cintura para que queden bien ce\u00f1idos.<\/li>\n<li><strong>Uso del puesto<\/strong>: Despu\u00e9s de su uso, ret\u00edrelo con cuidado y des\u00e9chelo adecuadamente.<\/li>\n<\/ol>\n<p>&nbsp;<\/p>\n<h3><strong>Preguntas frecuentes:<\/strong><\/h3>\n<ol>\n<li><strong>\u00bfQu\u00e9 diferencia al material SMS de otros tejidos de la ropa m\u00e9dica?<\/strong>\n<p>El material SMS (Spunbond Meltblown Spunbond) es un tejido tricapa que ofrece una excepcional durabilidad, transpirabilidad y protecci\u00f3n de barrera frente a fluidos y contaminantes. Su construcci\u00f3n \u00fanica garantiza un confort y una protecci\u00f3n \u00f3ptimos, lo que lo convierte en la opci\u00f3n preferida en entornos sanitarios.<\/li>\n<li><strong>\u00bfEn qu\u00e9 beneficia al usuario el cuello en V con ribete?<\/strong>\n<p>El cuello en V, acentuado con ribetes, ofrece una mezcla de estilo y funcionalidad. Proporciona un ajuste c\u00f3modo alrededor del cuello, evitando rozaduras, mientras que el ribete a\u00f1ade un toque de elegancia y durabilidad.<\/li>\n<li><strong>\u00bfEs reutilizable el traje?<\/strong>\n<p>Nuestro traje de fregado est\u00e1 dise\u00f1ado para uso desechable con el fin de garantizar la m\u00e1xima higiene y reducir los riesgos de contaminaci\u00f3n. Debe desecharse adecuadamente despu\u00e9s de un solo uso.<\/li>\n<li><strong>\u00bfExisten tallas diferentes para el mono?<\/strong>\n<p>S\u00ed, disponemos de una amplia gama de tallas. Consulte nuestra tabla de tallas o p\u00f3ngase en contacto con nuestro departamento de ventas para consultas sobre tallas espec\u00edficas.<\/li>\n<li><strong>\u00bfLos trajes m\u00e9dicos est\u00e1n disponibles en diferentes colores o s\u00f3lo en el azul m\u00e9dico est\u00e1ndar?<\/strong>\n<p>El color est\u00e1ndar es el azul m\u00e9dico; sin embargo, seg\u00fan los requisitos de los pedidos al por mayor, podemos personalizar las opciones de color. P\u00f3ngase en contacto con nuestro equipo de ventas si tiene alguna petici\u00f3n especial.<\/li>\n<li><strong>\u00bfC\u00f3mo mejoran los lazos en la cintura la experiencia del usuario?<\/strong>\n<p>Los lazos en la cintura proporcionan un ajuste regulable, garantizando que el traje se adapte a diversos tipos de cuerpo y ofrezca comodidad durante un uso prolongado.<\/li>\n<\/ol>","protected":false},"excerpt":{"rendered":"<p>Cuello en V (con ribete), manga corta, con bolsillos<\/p>\n<p>Dise\u00f1o razonable Se ata en la cintura y se abre en los tobillos<\/p>\n<p>Material transpirable<\/p>","protected":false},"featured_media":1891,"template":"","meta":{"_seopress_robots_primary_cat":"none","_seopress_titles_title":"Stay Comfortable and Protected in Breathable, Lightweight, Flexible Isolation Protection - Sizes M-XXXL!","_seopress_titles_desc":"Disposable non woven SMS patient scrub suit for the hospital. Widely used, basic isolation protection, easy to wear, soft and light. Check now.","_seopress_robots_index":""},"product_brand":[],"product_cat":[43],"product_tag":[117,70],"class_list":{"0":"post-1889","1":"product","2":"type-product","3":"status-publish","4":"has-post-thumbnail","6":"product_cat-gowns","7":"product_tag-foot-protection","8":"product_tag-lab-coat","10":"first","11":"instock","12":"shipping-taxable","13":"product-type-simple"},"_links":{"self":[{"href":"https:\/\/med-disposable.com\/es\/wp-json\/wp\/v2\/product\/1889","targetHints":{"allow":["GET"]}}],"collection":[{"href":"https:\/\/med-disposable.com\/es\/wp-json\/wp\/v2\/product"}],"about":[{"href":"https:\/\/med-disposable.com\/es\/wp-json\/wp\/v2\/types\/product"}],"version-history":[{"count":0,"href":"https:\/\/med-disposable.com\/es\/wp-json\/wp\/v2\/product\/1889\/revisions"}],"wp:featuredmedia":[{"embeddable":true,"href":"https:\/\/med-disposable.com\/es\/wp-json\/wp\/v2\/media\/1891"}],"wp:attachment":[{"href":"https:\/\/med-disposable.com\/es\/wp-json\/wp\/v2\/media?parent=1889"}],"wp:term":[{"taxonomy":"product_brand","embeddable":true,"href":"https:\/\/med-disposable.com\/es\/wp-json\/wp\/v2\/product_brand?post=1889"},{"taxonomy":"product_cat","embeddable":true,"href":"https:\/\/med-disposable.com\/es\/wp-json\/wp\/v2\/product_cat?post=1889"},{"taxonomy":"product_tag","embeddable":true,"href":"https:\/\/med-disposable.com\/es\/wp-json\/wp\/v2\/product_tag?post=1889"}],"curies":[{"name":"wp","href":"https:\/\/api.w.org\/{rel}","templated":true}]}}