{"id":1941,"date":"2021-06-10T18:38:18","date_gmt":"2021-06-10T10:38:18","guid":{"rendered":"https:\/\/med-disposable.com\/?post_type=product&#038;p=1941"},"modified":"2023-09-22T15:28:16","modified_gmt":"2023-09-22T07:28:16","slug":"chaqueta-de-laboratorio-desechable-sms-no-tejida-con-bolsillos","status":"publish","type":"product","link":"https:\/\/med-disposable.com\/es\/product\/disposable-sms-non-woven-lab-jacket-with-pockets\/","title":{"rendered":"Chaqueta de laboratorio desechable SMS no tejida con bolsillos"},"content":{"rendered":"<p>Entre en la nueva era de la protecci\u00f3n en el laboratorio con nuestra chaqueta de laboratorio desechable SMS no tejida. Dise\u00f1ada meticulosamente, esta chaqueta combina funcionalidad y comodidad, proporcionando a los profesionales una defensa impecable frente a los retos diarios del laboratorio.<\/p>\n<figure class=\"wp-block-embed wp-block-embed-youtube is-type-video is-provider-youtube epyt-figure\"><div class=\"wp-block-embed__wrapper\"><div  id=\"_ytid_60312\"  width=\"800\" height=\"450\"  data-origwidth=\"800\" data-origheight=\"450\" data-facadesrc=\"https:\/\/www.youtube.com\/embed\/ojuogZp2RPM?enablejsapi=1&autoplay=0&cc_load_policy=0&cc_lang_pref=&iv_load_policy=1&loop=0&rel=1&fs=1&playsinline=0&autohide=2&theme=dark&color=red&controls=1&disablekb=0&\" class=\"__youtube_prefs__ epyt-facade no-lazyload\" data-epautoplay=\"1\" ><img decoding=\"async\" data-spai-excluded=\"true\" class=\"epyt-facade-poster skip-lazy\" loading=\"lazy\"  alt=\"YouTube player\"  src=\"https:\/\/i.ytimg.com\/vi\/ojuogZp2RPM\/maxresdefault.jpg\"  \/><button class=\"epyt-facade-play\" aria-label=\"Jugar\"><svg data-no-lazy=\"1\" height=\"100%\" version=\"1.1\" viewbox=\"0 0 68 48\" width=\"100%\"><path class=\"ytp-large-play-button-bg\" d=\"M66.52,7.74c-0.78-2.93-2.49-5.41-5.42-6.19C55.79,.13,34,0,34,0S12.21,.13,6.9,1.55 C3.97,2.33,2.27,4.81,1.48,7.74C0.06,13.05,0,24,0,24s0.06,10.95,1.48,16.26c0.78,2.93,2.49,5.41,5.42,6.19 C12.21,47.87,34,48,34,48s21.79-0.13,27.1-1.55c2.93-0.78,4.64-3.26,5.42-6.19C67.94,34.95,68,24,68,24S67.94,13.05,66.52,7.74z\" fill=\"#f00\"><\/path><path d=\"M 45,24 27,14 27,34\" fill=\"#fff\"><\/path><\/svg><\/button><\/div><\/div><\/figure>\n<p><strong>Especificaci\u00f3n b\u00e1sica:<\/strong><\/p>\n<table class=\"aliDataTable\" border=\"1\" cellspacing=\"0\" cellpadding=\"0\">\n<tbody>\n<tr align=\"left\">\n<td>Material:<\/td>\n<td>SMS no tejido<\/td>\n<\/tr>\n<tr align=\"left\">\n<td>Gramaje:<\/td>\n<td>25-50gsm<\/td>\n<\/tr>\n<tr align=\"left\">\n<td>Estilo:<\/td>\n<td>mangas largas;<\/p>\n<p>pu\u00f1o de punto ;<\/p>\n<p>Cuello de punto;<\/p>\n<p>con 3 bolsillos;<\/p>\n<p>5 botones a presi\u00f3n<\/td>\n<\/tr>\n<tr align=\"left\">\n<td>Aplicaci\u00f3n:<\/td>\n<td>para el sector m\u00e9dico, farmac\u00e9utico, laboratorio, taller<\/td>\n<\/tr>\n<tr align=\"left\">\n<td>Tama\u00f1o:<\/td>\n<td>M:70*135CM,L:75*140CM,XL:80*150CM, o seg\u00fan solicitud<\/td>\n<\/tr>\n<tr align=\"left\">\n<td>Embalaje:<\/td>\n<td>5 \u00f3 10 unidades por bolsa; 50 \u00f3 100 unidades por ctn. Seg\u00fan lo solicitado.<\/td>\n<\/tr>\n<\/tbody>\n<\/table>\n<p><img fetchpriority=\"high\" decoding=\"async\" class=\"aligncenter wp-image-10393 size-large\" src=\"https:\/\/med-disposable.com\/wp-content\/uploads\/2021\/06\/disposable-jacket-lab-coat-6-1024x1024.jpg\" alt=\"\" width=\"800\" height=\"800\" srcset=\"https:\/\/med-disposable.com\/wp-content\/uploads\/2021\/06\/disposable-jacket-lab-coat-6-1024x1024.jpg 1024w, https:\/\/med-disposable.com\/wp-content\/uploads\/2021\/06\/disposable-jacket-lab-coat-6-300x300.jpg 300w, https:\/\/med-disposable.com\/wp-content\/uploads\/2021\/06\/disposable-jacket-lab-coat-6-150x150.jpg 150w, https:\/\/med-disposable.com\/wp-content\/uploads\/2021\/06\/disposable-jacket-lab-coat-6-768x768.jpg 768w, https:\/\/med-disposable.com\/wp-content\/uploads\/2021\/06\/disposable-jacket-lab-coat-6-600x600.jpg 600w, https:\/\/med-disposable.com\/wp-content\/uploads\/2021\/06\/disposable-jacket-lab-coat-6-100x100.jpg 100w, https:\/\/med-disposable.com\/wp-content\/uploads\/2021\/06\/disposable-jacket-lab-coat-6.jpg 1050w\" sizes=\"(max-width: 800px) 100vw, 800px\" \/><\/p>\n<p><strong>Caracter\u00edsticas:<\/strong><\/p>\n<ul>\n<li><strong>Material SMS de alta calidad:<\/strong> Fabricado con material SMS (Spunbond Meltblown Spunbond) de primera calidad que garantiza durabilidad y protecci\u00f3n.<\/li>\n<li><strong>Tejido transpirable:<\/strong> Dise\u00f1ado espec\u00edficamente para permitir una excelente circulaci\u00f3n del aire, ayudando a disipar el calor corporal.<\/li>\n<li><strong>Sin pelusa:<\/strong> Una caracter\u00edstica crucial para los laboratorios, esta chaqueta est\u00e1 libre de pelusas, lo que garantiza la ausencia de contaminaci\u00f3n.<\/li>\n<li><strong>Impermeable:<\/strong> Proporciona una capa adicional de protecci\u00f3n contra las salpicaduras de l\u00edquidos.<\/li>\n<li><strong>Alta resistencia a la tracci\u00f3n:<\/strong> Resistente al desgaste, lo que la hace apta para entornos exigentes.<\/li>\n<li><strong>Dise\u00f1o funcional:<\/strong> Estilo chaqueta corta de laboratorio, equipada con 5 botones a presi\u00f3n para un ajuste seguro.<\/li>\n<li><strong>Bolsillos adicionales:<\/strong> Viene con 3 bolsillos, que ofrecen un pr\u00e1ctico espacio de almacenamiento para lo esencial.<\/li>\n<li><strong>Pu\u00f1os y cuello de punto:<\/strong> Garantiza la estanqueidad, impidiendo la entrada de part\u00edculas no deseadas.<\/li>\n<\/ul>\n<p><img decoding=\"async\" class=\"aligncenter wp-image-10395 size-full\" src=\"https:\/\/med-disposable.com\/wp-content\/uploads\/2021\/06\/disposable-jacket-lab-coat-8.jpg\" alt=\"\" width=\"700\" height=\"700\" srcset=\"https:\/\/med-disposable.com\/wp-content\/uploads\/2021\/06\/disposable-jacket-lab-coat-8.jpg 700w, https:\/\/med-disposable.com\/wp-content\/uploads\/2021\/06\/disposable-jacket-lab-coat-8-300x300.jpg 300w, https:\/\/med-disposable.com\/wp-content\/uploads\/2021\/06\/disposable-jacket-lab-coat-8-150x150.jpg 150w, https:\/\/med-disposable.com\/wp-content\/uploads\/2021\/06\/disposable-jacket-lab-coat-8-600x600.jpg 600w, https:\/\/med-disposable.com\/wp-content\/uploads\/2021\/06\/disposable-jacket-lab-coat-8-100x100.jpg 100w\" sizes=\"(max-width: 700px) 100vw, 700px\" \/><\/p>\n<p><img decoding=\"async\" class=\"aligncenter wp-image-10394 size-large\" src=\"https:\/\/med-disposable.com\/wp-content\/uploads\/2021\/06\/disposable-jacket-lab-coat-7-1024x1024.jpg\" alt=\"\" width=\"800\" height=\"800\" srcset=\"https:\/\/med-disposable.com\/wp-content\/uploads\/2021\/06\/disposable-jacket-lab-coat-7-1024x1024.jpg 1024w, https:\/\/med-disposable.com\/wp-content\/uploads\/2021\/06\/disposable-jacket-lab-coat-7-300x300.jpg 300w, https:\/\/med-disposable.com\/wp-content\/uploads\/2021\/06\/disposable-jacket-lab-coat-7-150x150.jpg 150w, https:\/\/med-disposable.com\/wp-content\/uploads\/2021\/06\/disposable-jacket-lab-coat-7-768x768.jpg 768w, https:\/\/med-disposable.com\/wp-content\/uploads\/2021\/06\/disposable-jacket-lab-coat-7-1536x1536.jpg 1536w, https:\/\/med-disposable.com\/wp-content\/uploads\/2021\/06\/disposable-jacket-lab-coat-7-scaled.jpg 2048w, https:\/\/med-disposable.com\/wp-content\/uploads\/2021\/06\/disposable-jacket-lab-coat-7-600x600.jpg 600w, https:\/\/med-disposable.com\/wp-content\/uploads\/2021\/06\/disposable-jacket-lab-coat-7-100x100.jpg 100w\" sizes=\"(max-width: 800px) 100vw, 800px\" \/><\/p>\n<p><strong>Ventajas:<\/strong><\/p>\n<ol>\n<li><strong>Protecci\u00f3n \u00f3ptima:<\/strong> M\u00e1s all\u00e1 de su capa protectora principal, las caracter\u00edsticas de impermeabilidad y ausencia de pelusas de la chaqueta garantizan el m\u00e1ximo nivel de defensa en los laboratorios.<\/li>\n<li><strong>La comodidad es lo primero:<\/strong> El tejido transpirable garantiza que los profesionales puedan trabajar durante periodos prolongados sin sentirse constre\u00f1idos o acalorados.<\/li>\n<li><strong>Centrado en la utilidad:<\/strong> La presencia de 3 bolsillos y botones a presi\u00f3n permite a los profesionales tener todo lo que necesitan al alcance de la mano.<\/li>\n<li><strong>Econ\u00f3mico:<\/strong> Al ser desechables, estas chaquetas ofrecen una soluci\u00f3n asequible sin comprometer la calidad ni la funcionalidad.<\/li>\n<\/ol>\n<p><img loading=\"lazy\" decoding=\"async\" class=\"aligncenter wp-image-10397 size-large\" src=\"https:\/\/med-disposable.com\/wp-content\/uploads\/2021\/06\/disposable-jacket-lab-coat-10-1024x1024.jpg\" alt=\"\" width=\"800\" height=\"800\" srcset=\"https:\/\/med-disposable.com\/wp-content\/uploads\/2021\/06\/disposable-jacket-lab-coat-10-1024x1024.jpg 1024w, https:\/\/med-disposable.com\/wp-content\/uploads\/2021\/06\/disposable-jacket-lab-coat-10-300x300.jpg 300w, https:\/\/med-disposable.com\/wp-content\/uploads\/2021\/06\/disposable-jacket-lab-coat-10-150x150.jpg 150w, https:\/\/med-disposable.com\/wp-content\/uploads\/2021\/06\/disposable-jacket-lab-coat-10-768x768.jpg 768w, https:\/\/med-disposable.com\/wp-content\/uploads\/2021\/06\/disposable-jacket-lab-coat-10-1536x1536.jpg 1536w, https:\/\/med-disposable.com\/wp-content\/uploads\/2021\/06\/disposable-jacket-lab-coat-10-scaled.jpg 2048w, https:\/\/med-disposable.com\/wp-content\/uploads\/2021\/06\/disposable-jacket-lab-coat-10-600x600.jpg 600w, https:\/\/med-disposable.com\/wp-content\/uploads\/2021\/06\/disposable-jacket-lab-coat-10-100x100.jpg 100w\" sizes=\"(max-width: 800px) 100vw, 800px\" \/><\/p>\n<p><strong>Aplicaciones:<\/strong><\/p>\n<p>Ideal para:<\/p>\n<ul>\n<li>Laboratorios biotecnol\u00f3gicos y farmac\u00e9uticos<\/li>\n<li>Organizaciones de investigaci\u00f3n cl\u00ednica<\/li>\n<li>Instituciones sanitarias y hospitales<\/li>\n<li>Laboratorios qu\u00edmicos<\/li>\n<li>Centros acad\u00e9micos de investigaci\u00f3n<\/li>\n<\/ul>\n<p><img loading=\"lazy\" decoding=\"async\" class=\"aligncenter wp-image-9360 size-full\" src=\"https:\/\/med-disposable.com\/wp-content\/uploads\/2023\/07\/SMS-lab-coat.png\" alt=\"\" width=\"800\" height=\"900\" srcset=\"https:\/\/med-disposable.com\/wp-content\/uploads\/2023\/07\/SMS-lab-coat.png 800w, https:\/\/med-disposable.com\/wp-content\/uploads\/2023\/07\/SMS-lab-coat-267x300.png 267w, https:\/\/med-disposable.com\/wp-content\/uploads\/2023\/07\/SMS-lab-coat-768x864.png 768w, https:\/\/med-disposable.com\/wp-content\/uploads\/2023\/07\/SMS-lab-coat-600x675.png 600w\" sizes=\"(max-width: 800px) 100vw, 800px\" \/><\/p>\n<p><strong>Modo de empleo:<\/strong><\/p>\n<ol>\n<li><strong>Recuperar chaqueta:<\/strong> Saque con cuidado la chaqueta de su embalaje.<\/li>\n<li><strong>Ponte la chaqueta:<\/strong> P\u00f3ntelo, asegur\u00e1ndote de que se ajusta c\u00f3modamente y cubre tu atuendo.<\/li>\n<li><strong>Asegure los botones a presi\u00f3n:<\/strong> Empezando por la parte superior, encaje todos los botones en su sitio.<\/li>\n<li><strong>Ajusta los pu\u00f1os:<\/strong> Aseg\u00farate de que los pu\u00f1os de punto se ajustan bien a las mu\u00f1ecas.<\/li>\n<li><strong>Utiliza los bolsillos:<\/strong> Guarde los objetos necesarios en los 3 bolsillos previstos para ello.<\/li>\n<li><strong>Eliminaci\u00f3n posterior al uso:<\/strong> Una vez hecho esto, desabroche los botones y qu\u00edtese la chaqueta con cuidado. Deshazte de ella de forma responsable siguiendo las directrices del centro.<\/li>\n<\/ol>\n<p>&nbsp;<\/p>","protected":false},"excerpt":{"rendered":"<p><span data-spm-anchor-id=\"a2700.details.0.i14.41797b23vxWPls\">Chaqueta corta de laboratorio, 5 botones a presi\u00f3n, 3 bolsillos, pu\u00f1o y cuello de punto<\/span><\/p>\n<p><span data-spm-anchor-id=\"a2700.details.0.i14.41797b23vxWPls\">Material SMS desechable, transpirable, excelente para disipar el calor corporal, l<\/span>int-free, impermeable, buena resistencia a la tracci\u00f3n, c\u00f3modo.<\/p>","protected":false},"featured_media":10393,"template":"","meta":{"_seopress_robots_primary_cat":"none","_seopress_titles_title":"SMS Non-Woven Fabric: Soft, Breathable, Effective at Barrier Particles &amp; Dust. Stylish, Easy To Wear.","_seopress_titles_desc":"Disposable SMS non-woven lab jacket with pockets - Disposable SMS material, breathable, excellent to dissipate body heat, lint-free, waterproof, good tensile strength and comfortable.","_seopress_robots_index":""},"product_brand":[],"product_cat":[48],"product_tag":[120,57],"class_list":{"0":"post-1941","1":"product","2":"type-product","3":"status-publish","4":"has-post-thumbnail","6":"product_cat-lab-coat","7":"product_tag-jacket","8":"product_tag-non-woven","10":"first","11":"instock","12":"shipping-taxable","13":"product-type-simple"},"_links":{"self":[{"href":"https:\/\/med-disposable.com\/es\/wp-json\/wp\/v2\/product\/1941","targetHints":{"allow":["GET"]}}],"collection":[{"href":"https:\/\/med-disposable.com\/es\/wp-json\/wp\/v2\/product"}],"about":[{"href":"https:\/\/med-disposable.com\/es\/wp-json\/wp\/v2\/types\/product"}],"version-history":[{"count":0,"href":"https:\/\/med-disposable.com\/es\/wp-json\/wp\/v2\/product\/1941\/revisions"}],"wp:featuredmedia":[{"embeddable":true,"href":"https:\/\/med-disposable.com\/es\/wp-json\/wp\/v2\/media\/10393"}],"wp:attachment":[{"href":"https:\/\/med-disposable.com\/es\/wp-json\/wp\/v2\/media?parent=1941"}],"wp:term":[{"taxonomy":"product_brand","embeddable":true,"href":"https:\/\/med-disposable.com\/es\/wp-json\/wp\/v2\/product_brand?post=1941"},{"taxonomy":"product_cat","embeddable":true,"href":"https:\/\/med-disposable.com\/es\/wp-json\/wp\/v2\/product_cat?post=1941"},{"taxonomy":"product_tag","embeddable":true,"href":"https:\/\/med-disposable.com\/es\/wp-json\/wp\/v2\/product_tag?post=1941"}],"curies":[{"name":"wp","href":"https:\/\/api.w.org\/{rel}","templated":true}]}}