{"id":19694,"date":"2024-10-16T16:58:05","date_gmt":"2024-10-16T08:58:05","guid":{"rendered":"https:\/\/med-disposable.com\/?post_type=product&#038;p=19694"},"modified":"2024-10-16T16:58:51","modified_gmt":"2024-10-16T08:58:51","slug":"nuevas-fundas-de-almohada-desechables","status":"publish","type":"product","link":"https:\/\/med-disposable.com\/es\/product\/new-style-disposable-pillow-covers\/","title":{"rendered":"Fundas de almohada desechables de nuevo estilo"},"content":{"rendered":"<h3>Especificaciones b\u00e1sicas<\/h3>\n<ul>\n<li><strong>Material<\/strong>: Poli\u00e9ster + PU (Poliuretano)<\/li>\n<li><strong>Peso<\/strong>: 100 g, o como se desee<\/li>\n<li><strong>Talla<\/strong>: 40x60cm, 60x60cm, disponible en varios tama\u00f1os para adaptarse a todas las almohadas est\u00e1ndar.<\/li>\n<li><strong>Color<\/strong>: Blanco, gris, colores personalizables disponibles bajo pedido.<\/li>\n<li><strong>Embalaje<\/strong>: Opciones de envasado individual o a granel para adaptarse a sus necesidades operativas.<\/li>\n<li><strong>Estilo<\/strong>: abierto por un lado, se cierra con cremallera<\/li>\n<\/ul>\n<p><img fetchpriority=\"high\" decoding=\"async\" class=\"wp-image-19710 size-full aligncenter\" src=\"https:\/\/med-disposable.com\/wp-content\/uploads\/2024\/10\/pupolyester-pillow-cover-grey-3.png\" alt=\"Bolsa de almacenamiento con cremallera gris sobre fondo blanco.\" width=\"800\" height=\"800\" srcset=\"https:\/\/med-disposable.com\/wp-content\/uploads\/2024\/10\/pupolyester-pillow-cover-grey-3.png 800w, https:\/\/med-disposable.com\/wp-content\/uploads\/2024\/10\/pupolyester-pillow-cover-grey-3-300x300.png 300w, https:\/\/med-disposable.com\/wp-content\/uploads\/2024\/10\/pupolyester-pillow-cover-grey-3-150x150.png 150w, https:\/\/med-disposable.com\/wp-content\/uploads\/2024\/10\/pupolyester-pillow-cover-grey-3-768x768.png 768w, https:\/\/med-disposable.com\/wp-content\/uploads\/2024\/10\/pupolyester-pillow-cover-grey-3-600x600.png 600w, https:\/\/med-disposable.com\/wp-content\/uploads\/2024\/10\/pupolyester-pillow-cover-grey-3-100x100.png 100w\" sizes=\"(max-width: 800px) 100vw, 800px\" \/><\/p>\n<p><img decoding=\"async\" class=\"wp-image-19711 size-full aligncenter\" src=\"https:\/\/med-disposable.com\/wp-content\/uploads\/2024\/10\/pupolyester-pillow-cover-grey-4.png\" alt=\"Primer plano de la lona con cremallera blanca\" width=\"800\" height=\"800\" srcset=\"https:\/\/med-disposable.com\/wp-content\/uploads\/2024\/10\/pupolyester-pillow-cover-grey-4.png 800w, https:\/\/med-disposable.com\/wp-content\/uploads\/2024\/10\/pupolyester-pillow-cover-grey-4-300x300.png 300w, https:\/\/med-disposable.com\/wp-content\/uploads\/2024\/10\/pupolyester-pillow-cover-grey-4-150x150.png 150w, https:\/\/med-disposable.com\/wp-content\/uploads\/2024\/10\/pupolyester-pillow-cover-grey-4-768x768.png 768w, https:\/\/med-disposable.com\/wp-content\/uploads\/2024\/10\/pupolyester-pillow-cover-grey-4-600x600.png 600w, https:\/\/med-disposable.com\/wp-content\/uploads\/2024\/10\/pupolyester-pillow-cover-grey-4-100x100.png 100w\" sizes=\"(max-width: 800px) 100vw, 800px\" \/><\/p>\n<h3><\/h3>\n<h3>Caracter\u00edsticas del producto<\/h3>\n<ul>\n<li><strong>Composici\u00f3n superior del material<\/strong>:\n<ul>\n<li><strong>Poli\u00e9ster + PU<\/strong>: La mezcla perfecta para una funda de almohada suave, el\u00e1stica e incre\u00edblemente c\u00f3moda. La capa de PU a\u00f1ade impermeabilidad a la vez que mantiene un tacto supersuave, garantizando una sensaci\u00f3n de lujo.<\/li>\n<\/ul>\n<\/li>\n<li><strong>F\u00e1cil mantenimiento<\/strong>:\n<ul>\n<li><strong>Impermeable y f\u00e1cil de limpiar<\/strong>: Basta con pasar una esponja por la superficie para eliminar las manchas. Para mayor higiene, desinfecte con una soluci\u00f3n suave. Esto reduce la necesidad de lavar a m\u00e1quina, ahorrando mano de obra y costes de mantenimiento.<\/li>\n<\/ul>\n<\/li>\n<li><strong>Rentable<\/strong>:\n<ul>\n<li><strong>Asequible y reutilizable<\/strong>: Aunque est\u00e1n dise\u00f1adas para un uso desechable, su fabricaci\u00f3n duradera permite m\u00faltiples usos, ofreciendo un valor excepcional. Menos caras que las fundas de almohada de algod\u00f3n tradicionales, son pr\u00e1cticas para sustituirlas con frecuencia sin preocupaciones econ\u00f3micas.<\/li>\n<\/ul>\n<\/li>\n<li><strong>Durabilidad<\/strong>:\n<ul>\n<li><strong>Calidad duradera<\/strong>: A diferencia de las fundas desechables no tejidas est\u00e1ndar, nuestras fundas de almohada de poli\u00e9ster+PU est\u00e1n fabricadas para soportar un uso repetido, manteniendo su integridad y comodidad con el paso del tiempo.<\/li>\n<\/ul>\n<\/li>\n<li><strong>Marca personalizable<\/strong>:\n<ul>\n<li><strong>Impresi\u00f3n de logotipos<\/strong>: Mejore la presencia de su marca con una impresi\u00f3n de logotipos duradera y de alta calidad. Nuestro proceso de impresi\u00f3n mejorado garantiza que su marca se mantenga viva e intacta, incluso despu\u00e9s de limpiarla.<\/li>\n<\/ul>\n<\/li>\n<\/ul>\n<p><img decoding=\"async\" class=\"wp-image-19705 size-full aligncenter\" src=\"https:\/\/med-disposable.com\/wp-content\/uploads\/2024\/10\/pupolyester-pillow-cover-1.png\" alt=\"Exterior de PU, interior de poli\u00e9ster Descripci\u00f3n del tejido\" width=\"800\" height=\"800\" srcset=\"https:\/\/med-disposable.com\/wp-content\/uploads\/2024\/10\/pupolyester-pillow-cover-1.png 800w, https:\/\/med-disposable.com\/wp-content\/uploads\/2024\/10\/pupolyester-pillow-cover-1-300x300.png 300w, https:\/\/med-disposable.com\/wp-content\/uploads\/2024\/10\/pupolyester-pillow-cover-1-150x150.png 150w, https:\/\/med-disposable.com\/wp-content\/uploads\/2024\/10\/pupolyester-pillow-cover-1-768x768.png 768w, https:\/\/med-disposable.com\/wp-content\/uploads\/2024\/10\/pupolyester-pillow-cover-1-600x600.png 600w, https:\/\/med-disposable.com\/wp-content\/uploads\/2024\/10\/pupolyester-pillow-cover-1-100x100.png 100w\" sizes=\"(max-width: 800px) 100vw, 800px\" \/><\/p>\n<p><img loading=\"lazy\" decoding=\"async\" class=\"wp-image-19716 size-full aligncenter\" src=\"https:\/\/med-disposable.com\/wp-content\/uploads\/2024\/10\/pupolyester-pillow-cover-8.png\" alt=\"Mano sosteniendo una funda de colch\u00f3n blanca.\" width=\"800\" height=\"800\" srcset=\"https:\/\/med-disposable.com\/wp-content\/uploads\/2024\/10\/pupolyester-pillow-cover-8.png 800w, https:\/\/med-disposable.com\/wp-content\/uploads\/2024\/10\/pupolyester-pillow-cover-8-300x300.png 300w, https:\/\/med-disposable.com\/wp-content\/uploads\/2024\/10\/pupolyester-pillow-cover-8-150x150.png 150w, https:\/\/med-disposable.com\/wp-content\/uploads\/2024\/10\/pupolyester-pillow-cover-8-768x768.png 768w, https:\/\/med-disposable.com\/wp-content\/uploads\/2024\/10\/pupolyester-pillow-cover-8-600x600.png 600w, https:\/\/med-disposable.com\/wp-content\/uploads\/2024\/10\/pupolyester-pillow-cover-8-100x100.png 100w\" sizes=\"(max-width: 800px) 100vw, 800px\" \/><\/p>","protected":false},"excerpt":{"rendered":"<p>Descubra la nueva generaci\u00f3n de protecci\u00f3n de almohadas con nuestras Fundas de Almohada Desechables New Style, fabricadas por expertos a partir de una mezcla de poli\u00e9ster y PU de primera calidad. Estas fundas ofrecen una combinaci\u00f3n inigualable de suavidad, elasticidad y resistencia, estableciendo un nuevo est\u00e1ndar de comodidad y practicidad.<\/p>","protected":false},"featured_media":19714,"template":"","meta":{"_seopress_robots_primary_cat":"none","_seopress_titles_title":"","_seopress_titles_desc":"","_seopress_robots_index":""},"product_brand":[],"product_cat":[49],"product_tag":[724],"class_list":{"0":"post-19694","1":"product","2":"type-product","3":"status-publish","4":"has-post-thumbnail","6":"product_cat-bed-linens","7":"product_tag-disposable-pillow-covers","9":"first","10":"instock","11":"shipping-taxable","12":"product-type-simple"},"_links":{"self":[{"href":"https:\/\/med-disposable.com\/es\/wp-json\/wp\/v2\/product\/19694","targetHints":{"allow":["GET"]}}],"collection":[{"href":"https:\/\/med-disposable.com\/es\/wp-json\/wp\/v2\/product"}],"about":[{"href":"https:\/\/med-disposable.com\/es\/wp-json\/wp\/v2\/types\/product"}],"version-history":[{"count":0,"href":"https:\/\/med-disposable.com\/es\/wp-json\/wp\/v2\/product\/19694\/revisions"}],"wp:featuredmedia":[{"embeddable":true,"href":"https:\/\/med-disposable.com\/es\/wp-json\/wp\/v2\/media\/19714"}],"wp:attachment":[{"href":"https:\/\/med-disposable.com\/es\/wp-json\/wp\/v2\/media?parent=19694"}],"wp:term":[{"taxonomy":"product_brand","embeddable":true,"href":"https:\/\/med-disposable.com\/es\/wp-json\/wp\/v2\/product_brand?post=19694"},{"taxonomy":"product_cat","embeddable":true,"href":"https:\/\/med-disposable.com\/es\/wp-json\/wp\/v2\/product_cat?post=19694"},{"taxonomy":"product_tag","embeddable":true,"href":"https:\/\/med-disposable.com\/es\/wp-json\/wp\/v2\/product_tag?post=19694"}],"curies":[{"name":"wp","href":"https:\/\/api.w.org\/{rel}","templated":true}]}}