{"id":1970,"date":"2021-06-11T18:05:01","date_gmt":"2021-06-11T10:05:01","guid":{"rendered":"https:\/\/med-disposable.com\/?post_type=product&#038;p=1970"},"modified":"2023-06-13T18:49:59","modified_gmt":"2023-06-13T10:49:59","slug":"funda-de-reposacabezas-de-spa-desechable-de-pp-no-tejido","status":"publish","type":"product","link":"https:\/\/med-disposable.com\/es\/product\/disposable-pp-non-woven-spa-headrest-cover\/","title":{"rendered":"Funda no tejida desechable de PP para reposacabezas de SPA"},"content":{"rendered":"<h2>Especificaciones b\u00e1sicas de la funda no tejida de PP para reposacabezas de SPA:<\/h2>\n<table width=\"418\">\n<tbody>\n<tr>\n<td width=\"126\">Talla<\/td>\n<td width=\"292\">30*28cm, 33*43cm, o seg\u00fan pedido<\/td>\n<\/tr>\n<tr>\n<td width=\"126\">Material<\/td>\n<td width=\"292\">PP<\/td>\n<\/tr>\n<tr>\n<td width=\"126\">Gramo de peso<\/td>\n<td width=\"292\">30-50gsm<\/td>\n<\/tr>\n<tr>\n<td width=\"126\">Color<\/td>\n<td width=\"292\">Blanco, azul, rosa, negro u otros colores<\/td>\n<\/tr>\n<tr>\n<td width=\"126\">Embalaje<\/td>\n<td width=\"292\">50pcs\/bag o caja, 500pcs\/ctn, o como petici\u00f3n<\/td>\n<\/tr>\n<\/tbody>\n<\/table>\n<p><img fetchpriority=\"high\" decoding=\"async\" class=\"wp-image-3910 aligncenter\" src=\"https:\/\/med-disposable.com\/wp-content\/uploads\/2022\/04\/Disposable-face-cradle-covers-300x300.jpg\" alt=\"\" width=\"800\" height=\"800\" srcset=\"https:\/\/med-disposable.com\/wp-content\/uploads\/2022\/04\/Disposable-face-cradle-covers-300x300.jpg 300w, https:\/\/med-disposable.com\/wp-content\/uploads\/2022\/04\/Disposable-face-cradle-covers-150x150.jpg 150w, https:\/\/med-disposable.com\/wp-content\/uploads\/2022\/04\/Disposable-face-cradle-covers-100x100.jpg 100w, https:\/\/med-disposable.com\/wp-content\/uploads\/2022\/04\/Disposable-face-cradle-covers.jpg 500w\" sizes=\"(max-width: 800px) 100vw, 800px\" \/><\/p>\n<h2><strong>Ventajas de las fundas desechables para reposacabezas de Wuhan Youfu:\u00a0<\/strong><\/h2>\n<ul>\n<li><strong>Dise\u00f1o en forma de U:<\/strong>\u00a0El dise\u00f1o en forma de U de estas fundas de reposacabezas garantiza un ajuste perfecto a la mayor\u00eda de los reposacabezas de los spas, proporcionando una barrera segura e higi\u00e9nica entre la piel del cliente y el reposacabezas.<\/li>\n<li><strong>Borde el\u00e1stico:<\/strong>\u00a0Con un borde el\u00e1stico, nuestras fundas desechables para reposacabezas de spa permanecen en su sitio durante todo el tratamiento, proporcionando una experiencia c\u00f3moda y sin interrupciones a sus clientes.<\/li>\n<li><strong>Material:<\/strong> Fabricadas con tejido de polipropileno virgen de alta calidad, suaves, duraderas y ligeras. Son suaves con la piel y proporcionan una superficie c\u00f3moda para el descanso de sus clientes.<\/li>\n<li><strong>Soluci\u00f3n higi\u00e9nica:<\/strong>\u00a0Estas fundas desechables para reposacabezas son una excelente soluci\u00f3n higi\u00e9nica para spas y centros de masajes, ya que ayudan a evitar la propagaci\u00f3n de bacterias, al\u00e9rgenos y otros contaminantes.<\/li>\n<li><strong>F\u00e1cil de usar:<\/strong>\u00a0Basta con estirar el borde el\u00e1stico sobre el reposacabezas y \u00a1listo! Las fundas desechables pueden retirarse y sustituirse f\u00e1cilmente despu\u00e9s de cada cliente, garantizando una superficie limpia y fresca para cada tratamiento.<\/li>\n<\/ul>\n<p>&nbsp;<\/p>\n<p><img decoding=\"async\" class=\"aligncenter wp-image-7849 size-full\" src=\"https:\/\/med-disposable.com\/wp-content\/uploads\/2021\/06\/PP-face-cradle-covers-2_\u526f\u672c.jpg\" alt=\"\" width=\"800\" height=\"800\" srcset=\"https:\/\/med-disposable.com\/wp-content\/uploads\/2021\/06\/PP-face-cradle-covers-2_\u526f\u672c.jpg 800w, https:\/\/med-disposable.com\/wp-content\/uploads\/2021\/06\/PP-face-cradle-covers-2_\u526f\u672c-300x300.jpg 300w, https:\/\/med-disposable.com\/wp-content\/uploads\/2021\/06\/PP-face-cradle-covers-2_\u526f\u672c-150x150.jpg 150w, https:\/\/med-disposable.com\/wp-content\/uploads\/2021\/06\/PP-face-cradle-covers-2_\u526f\u672c-768x768.jpg 768w, https:\/\/med-disposable.com\/wp-content\/uploads\/2021\/06\/PP-face-cradle-covers-2_\u526f\u672c-600x600.jpg 600w, https:\/\/med-disposable.com\/wp-content\/uploads\/2021\/06\/PP-face-cradle-covers-2_\u526f\u672c-100x100.jpg 100w\" sizes=\"(max-width: 800px) 100vw, 800px\" \/> <img decoding=\"async\" class=\"aligncenter wp-image-7850 size-full\" src=\"https:\/\/med-disposable.com\/wp-content\/uploads\/2021\/06\/PP-face-cradle-covers-3_\u526f\u672c.jpg\" alt=\"\" width=\"800\" height=\"800\" srcset=\"https:\/\/med-disposable.com\/wp-content\/uploads\/2021\/06\/PP-face-cradle-covers-3_\u526f\u672c.jpg 800w, https:\/\/med-disposable.com\/wp-content\/uploads\/2021\/06\/PP-face-cradle-covers-3_\u526f\u672c-300x300.jpg 300w, https:\/\/med-disposable.com\/wp-content\/uploads\/2021\/06\/PP-face-cradle-covers-3_\u526f\u672c-150x150.jpg 150w, https:\/\/med-disposable.com\/wp-content\/uploads\/2021\/06\/PP-face-cradle-covers-3_\u526f\u672c-768x768.jpg 768w, https:\/\/med-disposable.com\/wp-content\/uploads\/2021\/06\/PP-face-cradle-covers-3_\u526f\u672c-600x600.jpg 600w, https:\/\/med-disposable.com\/wp-content\/uploads\/2021\/06\/PP-face-cradle-covers-3_\u526f\u672c-100x100.jpg 100w\" sizes=\"(max-width: 800px) 100vw, 800px\" \/> <img loading=\"lazy\" decoding=\"async\" class=\"aligncenter wp-image-7851 size-full\" src=\"https:\/\/med-disposable.com\/wp-content\/uploads\/2021\/06\/PP-face-cradle-covers-4_\u526f\u672c.jpg\" alt=\"\" width=\"800\" height=\"800\" srcset=\"https:\/\/med-disposable.com\/wp-content\/uploads\/2021\/06\/PP-face-cradle-covers-4_\u526f\u672c.jpg 800w, https:\/\/med-disposable.com\/wp-content\/uploads\/2021\/06\/PP-face-cradle-covers-4_\u526f\u672c-300x300.jpg 300w, https:\/\/med-disposable.com\/wp-content\/uploads\/2021\/06\/PP-face-cradle-covers-4_\u526f\u672c-150x150.jpg 150w, https:\/\/med-disposable.com\/wp-content\/uploads\/2021\/06\/PP-face-cradle-covers-4_\u526f\u672c-768x768.jpg 768w, https:\/\/med-disposable.com\/wp-content\/uploads\/2021\/06\/PP-face-cradle-covers-4_\u526f\u672c-600x600.jpg 600w, https:\/\/med-disposable.com\/wp-content\/uploads\/2021\/06\/PP-face-cradle-covers-4_\u526f\u672c-100x100.jpg 100w\" sizes=\"(max-width: 800px) 100vw, 800px\" \/><\/p>\n<h2><\/h2>\n<h2>\u00bfPor qu\u00e9 encargar fundas de reposacabezas a Wuhan Youfu?<\/h2>\n<ol>\n<li><strong>Opciones de personalizaci\u00f3n:<\/strong>\u00a0Wuhan Youfu es consciente de que cada empresa tiene sus propias necesidades y preferencias. Ofrecen opciones de personalizaci\u00f3n para sus fundas desechables para reposacabezas, incluidos distintos colores, materiales y opciones de embalaje. Esto le permite adaptar el producto a sus necesidades espec\u00edficas.<\/li>\n<li><strong>Garant\u00eda de calidad:<\/strong>\u00a0Wuhan Youfu se dedica a la fabricaci\u00f3n de fundas de reposacabezas desechables de primera calidad utilizando materiales de primera calidad y siguiendo estrictos procedimientos de control de calidad. Esto garantiza que usted reciba un producto que cumpla sus expectativas y proporcione una experiencia c\u00f3moda e higi\u00e9nica a sus clientes.<\/li>\n<li><strong>Precios competitivos:<\/strong> Wuhan Youfu ofrece sus productos a precios competitivos, lo que le garantiza la mejor relaci\u00f3n calidad-precio. Si elige Wuhan Youfu, podr\u00e1 ofrecer a sus clientes un producto de alta calidad sin arruinarse.<\/li>\n<li><strong>Experiencia en el sector:<\/strong>\u00a0Con a\u00f1os de experiencia en la industria de productos desechables, Wuhan Youfu ha adquirido valiosos conocimientos y experiencia en la creaci\u00f3n de fundas desechables de alta calidad para reposacabezas. Comprenden las necesidades de las empresas de los sectores del spa y los masajes y se dedican a ofrecer los mejores productos y servicios para satisfacerlas.<\/li>\n<li><strong>Env\u00edo r\u00e1pido y entrega fiable:<\/strong>\u00a0Wuhan Youfu se compromete a proporcionar servicios de env\u00edo r\u00e1pidos y eficaces para garantizar que reciba su pedido lo antes posible. Han establecido alianzas con proveedores log\u00edsticos de confianza para garantizar la entrega puntual de sus fundas de reposacabezas desechables.<\/li>\n<li><strong>Excelente servicio de atenci\u00f3n al cliente:<\/strong>\u00a0Wuhan Youfu da prioridad a la satisfacci\u00f3n del cliente y siempre est\u00e1 dispuesto a resolver cualquier duda o consulta que pueda tener. Su equipo de atenci\u00f3n al cliente es experto, amable y receptivo, lo que le garantiza una experiencia positiva al realizar sus pedidos.<\/li>\n<\/ol>","protected":false},"excerpt":{"rendered":"<p>Se adapta a la mayor\u00eda de las almohadillas de reposacabezas, sin necesidad de crear un orificio;<\/p>\n<p>Con banda el\u00e1stica, fijada a la almohadilla del reposacabezas, no se cae al levantar la cabeza<\/p>","protected":false},"featured_media":7059,"template":"","meta":{"_seopress_robots_primary_cat":"none","_seopress_titles_title":"Soft, Comfortable Non-Woven Face Coverings; 30-50gsm, White, Blue, Pink &amp; Black","_seopress_titles_desc":"Disposable PP non-woven SPA headrest covers - It\u2019s used to protect the face pad and the client\u2019s face from germs and bacteria (one time use only). 50pcs\/bag or box, 500pcs\/ctn, or as request.","_seopress_robots_index":""},"product_brand":[],"product_cat":[86],"product_tag":[121],"class_list":{"0":"post-1970","1":"product","2":"type-product","3":"status-publish","4":"has-post-thumbnail","6":"product_cat-beauty-and-spa","7":"product_tag-headrest-cover","9":"first","10":"instock","11":"shipping-taxable","12":"product-type-simple"},"_links":{"self":[{"href":"https:\/\/med-disposable.com\/es\/wp-json\/wp\/v2\/product\/1970","targetHints":{"allow":["GET"]}}],"collection":[{"href":"https:\/\/med-disposable.com\/es\/wp-json\/wp\/v2\/product"}],"about":[{"href":"https:\/\/med-disposable.com\/es\/wp-json\/wp\/v2\/types\/product"}],"version-history":[{"count":0,"href":"https:\/\/med-disposable.com\/es\/wp-json\/wp\/v2\/product\/1970\/revisions"}],"wp:featuredmedia":[{"embeddable":true,"href":"https:\/\/med-disposable.com\/es\/wp-json\/wp\/v2\/media\/7059"}],"wp:attachment":[{"href":"https:\/\/med-disposable.com\/es\/wp-json\/wp\/v2\/media?parent=1970"}],"wp:term":[{"taxonomy":"product_brand","embeddable":true,"href":"https:\/\/med-disposable.com\/es\/wp-json\/wp\/v2\/product_brand?post=1970"},{"taxonomy":"product_cat","embeddable":true,"href":"https:\/\/med-disposable.com\/es\/wp-json\/wp\/v2\/product_cat?post=1970"},{"taxonomy":"product_tag","embeddable":true,"href":"https:\/\/med-disposable.com\/es\/wp-json\/wp\/v2\/product_tag?post=1970"}],"curies":[{"name":"wp","href":"https:\/\/api.w.org\/{rel}","templated":true}]}}