{"id":2028,"date":"2021-06-28T17:03:54","date_gmt":"2021-06-28T09:03:54","guid":{"rendered":"https:\/\/med-disposable.com\/?post_type=product&#038;p=2028"},"modified":"2023-04-14T15:14:38","modified_gmt":"2023-04-14T07:14:38","slug":"bata-de-visita-desechable-pp-no-tejida","status":"publish","type":"product","link":"https:\/\/med-disposable.com\/es\/product\/disposable-pp-non-woven-visitor-gown-coat\/","title":{"rendered":"Bata de visita desechable de PP no tejido"},"content":{"rendered":"<p>Especificaci\u00f3n b\u00e1sica:<\/p>\n<table width=\"604\">\n<tbody>\n<tr>\n<td width=\"82\">Material<\/td>\n<td width=\"522\">PP no tejido<\/td>\n<\/tr>\n<tr>\n<td>Talla<\/td>\n<td>M:115*135CM,L:120*140CM,XL:130*150CM, o seg\u00fan requisitos<\/td>\n<\/tr>\n<tr>\n<td>Peso<\/td>\n<td>El peso m\u00e1s com\u00fan es PP40g, podemos hacerlo PP20-60gsm seg\u00fan sus requisitos.<\/td>\n<\/tr>\n<tr>\n<td>Color<\/td>\n<td>Normalmente el color puede ser blanco o azul, tambi\u00e9n puede ser de otros colores como verde, rosa, negro...<\/td>\n<\/tr>\n<tr>\n<td>Embalaje<\/td>\n<td>10pcs\/bag, 100pcs\/carton, o como petici\u00f3n<\/td>\n<\/tr>\n<tr>\n<td>Estilo<\/td>\n<td width=\"522\">con cuello sencillo, o simplemente cuello redondo sin cuello;<br \/>\nPu\u00f1os el\u00e1sticos o de punto a petici\u00f3n;<br \/>\nLa parte delantera puede ser con botones o con velcro;<br \/>\nCon un bolsillo, o tres bolsillos, o sin bolsillo.<br \/>\nLos estilos personalizados son siempre bienvenidos.<\/td>\n<\/tr>\n<tr>\n<td>Certificados<\/td>\n<td>ISO13485, FDA, marcado CE<\/td>\n<\/tr>\n<\/tbody>\n<\/table>\n<p><img fetchpriority=\"high\" decoding=\"async\" class=\"aligncenter wp-image-5622 size-full\" src=\"https:\/\/med-disposable.com\/wp-content\/uploads\/2021\/06\/PP-lab-coat.jpg\" alt=\"\" width=\"800\" height=\"800\" srcset=\"https:\/\/med-disposable.com\/wp-content\/uploads\/2021\/06\/PP-lab-coat.jpg 800w, https:\/\/med-disposable.com\/wp-content\/uploads\/2021\/06\/PP-lab-coat-300x300.jpg 300w, https:\/\/med-disposable.com\/wp-content\/uploads\/2021\/06\/PP-lab-coat-150x150.jpg 150w, https:\/\/med-disposable.com\/wp-content\/uploads\/2021\/06\/PP-lab-coat-768x768.jpg 768w, https:\/\/med-disposable.com\/wp-content\/uploads\/2021\/06\/PP-lab-coat-600x600.jpg 600w, https:\/\/med-disposable.com\/wp-content\/uploads\/2021\/06\/PP-lab-coat-100x100.jpg 100w\" sizes=\"(max-width: 800px) 100vw, 800px\" \/><\/p>\n<p>&nbsp;<\/p>\n<p>Las batas de visita desechables son adecuadas para una gran variedad de aplicaciones, entre ellas:<\/p>\n<ul>\n<li><strong>Hospitales y cl\u00ednicas<\/strong>: Nuestra bata de visita es ideal para su uso en hospitales y cl\u00ednicas, donde la protecci\u00f3n contra l\u00edquidos y polvo es fundamental.<\/li>\n<li><strong>Residencias de ancianos<\/strong>: Nuestra bata de visita proporciona una capa adicional de protecci\u00f3n para los residentes y el personal de residencias de ancianos y centros de vida asistida.<\/li>\n<li><strong>Laboratorios<\/strong>: Nuestra bata de visitante es adecuada para su uso en laboratorios, donde es esencial la protecci\u00f3n contra riesgos qu\u00edmicos y biol\u00f3gicos.<\/li>\n<li><strong>Entornos p\u00fablicos<\/strong>: Nuestra bata de visita puede utilizarse en entornos p\u00fablicos, como colegios, aeropuertos y transportes p\u00fablicos, para minimizar el riesgo de contaminaci\u00f3n e infecci\u00f3n.<\/li>\n<\/ul>\n<p><img decoding=\"async\" class=\"aligncenter wp-image-5621 size-full\" src=\"https:\/\/med-disposable.com\/wp-content\/uploads\/2021\/06\/\u4e0b\u8f7d.jpg\" alt=\"\" width=\"800\" height=\"640\" srcset=\"https:\/\/med-disposable.com\/wp-content\/uploads\/2021\/06\/\u4e0b\u8f7d.jpg 800w, https:\/\/med-disposable.com\/wp-content\/uploads\/2021\/06\/\u4e0b\u8f7d-300x240.jpg 300w, https:\/\/med-disposable.com\/wp-content\/uploads\/2021\/06\/\u4e0b\u8f7d-768x614.jpg 768w, https:\/\/med-disposable.com\/wp-content\/uploads\/2021\/06\/\u4e0b\u8f7d-600x480.jpg 600w\" sizes=\"(max-width: 800px) 100vw, 800px\" \/><\/p>\n<p>&nbsp;<\/p>\n<p>Caracter\u00edsticas:<\/p>\n<ul>\n<li><strong>Barrera protectora<\/strong>: Nuestra bata para visitantes est\u00e1 dise\u00f1ada para ser una barrera protectora contra l\u00edquidos, polvo y otros contaminantes. El material no tejido PP duradero proporciona una protecci\u00f3n fiable para sus visitantes y personal.<\/li>\n<li><strong>Transpirable y c\u00f3modo<\/strong>: A pesar de su capacidad protectora, nuestra bata de visita es transpirable y c\u00f3moda de llevar. El material ligero permite moverse con facilidad y no causa molestias ni irritaciones.<\/li>\n<li><strong>Desechables y c\u00f3modos<\/strong>: Nuestra bata de visita desechable est\u00e1 dise\u00f1ada para ser c\u00f3moda y f\u00e1cil de usar. Simplemente p\u00f3ngasela sobre la ropa y des\u00e9chela cuando haya terminado. Esto hace que sea una gran opci\u00f3n para su uso en lugares donde el lavado y la desinfecci\u00f3n frecuentes pueden no ser posibles o pr\u00e1cticos.<\/li>\n<li><strong>Varios tama\u00f1os disponibles<\/strong>: Nuestra bata de visita viene en una variedad de tama\u00f1os para adaptarse a diferentes tipos de cuerpo y tama\u00f1os, asegurando un ajuste c\u00f3modo para todos.<\/li>\n<\/ul>\n<p><img decoding=\"async\" class=\"aligncenter wp-image-5614 size-full\" src=\"https:\/\/med-disposable.com\/wp-content\/uploads\/2021\/06\/40A9865.jpg\" alt=\"\" width=\"800\" height=\"800\" srcset=\"https:\/\/med-disposable.com\/wp-content\/uploads\/2021\/06\/40A9865.jpg 800w, https:\/\/med-disposable.com\/wp-content\/uploads\/2021\/06\/40A9865-300x300.jpg 300w, https:\/\/med-disposable.com\/wp-content\/uploads\/2021\/06\/40A9865-150x150.jpg 150w, https:\/\/med-disposable.com\/wp-content\/uploads\/2021\/06\/40A9865-768x768.jpg 768w, https:\/\/med-disposable.com\/wp-content\/uploads\/2021\/06\/40A9865-600x600.jpg 600w, https:\/\/med-disposable.com\/wp-content\/uploads\/2021\/06\/40A9865-100x100.jpg 100w\" sizes=\"(max-width: 800px) 100vw, 800px\" \/><\/p>\n<p>&nbsp;<\/p>\n<p><strong>Cuestiones que le preocupan<\/strong>:<\/p>\n<ol>\n<li>\u00bfPor qu\u00e9 deber\u00eda elegir a Wuhan Youfu como proveedor de batas de visita desechables?<\/li>\n<\/ol>\n<p>Wuhan Youfu es un fabricante profesional con 10 a\u00f1os de experiencia en la producci\u00f3n y exportaci\u00f3n de productos de protecci\u00f3n desechables de alta calidad. Nos comprometemos a ofrecer a nuestros clientes una protecci\u00f3n fiable, un uso c\u00f3modo y precios competitivos. Tambi\u00e9n ofrecemos opciones de personalizaci\u00f3n para satisfacer las necesidades y requisitos espec\u00edficos de nuestros clientes, garantizando que reciban los mejores productos y servicios posibles.<\/p>\n<p>&nbsp;<\/p>\n<p>2. \u00bfEs transpirable la bata de visita?<\/p>\n<p>S\u00ed, nuestra bata de visita est\u00e1 fabricada con un material ligero y transpirable que permite llevarla c\u00f3modamente y moverse con facilidad.<\/p>\n<p>&nbsp;<\/p>\n<p>3. \u00bfEs la bata de visitante respetuosa con el medio ambiente?<\/p>\n<p>Nuestra bata de visita no se considera respetuosa con el medio ambiente, ya que est\u00e1 dise\u00f1ada para un solo uso y debe desecharse despu\u00e9s de cada uso.<\/p>\n<p>&nbsp;<\/p>\n<ol start=\"4\">\n<li>\u00bfDe qu\u00e9 material es la bata de visita?<\/li>\n<\/ol>\n<p>Nuestra bata de visita est\u00e1 fabricada con material no tejido PP, que proporciona una protecci\u00f3n fiable contra l\u00edquidos y polvo.<\/p>\n<p>&nbsp;<\/p>\n<ol start=\"5\">\n<li>\u00bfSe puede personalizar la bata de visita?<\/li>\n<\/ol>\n<p>S\u00ed, podemos personalizar nuestra bata de visita seg\u00fan las necesidades y requisitos espec\u00edficos de nuestros clientes, como el tama\u00f1o, el material y el embalaje.<\/p>\n<p>&nbsp;<\/p>\n<p>6. \u00bfCu\u00e1l es el plazo de pago si hago un pedido?<\/p>\n<p>Por lo general, para la primera orden debe ser 30% TT por adelantado, y el pago del saldo antes de la carga. LC a la ligera tambi\u00e9n est\u00e1 disponible si es necesario.<\/p>\n<p>&nbsp;<\/p>\n<p>7. \u00bfCu\u00e1l es el MOQ para las batas de visitante?<\/p>\n<p>El MOQ para los estilos regulares de abrigos de visitante debe ser 5,000pcs, y para el estilo personalizado debe ser 10,000pcs.<\/p>","protected":false},"excerpt":{"rendered":"<p>Proteja a sus visitantes y a su personal con nuestra bata de visita desechable de PP no tejido de alta calidad. Fabricada con material duradero y transpirable, esta bata de visita ofrece una excelente protecci\u00f3n contra l\u00edquidos y polvo, adem\u00e1s de ser c\u00f3moda de llevar.<\/p>","protected":false},"featured_media":5611,"template":"","meta":{"_seopress_robots_primary_cat":"none","_seopress_titles_title":"PP Non Woven Visitor Gown Coat: Durable, Breathable Protective Barrier in M, L, XL","_seopress_titles_desc":"Visitor Gown Coats - PP non woven visitor coats provide cost-effective protection. It\u2019s made from lightweight material that keeps costs down.","_seopress_robots_index":""},"product_brand":[],"product_cat":[48],"product_tag":[70,57],"class_list":{"0":"post-2028","1":"product","2":"type-product","3":"status-publish","4":"has-post-thumbnail","6":"product_cat-lab-coat","7":"product_tag-lab-coat","8":"product_tag-non-woven","10":"first","11":"instock","12":"shipping-taxable","13":"product-type-simple"},"_links":{"self":[{"href":"https:\/\/med-disposable.com\/es\/wp-json\/wp\/v2\/product\/2028","targetHints":{"allow":["GET"]}}],"collection":[{"href":"https:\/\/med-disposable.com\/es\/wp-json\/wp\/v2\/product"}],"about":[{"href":"https:\/\/med-disposable.com\/es\/wp-json\/wp\/v2\/types\/product"}],"version-history":[{"count":0,"href":"https:\/\/med-disposable.com\/es\/wp-json\/wp\/v2\/product\/2028\/revisions"}],"wp:featuredmedia":[{"embeddable":true,"href":"https:\/\/med-disposable.com\/es\/wp-json\/wp\/v2\/media\/5611"}],"wp:attachment":[{"href":"https:\/\/med-disposable.com\/es\/wp-json\/wp\/v2\/media?parent=2028"}],"wp:term":[{"taxonomy":"product_brand","embeddable":true,"href":"https:\/\/med-disposable.com\/es\/wp-json\/wp\/v2\/product_brand?post=2028"},{"taxonomy":"product_cat","embeddable":true,"href":"https:\/\/med-disposable.com\/es\/wp-json\/wp\/v2\/product_cat?post=2028"},{"taxonomy":"product_tag","embeddable":true,"href":"https:\/\/med-disposable.com\/es\/wp-json\/wp\/v2\/product_tag?post=2028"}],"curies":[{"name":"wp","href":"https:\/\/api.w.org\/{rel}","templated":true}]}}