{"id":2040,"date":"2021-06-28T18:19:23","date_gmt":"2021-06-28T10:19:23","guid":{"rendered":"https:\/\/med-disposable.com\/?post_type=product&#038;p=2040"},"modified":"2023-06-27T11:05:59","modified_gmt":"2023-06-27T03:05:59","slug":"vestidos-desechables-impermeables-pe-unisex","status":"publish","type":"product","link":"https:\/\/med-disposable.com\/es\/product\/disposable-waterproof-pe-unisex-frocks\/","title":{"rendered":"Trajes unisex desechables de PE impermeable"},"content":{"rendered":"<p>Con cuello sencillo o capucha a elegir, pu\u00f1os abiertos o el\u00e1sticos y parte delantera con botones, estas batas desechables ofrecen un ajuste seguro y c\u00f3modo a la vez que garantizan la facilidad de movimiento. Disponibles en una amplia gama de colores, nuestras batas impermeables desechables son adecuadas tanto para hombres como para mujeres y son perfectas para diversas aplicaciones, como el procesamiento de alimentos, la limpieza y otras industrias que requieren protecci\u00f3n frente a la exposici\u00f3n al agua y los l\u00edquidos.<\/p>\n<h2>Especificaci\u00f3n b\u00e1sica:<\/h2>\n<table width=\"446\">\n<tbody>\n<tr>\n<td width=\"86\">Talla<\/td>\n<td width=\"360\">S, M, XL, XXL, XXXL, o seg\u00fan pedido<\/td>\n<\/tr>\n<tr>\n<td width=\"86\">Material<\/td>\n<td width=\"360\">PE<\/td>\n<\/tr>\n<tr>\n<td width=\"86\">Peso<\/td>\n<td width=\"360\">25-55g\/pc<\/td>\n<\/tr>\n<tr>\n<td width=\"86\">Estilo<\/td>\n<td width=\"360\">Cuello sencillo, parte delantera con botones, pu\u00f1os abiertos o con el\u00e1stico, con o sin bolsillos<\/td>\n<\/tr>\n<tr>\n<td width=\"86\">Color<\/td>\n<td width=\"360\">Blanco, azul, verde, rojo, transparente o personalizado<\/td>\n<\/tr>\n<\/tbody>\n<\/table>\n<p><img fetchpriority=\"high\" decoding=\"async\" class=\"aligncenter wp-image-8657 size-full\" src=\"https:\/\/med-disposable.com\/wp-content\/uploads\/2021\/06\/PE-lab-coats-4.jpg\" alt=\"\" width=\"800\" height=\"800\" srcset=\"https:\/\/med-disposable.com\/wp-content\/uploads\/2021\/06\/PE-lab-coats-4.jpg 800w, https:\/\/med-disposable.com\/wp-content\/uploads\/2021\/06\/PE-lab-coats-4-300x300.jpg 300w, https:\/\/med-disposable.com\/wp-content\/uploads\/2021\/06\/PE-lab-coats-4-150x150.jpg 150w, https:\/\/med-disposable.com\/wp-content\/uploads\/2021\/06\/PE-lab-coats-4-768x768.jpg 768w, https:\/\/med-disposable.com\/wp-content\/uploads\/2021\/06\/PE-lab-coats-4-600x600.jpg 600w, https:\/\/med-disposable.com\/wp-content\/uploads\/2021\/06\/PE-lab-coats-4-100x100.jpg 100w\" sizes=\"(max-width: 800px) 100vw, 800px\" \/><\/p>\n<h2>Ventajas de los trajes unisex de PE<\/h2>\n<p><strong>Dise\u00f1o unisex<\/strong>: Nuestras batas impermeables desechables est\u00e1n dise\u00f1adas para adaptarse tanto a hombres como a mujeres, lo que las convierte en una opci\u00f3n vers\u00e1til para diversas industrias y aplicaciones.<\/p>\n<p><strong>Cuello o capucha<\/strong>: Elija entre un dise\u00f1o de cuello sencillo para una protecci\u00f3n adicional del cuello o una capucha para una cobertura total de la cabeza, en funci\u00f3n de sus necesidades y preferencias espec\u00edficas.<\/p>\n<p><img decoding=\"async\" class=\"aligncenter wp-image-7488 size-full\" src=\"https:\/\/med-disposable.com\/wp-content\/uploads\/2021\/04\/PE-lab-coat-7.jpg\" alt=\"\" width=\"800\" height=\"800\" srcset=\"https:\/\/med-disposable.com\/wp-content\/uploads\/2021\/04\/PE-lab-coat-7.jpg 800w, https:\/\/med-disposable.com\/wp-content\/uploads\/2021\/04\/PE-lab-coat-7-300x300.jpg 300w, https:\/\/med-disposable.com\/wp-content\/uploads\/2021\/04\/PE-lab-coat-7-150x150.jpg 150w, https:\/\/med-disposable.com\/wp-content\/uploads\/2021\/04\/PE-lab-coat-7-768x768.jpg 768w, https:\/\/med-disposable.com\/wp-content\/uploads\/2021\/04\/PE-lab-coat-7-600x600.jpg 600w, https:\/\/med-disposable.com\/wp-content\/uploads\/2021\/04\/PE-lab-coat-7-100x100.jpg 100w\" sizes=\"(max-width: 800px) 100vw, 800px\" \/><\/p>\n<p><img decoding=\"async\" class=\"aligncenter wp-image-8659 size-large\" src=\"https:\/\/med-disposable.com\/wp-content\/uploads\/2021\/06\/rain-coat-2-1024x1024.jpg\" alt=\"\" width=\"800\" height=\"800\" srcset=\"https:\/\/med-disposable.com\/wp-content\/uploads\/2021\/06\/rain-coat-2-1024x1024.jpg 1024w, https:\/\/med-disposable.com\/wp-content\/uploads\/2021\/06\/rain-coat-2-300x300.jpg 300w, https:\/\/med-disposable.com\/wp-content\/uploads\/2021\/06\/rain-coat-2-150x150.jpg 150w, https:\/\/med-disposable.com\/wp-content\/uploads\/2021\/06\/rain-coat-2-768x768.jpg 768w, https:\/\/med-disposable.com\/wp-content\/uploads\/2021\/06\/rain-coat-2-1536x1536.jpg 1536w, https:\/\/med-disposable.com\/wp-content\/uploads\/2021\/06\/rain-coat-2-scaled.jpg 2048w, https:\/\/med-disposable.com\/wp-content\/uploads\/2021\/06\/rain-coat-2-600x600.jpg 600w, https:\/\/med-disposable.com\/wp-content\/uploads\/2021\/06\/rain-coat-2-100x100.jpg 100w\" sizes=\"(max-width: 800px) 100vw, 800px\" \/><\/p>\n<p><strong>Pu\u00f1os abiertos o el\u00e1sticos<\/strong>: Las batas est\u00e1n disponibles con pu\u00f1os abiertos para facilitar el movimiento y la flexibilidad o con pu\u00f1os el\u00e1sticos para un ajuste ce\u00f1ido alrededor de las mu\u00f1ecas, evitando que las mangas se enrollen y garantizando la m\u00e1xima protecci\u00f3n contra los derrames y la contaminaci\u00f3n.<\/p>\n<p><strong>Frontal con botones<\/strong>: La parte delantera con botones garantiza un ajuste seguro y c\u00f3modo, lo que facilita ponerse y quitarse la bata manteniendo un aspecto profesional y limpio.<\/p>\n<p><img loading=\"lazy\" decoding=\"async\" class=\"aligncenter wp-image-8658 size-large\" src=\"https:\/\/med-disposable.com\/wp-content\/uploads\/2021\/06\/rain-coat-1-1024x1024.jpg\" alt=\"\" width=\"800\" height=\"800\" srcset=\"https:\/\/med-disposable.com\/wp-content\/uploads\/2021\/06\/rain-coat-1-1024x1024.jpg 1024w, https:\/\/med-disposable.com\/wp-content\/uploads\/2021\/06\/rain-coat-1-300x300.jpg 300w, https:\/\/med-disposable.com\/wp-content\/uploads\/2021\/06\/rain-coat-1-150x150.jpg 150w, https:\/\/med-disposable.com\/wp-content\/uploads\/2021\/06\/rain-coat-1-768x768.jpg 768w, https:\/\/med-disposable.com\/wp-content\/uploads\/2021\/06\/rain-coat-1-1536x1536.jpg 1536w, https:\/\/med-disposable.com\/wp-content\/uploads\/2021\/06\/rain-coat-1-scaled.jpg 2048w, https:\/\/med-disposable.com\/wp-content\/uploads\/2021\/06\/rain-coat-1-600x600.jpg 600w, https:\/\/med-disposable.com\/wp-content\/uploads\/2021\/06\/rain-coat-1-100x100.jpg 100w\" sizes=\"(max-width: 800px) 100vw, 800px\" \/><\/p>\n<p><strong>Colores<\/strong>: Nuestras batas impermeables desechables est\u00e1n disponibles en varios colores, lo que le permite elegir el color que mejor se adapte a su entorno profesional.<\/p>\n<p><strong>Material<\/strong>: Fabricadas con material PE de alta calidad, nuestras batas impermeables desechables son ligeras, impermeables y resistentes a los l\u00edquidos, por lo que ofrecen una protecci\u00f3n \u00f3ptima en diversos entornos de trabajo.<\/p>\n<p><img loading=\"lazy\" decoding=\"async\" class=\"aligncenter wp-image-8656 size-full\" src=\"https:\/\/med-disposable.com\/wp-content\/uploads\/2021\/06\/PE-lab-coats-3.jpg\" alt=\"\" width=\"800\" height=\"800\" srcset=\"https:\/\/med-disposable.com\/wp-content\/uploads\/2021\/06\/PE-lab-coats-3.jpg 800w, https:\/\/med-disposable.com\/wp-content\/uploads\/2021\/06\/PE-lab-coats-3-300x300.jpg 300w, https:\/\/med-disposable.com\/wp-content\/uploads\/2021\/06\/PE-lab-coats-3-150x150.jpg 150w, https:\/\/med-disposable.com\/wp-content\/uploads\/2021\/06\/PE-lab-coats-3-768x768.jpg 768w, https:\/\/med-disposable.com\/wp-content\/uploads\/2021\/06\/PE-lab-coats-3-600x600.jpg 600w, https:\/\/med-disposable.com\/wp-content\/uploads\/2021\/06\/PE-lab-coats-3-100x100.jpg 100w\" sizes=\"(max-width: 800px) 100vw, 800px\" \/><\/p>\n<p>&nbsp;<\/p>","protected":false},"excerpt":{"rendered":"<p>Nuestras batas desechables impermeables de PE unisex est\u00e1n dise\u00f1adas para proporcionar una protecci\u00f3n, comodidad y durabilidad \u00f3ptimas en diversos entornos de trabajo, especialmente cuando la protecci\u00f3n contra el agua y los l\u00edquidos es esencial. Fabricadas con polietileno (PE) de alta calidad, estas batas son ligeras, impermeables y resistentes a los l\u00edquidos, lo que garantiza la m\u00e1xima protecci\u00f3n contra los derrames y la contaminaci\u00f3n.<\/p>","protected":false},"featured_media":8657,"template":"","meta":{"_seopress_robots_primary_cat":"none","_seopress_titles_title":"PE Material Protects Against Dusts, Liquids - Ideal for Food &amp; Industrial Sectors","_seopress_titles_desc":"Disposable waterproof PE unisex frocks - This waterproof frock is made of high quality polyethylene for excellent flexibility and resistance to oils, fats and grease, food.","_seopress_robots_index":""},"product_brand":[],"product_cat":[48],"product_tag":[70,75],"class_list":{"0":"post-2040","1":"product","2":"type-product","3":"status-publish","4":"has-post-thumbnail","6":"product_cat-lab-coat","7":"product_tag-lab-coat","8":"product_tag-plastic","10":"first","11":"instock","12":"shipping-taxable","13":"product-type-simple"},"_links":{"self":[{"href":"https:\/\/med-disposable.com\/es\/wp-json\/wp\/v2\/product\/2040","targetHints":{"allow":["GET"]}}],"collection":[{"href":"https:\/\/med-disposable.com\/es\/wp-json\/wp\/v2\/product"}],"about":[{"href":"https:\/\/med-disposable.com\/es\/wp-json\/wp\/v2\/types\/product"}],"version-history":[{"count":0,"href":"https:\/\/med-disposable.com\/es\/wp-json\/wp\/v2\/product\/2040\/revisions"}],"wp:featuredmedia":[{"embeddable":true,"href":"https:\/\/med-disposable.com\/es\/wp-json\/wp\/v2\/media\/8657"}],"wp:attachment":[{"href":"https:\/\/med-disposable.com\/es\/wp-json\/wp\/v2\/media?parent=2040"}],"wp:term":[{"taxonomy":"product_brand","embeddable":true,"href":"https:\/\/med-disposable.com\/es\/wp-json\/wp\/v2\/product_brand?post=2040"},{"taxonomy":"product_cat","embeddable":true,"href":"https:\/\/med-disposable.com\/es\/wp-json\/wp\/v2\/product_cat?post=2040"},{"taxonomy":"product_tag","embeddable":true,"href":"https:\/\/med-disposable.com\/es\/wp-json\/wp\/v2\/product_tag?post=2040"}],"curies":[{"name":"wp","href":"https:\/\/api.w.org\/{rel}","templated":true}]}}