{"id":2069,"date":"2021-07-06T10:51:41","date_gmt":"2021-07-06T02:51:41","guid":{"rendered":"https:\/\/med-disposable.com\/?post_type=product&#038;p=2069"},"modified":"2023-09-20T14:38:06","modified_gmt":"2023-09-20T06:38:06","slug":"bata-de-aislamiento-cpe-desechable-con-punos-elasticos","status":"publish","type":"product","link":"https:\/\/med-disposable.com\/es\/product\/disposable-cpe-isolation-gown-with-elastic-cuffs\/","title":{"rendered":"Bata de aislamiento CPE de pl\u00e1stico desechable con pu\u00f1os el\u00e1sticos"},"content":{"rendered":"<p>Presentamos nuestra bata de aislamiento CPE (polietileno clorado) desechable de alta calidad, elaborada meticulosamente para ofrecer la m\u00e1xima protecci\u00f3n y comodidad. Fabricada teniendo en cuenta las necesidades de los profesionales m\u00e9dicos y sanitarios, esta bata sirve como barrera fiable contra los contaminantes, garantizando tanto la seguridad como la facilidad de uso.<\/p>\n<p><img fetchpriority=\"high\" decoding=\"async\" class=\"aligncenter wp-image-10223 size-large\" src=\"https:\/\/med-disposable.com\/wp-content\/uploads\/2021\/07\/40A9788-1024x1024.jpg\" alt=\"\" width=\"800\" height=\"800\" srcset=\"https:\/\/med-disposable.com\/wp-content\/uploads\/2021\/07\/40A9788-1024x1024.jpg 1024w, https:\/\/med-disposable.com\/wp-content\/uploads\/2021\/07\/40A9788-300x300.jpg 300w, https:\/\/med-disposable.com\/wp-content\/uploads\/2021\/07\/40A9788-150x150.jpg 150w, https:\/\/med-disposable.com\/wp-content\/uploads\/2021\/07\/40A9788-768x768.jpg 768w, https:\/\/med-disposable.com\/wp-content\/uploads\/2021\/07\/40A9788-1536x1536.jpg 1536w, https:\/\/med-disposable.com\/wp-content\/uploads\/2021\/07\/40A9788-scaled.jpg 2048w, https:\/\/med-disposable.com\/wp-content\/uploads\/2021\/07\/40A9788-600x600.jpg 600w, https:\/\/med-disposable.com\/wp-content\/uploads\/2021\/07\/40A9788-100x100.jpg 100w\" sizes=\"(max-width: 800px) 100vw, 800px\" \/><\/p>\n<p><strong>Caracter\u00edsticas:<\/strong><\/p>\n<ol>\n<li><strong>Excelencia material:<\/strong> Fabricado con material CPE superior conocido por su durabilidad y resistencia a productos qu\u00edmicos y contaminantes.<\/li>\n<li><strong>Cuello tipo delantal:<\/strong> Permite pon\u00e9rselo y quit\u00e1rselo r\u00e1pidamente, ahorrando un tiempo precioso, especialmente en situaciones de emergencia.<\/li>\n<li><strong>Pu\u00f1os el\u00e1sticos:<\/strong> Proporcionan un sellado impecable, impidiendo que el agua y las impurezas se filtren en las fundas, garantizando una protecci\u00f3n completa.<\/li>\n<li><strong>Cumplimiento de normas estrictas:<\/strong> Nuestra bata no s\u00f3lo cumple las normas AAMI PB70 de nivel 1, sino que las supera. Tambi\u00e9n cumple las normas de nivel 2 y nivel 3, lo que garantiza su m\u00e1xima calidad y eficacia.<\/li>\n<\/ol>\n<p><img decoding=\"async\" class=\"aligncenter wp-image-10228 size-large\" src=\"https:\/\/med-disposable.com\/wp-content\/uploads\/2021\/07\/40A9794-1024x1024.jpg\" alt=\"\" width=\"800\" height=\"800\" srcset=\"https:\/\/med-disposable.com\/wp-content\/uploads\/2021\/07\/40A9794-1024x1024.jpg 1024w, https:\/\/med-disposable.com\/wp-content\/uploads\/2021\/07\/40A9794-300x300.jpg 300w, https:\/\/med-disposable.com\/wp-content\/uploads\/2021\/07\/40A9794-150x150.jpg 150w, https:\/\/med-disposable.com\/wp-content\/uploads\/2021\/07\/40A9794-768x768.jpg 768w, https:\/\/med-disposable.com\/wp-content\/uploads\/2021\/07\/40A9794-1536x1536.jpg 1536w, https:\/\/med-disposable.com\/wp-content\/uploads\/2021\/07\/40A9794-scaled.jpg 2048w, https:\/\/med-disposable.com\/wp-content\/uploads\/2021\/07\/40A9794-600x600.jpg 600w, https:\/\/med-disposable.com\/wp-content\/uploads\/2021\/07\/40A9794-100x100.jpg 100w\" sizes=\"(max-width: 800px) 100vw, 800px\" \/><\/p>\n<p><strong>Especificaci\u00f3n b\u00e1sica:<\/strong><\/p>\n<table width=\"642\">\n<tbody>\n<tr>\n<td width=\"129\">Material:<\/td>\n<td width=\"513\">100% Polietileno clorado (CPE)<\/td>\n<\/tr>\n<tr>\n<td>Peso del material:<\/td>\n<td>35-60g\/pc<\/td>\n<\/tr>\n<tr>\n<td>Est\u00e1ndar:<\/td>\n<td>nivel 1, nivel 2, nivel 3<\/td>\n<\/tr>\n<tr>\n<td>Tama\u00f1o:<\/td>\n<td>190*115 cm, 120*195 cm, 125*200 cm, o seg\u00fan las necesidades<\/td>\n<\/tr>\n<tr>\n<td>Color:<\/td>\n<td>Blanco, azul, amarillo o personalizado<\/td>\n<\/tr>\n<tr>\n<td>Embalaje:<\/td>\n<td>1ud\/bolsa, 10ud\/bolsa mediana, 100ud\/cart\u00f3n o personalizado<\/td>\n<\/tr>\n<tr>\n<td>Informe de la prueba:<\/td>\n<td>Informe AAMI PB70 nivel 2, nivel 3<\/td>\n<\/tr>\n<\/tbody>\n<\/table>\n<p><strong>Ventajas:<\/strong><\/p>\n<ol>\n<li><strong>Seguridad garantizada:<\/strong> Conf\u00ede en su protecci\u00f3n contra g\u00e9rmenes, l\u00edquidos y otros agentes nocivos.<\/li>\n<li><strong>Dise\u00f1o orientado al confort:<\/strong> Ligero y transpirable, garantiza la comodidad incluso durante un uso prolongado.<\/li>\n<li><strong>Uso adaptable:<\/strong> Adecuado para diversos entornos, desde hospitales hasta laboratorios.<\/li>\n<li><strong>Rentable:<\/strong> Una combinaci\u00f3n perfecta de calidad y asequibilidad, que ofrece un valor inigualable.<\/li>\n<\/ol>\n<p><img decoding=\"async\" class=\"aligncenter wp-image-10226 size-large\" src=\"https:\/\/med-disposable.com\/wp-content\/uploads\/2021\/07\/40A9792-1024x1024.jpg\" alt=\"\" width=\"800\" height=\"800\" srcset=\"https:\/\/med-disposable.com\/wp-content\/uploads\/2021\/07\/40A9792-1024x1024.jpg 1024w, https:\/\/med-disposable.com\/wp-content\/uploads\/2021\/07\/40A9792-300x300.jpg 300w, https:\/\/med-disposable.com\/wp-content\/uploads\/2021\/07\/40A9792-150x150.jpg 150w, https:\/\/med-disposable.com\/wp-content\/uploads\/2021\/07\/40A9792-768x768.jpg 768w, https:\/\/med-disposable.com\/wp-content\/uploads\/2021\/07\/40A9792-1536x1536.jpg 1536w, https:\/\/med-disposable.com\/wp-content\/uploads\/2021\/07\/40A9792-scaled.jpg 2048w, https:\/\/med-disposable.com\/wp-content\/uploads\/2021\/07\/40A9792-600x600.jpg 600w, https:\/\/med-disposable.com\/wp-content\/uploads\/2021\/07\/40A9792-100x100.jpg 100w\" sizes=\"(max-width: 800px) 100vw, 800px\" \/><\/p>\n<p><strong>Aplicaciones:<\/strong> Ideal para:<\/p>\n<ul>\n<li>Hospitales y cl\u00ednicas<\/li>\n<li>Laboratorios<\/li>\n<li>Residencias de ancianos<\/li>\n<li>Instalaciones de investigaci\u00f3n m\u00e9dica<\/li>\n<li>Cualquier entorno que requiera aislamiento de protecci\u00f3n<\/li>\n<\/ul>\n<p><img loading=\"lazy\" decoding=\"async\" class=\"alignnone size-medium wp-image-8537\" src=\"https:\/\/med-disposable.com\/wp-content\/uploads\/2021\/03\/CPE-gowns-300x300.jpg\" alt=\"\" width=\"300\" height=\"300\" srcset=\"https:\/\/med-disposable.com\/wp-content\/uploads\/2021\/03\/CPE-gowns-300x300.jpg 300w, https:\/\/med-disposable.com\/wp-content\/uploads\/2021\/03\/CPE-gowns-1024x1024.jpg 1024w, https:\/\/med-disposable.com\/wp-content\/uploads\/2021\/03\/CPE-gowns-150x150.jpg 150w, https:\/\/med-disposable.com\/wp-content\/uploads\/2021\/03\/CPE-gowns-768x768.jpg 768w, https:\/\/med-disposable.com\/wp-content\/uploads\/2021\/03\/CPE-gowns-1536x1536.jpg 1536w, https:\/\/med-disposable.com\/wp-content\/uploads\/2021\/03\/CPE-gowns-scaled.jpg 2048w, https:\/\/med-disposable.com\/wp-content\/uploads\/2021\/03\/CPE-gowns-600x600.jpg 600w, https:\/\/med-disposable.com\/wp-content\/uploads\/2021\/03\/CPE-gowns-100x100.jpg 100w\" sizes=\"(max-width: 300px) 100vw, 300px\" \/><\/p>\n<p><strong>Modo de empleo:<\/strong><\/p>\n<ol>\n<li>Aseg\u00farese de tener las manos limpias antes de ponerse la bata.<\/li>\n<li>Introduce los brazos en las mangas y pasa la bata por encima de los hombros.<\/li>\n<li>Asegure el cuello tipo delantal, asegur\u00e1ndose de que la bata cubra adecuadamente su cuerpo.<\/li>\n<li>Ajuste los pu\u00f1os el\u00e1sticos para un ajuste ce\u00f1ido.<\/li>\n<li>Despu\u00e9s de usarla, qu\u00edtese la bata con cuidado para evitar la contaminaci\u00f3n, des\u00e9chela adecuadamente y l\u00e1vese bien las manos.<\/li>\n<\/ol>\n<p>&nbsp;<\/p>\n<p>&nbsp;<\/p>","protected":false},"excerpt":{"rendered":"<p>El cuello tipo delantal permite ponerse y quitarse la bata r\u00e1pidamente;<\/p>\n<p>Pu\u00f1os el\u00e1sticos, sellan mejor y evitan eficazmente la entrada de agua e impurezas en la manga;<\/p>\n<p>AAMI PB70 Nivel 1, y cumple las normas de Nivel 2, Nivel 3.<\/p>","protected":false},"featured_media":10223,"template":"","meta":{"_seopress_robots_primary_cat":"none","_seopress_titles_title":"Disposable plastic CPE isolation gown with elastic cuffs - YouFu Medical","_seopress_titles_desc":"This CPE material is high quality, providing superior fluid protection and water repellency. Choose from a variety of sizes and colors, with both level 1, 2, and 3 standard certification. 100% Chlorinated Polyethylene for complete safety. Get yours today!","_seopress_robots_index":""},"product_brand":[],"product_cat":[43],"product_tag":[78,75],"class_list":{"0":"post-2069","1":"product","2":"type-product","3":"status-publish","4":"has-post-thumbnail","6":"product_cat-gowns","7":"product_tag-gown","8":"product_tag-plastic","10":"first","11":"instock","12":"shipping-taxable","13":"product-type-simple"},"_links":{"self":[{"href":"https:\/\/med-disposable.com\/es\/wp-json\/wp\/v2\/product\/2069","targetHints":{"allow":["GET"]}}],"collection":[{"href":"https:\/\/med-disposable.com\/es\/wp-json\/wp\/v2\/product"}],"about":[{"href":"https:\/\/med-disposable.com\/es\/wp-json\/wp\/v2\/types\/product"}],"version-history":[{"count":0,"href":"https:\/\/med-disposable.com\/es\/wp-json\/wp\/v2\/product\/2069\/revisions"}],"wp:featuredmedia":[{"embeddable":true,"href":"https:\/\/med-disposable.com\/es\/wp-json\/wp\/v2\/media\/10223"}],"wp:attachment":[{"href":"https:\/\/med-disposable.com\/es\/wp-json\/wp\/v2\/media?parent=2069"}],"wp:term":[{"taxonomy":"product_brand","embeddable":true,"href":"https:\/\/med-disposable.com\/es\/wp-json\/wp\/v2\/product_brand?post=2069"},{"taxonomy":"product_cat","embeddable":true,"href":"https:\/\/med-disposable.com\/es\/wp-json\/wp\/v2\/product_cat?post=2069"},{"taxonomy":"product_tag","embeddable":true,"href":"https:\/\/med-disposable.com\/es\/wp-json\/wp\/v2\/product_tag?post=2069"}],"curies":[{"name":"wp","href":"https:\/\/api.w.org\/{rel}","templated":true}]}}