{"id":2108,"date":"2021-07-09T10:41:02","date_gmt":"2021-07-09T02:41:02","guid":{"rendered":"https:\/\/med-disposable.com\/?post_type=product&#038;p=2108"},"modified":"2023-04-18T10:50:02","modified_gmt":"2023-04-18T02:50:02","slug":"bata-de-aislamiento-aami-cpe-con-lazo-para-el-pulgar-para-hospital","status":"publish","type":"product","link":"https:\/\/med-disposable.com\/es\/product\/aami-cpe-isolation-gown-with-thumb-loop-for-hospital\/","title":{"rendered":"Bata de aislamiento AAMI CPE con lazo para el pulgar para hospital"},"content":{"rendered":"<p>Nuestras batas de aislamiento AAMI CPE con lazo para el pulgar est\u00e1n dise\u00f1adas para ofrecer el m\u00e1ximo nivel de protecci\u00f3n y comodidad a los profesionales sanitarios en entornos hospitalarios. Estas batas est\u00e1n fabricadas con material CPE de alta calidad resistente a los fluidos y cumplen las directrices PB70:2012 del Instituto Nacional Estadounidense de Normalizaci\u00f3n (ANSI)\/Asociaci\u00f3n para el Avance de la Instrumentaci\u00f3n M\u00e9dica (AAMI) en materia de barrera contra l\u00edquidos. El lazo para el pulgar garantiza un ajuste seguro y hace que ponerse y quitarse las batas sea f\u00e1cil y eficaz.<\/p>\n<p>&nbsp;<\/p>\n<p><strong>Caracter\u00edsticas:<\/strong><\/p>\n<p>1.Cumple las directrices ANSI\/AAMI PB70:2012 en materia de barrera contra l\u00edquidos.<br \/>\n2.El material CPE resistente a los fluidos proporciona una excelente protecci\u00f3n contra la contaminaci\u00f3n cruzada.<\/p>\n<p><img fetchpriority=\"high\" decoding=\"async\" class=\"aligncenter wp-image-5721 size-full\" src=\"https:\/\/med-disposable.com\/wp-content\/uploads\/2021\/07\/O1CN016qCTD01TmEo1cOx1t_2977262424.jpg\" alt=\"\" width=\"800\" height=\"656\" srcset=\"https:\/\/med-disposable.com\/wp-content\/uploads\/2021\/07\/O1CN016qCTD01TmEo1cOx1t_2977262424.jpg 800w, https:\/\/med-disposable.com\/wp-content\/uploads\/2021\/07\/O1CN016qCTD01TmEo1cOx1t_2977262424-300x246.jpg 300w, https:\/\/med-disposable.com\/wp-content\/uploads\/2021\/07\/O1CN016qCTD01TmEo1cOx1t_2977262424-768x630.jpg 768w, https:\/\/med-disposable.com\/wp-content\/uploads\/2021\/07\/O1CN016qCTD01TmEo1cOx1t_2977262424-600x492.jpg 600w\" sizes=\"(max-width: 800px) 100vw, 800px\" \/><br \/>\n3.El dise\u00f1o de la presilla para el pulgar garantiza un ajuste seguro y una f\u00e1cil colocaci\u00f3n.<\/p>\n<p><img decoding=\"async\" class=\"aligncenter wp-image-5720 size-full\" src=\"https:\/\/med-disposable.com\/wp-content\/uploads\/2021\/07\/O1CN01SnqbsR1n4XBrWrsSE_733585036.jpg\" alt=\"\" width=\"800\" height=\"802\" srcset=\"https:\/\/med-disposable.com\/wp-content\/uploads\/2021\/07\/O1CN01SnqbsR1n4XBrWrsSE_733585036.jpg 800w, https:\/\/med-disposable.com\/wp-content\/uploads\/2021\/07\/O1CN01SnqbsR1n4XBrWrsSE_733585036-300x300.jpg 300w, https:\/\/med-disposable.com\/wp-content\/uploads\/2021\/07\/O1CN01SnqbsR1n4XBrWrsSE_733585036-150x150.jpg 150w, https:\/\/med-disposable.com\/wp-content\/uploads\/2021\/07\/O1CN01SnqbsR1n4XBrWrsSE_733585036-768x770.jpg 768w, https:\/\/med-disposable.com\/wp-content\/uploads\/2021\/07\/O1CN01SnqbsR1n4XBrWrsSE_733585036-600x602.jpg 600w, https:\/\/med-disposable.com\/wp-content\/uploads\/2021\/07\/O1CN01SnqbsR1n4XBrWrsSE_733585036-100x100.jpg 100w\" sizes=\"(max-width: 800px) 100vw, 800px\" \/><br \/>\n4.Mangas largas y cobertura total para una m\u00e1xima protecci\u00f3n.<\/p>\n<p><img decoding=\"async\" class=\"aligncenter wp-image-5704 size-large\" src=\"https:\/\/med-disposable.com\/wp-content\/uploads\/2021\/07\/40A9776-1024x1024.jpg\" alt=\"\" width=\"800\" height=\"800\" srcset=\"https:\/\/med-disposable.com\/wp-content\/uploads\/2021\/07\/40A9776-1024x1024.jpg 1024w, https:\/\/med-disposable.com\/wp-content\/uploads\/2021\/07\/40A9776-300x300.jpg 300w, https:\/\/med-disposable.com\/wp-content\/uploads\/2021\/07\/40A9776-150x150.jpg 150w, https:\/\/med-disposable.com\/wp-content\/uploads\/2021\/07\/40A9776-768x768.jpg 768w, https:\/\/med-disposable.com\/wp-content\/uploads\/2021\/07\/40A9776-1536x1536.jpg 1536w, https:\/\/med-disposable.com\/wp-content\/uploads\/2021\/07\/40A9776-scaled.jpg 2048w, https:\/\/med-disposable.com\/wp-content\/uploads\/2021\/07\/40A9776-600x600.jpg 600w, https:\/\/med-disposable.com\/wp-content\/uploads\/2021\/07\/40A9776-100x100.jpg 100w\" sizes=\"(max-width: 800px) 100vw, 800px\" \/><br \/>\n5.Disponible en tallas universales para adaptarse a diversos tipos de cuerpo.<\/p>\n<p><img loading=\"lazy\" decoding=\"async\" class=\"aligncenter wp-image-5719 size-full\" src=\"https:\/\/med-disposable.com\/wp-content\/uploads\/2021\/07\/O1CN01QZQk5s1n4XBx1kHZB_733585036.jpg\" alt=\"\" width=\"800\" height=\"804\" srcset=\"https:\/\/med-disposable.com\/wp-content\/uploads\/2021\/07\/O1CN01QZQk5s1n4XBx1kHZB_733585036.jpg 800w, https:\/\/med-disposable.com\/wp-content\/uploads\/2021\/07\/O1CN01QZQk5s1n4XBx1kHZB_733585036-150x150.jpg 150w, https:\/\/med-disposable.com\/wp-content\/uploads\/2021\/07\/O1CN01QZQk5s1n4XBx1kHZB_733585036-768x772.jpg 768w, https:\/\/med-disposable.com\/wp-content\/uploads\/2021\/07\/O1CN01QZQk5s1n4XBx1kHZB_733585036-600x603.jpg 600w, https:\/\/med-disposable.com\/wp-content\/uploads\/2021\/07\/O1CN01QZQk5s1n4XBx1kHZB_733585036-100x100.jpg 100w\" sizes=\"(max-width: 800px) 100vw, 800px\" \/><br \/>\n6.Fabricado bajo estrictas normas de control de calidad para garantizar su consistencia y fiabilidad.<br \/>\n7.Envasado individualmente para un solo uso.<\/p>\n<p><img loading=\"lazy\" decoding=\"async\" class=\"aligncenter wp-image-5718 size-full\" src=\"https:\/\/med-disposable.com\/wp-content\/uploads\/2021\/07\/O1CN01DHTrYL1TmEoAuF1ZQ_2977262424-1.jpg\" alt=\"\" width=\"800\" height=\"636\" srcset=\"https:\/\/med-disposable.com\/wp-content\/uploads\/2021\/07\/O1CN01DHTrYL1TmEoAuF1ZQ_2977262424-1.jpg 800w, https:\/\/med-disposable.com\/wp-content\/uploads\/2021\/07\/O1CN01DHTrYL1TmEoAuF1ZQ_2977262424-1-300x239.jpg 300w, https:\/\/med-disposable.com\/wp-content\/uploads\/2021\/07\/O1CN01DHTrYL1TmEoAuF1ZQ_2977262424-1-768x611.jpg 768w, https:\/\/med-disposable.com\/wp-content\/uploads\/2021\/07\/O1CN01DHTrYL1TmEoAuF1ZQ_2977262424-1-600x477.jpg 600w\" sizes=\"(max-width: 800px) 100vw, 800px\" \/><\/p>\n<p><strong>Especificaci\u00f3n:<\/strong><\/p>\n<table width=\"642\">\n<tbody>\n<tr>\n<td width=\"129\">Material:<\/td>\n<td width=\"513\">100% Polietileno clorado (CPE)<\/td>\n<\/tr>\n<tr>\n<td>Peso del material:<\/td>\n<td>30g\/pcs, 40g\/pcs, o como petici\u00f3n<\/td>\n<\/tr>\n<tr>\n<td>Est\u00e1ndar:<\/td>\n<td>Nivel 1, Nivel 2, Nivel 3 a petici\u00f3n<\/td>\n<\/tr>\n<tr>\n<td>Tama\u00f1o:<\/td>\n<td>190*115 cm, 120*195 cm, 125*200 cm, o seg\u00fan las necesidades<\/td>\n<\/tr>\n<tr>\n<td>Color:<\/td>\n<td>Azul, amarillo, blanco<\/td>\n<\/tr>\n<tr>\n<td>Embalaje:<\/td>\n<td>1pc\/bag, 100pcs\/carton o modificado para requisitos particulares<\/td>\n<\/tr>\n<tr>\n<td>Informe de la prueba:<\/td>\n<td>AAMI<\/td>\n<\/tr>\n<\/tbody>\n<\/table>\n<p><img loading=\"lazy\" decoding=\"async\" class=\"aligncenter wp-image-5700 size-large\" src=\"https:\/\/med-disposable.com\/wp-content\/uploads\/2021\/07\/40A9771-1024x1024.jpg\" alt=\"\" width=\"800\" height=\"800\" srcset=\"https:\/\/med-disposable.com\/wp-content\/uploads\/2021\/07\/40A9771-1024x1024.jpg 1024w, https:\/\/med-disposable.com\/wp-content\/uploads\/2021\/07\/40A9771-300x300.jpg 300w, https:\/\/med-disposable.com\/wp-content\/uploads\/2021\/07\/40A9771-150x150.jpg 150w, https:\/\/med-disposable.com\/wp-content\/uploads\/2021\/07\/40A9771-768x768.jpg 768w, https:\/\/med-disposable.com\/wp-content\/uploads\/2021\/07\/40A9771-1536x1536.jpg 1536w, https:\/\/med-disposable.com\/wp-content\/uploads\/2021\/07\/40A9771-scaled.jpg 2048w, https:\/\/med-disposable.com\/wp-content\/uploads\/2021\/07\/40A9771-600x600.jpg 600w, https:\/\/med-disposable.com\/wp-content\/uploads\/2021\/07\/40A9771-100x100.jpg 100w\" sizes=\"(max-width: 800px) 100vw, 800px\" \/><\/p>\n<p><strong>Ventajas:<\/strong><\/p>\n<p>1.Protecci\u00f3n superior: Conformes con las directrices de la AAMI, estas batas proporcionan una protecci\u00f3n fiable contra la contaminaci\u00f3n por fluidos.<br \/>\n2.Ajuste c\u00f3modo: El material CPE es ligero y flexible, lo que garantiza un ajuste c\u00f3modo durante periodos prolongados.<br \/>\n3.F\u00e1cil de poner y quitar: El dise\u00f1o del bucle para el pulgar permite ponerse y quitarse la bata con eficacia.<br \/>\n4.Talla vers\u00e1til: El tama\u00f1o universal se adapta a varios tipos de cuerpo, garantizando un ajuste seguro para todos los usuarios.<br \/>\n5.Fabricaci\u00f3n de alta calidad: Nuestras estrictas normas de control de calidad garantizan batas consistentemente confiables para nuestros clientes.<\/p>\n<p>&nbsp;<\/p>\n<p><strong>Aplicaciones:<\/strong><\/p>\n<p><strong>Hospitales:<\/strong> Ideal para m\u00e9dicos, enfermeras y otros profesionales sanitarios que trabajan en diversos entornos hospitalarios.<br \/>\n<strong>Laboratorios:<\/strong> Adecuado para su uso en laboratorios donde se requiera protecci\u00f3n contra la contaminaci\u00f3n de fluidos.<br \/>\n<strong>Cl\u00ednicas m\u00e9dicas:<\/strong> Perfecta para su uso en cl\u00ednicas m\u00e9dicas para proteger al personal y a los pacientes durante los procedimientos.<br \/>\n<strong>Consultas dentales:<\/strong> Proporcionan una protecci\u00f3n esencial a los profesionales de la odontolog\u00eda durante los ex\u00e1menes y procedimientos.<br \/>\n<strong>Servicios de emergencia:<\/strong> \u00datil para el personal de emergencias y param\u00e9dico durante la atenci\u00f3n y el transporte de pacientes.<\/p>\n<p><img loading=\"lazy\" decoding=\"async\" class=\"aligncenter wp-image-5723 size-full\" src=\"https:\/\/med-disposable.com\/wp-content\/uploads\/2021\/07\/usage-of-the-lab-coat.jpg\" alt=\"\" width=\"800\" height=\"613\" srcset=\"https:\/\/med-disposable.com\/wp-content\/uploads\/2021\/07\/usage-of-the-lab-coat.jpg 800w, https:\/\/med-disposable.com\/wp-content\/uploads\/2021\/07\/usage-of-the-lab-coat-300x230.jpg 300w, https:\/\/med-disposable.com\/wp-content\/uploads\/2021\/07\/usage-of-the-lab-coat-768x588.jpg 768w, https:\/\/med-disposable.com\/wp-content\/uploads\/2021\/07\/usage-of-the-lab-coat-600x460.jpg 600w\" sizes=\"(max-width: 800px) 100vw, 800px\" \/><\/p>\n<p>&nbsp;<\/p>\n<table width=\"653\">\n<thead>\n<tr>\n<td><strong>Nivel AAMI<\/strong><\/td>\n<td><strong>Descripci\u00f3n<\/strong><\/td>\n<td><strong>Casos de uso recomendados<\/strong><\/td>\n<\/tr>\n<\/thead>\n<tbody>\n<tr>\n<td>Nivel 1<\/td>\n<td>Protecci\u00f3n de barrera contra l\u00edquidos m\u00ednima, dise\u00f1ada para una exposici\u00f3n ligera a l\u00edquidos.<\/td>\n<td>Atenci\u00f3n b\u00e1sica al paciente, unidad m\u00e9dica hospitalaria est\u00e1ndar, atuendo de visitante.<\/td>\n<\/tr>\n<tr>\n<td>Nivel 2<\/td>\n<td>Protecci\u00f3n de barrera contra l\u00edquidos moderada, dise\u00f1ada para una exposici\u00f3n a l\u00edquidos de baja a moderada.<\/td>\n<td>Extracciones de sangre, sutura, terapia intravenosa, atenci\u00f3n al paciente no quir\u00fargico.<\/td>\n<\/tr>\n<tr>\n<td>Nivel 3<\/td>\n<td>Protecci\u00f3n de alta barrera contra l\u00edquidos, dise\u00f1ada para una exposici\u00f3n a l\u00edquidos de moderada a alta.<\/td>\n<td>Procedimientos quir\u00fargicos, extracciones de sangre arterial, inserci\u00f3n de v\u00edas intravenosas.<\/td>\n<\/tr>\n<\/tbody>\n<\/table>\n<p><em>Tenga en cuenta que la tabla anterior destaca las diferencias entre los niveles 1, 2 y 3 de la AAMI en t\u00e9rminos de protecci\u00f3n de barrera contra l\u00edquidos y casos de uso recomendados. Cada nivel proporciona una protecci\u00f3n cada vez mayor contra la penetraci\u00f3n de l\u00edquidos, con el nivel 1 ofreciendo una protecci\u00f3n m\u00ednima y el nivel 3 ofreciendo una protecci\u00f3n alta. La elecci\u00f3n del nivel AAMI depende del nivel previsto de exposici\u00f3n a l\u00edquidos y de las necesidades espec\u00edficas del entorno sanitario.<\/em><\/p>\n<p>&nbsp;<\/p>\n<p><strong>Preguntas que puede plantearse:<\/strong><\/p>\n<p><strong>P1:\u00bfCu\u00e1l es el material utilizado para estas batas de aislamiento CPE?<\/strong><br \/>\nNuestras batas de aislamiento AAMI CPE est\u00e1n fabricadas con material de polietileno clorado (CPE) de alta calidad resistente a los fluidos. Este material es ligero, flexible y proporciona una excelente protecci\u00f3n contra la contaminaci\u00f3n cruzada de fluidos. El material CPE tambi\u00e9n garantiza un ajuste c\u00f3modo durante periodos prolongados, por lo que es una opci\u00f3n ideal para los profesionales sanitarios.<\/p>\n<p><strong>P2: \u00bfC\u00f3mo s\u00e9 qu\u00e9 talla pedir?<\/strong><br \/>\nNuestras batas de aislamiento AAMI CPE est\u00e1n disponibles en tallas universales para adaptarse a distintos tipos de cuerpo. El material CPE flexible y el dise\u00f1o de lazo para el pulgar garantizan un ajuste seguro y c\u00f3modo para todos los usuarios. Si tiene dudas sobre el tallaje o requisitos espec\u00edficos para su organizaci\u00f3n, p\u00f3ngase en contacto directamente con nuestro equipo de ventas para analizar las opciones disponibles y encontrar la mejor soluci\u00f3n para sus necesidades.<\/p>\n<p><strong>P3: \u00bfPuedo pedir estas batas de aislamiento al por mayor para mi organizaci\u00f3n?<\/strong><br \/>\nS\u00ed, ofrecemos opciones de compra al por mayor para clientes que necesiten grandes cantidades de nuestras batas de aislamiento AAMI CPE con lazo para el pulgar. Para discutir sus necesidades espec\u00edficas y recibir un presupuesto personalizado, por favor contacte directamente con nuestro equipo de ventas. Nos comprometemos a ofrecer precios competitivos y entregas fiables a nuestros valiosos clientes.<\/p>\n<p><strong>P4: \u00bfSon adecuadas estas batas para su uso en entornos hospitalarios y no hospitalarios?<\/strong><br \/>\nS\u00ed, nuestras batas de aislamiento AAMI CPE son adecuadas para su uso en entornos hospitalarios y no hospitalarios, como laboratorios, cl\u00ednicas m\u00e9dicas, consultas dentales y servicios de urgencias. Proporcionan una protecci\u00f3n esencial contra la contaminaci\u00f3n por fluidos, por lo que son ideales para diversos entornos sanitarios en los que existe un riesgo de exposici\u00f3n moderada a fluidos.<\/p>\n<p><strong>P5: \u00bfC\u00f3mo deben guardarse estas batas para mantener su calidad y eficacia?<\/strong><br \/>\nPara garantizar la calidad y eficacia de nuestras batas de aislamiento AAMI CPE, gu\u00e1rdelas en un lugar limpio y seco a temperatura ambiente, lejos de la luz solar directa y de la humedad. Deben conservarse en su embalaje original hasta que est\u00e9n listas para su uso para evitar la contaminaci\u00f3n. Seguir las pautas de almacenamiento adecuadas ayudar\u00e1 a mantener la integridad de las batas y garantizar\u00e1 que sigan proporcionando una protecci\u00f3n fiable cuando sea necesario.<\/p>","protected":false},"excerpt":{"rendered":"<p>AAMI, material CPE, a prueba de polvo, a prueba de agua.<\/p>\n<p>Estilo: con lazo para el pulgar, lazo en la espalda, mangas largas.<\/p>","protected":false},"featured_media":2112,"template":"","meta":{"_seopress_robots_primary_cat":"none","_seopress_titles_title":"Buy AAMI CPE Isolation Gown with Thumb Loop for Hospital - YouFu Medical","_seopress_titles_desc":"Secure the highest protection and comfort with AAMI CPE Isolation gowns featuring a thumb loop for an easy, secure fit. Check the various sizes, compliance standards and more features!","_seopress_robots_index":""},"product_brand":[],"product_cat":[43],"product_tag":[97,264,114,78],"class_list":{"0":"post-2108","1":"product","2":"type-product","3":"status-publish","4":"has-post-thumbnail","6":"product_cat-gowns","7":"product_tag-aami","8":"product_tag-apron-long-sleeve","9":"product_tag-cpe","10":"product_tag-gown","12":"first","13":"instock","14":"shipping-taxable","15":"product-type-simple"},"_links":{"self":[{"href":"https:\/\/med-disposable.com\/es\/wp-json\/wp\/v2\/product\/2108","targetHints":{"allow":["GET"]}}],"collection":[{"href":"https:\/\/med-disposable.com\/es\/wp-json\/wp\/v2\/product"}],"about":[{"href":"https:\/\/med-disposable.com\/es\/wp-json\/wp\/v2\/types\/product"}],"version-history":[{"count":0,"href":"https:\/\/med-disposable.com\/es\/wp-json\/wp\/v2\/product\/2108\/revisions"}],"wp:featuredmedia":[{"embeddable":true,"href":"https:\/\/med-disposable.com\/es\/wp-json\/wp\/v2\/media\/2112"}],"wp:attachment":[{"href":"https:\/\/med-disposable.com\/es\/wp-json\/wp\/v2\/media?parent=2108"}],"wp:term":[{"taxonomy":"product_brand","embeddable":true,"href":"https:\/\/med-disposable.com\/es\/wp-json\/wp\/v2\/product_brand?post=2108"},{"taxonomy":"product_cat","embeddable":true,"href":"https:\/\/med-disposable.com\/es\/wp-json\/wp\/v2\/product_cat?post=2108"},{"taxonomy":"product_tag","embeddable":true,"href":"https:\/\/med-disposable.com\/es\/wp-json\/wp\/v2\/product_tag?post=2108"}],"curies":[{"name":"wp","href":"https:\/\/api.w.org\/{rel}","templated":true}]}}