{"id":21165,"date":"2024-11-19T17:58:11","date_gmt":"2024-11-19T09:58:11","guid":{"rendered":"https:\/\/med-disposable.com\/?post_type=product&#038;p=21165"},"modified":"2024-11-28T16:31:40","modified_gmt":"2024-11-28T08:31:40","slug":"panos-de-cocina-desechables-en-rollo-toallas-limpias-desechables","status":"publish","type":"product","link":"https:\/\/med-disposable.com\/es\/product\/disposable-dish-cloths-on-a-roll-disposable-clean-towels\/","title":{"rendered":"pa\u00f1os de cocina desechables en rollo toallas limpias desechables"},"content":{"rendered":"<h2>Especificaciones<\/h2>\n<table width=\"603\">\n<tbody>\n<tr>\n<td width=\"78\">Material<\/td>\n<td width=\"525\">55% viscosa+45% poli\u00e9ster, o no tejido, algod\u00f3n, otros materiales a petici\u00f3n<\/td>\n<\/tr>\n<tr>\n<td>Talla<\/td>\n<td>30x20cm\/pieza, 50pcs\/roll, o como petici\u00f3n<\/td>\n<\/tr>\n<tr>\n<td>Peso<\/td>\n<td>30-180g, seg\u00fan pedido<\/td>\n<\/tr>\n<tr>\n<td>Color<\/td>\n<td>Blanco, azul, rosa, naranja, verde, cualquier color a petici\u00f3n<\/td>\n<\/tr>\n<tr>\n<td>Embalaje<\/td>\n<td>1 rollo\/bolsa, 10 rollos\/cart\u00f3n, o seg\u00fan pedido<\/td>\n<\/tr>\n<\/tbody>\n<\/table>\n<p><img fetchpriority=\"high\" decoding=\"async\" class=\"wp-image-21128 size-full aligncenter\" src=\"https:\/\/med-disposable.com\/wp-content\/uploads\/2024\/11\/disposable-dish-wipes-6.jpg\" alt=\"Tejido no tejido seguro para m\u00faltiples superficies.\" width=\"800\" height=\"693\" srcset=\"https:\/\/med-disposable.com\/wp-content\/uploads\/2024\/11\/disposable-dish-wipes-6.jpg 800w, https:\/\/med-disposable.com\/wp-content\/uploads\/2024\/11\/disposable-dish-wipes-6-300x260.jpg 300w, https:\/\/med-disposable.com\/wp-content\/uploads\/2024\/11\/disposable-dish-wipes-6-768x665.jpg 768w, https:\/\/med-disposable.com\/wp-content\/uploads\/2024\/11\/disposable-dish-wipes-6-600x520.jpg 600w\" sizes=\"(max-width: 800px) 100vw, 800px\" \/><\/p>\n<p><img decoding=\"async\" class=\"wp-image-21125 size-full aligncenter\" src=\"https:\/\/med-disposable.com\/wp-content\/uploads\/2024\/11\/disposable-dish-wipes-3.jpg\" alt=\"Limpieza con pa\u00f1o reutilizable en superficie de acero inoxidable.\" width=\"800\" height=\"646\" srcset=\"https:\/\/med-disposable.com\/wp-content\/uploads\/2024\/11\/disposable-dish-wipes-3.jpg 800w, https:\/\/med-disposable.com\/wp-content\/uploads\/2024\/11\/disposable-dish-wipes-3-300x242.jpg 300w, https:\/\/med-disposable.com\/wp-content\/uploads\/2024\/11\/disposable-dish-wipes-3-768x620.jpg 768w, https:\/\/med-disposable.com\/wp-content\/uploads\/2024\/11\/disposable-dish-wipes-3-600x485.jpg 600w\" sizes=\"(max-width: 800px) 100vw, 800px\" \/><\/p>\n<p><img decoding=\"async\" class=\"wp-image-21124 size-full aligncenter\" src=\"https:\/\/med-disposable.com\/wp-content\/uploads\/2024\/11\/disposable-dish-wipes-2.png\" alt=\"Dos rollos de tela azul para la limpieza\" width=\"800\" height=\"800\" srcset=\"https:\/\/med-disposable.com\/wp-content\/uploads\/2024\/11\/disposable-dish-wipes-2.png 800w, https:\/\/med-disposable.com\/wp-content\/uploads\/2024\/11\/disposable-dish-wipes-2-300x300.png 300w, https:\/\/med-disposable.com\/wp-content\/uploads\/2024\/11\/disposable-dish-wipes-2-150x150.png 150w, https:\/\/med-disposable.com\/wp-content\/uploads\/2024\/11\/disposable-dish-wipes-2-768x768.png 768w, https:\/\/med-disposable.com\/wp-content\/uploads\/2024\/11\/disposable-dish-wipes-2-600x600.png 600w, https:\/\/med-disposable.com\/wp-content\/uploads\/2024\/11\/disposable-dish-wipes-2-100x100.png 100w\" sizes=\"(max-width: 800px) 100vw, 800px\" \/><\/p>\n<h2>Caracter\u00edsticas principales<\/h2>\n<ul>\n<li><strong>Materiales de primera calidad:<\/strong>\n<ul>\n<li>55% Viscosa + 45% Poli\u00e9ster<\/li>\n<li>Tela no tejida, algod\u00f3n u otros materiales seg\u00fan se solicite<\/li>\n<\/ul>\n<\/li>\n<li><strong>Tama\u00f1os vers\u00e1tiles:<\/strong>\n<ul>\n<li>Est\u00e1ndar: 30\u00d720 cm por pieza<\/li>\n<li>50 unidades por rollo<\/li>\n<li>Tama\u00f1os personalizados disponibles bajo pedido<\/li>\n<\/ul>\n<\/li>\n<li><strong>Peso adaptable:<\/strong>\n<ul>\n<li>De 30 a 180 g, adaptables a sus necesidades espec\u00edficas<\/li>\n<\/ul>\n<\/li>\n<li><strong>Colores vibrantes:<\/strong>\n<ul>\n<li>Disponible en varios colores: blanco, azul, rosa, naranja y verde.<\/li>\n<li>Colores personalizados disponibles bajo pedido<\/li>\n<\/ul>\n<\/li>\n<li><strong>Envases flexibles:<\/strong>\n<ul>\n<li>Est\u00e1ndar: 1 rollo por bolsa, 10 rollos por cart\u00f3n<\/li>\n<li>Opciones de embalaje personalizadas<\/li>\n<\/ul>\n<\/li>\n<\/ul>\n<p><img loading=\"lazy\" decoding=\"async\" class=\"wp-image-21137 size-full\" src=\"https:\/\/med-disposable.com\/wp-content\/uploads\/2024\/11\/disposable-dish-wipes-15.jpg\" alt=\"Limpiar las superficies con pa\u00f1os azules.\" width=\"1001\" height=\"1001\" srcset=\"https:\/\/med-disposable.com\/wp-content\/uploads\/2024\/11\/disposable-dish-wipes-15.jpg 1001w, https:\/\/med-disposable.com\/wp-content\/uploads\/2024\/11\/disposable-dish-wipes-15-300x300.jpg 300w, https:\/\/med-disposable.com\/wp-content\/uploads\/2024\/11\/disposable-dish-wipes-15-150x150.jpg 150w, https:\/\/med-disposable.com\/wp-content\/uploads\/2024\/11\/disposable-dish-wipes-15-768x768.jpg 768w, https:\/\/med-disposable.com\/wp-content\/uploads\/2024\/11\/disposable-dish-wipes-15-600x600.jpg 600w, https:\/\/med-disposable.com\/wp-content\/uploads\/2024\/11\/disposable-dish-wipes-15-100x100.jpg 100w\" sizes=\"(max-width: 1001px) 100vw, 1001px\" \/><\/p>\n<h2>C\u00f3mo utilizarlo<\/h2>\n<ol>\n<li><strong>Arranca:<\/strong>\u00a0Arranque f\u00e1cilmente del rollo la longitud de tela deseada.<\/li>\n<li><strong>Limpio:<\/strong>\u00a0Utilice el pa\u00f1o para limpiar platos, superficies o cualquier otra zona que requiera una limpieza a fondo.<\/li>\n<li><strong>Des\u00e9chalo:<\/strong>\u00a0Tras su uso, basta con desechar el pa\u00f1o para mantener la higiene y la limpieza.<\/li>\n<\/ol>\n<p><img loading=\"lazy\" decoding=\"async\" class=\"wp-image-21133 size-full aligncenter\" src=\"https:\/\/med-disposable.com\/wp-content\/uploads\/2024\/11\/disposable-dish-wipes-11.jpg\" alt=\"Persona sacando toalla de papel rosa del soporte de pared.\" width=\"800\" height=\"800\" srcset=\"https:\/\/med-disposable.com\/wp-content\/uploads\/2024\/11\/disposable-dish-wipes-11.jpg 800w, https:\/\/med-disposable.com\/wp-content\/uploads\/2024\/11\/disposable-dish-wipes-11-300x300.jpg 300w, https:\/\/med-disposable.com\/wp-content\/uploads\/2024\/11\/disposable-dish-wipes-11-150x150.jpg 150w, https:\/\/med-disposable.com\/wp-content\/uploads\/2024\/11\/disposable-dish-wipes-11-768x768.jpg 768w, https:\/\/med-disposable.com\/wp-content\/uploads\/2024\/11\/disposable-dish-wipes-11-600x600.jpg 600w, https:\/\/med-disposable.com\/wp-content\/uploads\/2024\/11\/disposable-dish-wipes-11-100x100.jpg 100w\" sizes=\"(max-width: 800px) 100vw, 800px\" \/><\/p>\n<h2>\u00bfPor qu\u00e9 elegir nuestros pa\u00f1os de cocina desechables en rollo?<\/h2>\n<ul>\n<li><strong>Comodidad:<\/strong>\u00a0Dise\u00f1o desechable para facilitar su uso y eliminaci\u00f3n, garantizando un proceso de limpieza higi\u00e9nico.<\/li>\n<li><strong>Versatilidad:<\/strong>\u00a0Perfecto para una amplia gama de aplicaciones de limpieza, desde la cocina hasta el interior del autom\u00f3vil.<\/li>\n<li><strong>Personalizable:<\/strong>\u00a0Adapte los pa\u00f1os a sus requisitos espec\u00edficos con diversas opciones de material, tama\u00f1o, peso, color y embalaje.<\/li>\n<li><strong>Rentable:<\/strong>\u00a0Disponibles a granel, ofrecen una soluci\u00f3n econ\u00f3mica tanto para las necesidades dom\u00e9sticas como para las de las empresas.<\/li>\n<\/ul>\n<p><img loading=\"lazy\" decoding=\"async\" class=\"wp-image-21159 size-full aligncenter\" src=\"https:\/\/med-disposable.com\/wp-content\/uploads\/2024\/11\/disposable-dish-wipes-35.jpg\" alt=\"Pa\u00f1os de limpieza de colores para las tareas dom\u00e9sticas.\" width=\"800\" height=\"743\" srcset=\"https:\/\/med-disposable.com\/wp-content\/uploads\/2024\/11\/disposable-dish-wipes-35.jpg 800w, https:\/\/med-disposable.com\/wp-content\/uploads\/2024\/11\/disposable-dish-wipes-35-300x279.jpg 300w, https:\/\/med-disposable.com\/wp-content\/uploads\/2024\/11\/disposable-dish-wipes-35-768x713.jpg 768w, https:\/\/med-disposable.com\/wp-content\/uploads\/2024\/11\/disposable-dish-wipes-35-600x557.jpg 600w\" sizes=\"(max-width: 800px) 100vw, 800px\" \/><\/p>","protected":false},"excerpt":{"rendered":"<p>Specifications Material 55% viscose+45%polyester, or non woven, cotton, other materials as request Size 30x20cm\/piece, 50pcs\/roll, or as request Weight 30-180g, as request Color White, blue, pink, orange, green, any colors as request Packing 1roll\/bag, 10rolls\/carton, or as request Key Features Premium Material Choices: 55% Viscose + 45% Polyester Non-woven, cotton, or other materials as requested [&hellip;]<\/p>\n","protected":false},"featured_media":21136,"template":"","meta":{"_seopress_robots_primary_cat":"none","_seopress_titles_title":"","_seopress_titles_desc":"","_seopress_robots_index":""},"product_brand":[],"product_cat":[87],"product_tag":[818],"class_list":{"0":"post-21165","1":"product","2":"type-product","3":"status-publish","4":"has-post-thumbnail","6":"product_cat-healthcare","7":"product_tag-disposable-dish-cloths-on-a-roll","9":"first","10":"instock","11":"shipping-taxable","12":"product-type-simple"},"_links":{"self":[{"href":"https:\/\/med-disposable.com\/es\/wp-json\/wp\/v2\/product\/21165","targetHints":{"allow":["GET"]}}],"collection":[{"href":"https:\/\/med-disposable.com\/es\/wp-json\/wp\/v2\/product"}],"about":[{"href":"https:\/\/med-disposable.com\/es\/wp-json\/wp\/v2\/types\/product"}],"version-history":[{"count":0,"href":"https:\/\/med-disposable.com\/es\/wp-json\/wp\/v2\/product\/21165\/revisions"}],"wp:featuredmedia":[{"embeddable":true,"href":"https:\/\/med-disposable.com\/es\/wp-json\/wp\/v2\/media\/21136"}],"wp:attachment":[{"href":"https:\/\/med-disposable.com\/es\/wp-json\/wp\/v2\/media?parent=21165"}],"wp:term":[{"taxonomy":"product_brand","embeddable":true,"href":"https:\/\/med-disposable.com\/es\/wp-json\/wp\/v2\/product_brand?post=21165"},{"taxonomy":"product_cat","embeddable":true,"href":"https:\/\/med-disposable.com\/es\/wp-json\/wp\/v2\/product_cat?post=21165"},{"taxonomy":"product_tag","embeddable":true,"href":"https:\/\/med-disposable.com\/es\/wp-json\/wp\/v2\/product_tag?post=21165"}],"curies":[{"name":"wp","href":"https:\/\/api.w.org\/{rel}","templated":true}]}}