{"id":22056,"date":"2024-11-28T17:56:29","date_gmt":"2024-11-28T09:56:29","guid":{"rendered":"https:\/\/med-disposable.com\/?post_type=product&#038;p=22056"},"modified":"2024-11-28T17:56:30","modified_gmt":"2024-11-28T09:56:30","slug":"rollo-de-papel-absorbente-de-cocina-desechable","status":"publish","type":"product","link":"https:\/\/med-disposable.com\/es\/product\/absorbent-disposable-kitchen-towel-roll\/","title":{"rendered":"Rollo de papel de cocina desechable absorbente"},"content":{"rendered":"<h2><strong>Aspectos destacados del producto:<\/strong><\/h2>\n<ul>\n<li>Muy absorbente y duradero<\/li>\n<li>Sin pelusa, suave y absorbente<\/li>\n<li>De viscosa 55% + poli\u00e9ster 45%<\/li>\n<li>Ideal para limpiar platos, encimeras y diversas superficies de la cocina<\/li>\n<li>Reutilizable y f\u00e1cil de limpiar antes de desechar<\/li>\n<li>F\u00e1cil de arrancar gracias a las l\u00edneas de precorte<\/li>\n<\/ul>\n<p><img fetchpriority=\"high\" decoding=\"async\" class=\"wp-image-21138\" src=\"https:\/\/med-disposable.com\/wp-content\/uploads\/2024\/11\/disposable-dish-wipes-16-300x300.jpg\" alt=\"Limpiar a mano el cuenco de madera con un pa\u00f1o, sin dejar rayas.\" width=\"1000\" height=\"1000\" srcset=\"https:\/\/med-disposable.com\/wp-content\/uploads\/2024\/11\/disposable-dish-wipes-16-300x300.jpg 300w, https:\/\/med-disposable.com\/wp-content\/uploads\/2024\/11\/disposable-dish-wipes-16-150x150.jpg 150w, https:\/\/med-disposable.com\/wp-content\/uploads\/2024\/11\/disposable-dish-wipes-16-768x768.jpg 768w, https:\/\/med-disposable.com\/wp-content\/uploads\/2024\/11\/disposable-dish-wipes-16-600x600.jpg 600w, https:\/\/med-disposable.com\/wp-content\/uploads\/2024\/11\/disposable-dish-wipes-16-100x100.jpg 100w, https:\/\/med-disposable.com\/wp-content\/uploads\/2024\/11\/disposable-dish-wipes-16.jpg 800w\" sizes=\"(max-width: 1000px) 100vw, 1000px\" \/><\/p>\n<p><img decoding=\"async\" class=\"wp-image-21148\" src=\"https:\/\/med-disposable.com\/wp-content\/uploads\/2024\/11\/disposable-dish-wipes-25-300x300.jpg\" alt=\"Pa\u00f1o ultraabsorbente en cuenco de madera.\" width=\"1000\" height=\"1000\" srcset=\"https:\/\/med-disposable.com\/wp-content\/uploads\/2024\/11\/disposable-dish-wipes-25-300x300.jpg 300w, https:\/\/med-disposable.com\/wp-content\/uploads\/2024\/11\/disposable-dish-wipes-25-150x150.jpg 150w, https:\/\/med-disposable.com\/wp-content\/uploads\/2024\/11\/disposable-dish-wipes-25-768x768.jpg 768w, https:\/\/med-disposable.com\/wp-content\/uploads\/2024\/11\/disposable-dish-wipes-25-600x600.jpg 600w, https:\/\/med-disposable.com\/wp-content\/uploads\/2024\/11\/disposable-dish-wipes-25-100x100.jpg 100w, https:\/\/med-disposable.com\/wp-content\/uploads\/2024\/11\/disposable-dish-wipes-25.jpg 800w\" sizes=\"(max-width: 1000px) 100vw, 1000px\" \/><\/p>\n<p><img decoding=\"async\" class=\"wp-image-21140\" src=\"https:\/\/med-disposable.com\/wp-content\/uploads\/2024\/11\/disposable-dish-wipes-18-300x259.jpg\" alt=\"Pa\u00f1o azul multiusos para limpiar diversas superficies.\" width=\"1000\" height=\"862\" srcset=\"https:\/\/med-disposable.com\/wp-content\/uploads\/2024\/11\/disposable-dish-wipes-18-300x259.jpg 300w, https:\/\/med-disposable.com\/wp-content\/uploads\/2024\/11\/disposable-dish-wipes-18-768x662.jpg 768w, https:\/\/med-disposable.com\/wp-content\/uploads\/2024\/11\/disposable-dish-wipes-18-600x518.jpg 600w, https:\/\/med-disposable.com\/wp-content\/uploads\/2024\/11\/disposable-dish-wipes-18.jpg 800w\" sizes=\"(max-width: 1000px) 100vw, 1000px\" \/><\/p>\n<h2>Especificaciones<\/h2>\n<table width=\"603\">\n<tbody>\n<tr>\n<td width=\"78\">Material<\/td>\n<td width=\"525\">55% viscosa+45% poli\u00e9ster, o no tejido, algod\u00f3n, otros materiales a petici\u00f3n<\/td>\n<\/tr>\n<tr>\n<td>Talla<\/td>\n<td>30x20cm\/pieza, 50pcs\/roll, o como petici\u00f3n<\/td>\n<\/tr>\n<tr>\n<td>Peso<\/td>\n<td>30-180g, seg\u00fan pedido<\/td>\n<\/tr>\n<tr>\n<td>Color<\/td>\n<td>Blanco, azul, rosa, naranja, verde, cualquier color a petici\u00f3n<\/td>\n<\/tr>\n<tr>\n<td>Embalaje<\/td>\n<td>1 rollo\/bolsa, 10 rollos\/cart\u00f3n, o seg\u00fan pedido<\/td>\n<\/tr>\n<\/tbody>\n<\/table>\n<p>&nbsp;<\/p>\n<h2>Aplicaciones de los pa\u00f1os de cocina desechables<\/h2>\n<p><strong>Limpieza del hogar:<\/strong>\u00a0Perfecto para limpiar encimeras, electrodom\u00e9sticos y derrames, manteniendo su cocina impecable.<br \/>\n<strong>Cuidado del coche:<\/strong>\u00a0Ideal para detallar y limpiar interiores y exteriores de autom\u00f3viles, dej\u00e1ndolos relucientes como nuevos.<br \/>\n<strong>Muebles:<\/strong>\u00a0Ideal para quitar el polvo y abrillantar sillas, mesas y otros muebles, garantizando un entorno dom\u00e9stico impecable.<br \/>\n<strong>Cristaler\u00eda:<\/strong>\u00a0No sueltan pelusa y son suaves, por lo que son perfectas para limpiar cristales y espejos sin dejar rayas.<br \/>\n<strong>Suelos:<\/strong>\u00a0Eficaz para fregar peque\u00f1os derrames y limpiar suelos, proporcionando una soluci\u00f3n de limpieza r\u00e1pida y f\u00e1cil.<\/p>\n<figure id=\"attachment_21129\" aria-describedby=\"caption-attachment-21129\" style=\"width: 1000px\" class=\"wp-caption alignnone\"><img loading=\"lazy\" decoding=\"async\" class=\"wp-image-21129\" src=\"https:\/\/med-disposable.com\/wp-content\/uploads\/2024\/11\/disposable-dish-wipes-7-300x297.jpg\" alt=\"Pa\u00f1os de limpieza de colores para diversas tareas dom\u00e9sticas.\" width=\"1000\" height=\"991\" srcset=\"https:\/\/med-disposable.com\/wp-content\/uploads\/2024\/11\/disposable-dish-wipes-7-300x297.jpg 300w, https:\/\/med-disposable.com\/wp-content\/uploads\/2024\/11\/disposable-dish-wipes-7-150x150.jpg 150w, https:\/\/med-disposable.com\/wp-content\/uploads\/2024\/11\/disposable-dish-wipes-7-768x761.jpg 768w, https:\/\/med-disposable.com\/wp-content\/uploads\/2024\/11\/disposable-dish-wipes-7-600x595.jpg 600w, https:\/\/med-disposable.com\/wp-content\/uploads\/2024\/11\/disposable-dish-wipes-7-100x100.jpg 100w, https:\/\/med-disposable.com\/wp-content\/uploads\/2024\/11\/disposable-dish-wipes-7.jpg 800w\" sizes=\"(max-width: 1000px) 100vw, 1000px\" \/><figcaption id=\"caption-attachment-21129\" class=\"wp-caption-text\">\u00a0<\/figcaption><\/figure>","protected":false},"excerpt":{"rendered":"<p>Dise\u00f1adas para proporcionar una absorbencia y resistencia superiores, estas toallas son perfectas para una gran variedad de tareas dom\u00e9sticas y de cocina. Ya sea para absorber derrames, limpiar superficies o manipular ollas y sartenes grasientas, nuestras toallas desechables son la soluci\u00f3n perfecta para tener un hogar limpio e higi\u00e9nico.<\/p>","protected":false},"featured_media":21283,"template":"","meta":{"_seopress_robots_primary_cat":"","_seopress_titles_title":"","_seopress_titles_desc":"","_seopress_robots_index":""},"product_brand":[],"product_cat":[87],"product_tag":[],"class_list":{"0":"post-22056","1":"product","2":"type-product","3":"status-publish","4":"has-post-thumbnail","6":"product_cat-healthcare","8":"first","9":"instock","10":"shipping-taxable","11":"product-type-simple"},"_links":{"self":[{"href":"https:\/\/med-disposable.com\/es\/wp-json\/wp\/v2\/product\/22056","targetHints":{"allow":["GET"]}}],"collection":[{"href":"https:\/\/med-disposable.com\/es\/wp-json\/wp\/v2\/product"}],"about":[{"href":"https:\/\/med-disposable.com\/es\/wp-json\/wp\/v2\/types\/product"}],"version-history":[{"count":0,"href":"https:\/\/med-disposable.com\/es\/wp-json\/wp\/v2\/product\/22056\/revisions"}],"wp:featuredmedia":[{"embeddable":true,"href":"https:\/\/med-disposable.com\/es\/wp-json\/wp\/v2\/media\/21283"}],"wp:attachment":[{"href":"https:\/\/med-disposable.com\/es\/wp-json\/wp\/v2\/media?parent=22056"}],"wp:term":[{"taxonomy":"product_brand","embeddable":true,"href":"https:\/\/med-disposable.com\/es\/wp-json\/wp\/v2\/product_brand?post=22056"},{"taxonomy":"product_cat","embeddable":true,"href":"https:\/\/med-disposable.com\/es\/wp-json\/wp\/v2\/product_cat?post=22056"},{"taxonomy":"product_tag","embeddable":true,"href":"https:\/\/med-disposable.com\/es\/wp-json\/wp\/v2\/product_tag?post=22056"}],"curies":[{"name":"wp","href":"https:\/\/api.w.org\/{rel}","templated":true}]}}