{"id":2207,"date":"2021-07-22T11:06:34","date_gmt":"2021-07-22T03:06:34","guid":{"rendered":"https:\/\/med-disposable.com\/?post_type=product&#038;p=2207"},"modified":"2023-07-03T10:35:04","modified_gmt":"2023-07-03T02:35:04","slug":"poncho-de-plastico-desechable-pe-transparente-para-la-lluvia","status":"publish","type":"product","link":"https:\/\/med-disposable.com\/es\/product\/disposable-plastic-pe-clear-rain-poncho\/","title":{"rendered":"Poncho de lluvia transparente de pl\u00e1stico PE desechable"},"content":{"rendered":"<h2>Especificaci\u00f3n b\u00e1sica:<\/h2>\n<table width=\"476\">\n<tbody>\n<tr>\n<td width=\"86\">Talla<\/td>\n<td width=\"390\">72*101cm, 102*128cm, o seg\u00fan pedido<\/td>\n<\/tr>\n<tr>\n<td width=\"86\">Material<\/td>\n<td>PE, 100% virgen<\/td>\n<\/tr>\n<tr>\n<td width=\"86\">Gramo de peso<\/td>\n<td>0,02 mm, 0,025 mm, 0,03 mm o seg\u00fan se solicite<\/td>\n<\/tr>\n<tr>\n<td width=\"86\">Estilo<\/td>\n<td width=\"390\">con capucha, puede ser con cuerda si es necesario<\/td>\n<\/tr>\n<tr>\n<td width=\"86\">Color<\/td>\n<td>transparente, blanco, azul, verde, rojo, amarillo... personalizable<\/td>\n<\/tr>\n<tr>\n<td width=\"86\">Embalaje<\/td>\n<td>1ud\/bolsa, con o sin tarjeta de papel impresa, 200ud\/ctn<\/td>\n<\/tr>\n<\/tbody>\n<\/table>\n<h2><figure class=\"wp-block-embed wp-block-embed-youtube is-type-video is-provider-youtube epyt-figure\"><div class=\"wp-block-embed__wrapper\"><div  id=\"_ytid_22816\"  width=\"800\" height=\"450\"  data-origwidth=\"800\" data-origheight=\"450\" data-facadesrc=\"https:\/\/www.youtube.com\/embed\/QSVnDk-ZPko?enablejsapi=1&autoplay=0&cc_load_policy=0&cc_lang_pref=&iv_load_policy=1&loop=0&rel=1&fs=1&playsinline=0&autohide=2&theme=dark&color=red&controls=1&disablekb=0&\" class=\"__youtube_prefs__ epyt-facade no-lazyload\" data-epautoplay=\"1\" ><img decoding=\"async\" data-spai-excluded=\"true\" class=\"epyt-facade-poster skip-lazy\" loading=\"lazy\"  alt=\"YouTube player\"  src=\"https:\/\/i.ytimg.com\/vi\/QSVnDk-ZPko\/maxresdefault.jpg\"  \/><button class=\"epyt-facade-play\" aria-label=\"Jugar\"><svg data-no-lazy=\"1\" height=\"100%\" version=\"1.1\" viewbox=\"0 0 68 48\" width=\"100%\"><path class=\"ytp-large-play-button-bg\" d=\"M66.52,7.74c-0.78-2.93-2.49-5.41-5.42-6.19C55.79,.13,34,0,34,0S12.21,.13,6.9,1.55 C3.97,2.33,2.27,4.81,1.48,7.74C0.06,13.05,0,24,0,24s0.06,10.95,1.48,16.26c0.78,2.93,2.49,5.41,5.42,6.19 C12.21,47.87,34,48,34,48s21.79-0.13,27.1-1.55c2.93-0.78,4.64-3.26,5.42-6.19C67.94,34.95,68,24,68,24S67.94,13.05,66.52,7.74z\" fill=\"#f00\"><\/path><path d=\"M 45,24 27,14 27,34\" fill=\"#fff\"><\/path><\/svg><\/button><\/div><\/div><\/figure><\/h2>\n<h2>Caracter\u00edstica:<\/h2>\n<p>El poncho de lluvia de PE de alto nivel de calidad puede ser de talla \u00fanica;<\/p>\n<p>Poncho de lluvia de PE con capucha y cuerda, todos los colores atractivos pueden ser como personalizados;<\/p>\n<p>Material de PE, ligero y compacto para un f\u00e1cil almacenamiento, cabr\u00e1 en su bolsillo o incluso en su cartera.<\/p>\n<p>Todo empaquetado en bolsas de polietileno individuales, ocupa un espacio m\u00ednimo en la bolsa. Guarda una f\u00e1cilmente en tu equipaje, bolso, mochila o bolsillo.<\/p>\n<p><img fetchpriority=\"high\" decoding=\"async\" class=\"aligncenter wp-image-8103 size-full\" src=\"https:\/\/med-disposable.com\/wp-content\/uploads\/2021\/07\/dispsoable-ponchos-6.jpg\" alt=\"\" width=\"700\" height=\"700\" srcset=\"https:\/\/med-disposable.com\/wp-content\/uploads\/2021\/07\/dispsoable-ponchos-6.jpg 700w, https:\/\/med-disposable.com\/wp-content\/uploads\/2021\/07\/dispsoable-ponchos-6-300x300.jpg 300w, https:\/\/med-disposable.com\/wp-content\/uploads\/2021\/07\/dispsoable-ponchos-6-150x150.jpg 150w, https:\/\/med-disposable.com\/wp-content\/uploads\/2021\/07\/dispsoable-ponchos-6-600x600.jpg 600w, https:\/\/med-disposable.com\/wp-content\/uploads\/2021\/07\/dispsoable-ponchos-6-100x100.jpg 100w\" sizes=\"(max-width: 700px) 100vw, 700px\" \/><\/p>\n<h2>Ventajas de los ponchos de PE:<\/h2>\n<ul>\n<li><strong>Material duradero:<\/strong>\u00a0Nuestro Poncho de lluvia desechable est\u00e1 fabricado con pl\u00e1stico de polietileno (PE) de alta calidad, que proporciona una protecci\u00f3n eficaz contra la lluvia y el viento.<\/li>\n<li><strong>Dise\u00f1o transparente:<\/strong>\u00a0El dise\u00f1o transparente del poncho de lluvia le permite mantener la visibilidad de su ropa o uniformes debajo mientras permanece seco.<\/li>\n<li><strong>Cap\u00f3 integrado:<\/strong>\u00a0El poncho incorpora una capucha que garantiza una cobertura y protecci\u00f3n completas de la cabeza y el pelo en condiciones de lluvia.<\/li>\n<li><strong>Talla \u00fanica:<\/strong>\u00a0El generoso tallaje de este poncho de lluvia desechable est\u00e1 dise\u00f1ado para adaptarse c\u00f3modamente a la mayor\u00eda de los adultos, lo que lo convierte en una soluci\u00f3n ideal para diversas situaciones.<\/li>\n<li><strong>Ligero y compacto:<\/strong>\u00a0El dise\u00f1o ligero y compacto del poncho permite guardarlo f\u00e1cilmente en el bolso, el coche o el lugar de trabajo para acceder a \u00e9l r\u00e1pidamente cuando sea necesario.<\/li>\n<\/ul>\n<p><img decoding=\"async\" class=\"aligncenter wp-image-8098 size-large\" src=\"https:\/\/med-disposable.com\/wp-content\/uploads\/2021\/07\/dispsoable-ponchos-3-1024x1024.jpg\" alt=\"\" width=\"800\" height=\"800\" srcset=\"https:\/\/med-disposable.com\/wp-content\/uploads\/2021\/07\/dispsoable-ponchos-3-1024x1024.jpg 1024w, https:\/\/med-disposable.com\/wp-content\/uploads\/2021\/07\/dispsoable-ponchos-3-300x300.jpg 300w, https:\/\/med-disposable.com\/wp-content\/uploads\/2021\/07\/dispsoable-ponchos-3-150x150.jpg 150w, https:\/\/med-disposable.com\/wp-content\/uploads\/2021\/07\/dispsoable-ponchos-3-768x768.jpg 768w, https:\/\/med-disposable.com\/wp-content\/uploads\/2021\/07\/dispsoable-ponchos-3-1536x1536.jpg 1536w, https:\/\/med-disposable.com\/wp-content\/uploads\/2021\/07\/dispsoable-ponchos-3-scaled.jpg 2048w, https:\/\/med-disposable.com\/wp-content\/uploads\/2021\/07\/dispsoable-ponchos-3-600x600.jpg 600w, https:\/\/med-disposable.com\/wp-content\/uploads\/2021\/07\/dispsoable-ponchos-3-100x100.jpg 100w\" sizes=\"(max-width: 800px) 100vw, 800px\" \/> <img decoding=\"async\" class=\"aligncenter wp-image-8099 size-large\" src=\"https:\/\/med-disposable.com\/wp-content\/uploads\/2021\/07\/disposable-ponchos-2-1024x1024.jpg\" alt=\"\" width=\"800\" height=\"800\" srcset=\"https:\/\/med-disposable.com\/wp-content\/uploads\/2021\/07\/disposable-ponchos-2-1024x1024.jpg 1024w, https:\/\/med-disposable.com\/wp-content\/uploads\/2021\/07\/disposable-ponchos-2-300x300.jpg 300w, https:\/\/med-disposable.com\/wp-content\/uploads\/2021\/07\/disposable-ponchos-2-150x150.jpg 150w, https:\/\/med-disposable.com\/wp-content\/uploads\/2021\/07\/disposable-ponchos-2-768x768.jpg 768w, https:\/\/med-disposable.com\/wp-content\/uploads\/2021\/07\/disposable-ponchos-2-600x600.jpg 600w, https:\/\/med-disposable.com\/wp-content\/uploads\/2021\/07\/disposable-ponchos-2-100x100.jpg 100w, https:\/\/med-disposable.com\/wp-content\/uploads\/2021\/07\/disposable-ponchos-2.jpg 1400w\" sizes=\"(max-width: 800px) 100vw, 800px\" \/><\/p>","protected":false},"excerpt":{"rendered":"<p>Est\u00e9 preparado para aguaceros inesperados con nuestro Poncho de lluvia transparente de pl\u00e1stico PE desechable con capucha. Esta pr\u00e1ctica y asequible soluci\u00f3n de protecci\u00f3n contra la lluvia es perfecta para eventos al aire libre, viajes y situaciones de emergencia. Fabricado en polietileno (PE) ligero, el poncho ofrece una protecci\u00f3n fiable a la vez que resulta c\u00f3modo y f\u00e1cil de llevar.<\/p>","protected":false},"featured_media":8097,"template":"","meta":{"_seopress_robots_primary_cat":"none","_seopress_titles_title":"Rain Poncho - Disposable plastic PE clear rain poncho","_seopress_titles_desc":"Keep dry during any storm with this PE Rain Poncho - one size fits all! Fits easily into luggage, purse, backpack, and pocket. Perfect size, gram weight, and style for any weather. Variety of colors and custom packs. Store conveniently and comfortably!","_seopress_robots_index":""},"product_brand":[],"product_cat":[50],"product_tag":[116,94],"class_list":{"0":"post-2207","1":"product","2":"type-product","3":"status-publish","4":"has-post-thumbnail","6":"product_cat-rain-coat","7":"product_tag-pe","8":"product_tag-rain-poncho","10":"first","11":"instock","12":"shipping-taxable","13":"product-type-simple"},"_links":{"self":[{"href":"https:\/\/med-disposable.com\/es\/wp-json\/wp\/v2\/product\/2207","targetHints":{"allow":["GET"]}}],"collection":[{"href":"https:\/\/med-disposable.com\/es\/wp-json\/wp\/v2\/product"}],"about":[{"href":"https:\/\/med-disposable.com\/es\/wp-json\/wp\/v2\/types\/product"}],"version-history":[{"count":0,"href":"https:\/\/med-disposable.com\/es\/wp-json\/wp\/v2\/product\/2207\/revisions"}],"wp:featuredmedia":[{"embeddable":true,"href":"https:\/\/med-disposable.com\/es\/wp-json\/wp\/v2\/media\/8097"}],"wp:attachment":[{"href":"https:\/\/med-disposable.com\/es\/wp-json\/wp\/v2\/media?parent=2207"}],"wp:term":[{"taxonomy":"product_brand","embeddable":true,"href":"https:\/\/med-disposable.com\/es\/wp-json\/wp\/v2\/product_brand?post=2207"},{"taxonomy":"product_cat","embeddable":true,"href":"https:\/\/med-disposable.com\/es\/wp-json\/wp\/v2\/product_cat?post=2207"},{"taxonomy":"product_tag","embeddable":true,"href":"https:\/\/med-disposable.com\/es\/wp-json\/wp\/v2\/product_tag?post=2207"}],"curies":[{"name":"wp","href":"https:\/\/api.w.org\/{rel}","templated":true}]}}