{"id":2229,"date":"2021-07-23T17:37:36","date_gmt":"2021-07-23T09:37:36","guid":{"rendered":"https:\/\/med-disposable.com\/?post_type=product&#038;p=2229"},"modified":"2023-07-03T11:03:50","modified_gmt":"2023-07-03T03:03:50","slug":"fundas-de-plastico-desechables-fabricadas-a-maquina","status":"publish","type":"product","link":"https:\/\/med-disposable.com\/es\/product\/machine-made-disposable-plastic-sleeve-covers\/","title":{"rendered":"Fundas de pl\u00e1stico desechables fabricadas a m\u00e1quina"},"content":{"rendered":"<h2><strong>Especificaci\u00f3n detallada<\/strong>:<\/h2>\n<table width=\"729\">\n<tbody>\n<tr>\n<td width=\"110\"><span data-spm-anchor-id=\"a2700.details.pronpeci14.i0.21f55b81kmzmTN\">Material<\/span><\/td>\n<td width=\"619\">PE<\/td>\n<\/tr>\n<tr>\n<td>Talla<\/td>\n<td>el tama\u00f1o normal es 40x20cm, o seg\u00fan lo modificado para requisitos particulares<\/td>\n<\/tr>\n<tr>\n<td>peso<\/td>\n<td>2-5g\/pc, seg\u00fan pedido<\/td>\n<\/tr>\n<tr>\n<td>Color<\/td>\n<td>blanco, azul, rojo, negro...seg\u00fan pedido<\/td>\n<\/tr>\n<tr>\n<td>MOQ<\/td>\n<td>100.000 unidades<\/td>\n<\/tr>\n<tr>\n<td>Caracter\u00edsticas<\/td>\n<td>Desechables, ligeras, c\u00f3modas, flexibles, econ\u00f3micas, suaves y bonitas.<\/td>\n<\/tr>\n<tr>\n<td>Tiempo de muestreo<\/td>\n<td>Entre 1 y 3 d\u00edas laborables<\/td>\n<\/tr>\n<tr>\n<td>Plazo de entrega<\/td>\n<td>depende de la cantidad del pedido, unos 10-30 d\u00edas<\/td>\n<\/tr>\n<tr>\n<td>Puerto de carga<\/td>\n<td>Wuhan, Shanghai, Ningbo, Shenzhen<\/td>\n<\/tr>\n<tr>\n<td>Detalles del embalaje<\/td>\n<td data-spm-anchor-id=\"a2700.details.pronpeci14.i1.21f55b81kmzmTN\">100pcs\/bag, 10bags\/carton, 20bags\/carton, o como modificado para requisitos particulares.<\/td>\n<\/tr>\n<\/tbody>\n<\/table>\n<figure class=\"wp-block-embed wp-block-embed-youtube is-type-video is-provider-youtube epyt-figure\"><div class=\"wp-block-embed__wrapper\"><div  id=\"_ytid_23006\"  width=\"800\" height=\"450\"  data-origwidth=\"800\" data-origheight=\"450\" data-facadesrc=\"https:\/\/www.youtube.com\/embed\/Wn6RyyV1AGs?enablejsapi=1&autoplay=0&cc_load_policy=0&cc_lang_pref=&iv_load_policy=1&loop=0&rel=1&fs=1&playsinline=0&autohide=2&theme=dark&color=red&controls=1&disablekb=0&\" class=\"__youtube_prefs__ epyt-facade no-lazyload\" data-epautoplay=\"1\" ><img decoding=\"async\" data-spai-excluded=\"true\" class=\"epyt-facade-poster skip-lazy\" loading=\"lazy\"  alt=\"YouTube player\"  src=\"https:\/\/i.ytimg.com\/vi\/Wn6RyyV1AGs\/maxresdefault.jpg\"  \/><button class=\"epyt-facade-play\" aria-label=\"Jugar\"><svg data-no-lazy=\"1\" height=\"100%\" version=\"1.1\" viewbox=\"0 0 68 48\" width=\"100%\"><path class=\"ytp-large-play-button-bg\" d=\"M66.52,7.74c-0.78-2.93-2.49-5.41-5.42-6.19C55.79,.13,34,0,34,0S12.21,.13,6.9,1.55 C3.97,2.33,2.27,4.81,1.48,7.74C0.06,13.05,0,24,0,24s0.06,10.95,1.48,16.26c0.78,2.93,2.49,5.41,5.42,6.19 C12.21,47.87,34,48,34,48s21.79-0.13,27.1-1.55c2.93-0.78,4.64-3.26,5.42-6.19C67.94,34.95,68,24,68,24S67.94,13.05,66.52,7.74z\" fill=\"#f00\"><\/path><path d=\"M 45,24 27,14 27,34\" fill=\"#fff\"><\/path><\/svg><\/button><\/div><\/div><\/figure>\n<h2>Ventajas de las fundas de pl\u00e1stico desechables<\/h2>\n<ul>\n<li><strong>Construcci\u00f3n a m\u00e1quina:<\/strong>\u00a0El dise\u00f1o de precisi\u00f3n, fabricado a m\u00e1quina, garantiza una calidad y durabilidad constantes en cada funda.<\/li>\n<\/ul>\n<p><img fetchpriority=\"high\" decoding=\"async\" class=\"aligncenter wp-image-8137 size-full\" src=\"https:\/\/med-disposable.com\/wp-content\/uploads\/2021\/07\/machine-made-sleeve-covers-15.jpg\" alt=\"\" width=\"800\" height=\"800\" srcset=\"https:\/\/med-disposable.com\/wp-content\/uploads\/2021\/07\/machine-made-sleeve-covers-15.jpg 800w, https:\/\/med-disposable.com\/wp-content\/uploads\/2021\/07\/machine-made-sleeve-covers-15-300x300.jpg 300w, https:\/\/med-disposable.com\/wp-content\/uploads\/2021\/07\/machine-made-sleeve-covers-15-150x150.jpg 150w, https:\/\/med-disposable.com\/wp-content\/uploads\/2021\/07\/machine-made-sleeve-covers-15-768x768.jpg 768w, https:\/\/med-disposable.com\/wp-content\/uploads\/2021\/07\/machine-made-sleeve-covers-15-600x600.jpg 600w, https:\/\/med-disposable.com\/wp-content\/uploads\/2021\/07\/machine-made-sleeve-covers-15-100x100.jpg 100w\" sizes=\"(max-width: 800px) 100vw, 800px\" \/><\/p>\n<ul>\n<li><strong>Cierre el\u00e1stico:<\/strong>\u00a0La banda el\u00e1stica en ambos extremos del cubremangas proporciona un ajuste seguro y c\u00f3modo, evitando el deslizamiento y garantizando una cobertura adecuada durante todo el turno de trabajo.<\/li>\n<li><strong>Talla \u00fanica:<\/strong>\u00a0El generoso tallaje de estos cubremanguitos desechables est\u00e1 dise\u00f1ado para ajustarse c\u00f3modamente a la mayor\u00eda de los adultos, adapt\u00e1ndose a distintas longitudes y circunferencias de brazo.<\/li>\n<li><strong>F\u00e1cil de poner y quitar:<\/strong>\u00a0Los cubremangas pueden ponerse y quitarse r\u00e1pidamente, lo que los convierte en una opci\u00f3n c\u00f3moda para mantener la limpieza en su entorno de trabajo.<\/li>\n<\/ul>\n<p><img decoding=\"async\" class=\"aligncenter wp-image-8136 size-full\" src=\"https:\/\/med-disposable.com\/wp-content\/uploads\/2021\/07\/machine-made-sleeve-covers-14.jpg\" alt=\"\" width=\"800\" height=\"800\" srcset=\"https:\/\/med-disposable.com\/wp-content\/uploads\/2021\/07\/machine-made-sleeve-covers-14.jpg 800w, https:\/\/med-disposable.com\/wp-content\/uploads\/2021\/07\/machine-made-sleeve-covers-14-300x300.jpg 300w, https:\/\/med-disposable.com\/wp-content\/uploads\/2021\/07\/machine-made-sleeve-covers-14-150x150.jpg 150w, https:\/\/med-disposable.com\/wp-content\/uploads\/2021\/07\/machine-made-sleeve-covers-14-768x768.jpg 768w, https:\/\/med-disposable.com\/wp-content\/uploads\/2021\/07\/machine-made-sleeve-covers-14-600x600.jpg 600w, https:\/\/med-disposable.com\/wp-content\/uploads\/2021\/07\/machine-made-sleeve-covers-14-100x100.jpg 100w\" sizes=\"(max-width: 800px) 100vw, 800px\" \/> <img decoding=\"async\" class=\"aligncenter wp-image-8125 size-full\" src=\"https:\/\/med-disposable.com\/wp-content\/uploads\/2021\/07\/machine-made-sleeve-covers-4.jpg\" alt=\"\" width=\"800\" height=\"800\" srcset=\"https:\/\/med-disposable.com\/wp-content\/uploads\/2021\/07\/machine-made-sleeve-covers-4.jpg 800w, https:\/\/med-disposable.com\/wp-content\/uploads\/2021\/07\/machine-made-sleeve-covers-4-300x300.jpg 300w, https:\/\/med-disposable.com\/wp-content\/uploads\/2021\/07\/machine-made-sleeve-covers-4-150x150.jpg 150w, https:\/\/med-disposable.com\/wp-content\/uploads\/2021\/07\/machine-made-sleeve-covers-4-768x768.jpg 768w, https:\/\/med-disposable.com\/wp-content\/uploads\/2021\/07\/machine-made-sleeve-covers-4-600x600.jpg 600w, https:\/\/med-disposable.com\/wp-content\/uploads\/2021\/07\/machine-made-sleeve-covers-4-100x100.jpg 100w\" sizes=\"(max-width: 800px) 100vw, 800px\" \/><\/p>\n<p>&nbsp;<\/p>\n<h2>\u00bfPor qu\u00e9 encargar fundas de pl\u00e1stico desechables a Wuhan Youfu?<\/h2>\n<ol>\n<li><strong>Garant\u00eda de calidad:<\/strong>\u00a0Wuhan Youfu se compromete a suministrar productos de alta calidad que cumplan estrictas normas de control de calidad. Nuestras fundas de pl\u00e1stico desechables est\u00e1n fabricadas con materiales duraderos y fiables para garantizar la m\u00e1xima protecci\u00f3n y eficacia.<\/li>\n<li><strong>Conocimientos y experiencia:<\/strong>\u00a0Wuhan Youfu cuenta con una amplia experiencia y conocimientos en la fabricaci\u00f3n de prendas de protecci\u00f3n desechables. Gracias a nuestro conocimiento de los requisitos y las normas del sector, podemos ofrecer productos que satisfacen las necesidades espec\u00edficas de diversos campos.<\/li>\n<li><strong>Precios competitivos:<\/strong>\u00a0Ofrecemos precios competitivos en todos nuestros productos, lo que le garantiza la mejor relaci\u00f3n calidad-precio al elegir a Wuhan Youfu como proveedor.<\/li>\n<li><strong>Opciones de personalizaci\u00f3n:<\/strong>\u00a0Wuhan Youfu puede proporcionar soluciones personalizadas para satisfacer sus requisitos espec\u00edficos, incluidos el tama\u00f1o, el material y el dise\u00f1o. Esta flexibilidad nos permite satisfacer las necesidades espec\u00edficas de diversos sectores y clientes.<\/li>\n<li><strong>Entrega r\u00e1pida:<\/strong>\u00a0Comprendemos la importancia de la entrega puntual para mantener un flujo de trabajo fluido. Wuhan Youfu se compromete a proporcionar el env\u00edo r\u00e1pido y eficiente para asegurarse de que usted reciba sus fundas de pl\u00e1stico desechables cuando los necesite.<\/li>\n<li><strong>Excelente servicio de atenci\u00f3n al cliente:<\/strong>\u00a0Nuestro equipo de atenci\u00f3n al cliente est\u00e1 siempre a su disposici\u00f3n para responder a sus preguntas, resolver sus dudas y ayudarle durante todo el proceso de pedido. Nos esforzamos para que su experiencia con Wuhan Youfu sea lo m\u00e1s fluida y positiva posible.<\/li>\n<\/ol>\n<p>Al elegir a Wuhan Youfu como proveedor de Fundas de pl\u00e1stico desechables, puede confiar en que est\u00e1 recibiendo un producto de calidad que satisfar\u00e1 eficazmente sus necesidades, respaldado por una empresa dedicada a proporcionar un servicio y una asistencia excepcionales.<\/p>\n<p><img loading=\"lazy\" decoding=\"async\" class=\"aligncenter wp-image-6653 size-large\" src=\"https:\/\/med-disposable.com\/wp-content\/uploads\/2023\/05\/\u62fc\u56fe-1-1024x729.jpg\" alt=\"\" width=\"800\" height=\"570\" srcset=\"https:\/\/med-disposable.com\/wp-content\/uploads\/2023\/05\/\u62fc\u56fe-1-1024x729.jpg 1024w, https:\/\/med-disposable.com\/wp-content\/uploads\/2023\/05\/\u62fc\u56fe-1-300x214.jpg 300w, https:\/\/med-disposable.com\/wp-content\/uploads\/2023\/05\/\u62fc\u56fe-1-768x547.jpg 768w, https:\/\/med-disposable.com\/wp-content\/uploads\/2023\/05\/\u62fc\u56fe-1-600x427.jpg 600w, https:\/\/med-disposable.com\/wp-content\/uploads\/2023\/05\/\u62fc\u56fe-1.jpg 1189w\" sizes=\"(max-width: 800px) 100vw, 800px\" \/><\/p>","protected":false},"excerpt":{"rendered":"<p>Garantice un entorno de trabajo limpio e higi\u00e9nico con nuestros cubremangas de pl\u00e1stico desechables fabricados a m\u00e1quina. Estos vers\u00e1tiles protectores de brazos est\u00e1n dise\u00f1ados para proteger los manguitos de la suciedad, la mugre y los posibles contaminantes, por lo que son ideales para diversas aplicaciones en los sectores sanitario, alimentario, de laboratorio y otros.<\/p>","protected":false},"featured_media":8125,"template":"","meta":{"_seopress_robots_primary_cat":"none","_seopress_titles_title":"Plastic Sleeve Covers - Machine made Disposable plastic sleeve covers","_seopress_titles_desc":"Discover the perfect solution for your needs with this lightweight, anti-oil, waterproof, and flexible machine-made material. Featuring disposable, convenient, economical, soft, and good-looking designs, it meets your every need. Order now!","_seopress_robots_index":""},"product_brand":[],"product_cat":[51],"product_tag":[134,74],"class_list":{"0":"post-2229","1":"product","2":"type-product","3":"status-publish","4":"has-post-thumbnail","6":"product_cat-sleeve-cover","7":"product_tag-anti-dust","8":"product_tag-arm-sleeve","10":"first","11":"instock","12":"shipping-taxable","13":"product-type-simple"},"_links":{"self":[{"href":"https:\/\/med-disposable.com\/es\/wp-json\/wp\/v2\/product\/2229","targetHints":{"allow":["GET"]}}],"collection":[{"href":"https:\/\/med-disposable.com\/es\/wp-json\/wp\/v2\/product"}],"about":[{"href":"https:\/\/med-disposable.com\/es\/wp-json\/wp\/v2\/types\/product"}],"version-history":[{"count":0,"href":"https:\/\/med-disposable.com\/es\/wp-json\/wp\/v2\/product\/2229\/revisions"}],"wp:featuredmedia":[{"embeddable":true,"href":"https:\/\/med-disposable.com\/es\/wp-json\/wp\/v2\/media\/8125"}],"wp:attachment":[{"href":"https:\/\/med-disposable.com\/es\/wp-json\/wp\/v2\/media?parent=2229"}],"wp:term":[{"taxonomy":"product_brand","embeddable":true,"href":"https:\/\/med-disposable.com\/es\/wp-json\/wp\/v2\/product_brand?post=2229"},{"taxonomy":"product_cat","embeddable":true,"href":"https:\/\/med-disposable.com\/es\/wp-json\/wp\/v2\/product_cat?post=2229"},{"taxonomy":"product_tag","embeddable":true,"href":"https:\/\/med-disposable.com\/es\/wp-json\/wp\/v2\/product_tag?post=2229"}],"curies":[{"name":"wp","href":"https:\/\/api.w.org\/{rel}","templated":true}]}}