{"id":2286,"date":"2021-07-30T14:29:45","date_gmt":"2021-07-30T06:29:45","guid":{"rendered":"https:\/\/med-disposable.com\/?post_type=product&#038;p=2286"},"modified":"2025-03-04T17:35:44","modified_gmt":"2025-03-04T09:35:44","slug":"bolsa-desechable-para-cadaveres-con-asas","status":"publish","type":"product","link":"https:\/\/med-disposable.com\/es\/product\/disposable-body-corpse-bag-with-handles\/","title":{"rendered":"Bolsa desechable para cad\u00e1veres con asas"},"content":{"rendered":"<p>En situaciones que exigen dignidad y eficacia en la manipulaci\u00f3n de personas fallecidas, nuestra bolsa desechable para cad\u00e1veres es la mejor opci\u00f3n. Fabricada con una mezcla de materiales PP+PE de alta calidad y 80 g\/m\u00b2, esta bolsa est\u00e1 dise\u00f1ada espec\u00edficamente para contener restos humanos y es una herramienta fundamental en los sectores m\u00e9dico, de urgencias y mortuorio.<\/p>\n<p><img fetchpriority=\"high\" decoding=\"async\" class=\"aligncenter wp-image-10263 size-full\" src=\"https:\/\/med-disposable.com\/wp-content\/uploads\/2021\/07\/\u5fae\u4fe1\u56fe\u7247_20230921111933.png\" alt=\"\" width=\"470\" height=\"704\" srcset=\"https:\/\/med-disposable.com\/wp-content\/uploads\/2021\/07\/\u5fae\u4fe1\u56fe\u7247_20230921111933.png 470w, https:\/\/med-disposable.com\/wp-content\/uploads\/2021\/07\/\u5fae\u4fe1\u56fe\u7247_20230921111933-200x300.png 200w\" sizes=\"(max-width: 470px) 100vw, 470px\" \/><\/p>\n<p><strong>Especificaci\u00f3n detallada:<\/strong><\/p>\n<div class=\"table-responsive\">\n<table class=\"table\" border=\"0\" width=\"100%\" cellspacing=\"0\" cellpadding=\"0\">\n<tbody>\n<tr class=\"firstRow\">\n<td>Peso del tejido<\/td>\n<td>m\u00e1s de 80gsm, o se puede personalizar<\/td>\n<\/tr>\n<tr>\n<td>Material<\/td>\n<td>PP+PE<\/td>\n<\/tr>\n<tr>\n<td>Colores<\/td>\n<td>Azul, blanco, etc.<\/td>\n<\/tr>\n<tr>\n<td>Dise\u00f1o de la caja de embalaje<\/td>\n<td>OEM o est\u00e1ndar<\/td>\n<\/tr>\n<tr>\n<td>Aplicaciones<\/td>\n<td>hospital, m\u00e9dico, funerario, cat\u00e1strofes, militar, emergencias...<\/td>\n<\/tr>\n<tr>\n<td>Estilo<\/td>\n<td>Con asas<\/td>\n<\/tr>\n<\/tbody>\n<\/table>\n<h3>Caracter\u00edsticas:<\/h3>\n<ol>\n<li><strong>Integridad de los materiales<\/strong>: Fabricado a partir de una mezcla duradera de material PP+PE con un peso de 80 g\/m\u00b2, lo que garantiza su resistencia y longevidad.<\/li>\n<li><strong>Dise\u00f1o no poroso<\/strong>: La naturaleza impermeable de la bolsa garantiza que no se escapen fluidos ni contaminantes, proporcionando una contenci\u00f3n segura.<\/li>\n<li><strong>Soporte para asas<\/strong>: Equipada con asas de transporte situadas en las esquinas y a lo largo de los bordes, esta bolsa facilita un transporte m\u00e1s f\u00e1cil y seguro.<\/li>\n<li><strong>Seguridad garantizada<\/strong>: Dise\u00f1ado para encapsular de forma segura su contenido, eliminando los riesgos de fuga o contaminaci\u00f3n externa.<\/li>\n<li><strong>Dimensiones considerables<\/strong>: Garantiza la contenci\u00f3n segura de los restos humanos sin estirar ni tensar en exceso el material.<\/li>\n<\/ol>\n<p><img decoding=\"async\" class=\"aligncenter wp-image-10262 size-full\" src=\"https:\/\/med-disposable.com\/wp-content\/uploads\/2021\/07\/\u5fae\u4fe1\u56fe\u7247_20230921111929.png\" alt=\"\" width=\"730\" height=\"640\" srcset=\"https:\/\/med-disposable.com\/wp-content\/uploads\/2021\/07\/\u5fae\u4fe1\u56fe\u7247_20230921111929.png 730w, https:\/\/med-disposable.com\/wp-content\/uploads\/2021\/07\/\u5fae\u4fe1\u56fe\u7247_20230921111929-300x263.png 300w, https:\/\/med-disposable.com\/wp-content\/uploads\/2021\/07\/\u5fae\u4fe1\u56fe\u7247_20230921111929-600x526.png 600w\" sizes=\"(max-width: 730px) 100vw, 730px\" \/><\/p>\n<h3><img decoding=\"async\" class=\"aligncenter wp-image-10264 size-full\" src=\"https:\/\/med-disposable.com\/wp-content\/uploads\/2021\/07\/\u5fae\u4fe1\u56fe\u7247_20230921111938.png\" alt=\"\" width=\"730\" height=\"730\" srcset=\"https:\/\/med-disposable.com\/wp-content\/uploads\/2021\/07\/\u5fae\u4fe1\u56fe\u7247_20230921111938.png 730w, https:\/\/med-disposable.com\/wp-content\/uploads\/2021\/07\/\u5fae\u4fe1\u56fe\u7247_20230921111938-300x300.png 300w, https:\/\/med-disposable.com\/wp-content\/uploads\/2021\/07\/\u5fae\u4fe1\u56fe\u7247_20230921111938-150x150.png 150w, https:\/\/med-disposable.com\/wp-content\/uploads\/2021\/07\/\u5fae\u4fe1\u56fe\u7247_20230921111938-600x600.png 600w, https:\/\/med-disposable.com\/wp-content\/uploads\/2021\/07\/\u5fae\u4fe1\u56fe\u7247_20230921111938-100x100.png 100w\" sizes=\"(max-width: 730px) 100vw, 730px\" \/><\/h3>\n<h3>Ventajas:<\/h3>\n<ul>\n<li><strong>Soluci\u00f3n higi\u00e9nica<\/strong>: Ayuda a prevenir la propagaci\u00f3n de contagios y garantiza un m\u00e9todo est\u00e9ril de gesti\u00f3n de los restos.<\/li>\n<li><strong>Transporte racionalizado<\/strong>: La provisi\u00f3n de m\u00faltiples asas facilita un transporte eficaz y seguro por parte de los manipuladores.<\/li>\n<li><strong>Rentable<\/strong>: Una soluci\u00f3n de alta calidad pero asequible en comparaci\u00f3n con otros m\u00e9todos de contenci\u00f3n.<\/li>\n<li><strong>Uso polivalente<\/strong>: Adecuado tanto para el almacenamiento como para el transporte.<\/li>\n<\/ul>\n<h3>Aplicaciones:<\/h3>\n<p>Estas bolsas son vers\u00e1tiles y encuentran aplicaci\u00f3n en diversos \u00e1mbitos:<\/p>\n<ol>\n<li><strong>Hospitales y cl\u00ednicas<\/strong>: Para el tratamiento digno y seguro de las personas fallecidas.<\/li>\n<li><strong>Morgues<\/strong>: Adecuado para la conservaci\u00f3n y gesti\u00f3n de restos.<\/li>\n<li><strong>Respuesta ante cat\u00e1strofes<\/strong>: Esencial para la gesti\u00f3n y contenci\u00f3n de restos durante incidentes con v\u00edctimas en masa o tragedias imprevistas.<\/li>\n<li><strong>Funerarias<\/strong>: Se utiliza durante las etapas preliminares antes de los ritos finales, el entierro o la incineraci\u00f3n.<\/li>\n<\/ol>\n<h3>Modo de empleo:<\/h3>\n<ol>\n<li><strong>Abrir la bolsa<\/strong>: Exti\u00e9ndala sobre una superficie estable, asegur\u00e1ndose de que todas las asas sean accesibles.<\/li>\n<li><strong>Colocar los restos en el interior<\/strong>: Con reverencia, transfiere al difunto a la bolsa.<\/li>\n<li><strong>Sellar la bolsa<\/strong>: Aseg\u00farese de que la bolsa est\u00e9 bien cerrada para evitar fugas o exposiciones.<\/li>\n<li><strong>Transporte respetuoso<\/strong>: Utilice las asas para un proceso de transporte equilibrado y respetuoso.<\/li>\n<\/ol>\n<p>&nbsp;<\/p>\n<\/div>","protected":false},"excerpt":{"rendered":"<p>Material PP+PE, a prueba de fluidos; con asas para su transporte.<\/p>","protected":false},"featured_media":2288,"template":"","meta":{"_seopress_robots_primary_cat":"none","_seopress_titles_title":"Body Bags: 80gsm PP+PE fabric, OEM design, w\/handles for Hospitals & Funerals","_seopress_titles_desc":"Securely transport and store human remains with this durable 80gsm non-porous body bag. Featuring carrying handles and available in blue, white, and OEM colors, it is ideal for hospital, medical, funeral, military, disaster and other emergency applications.","_seopress_robots_index":""},"product_brand":[],"product_cat":[484],"product_tag":[138,139],"class_list":{"0":"post-2286","1":"product","2":"type-product","3":"status-publish","4":"has-post-thumbnail","6":"product_cat-body-bags","7":"product_tag-body-bag","8":"product_tag-body-corpse-bag","10":"first","11":"instock","12":"shipping-taxable","13":"product-type-simple"},"_links":{"self":[{"href":"https:\/\/med-disposable.com\/es\/wp-json\/wp\/v2\/product\/2286","targetHints":{"allow":["GET"]}}],"collection":[{"href":"https:\/\/med-disposable.com\/es\/wp-json\/wp\/v2\/product"}],"about":[{"href":"https:\/\/med-disposable.com\/es\/wp-json\/wp\/v2\/types\/product"}],"version-history":[{"count":1,"href":"https:\/\/med-disposable.com\/es\/wp-json\/wp\/v2\/product\/2286\/revisions"}],"predecessor-version":[{"id":35988,"href":"https:\/\/med-disposable.com\/es\/wp-json\/wp\/v2\/product\/2286\/revisions\/35988"}],"wp:featuredmedia":[{"embeddable":true,"href":"https:\/\/med-disposable.com\/es\/wp-json\/wp\/v2\/media\/2288"}],"wp:attachment":[{"href":"https:\/\/med-disposable.com\/es\/wp-json\/wp\/v2\/media?parent=2286"}],"wp:term":[{"taxonomy":"product_brand","embeddable":true,"href":"https:\/\/med-disposable.com\/es\/wp-json\/wp\/v2\/product_brand?post=2286"},{"taxonomy":"product_cat","embeddable":true,"href":"https:\/\/med-disposable.com\/es\/wp-json\/wp\/v2\/product_cat?post=2286"},{"taxonomy":"product_tag","embeddable":true,"href":"https:\/\/med-disposable.com\/es\/wp-json\/wp\/v2\/product_tag?post=2286"}],"curies":[{"name":"wp","href":"https:\/\/api.w.org\/{rel}","templated":true}]}}