{"id":2566,"date":"2021-08-24T18:37:15","date_gmt":"2021-08-24T10:37:15","guid":{"rendered":"https:\/\/med-disposable.com\/?post_type=product&#038;p=2566"},"modified":"2023-05-19T17:52:41","modified_gmt":"2023-05-19T09:52:41","slug":"trajes-desechables-de-pp-no-tejido","status":"publish","type":"product","link":"https:\/\/med-disposable.com\/es\/product\/disposable-non-woven-pp-scrub-suits\/","title":{"rendered":"Trajes desechables de PP no tejido"},"content":{"rendered":"<p>Nuestros uniformes m\u00e9dicos desechables de PP no tejido ofrecen a los profesionales sanitarios la protecci\u00f3n c\u00f3moda e higi\u00e9nica que necesitan en el desempe\u00f1o de sus funciones. Fabricados en polipropileno suave y transpirable, estos uniformes no solo est\u00e1n dise\u00f1ados para llevarlos c\u00f3modamente durante largos periodos de tiempo, sino que tambi\u00e9n ayudan a mantener un entorno limpio y seguro en los centros sanitarios.<\/p>\n<p>&nbsp;<\/p>\n<p><strong>Caracter\u00edsticas:<\/strong><\/p>\n<ol>\n<li>Fabricado en polipropileno (PP) ligero y transpirable para un confort \u00f3ptimo.<\/li>\n<li>Cada conjunto se compone de un top de manga corta y cuello en V, y un pantal\u00f3n con cintura el\u00e1stica para un ajuste c\u00f3modo.<\/li>\n<li>Disponible en varios tama\u00f1os y colores para adaptarse a las preferencias y necesidades individuales.<\/li>\n<li>Proporciona una excelente protecci\u00f3n de barrera contra part\u00edculas, fluidos y microorganismos.<\/li>\n<li>Dise\u00f1ado para un solo uso a fin de mantener la higiene y reducir el riesgo de contaminaci\u00f3n cruzada.<\/li>\n<li>Respetuoso con el medio ambiente, ya que es reciclable seg\u00fan las instalaciones y normativas locales de reciclaje.<\/li>\n<\/ol>\n<p>&nbsp;<\/p>\n<p><strong>Especificaci\u00f3n b\u00e1sica:<\/strong><\/p>\n<table width=\"494\">\n<tbody>\n<tr>\n<td width=\"101\">Talla<\/td>\n<td width=\"393\">M, L, XL, XXL, XXXL<\/td>\n<\/tr>\n<tr>\n<td>Material<\/td>\n<td>PP<\/td>\n<\/tr>\n<tr>\n<td>Gramo de peso<\/td>\n<td>35-55gsm<\/td>\n<\/tr>\n<tr>\n<td width=\"101\">Estilo<\/td>\n<td width=\"393\">Blusa: Cuello en V o redondo, manga corta, con o sin bolsillos;<\/p>\n<p>Pantalones: El\u00e1stico en la cintura, abierto en los tobillos.<\/td>\n<\/tr>\n<tr>\n<td width=\"101\">Color<\/td>\n<td width=\"393\">azul claro, azul oscuro\/azul marino, verde... seg\u00fan pedido<\/td>\n<\/tr>\n<tr>\n<td width=\"101\">Embalaje<\/td>\n<td width=\"393\">1 set\/bolsa, 50sets\/ctn<\/td>\n<\/tr>\n<\/tbody>\n<\/table>\n<p><img fetchpriority=\"high\" decoding=\"async\" class=\"aligncenter wp-image-6752 size-full\" src=\"https:\/\/med-disposable.com\/wp-content\/uploads\/2021\/08\/bcf6a2a44822eb42a6c2c8ed9f28f4e.png\" alt=\"\" width=\"800\" height=\"798\" srcset=\"https:\/\/med-disposable.com\/wp-content\/uploads\/2021\/08\/bcf6a2a44822eb42a6c2c8ed9f28f4e.png 800w, https:\/\/med-disposable.com\/wp-content\/uploads\/2021\/08\/bcf6a2a44822eb42a6c2c8ed9f28f4e-300x300.png 300w, https:\/\/med-disposable.com\/wp-content\/uploads\/2021\/08\/bcf6a2a44822eb42a6c2c8ed9f28f4e-150x150.png 150w, https:\/\/med-disposable.com\/wp-content\/uploads\/2021\/08\/bcf6a2a44822eb42a6c2c8ed9f28f4e-768x766.png 768w, https:\/\/med-disposable.com\/wp-content\/uploads\/2021\/08\/bcf6a2a44822eb42a6c2c8ed9f28f4e-600x599.png 600w, https:\/\/med-disposable.com\/wp-content\/uploads\/2021\/08\/bcf6a2a44822eb42a6c2c8ed9f28f4e-100x100.png 100w\" sizes=\"(max-width: 800px) 100vw, 800px\" \/><\/p>\n<p><strong>Ventajas:<\/strong><\/p>\n<ol>\n<li>C\u00f3modos y ligeros: El material de polipropileno suave y transpirable ofrece una comodidad y libertad de movimiento superiores, ideales para los profesionales sanitarios que necesitan llevarlas durante periodos prolongados.<\/li>\n<li>Barrera protectora: Nuestros uniformes act\u00faan como una excelente barrera contra part\u00edculas, fluidos y microorganismos, ayudando a mantener un entorno limpio y seguro.<\/li>\n<li>Higi\u00e9nico: El dise\u00f1o de un solo uso ayuda a reducir el riesgo de contaminaci\u00f3n cruzada, crucial en entornos sanitarios.<\/li>\n<li>Personalizables: Disponibles en varias tallas y colores, nuestros trajes m\u00e9dicos pueden personalizarse para adaptarse a las necesidades de diferentes usuarios y aplicaciones.<\/li>\n<li>Responsables con el medio ambiente: Estos uniformes son reciclables en funci\u00f3n de las instalaciones y normativas locales de reciclaje, lo que reduce su impacto medioambiental.<\/li>\n<\/ol>\n<p><img decoding=\"async\" class=\"aligncenter wp-image-6753 size-full\" src=\"https:\/\/med-disposable.com\/wp-content\/uploads\/2021\/08\/2750f4388dfb6cb5fdde6545e2a2379.png\" alt=\"\" width=\"800\" height=\"830\" srcset=\"https:\/\/med-disposable.com\/wp-content\/uploads\/2021\/08\/2750f4388dfb6cb5fdde6545e2a2379.png 800w, https:\/\/med-disposable.com\/wp-content\/uploads\/2021\/08\/2750f4388dfb6cb5fdde6545e2a2379-289x300.png 289w, https:\/\/med-disposable.com\/wp-content\/uploads\/2021\/08\/2750f4388dfb6cb5fdde6545e2a2379-768x797.png 768w, https:\/\/med-disposable.com\/wp-content\/uploads\/2021\/08\/2750f4388dfb6cb5fdde6545e2a2379-600x623.png 600w\" sizes=\"(max-width: 800px) 100vw, 800px\" \/><\/p>\n<p><strong>Usos:<\/strong><\/p>\n<p>Nuestros trajes m\u00e9dicos desechables de PP no tejido son ideales para una amplia gama de entornos sanitarios, como hospitales, cl\u00ednicas, laboratorios y consultas dentales. Tambi\u00e9n pueden utilizarse en otros entornos que requieran un atuendo higi\u00e9nico, como instalaciones de procesamiento de alimentos y plantas de fabricaci\u00f3n de productos farmac\u00e9uticos.<\/p>\n<p><img decoding=\"async\" class=\"aligncenter wp-image-6751 size-full\" src=\"https:\/\/med-disposable.com\/wp-content\/uploads\/2021\/08\/scrub-suits1.png\" alt=\"\" width=\"800\" height=\"586\" srcset=\"https:\/\/med-disposable.com\/wp-content\/uploads\/2021\/08\/scrub-suits1.png 800w, https:\/\/med-disposable.com\/wp-content\/uploads\/2021\/08\/scrub-suits1-300x220.png 300w, https:\/\/med-disposable.com\/wp-content\/uploads\/2021\/08\/scrub-suits1-768x563.png 768w, https:\/\/med-disposable.com\/wp-content\/uploads\/2021\/08\/scrub-suits1-600x440.png 600w\" sizes=\"(max-width: 800px) 100vw, 800px\" \/><\/p>\n<p><strong>Detalles de dise\u00f1o y su finalidad:<\/strong><\/p>\n<ol>\n<li>Cuello en V: El dise\u00f1o con cuello en V permite pon\u00e9rselo y quit\u00e1rselo f\u00e1cilmente y proporciona comodidad durante un uso prolongado.<\/li>\n<li>Mangas cortas: Las mangas cortas ofrecen facilidad de movimiento a la vez que una cobertura adecuada con fines higi\u00e9nicos.<\/li>\n<li>Pantal\u00f3n con cintura el\u00e1stica: Los pantalones vienen con una cintura el\u00e1stica para ajustarse c\u00f3modamente a diferentes tipos de cuerpo. Este dise\u00f1o garantiza que los pantalones se mantengan en su sitio durante los movimientos y procedimientos.<\/li>\n<li>Material de polipropileno: El uso de material de PP no tejido garantiza una experiencia transpirable, c\u00f3moda y ligera para el usuario. Tambi\u00e9n proporciona una barrera eficaz contra part\u00edculas, fluidos y microorganismos.<\/li>\n<\/ol>\n<p>&nbsp;<\/p>\n<p><strong>PREGUNTAS Y RESPUESTAS \uff1a<\/strong><\/p>\n<p><strong>1.\u00bfEst\u00e1n disponibles estos trajes en diferentes tallas y colores?<\/strong><\/p>\n<p>S\u00ed, nuestros trajes m\u00e9dicos desechables de PP no tejido est\u00e1n disponibles en una amplia gama de tallas y colores. Esta variedad nos permite atender a distintos tipos de cuerpo y preferencias personales, a la vez que facilita la identificaci\u00f3n entre el personal de distintos departamentos o especialidades. P\u00f3ngase en contacto con nuestro equipo de ventas para hablar de sus requisitos espec\u00edficos de tallas y colores y encontrar la mejor soluci\u00f3n para las necesidades de su organizaci\u00f3n.<\/p>\n<p><strong>2. \u00bfPuedo pedir estos uniformes al por mayor para mi organizaci\u00f3n?<\/strong><\/p>\n<p>Por supuesto. Atendemos grandes pedidos para hospitales, cl\u00ednicas y otros entornos sanitarios que requieren un volumen significativo de nuestros trajes m\u00e9dicos desechables de PP no tejido. P\u00f3ngase en contacto con nuestro equipo de ventas para hablar de sus necesidades espec\u00edficas, la cantidad y para recibir un presupuesto personalizado. Nos dedicamos a ofrecer precios competitivos y entregas fiables para garantizar que usted disponga del equipo de protecci\u00f3n necesario para su organizaci\u00f3n.<\/p>\n<p><strong>3. \u00bfEstos trajes son adecuados para su uso en procedimientos quir\u00fargicos?<\/strong><\/p>\n<p>Nuestros trajes m\u00e9dicos desechables de PP no tejido est\u00e1n dise\u00f1ados para proporcionar una excelente barrera contra part\u00edculas, fluidos y microorganismos. Sin embargo, para los procedimientos quir\u00fargicos que requieren un mayor nivel de protecci\u00f3n y esterilidad, recomendamos el uso de batas quir\u00fargicas especializadas o batas que cumplan con las normas espec\u00edficas para atuendos quir\u00fargicos. Estos uniformes son m\u00e1s adecuados para entornos sanitarios generales como cl\u00ednicas, departamentos hospitalarios no quir\u00fargicos y laboratorios.<\/p>\n<p><strong>4.\u00bfCu\u00e1les son las ventajas de utilizar matorrales desechables frente a los reutilizables?<\/strong><\/p>\n<p>Aunque los uniformes reutilizables pueden ser rentables en algunos casos, los desechables ofrecen varias ventajas clave, especialmente en entornos sanitarios. En primer lugar, ayudan a minimizar el riesgo de contaminaci\u00f3n cruzada, ya que cada uniforme se utiliza una sola vez. Esto es especialmente importante en entornos donde el riesgo de infecci\u00f3n es elevado. En segundo lugar, los uniformes m\u00e9dicos desechables ahorran tiempo y recursos, ya que no requieren lavado, lo que tambi\u00e9n puede ayudar a reducir el consumo de agua y energ\u00eda. Por \u00faltimo, nuestros trajes m\u00e9dicos desechables de PP no tejido son c\u00f3modos y ligeros, por lo que se adaptan a todo tipo de cuerpos.<\/p>\n<p><strong>5. \u00bfPueden personalizarse estos uniformes con el logotipo o la marca de nuestra organizaci\u00f3n?<\/strong><\/p>\n<p>Dependiendo del volumen de su pedido y de sus requisitos espec\u00edficos, es posible personalizar nuestros trajes m\u00e9dicos desechables de PP no tejido con el logotipo o la marca de su organizaci\u00f3n. La personalizaci\u00f3n puede ayudar a mejorar la imagen profesional de su organizaci\u00f3n y fomentar la unidad del equipo. Para obtener m\u00e1s informaci\u00f3n sobre las opciones de personalizaci\u00f3n y hablar de sus necesidades espec\u00edficas, p\u00f3ngase en contacto directamente con nuestro equipo de ventas.<\/p>","protected":false},"excerpt":{"rendered":"<p class=\"wb-stl-normal\">El traje m\u00e9dico tiene un tama\u00f1o que proporciona una cobertura corporal completa a los pacientes que requieren seguridad, e incluye una camisa y un pantal\u00f3n.<\/p>\n<p class=\"wb-stl-normal\">Dise\u00f1ado para proporcionar un ajuste mayor que el est\u00e1ndar y la m\u00e1xima protecci\u00f3n. Se puede solicitar con o sin bolsillo.<\/p>","protected":false},"featured_media":2570,"template":"","meta":{"_seopress_robots_primary_cat":"none","_seopress_titles_title":"Comfortable &amp; Hygienic: Disposable Non-Woven PP Scrub Suits for Healthcare Professionals","_seopress_titles_desc":"Provide healthcare professionals with comfortable and hygienic protection while maintaining safety and hygiene in healthcare settings with our Disposable Non-Woven PP Scrub Suits. Made from lightweight and breathable polypropylene, these scrubs offer superior comfort and protection against particulates, fluids, and microorganisms. Available in various sizes and colors.","_seopress_robots_index":""},"product_brand":[],"product_cat":[43],"product_tag":[57,150],"class_list":{"0":"post-2566","1":"product","2":"type-product","3":"status-publish","4":"has-post-thumbnail","6":"product_cat-gowns","7":"product_tag-non-woven","8":"product_tag-scrub-suits","10":"first","11":"instock","12":"shipping-taxable","13":"product-type-simple"},"_links":{"self":[{"href":"https:\/\/med-disposable.com\/es\/wp-json\/wp\/v2\/product\/2566","targetHints":{"allow":["GET"]}}],"collection":[{"href":"https:\/\/med-disposable.com\/es\/wp-json\/wp\/v2\/product"}],"about":[{"href":"https:\/\/med-disposable.com\/es\/wp-json\/wp\/v2\/types\/product"}],"version-history":[{"count":0,"href":"https:\/\/med-disposable.com\/es\/wp-json\/wp\/v2\/product\/2566\/revisions"}],"wp:featuredmedia":[{"embeddable":true,"href":"https:\/\/med-disposable.com\/es\/wp-json\/wp\/v2\/media\/2570"}],"wp:attachment":[{"href":"https:\/\/med-disposable.com\/es\/wp-json\/wp\/v2\/media?parent=2566"}],"wp:term":[{"taxonomy":"product_brand","embeddable":true,"href":"https:\/\/med-disposable.com\/es\/wp-json\/wp\/v2\/product_brand?post=2566"},{"taxonomy":"product_cat","embeddable":true,"href":"https:\/\/med-disposable.com\/es\/wp-json\/wp\/v2\/product_cat?post=2566"},{"taxonomy":"product_tag","embeddable":true,"href":"https:\/\/med-disposable.com\/es\/wp-json\/wp\/v2\/product_tag?post=2566"}],"curies":[{"name":"wp","href":"https:\/\/api.w.org\/{rel}","templated":true}]}}