{"id":2685,"date":"2021-09-03T14:10:13","date_gmt":"2021-09-03T06:10:13","guid":{"rendered":"https:\/\/med-disposable.com\/?post_type=product&#038;p=2685"},"modified":"2023-07-24T14:16:05","modified_gmt":"2023-07-24T06:16:05","slug":"mascarilla-desechable-color-caramelo-bfe-99","status":"publish","type":"product","link":"https:\/\/med-disposable.com\/es\/product\/candy-color-disposable-face-mask-bfe-99\/","title":{"rendered":"Mascarilla desechable color caramelo BFE 99%"},"content":{"rendered":"<p>Presentamos nuestra Mascarilla Desechable Color Caramelo, una vibrante mezcla de estilo y seguridad. Fabricada con material no tejido, esta mascarilla cuenta con bucles de colores y ofrece una eficacia de filtraci\u00f3n bacteriana (BFE) de 99%. Estas mascarillas pueden personalizarse con colores especiales, a\u00f1adiendo un toque de individualidad al tiempo que proporcionan una protecci\u00f3n superior.<\/p>\n<figure class=\"wp-block-embed wp-block-embed-youtube is-type-video is-provider-youtube epyt-figure\"><div class=\"wp-block-embed__wrapper\"><div  id=\"_ytid_99382\"  width=\"800\" height=\"450\"  data-origwidth=\"800\" data-origheight=\"450\" data-facadesrc=\"https:\/\/www.youtube.com\/embed\/_z9FqFL_GA4?enablejsapi=1&autoplay=0&cc_load_policy=0&cc_lang_pref=&iv_load_policy=1&loop=0&rel=1&fs=1&playsinline=0&autohide=2&theme=dark&color=red&controls=1&disablekb=0&\" class=\"__youtube_prefs__ epyt-facade no-lazyload\" data-epautoplay=\"1\" ><img decoding=\"async\" data-spai-excluded=\"true\" class=\"epyt-facade-poster skip-lazy\" loading=\"lazy\"  alt=\"YouTube player\"  src=\"https:\/\/i.ytimg.com\/vi\/_z9FqFL_GA4\/maxresdefault.jpg\"  \/><button class=\"epyt-facade-play\" aria-label=\"Jugar\"><svg data-no-lazy=\"1\" height=\"100%\" version=\"1.1\" viewbox=\"0 0 68 48\" width=\"100%\"><path class=\"ytp-large-play-button-bg\" d=\"M66.52,7.74c-0.78-2.93-2.49-5.41-5.42-6.19C55.79,.13,34,0,34,0S12.21,.13,6.9,1.55 C3.97,2.33,2.27,4.81,1.48,7.74C0.06,13.05,0,24,0,24s0.06,10.95,1.48,16.26c0.78,2.93,2.49,5.41,5.42,6.19 C12.21,47.87,34,48,34,48s21.79-0.13,27.1-1.55c2.93-0.78,4.64-3.26,5.42-6.19C67.94,34.95,68,24,68,24S67.94,13.05,66.52,7.74z\" fill=\"#f00\"><\/path><path d=\"M 45,24 27,14 27,34\" fill=\"#fff\"><\/path><\/svg><\/button><\/div><\/div><\/figure>\n<p><strong>Especificaci\u00f3n b\u00e1sica:<\/strong><\/p>\n<table width=\"686\">\n<tbody>\n<tr>\n<td width=\"123\">Talla<\/td>\n<td width=\"563\">Adultos 17.5*9.5cm; Ni\u00f1os 14.5*9.5cm<\/td>\n<\/tr>\n<tr>\n<td width=\"123\">Material<\/td>\n<td width=\"563\">PP no tejido color caramelo+ MB+ PP no tejido suave<\/td>\n<\/tr>\n<tr>\n<td width=\"123\">Estilo<\/td>\n<td width=\"563\">Orejera el\u00e1stica plana<\/td>\n<\/tr>\n<tr>\n<td width=\"123\">Color<\/td>\n<td width=\"563\">amarillo caramelo, verde caramelo, naranja caramelo...todos los colores y dise\u00f1os personales est\u00e1n disponibles<\/td>\n<\/tr>\n<tr>\n<td width=\"123\">Ventaja<\/td>\n<td width=\"563\">\u00a0respiraci\u00f3n libre, impresi\u00f3n avanzada y efecto de color<\/td>\n<\/tr>\n<tr>\n<td width=\"123\">Embalaje<\/td>\n<td width=\"563\">10 pcs\/bag,2000pcs\/ctn, puede ser como requisitos<\/td>\n<\/tr>\n<\/tbody>\n<\/table>\n<p>&nbsp;<\/p>\n<p><strong>Caracter\u00edsticas:<\/strong> La m\u00e1scara facial desechable Candy Color viene con caracter\u00edsticas \u00fanicas:<\/p>\n<ol>\n<li><strong>Material:<\/strong> Fabricado con material no tejido de 2 capas y material fundido de 1 capa en el centro, conocido por su durabilidad y comodidad.<\/li>\n<li><strong>Dise\u00f1o:<\/strong> La m\u00e1scara cuenta con orejeras de colores, por lo que no s\u00f3lo es pr\u00e1ctica, sino tambi\u00e9n moderna.<\/li>\n<li><strong>Protecci\u00f3n:<\/strong> Ofrece una elevada eficacia de filtraci\u00f3n bacteriana (BFE) de 99%.<\/li>\n<li><strong>Personalizaci\u00f3n:<\/strong> Disponibles en una amplia gama de colores, permiten la personalizaci\u00f3n y fomentan un aspecto profesional o personal vibrante.<\/li>\n<\/ol>\n<p><img fetchpriority=\"high\" decoding=\"async\" class=\"aligncenter wp-image-9329 size-large\" src=\"https:\/\/med-disposable.com\/wp-content\/uploads\/2021\/09\/40A1048-1024x1024.jpg\" alt=\"\" width=\"800\" height=\"800\" srcset=\"https:\/\/med-disposable.com\/wp-content\/uploads\/2021\/09\/40A1048-1024x1024.jpg 1024w, https:\/\/med-disposable.com\/wp-content\/uploads\/2021\/09\/40A1048-300x300.jpg 300w, https:\/\/med-disposable.com\/wp-content\/uploads\/2021\/09\/40A1048-150x150.jpg 150w, https:\/\/med-disposable.com\/wp-content\/uploads\/2021\/09\/40A1048-768x768.jpg 768w, https:\/\/med-disposable.com\/wp-content\/uploads\/2021\/09\/40A1048-1536x1536.jpg 1536w, https:\/\/med-disposable.com\/wp-content\/uploads\/2021\/09\/40A1048-scaled.jpg 2048w, https:\/\/med-disposable.com\/wp-content\/uploads\/2021\/09\/40A1048-600x600.jpg 600w, https:\/\/med-disposable.com\/wp-content\/uploads\/2021\/09\/40A1048-100x100.jpg 100w\" sizes=\"(max-width: 800px) 100vw, 800px\" \/><\/p>\n<p><strong>Ventajas:<\/strong><\/p>\n<ol>\n<li><strong>Protecci\u00f3n \u00f3ptima:<\/strong> Con un BFE de 99%, la mascarilla facial desechable color caramelo proporciona una excelente protecci\u00f3n contra los contaminantes bacterianos.<\/li>\n<li><strong>C\u00f3modo de llevar:<\/strong> El material no tejido de la m\u00e1scara y los c\u00f3modos bucles para las orejas garantizan un ajuste ce\u00f1ido pero c\u00f3modo.<\/li>\n<li><strong>Estilo e individualidad:<\/strong> La amplia gama de colores permite a los usuarios expresar su estilo, haciendo de la seguridad una declaraci\u00f3n de moda.<\/li>\n<\/ol>\n<p><img decoding=\"async\" class=\"aligncenter wp-image-9330 size-large\" src=\"https:\/\/med-disposable.com\/wp-content\/uploads\/2021\/09\/40A1057-1024x1024.jpg\" alt=\"\" width=\"800\" height=\"800\" srcset=\"https:\/\/med-disposable.com\/wp-content\/uploads\/2021\/09\/40A1057-1024x1024.jpg 1024w, https:\/\/med-disposable.com\/wp-content\/uploads\/2021\/09\/40A1057-300x300.jpg 300w, https:\/\/med-disposable.com\/wp-content\/uploads\/2021\/09\/40A1057-150x150.jpg 150w, https:\/\/med-disposable.com\/wp-content\/uploads\/2021\/09\/40A1057-768x768.jpg 768w, https:\/\/med-disposable.com\/wp-content\/uploads\/2021\/09\/40A1057-1536x1536.jpg 1536w, https:\/\/med-disposable.com\/wp-content\/uploads\/2021\/09\/40A1057-scaled.jpg 2048w, https:\/\/med-disposable.com\/wp-content\/uploads\/2021\/09\/40A1057-600x600.jpg 600w, https:\/\/med-disposable.com\/wp-content\/uploads\/2021\/09\/40A1057-100x100.jpg 100w\" sizes=\"(max-width: 800px) 100vw, 800px\" \/><\/p>\n<p><strong>Usos del producto:<\/strong><\/p>\n<p>Las mascarillas desechables de color caramelo son vers\u00e1tiles, ideales para su uso en entornos sanitarios, salones de belleza, servicios alimentarios, escuelas y uso personal diario. Aportan un toque de color y diversi\u00f3n, al tiempo que garantizan una protecci\u00f3n \u00f3ptima contra los contaminantes bacterianos.<\/p>\n<p><img decoding=\"async\" class=\"aligncenter wp-image-6698 size-full\" src=\"https:\/\/med-disposable.com\/wp-content\/uploads\/2021\/09\/face-mask.png\" alt=\"\" width=\"800\" height=\"414\" srcset=\"https:\/\/med-disposable.com\/wp-content\/uploads\/2021\/09\/face-mask.png 800w, https:\/\/med-disposable.com\/wp-content\/uploads\/2021\/09\/face-mask-300x155.png 300w, https:\/\/med-disposable.com\/wp-content\/uploads\/2021\/09\/face-mask-768x397.png 768w, https:\/\/med-disposable.com\/wp-content\/uploads\/2021\/09\/face-mask-600x311.png 600w\" sizes=\"(max-width: 800px) 100vw, 800px\" \/><\/p>","protected":false},"excerpt":{"rendered":"<p>M\u00e1scara facial de 3 capas, aspecto a todo color;<\/p>\n<p>con ancha presilla para la oreja, banda el\u00e1stica resistente;<\/p>\n<p>Alta calidad, BFE 99%.<\/p>","protected":false},"featured_media":2688,"template":"","meta":{"_seopress_robots_primary_cat":"none","_seopress_titles_title":"Candy Color Series Face Masks: Comfort, Bacteria Filtration &amp; All Colors!","_seopress_titles_desc":"Keep safe and comfy in style with our candy color PP non-woven masks! Choose from a variety of colors to match your look. Special features like flat ear loops and Bacterial Filtration Efficiency of 99% make them perfect for everyday use.","_seopress_robots_index":""},"product_brand":[],"product_cat":[100],"product_tag":[55,60],"class_list":{"0":"post-2685","1":"product","2":"type-product","3":"status-publish","4":"has-post-thumbnail","6":"product_cat-face-mask","7":"product_tag-3ply","8":"product_tag-face-mask","10":"first","11":"instock","12":"shipping-taxable","13":"product-type-simple"},"_links":{"self":[{"href":"https:\/\/med-disposable.com\/es\/wp-json\/wp\/v2\/product\/2685","targetHints":{"allow":["GET"]}}],"collection":[{"href":"https:\/\/med-disposable.com\/es\/wp-json\/wp\/v2\/product"}],"about":[{"href":"https:\/\/med-disposable.com\/es\/wp-json\/wp\/v2\/types\/product"}],"version-history":[{"count":0,"href":"https:\/\/med-disposable.com\/es\/wp-json\/wp\/v2\/product\/2685\/revisions"}],"wp:featuredmedia":[{"embeddable":true,"href":"https:\/\/med-disposable.com\/es\/wp-json\/wp\/v2\/media\/2688"}],"wp:attachment":[{"href":"https:\/\/med-disposable.com\/es\/wp-json\/wp\/v2\/media?parent=2685"}],"wp:term":[{"taxonomy":"product_brand","embeddable":true,"href":"https:\/\/med-disposable.com\/es\/wp-json\/wp\/v2\/product_brand?post=2685"},{"taxonomy":"product_cat","embeddable":true,"href":"https:\/\/med-disposable.com\/es\/wp-json\/wp\/v2\/product_cat?post=2685"},{"taxonomy":"product_tag","embeddable":true,"href":"https:\/\/med-disposable.com\/es\/wp-json\/wp\/v2\/product_tag?post=2685"}],"curies":[{"name":"wp","href":"https:\/\/api.w.org\/{rel}","templated":true}]}}