{"id":2890,"date":"2021-10-22T11:10:23","date_gmt":"2021-10-22T03:10:23","guid":{"rendered":"https:\/\/med-disposable.com\/?post_type=product&#038;p=2890"},"modified":"2023-09-22T16:00:09","modified_gmt":"2023-09-22T08:00:09","slug":"bata-de-laboratorio-desechable-azul-marino-no-tejida-para-visitantes","status":"publish","type":"product","link":"https:\/\/med-disposable.com\/es\/product\/disposable-non-woven-navy-blue-lab-visitor-coat\/","title":{"rendered":"Bata de laboratorio desechable azul marino no tejida para visitantes"},"content":{"rendered":"<p>Experimente la amalgama perfecta de protecci\u00f3n, estilo y funcionalidad con nuestra bata desechable no tejida azul marino para visitantes de laboratorio. Fabricada exclusivamente para profesionales y visitantes, esta bata promete una seguridad inigualable sin sacrificar la comodidad ni la facilidad de movimiento.<\/p>\n<figure class=\"wp-block-embed wp-block-embed-youtube is-type-video is-provider-youtube epyt-figure\"><div class=\"wp-block-embed__wrapper\"><div  id=\"_ytid_16799\"  width=\"800\" height=\"450\"  data-origwidth=\"800\" data-origheight=\"450\" data-facadesrc=\"https:\/\/www.youtube.com\/embed\/RuxvNIS-ZAo?enablejsapi=1&autoplay=0&cc_load_policy=0&cc_lang_pref=&iv_load_policy=1&loop=0&rel=1&fs=1&playsinline=0&autohide=2&theme=dark&color=red&controls=1&disablekb=0&\" class=\"__youtube_prefs__ epyt-facade no-lazyload\" data-epautoplay=\"1\" ><img decoding=\"async\" data-spai-excluded=\"true\" class=\"epyt-facade-poster skip-lazy\" loading=\"lazy\"  alt=\"YouTube player\"  src=\"https:\/\/i.ytimg.com\/vi\/RuxvNIS-ZAo\/maxresdefault.jpg\"  \/><button class=\"epyt-facade-play\" aria-label=\"Jugar\"><svg data-no-lazy=\"1\" height=\"100%\" version=\"1.1\" viewbox=\"0 0 68 48\" width=\"100%\"><path class=\"ytp-large-play-button-bg\" d=\"M66.52,7.74c-0.78-2.93-2.49-5.41-5.42-6.19C55.79,.13,34,0,34,0S12.21,.13,6.9,1.55 C3.97,2.33,2.27,4.81,1.48,7.74C0.06,13.05,0,24,0,24s0.06,10.95,1.48,16.26c0.78,2.93,2.49,5.41,5.42,6.19 C12.21,47.87,34,48,34,48s21.79-0.13,27.1-1.55c2.93-0.78,4.64-3.26,5.42-6.19C67.94,34.95,68,24,68,24S67.94,13.05,66.52,7.74z\" fill=\"#f00\"><\/path><path d=\"M 45,24 27,14 27,34\" fill=\"#fff\"><\/path><\/svg><\/button><\/div><\/div><\/figure>\n<p><strong>Especificaci\u00f3n b\u00e1sica:<\/strong><\/p>\n<table width=\"672\">\n<tbody>\n<tr>\n<td width=\"91\">Material<\/td>\n<td width=\"581\">Tela no tejida PP<\/td>\n<\/tr>\n<tr>\n<td>Talla<\/td>\n<td>M:115*135CM,L:120*140CM,XL:130*150CM, o seg\u00fan requisitos<\/td>\n<\/tr>\n<tr>\n<td>Peso<\/td>\n<td>PP40gsm, seg\u00fan pedido<\/td>\n<\/tr>\n<tr>\n<td>Color<\/td>\n<td>azul marino<\/td>\n<\/tr>\n<tr>\n<td>Estilo<\/td>\n<td><span class=\"src\" data-group=\"0-1\">Con velcro en la parte delantera, sin bolsillos, pu\u00f1os el\u00e1sticos, largo hasta la rodilla<\/span><\/td>\n<\/tr>\n<tr>\n<td>Aplicaci\u00f3n<\/td>\n<td>laboratorio, hospital, construcci\u00f3n de edificios, f\u00e1brica electr\u00f3nica, fabricaci\u00f3n, uso diario, etc.<\/td>\n<\/tr>\n<\/tbody>\n<\/table>\n<p><img fetchpriority=\"high\" decoding=\"async\" class=\"aligncenter wp-image-10406 size-full\" src=\"https:\/\/med-disposable.com\/wp-content\/uploads\/2021\/10\/pp-lab-coat-5.png\" alt=\"\" width=\"800\" height=\"800\" srcset=\"https:\/\/med-disposable.com\/wp-content\/uploads\/2021\/10\/pp-lab-coat-5.png 800w, https:\/\/med-disposable.com\/wp-content\/uploads\/2021\/10\/pp-lab-coat-5-300x300.png 300w, https:\/\/med-disposable.com\/wp-content\/uploads\/2021\/10\/pp-lab-coat-5-150x150.png 150w, https:\/\/med-disposable.com\/wp-content\/uploads\/2021\/10\/pp-lab-coat-5-768x768.png 768w, https:\/\/med-disposable.com\/wp-content\/uploads\/2021\/10\/pp-lab-coat-5-600x600.png 600w, https:\/\/med-disposable.com\/wp-content\/uploads\/2021\/10\/pp-lab-coat-5-100x100.png 100w\" sizes=\"(max-width: 800px) 100vw, 800px\" \/><\/p>\n<p><strong>Caracter\u00edsticas:<\/strong><\/p>\n<ul>\n<li><strong>Polipropileno (PP) de alta calidad:<\/strong> Fabricado con polipropileno de primera calidad, el abrigo garantiza una flexibilidad y durabilidad \u00f3ptimas.<\/li>\n<li><strong>Cierre frontal de velcro:<\/strong> Garantiza un ajuste seguro y permite pon\u00e9rselo y quit\u00e1rselo de forma r\u00e1pida y sencilla.<\/li>\n<li><strong>Pu\u00f1os el\u00e1sticos:<\/strong> Proporciona un ajuste ce\u00f1ido alrededor de las mu\u00f1ecas, garantizando la m\u00e1xima contenci\u00f3n e impidiendo la entrada o salida no deseada de contaminantes.<\/li>\n<li><strong>Sin bolsillos:<\/strong> Reduce el riesgo de contaminaci\u00f3n y garantiza un dise\u00f1o elegante.<\/li>\n<li><strong>Dise\u00f1o hasta la rodilla:<\/strong> Ofrece una cobertura completa, garantizando la m\u00e1xima protecci\u00f3n al tiempo que conserva la facilidad de movimiento.<\/li>\n<li><strong>Sofisticado azul marino:<\/strong> El tono azul marino intenso a\u00f1ade un elemento de profesionalidad y estilo.<\/li>\n<\/ul>\n<p><img decoding=\"async\" class=\"aligncenter wp-image-10403 size-full\" src=\"https:\/\/med-disposable.com\/wp-content\/uploads\/2021\/10\/pp-lab-coat-2.png\" alt=\"\" width=\"800\" height=\"800\" srcset=\"https:\/\/med-disposable.com\/wp-content\/uploads\/2021\/10\/pp-lab-coat-2.png 800w, https:\/\/med-disposable.com\/wp-content\/uploads\/2021\/10\/pp-lab-coat-2-300x300.png 300w, https:\/\/med-disposable.com\/wp-content\/uploads\/2021\/10\/pp-lab-coat-2-150x150.png 150w, https:\/\/med-disposable.com\/wp-content\/uploads\/2021\/10\/pp-lab-coat-2-768x768.png 768w, https:\/\/med-disposable.com\/wp-content\/uploads\/2021\/10\/pp-lab-coat-2-600x600.png 600w, https:\/\/med-disposable.com\/wp-content\/uploads\/2021\/10\/pp-lab-coat-2-100x100.png 100w\" sizes=\"(max-width: 800px) 100vw, 800px\" \/><\/p>\n<p><strong>Ventajas:<\/strong><\/p>\n<ol>\n<li><strong>Protecci\u00f3n superior:<\/strong> Fabricadas meticulosamente para ofrecer una cobertura total, garantizan la seguridad frente a contaminantes y peligros potenciales en entornos de laboratorio.<\/li>\n<li><strong>Facilidad de uso:<\/strong> El cierre frontal de velcro hace que el abrigo sea f\u00e1cil de usar, permitiendo pon\u00e9rselo y quit\u00e1rselo r\u00e1pidamente.<\/li>\n<li><strong>Flexibilidad:<\/strong> El polipropileno de alta calidad garantiza la flexibilidad, acomodando una gama de movimientos sin restricciones.<\/li>\n<li><strong>Rentable:<\/strong> Al ser desechables, las batas de visita ofrecen una soluci\u00f3n asequible pero de alta calidad para laboratorios e instituciones.<\/li>\n<li><strong>Dise\u00f1o elegante:<\/strong> El color azul marino, combinado con su elegante dise\u00f1o sin bolsillos, garantiza que los usuarios no s\u00f3lo est\u00e9n seguros, sino tambi\u00e9n bien presentados.<\/li>\n<\/ol>\n<p><img decoding=\"async\" class=\"alignnone wp-image-10407 size-full\" src=\"https:\/\/med-disposable.com\/wp-content\/uploads\/2021\/10\/PP-lab-coat1.png\" alt=\"\" width=\"800\" height=\"800\" srcset=\"https:\/\/med-disposable.com\/wp-content\/uploads\/2021\/10\/PP-lab-coat1.png 800w, https:\/\/med-disposable.com\/wp-content\/uploads\/2021\/10\/PP-lab-coat1-300x300.png 300w, https:\/\/med-disposable.com\/wp-content\/uploads\/2021\/10\/PP-lab-coat1-150x150.png 150w, https:\/\/med-disposable.com\/wp-content\/uploads\/2021\/10\/PP-lab-coat1-768x768.png 768w, https:\/\/med-disposable.com\/wp-content\/uploads\/2021\/10\/PP-lab-coat1-600x600.png 600w, https:\/\/med-disposable.com\/wp-content\/uploads\/2021\/10\/PP-lab-coat1-100x100.png 100w\" sizes=\"(max-width: 800px) 100vw, 800px\" \/><\/p>\n<p><strong>Aplicaciones:<\/strong><\/p>\n<p>Perfecto para:<\/p>\n<ul>\n<li>Instituciones acad\u00e9micas y de investigaci\u00f3n<\/li>\n<li>Laboratorios m\u00e9dicos y cl\u00ednicos<\/li>\n<li>Centros de investigaci\u00f3n biotecnol\u00f3gica<\/li>\n<li>Unidades de fabricaci\u00f3n farmac\u00e9utica<\/li>\n<li>Instituciones sanitarias para profesionales visitantes e invitados<\/li>\n<\/ul>\n<p>&nbsp;<\/p>\n<p><strong>Preguntas frecuentes:<\/strong><\/p>\n<ol>\n<li><strong>\u00bfQu\u00e9 medidas se aplican para garantizar una calidad uniforme en los grandes pedidos de las batas de visitador de laboratorio azul marino?<\/strong><br \/>\nLa garant\u00eda de calidad es nuestra principal preocupaci\u00f3n. Cada abrigo se somete a estrictos controles de calidad y, para los pedidos al por mayor, empleamos el muestreo sistem\u00e1tico para garantizar la uniformidad en la calidad del producto. Nuestros avanzados procesos de fabricaci\u00f3n, combinados con rigurosos mecanismos de control de calidad, garantizan que todos los abrigos que reciba cumplan nuestros elevados est\u00e1ndares.<\/li>\n<li><strong>\u00bfOfrecen opciones de personalizaci\u00f3n para pedidos extensos, especialmente en lo que respecta al dise\u00f1o o la marca?<\/strong><br \/>\nAbsolutamente. Reconociendo las necesidades \u00fanicas de nuestra amplia clientela, ofrecemos oportunidades de personalizaci\u00f3n para pedidos importantes. Ya se trate de sutiles modificaciones de dise\u00f1o o de la inclusi\u00f3n de marcas, nuestro equipo colabora con usted para garantizar que el producto final se adapte perfectamente a sus necesidades.<\/li>\n<li><strong>Teniendo en cuenta el cierre de velcro, \u00bfes duradero, especialmente con un uso frecuente?<\/strong><br \/>\nNuestros cierres de velcro se eligen espec\u00edficamente por su longevidad y resistencia. Incluso con un uso regular, mantienen su agarre, garantizando que el abrigo permanezca seguro durante todo su uso. La durabilidad, especialmente en componentes cr\u00edticos como los cierres, es una prioridad absoluta, y nuestra elecci\u00f3n del velcro refleja ese compromiso.<\/li>\n<li><strong>\u00bfC\u00f3mo se comportan las batas de visitante de laboratorio azul marino desde el punto de vista medioambiental, dado su car\u00e1cter desechable?<\/strong><br \/>\nAunque est\u00e1n dise\u00f1ados para un solo uso con el fin de garantizar la higiene y la seguridad, nuestra dedicaci\u00f3n a la responsabilidad medioambiental sigue siendo firme. Abogamos por una eliminaci\u00f3n adecuada seg\u00fan las directrices locales y seguimos investigando para identificar materiales y m\u00e9todos sostenibles para futuras iteraciones de nuestros productos.<\/li>\n<li><strong>\u00bfC\u00f3mo se empaquetan estas batas, sobre todo teniendo en cuenta los requisitos de los laboratorios en cuanto a la ausencia de pelusa o polvo?<\/strong><br \/>\nCada abrigo se embala individualmente en un entorno libre de contaminantes. Para los env\u00edos a granel, estos paquetes individuales se colocan de forma segura en cajas de cart\u00f3n protectoras dise\u00f1adas para soportar los rigores del transporte internacional, lo que garantiza que cada abrigo le llegue en perfectas condiciones.<\/li>\n<\/ol>","protected":false},"excerpt":{"rendered":"<p><span class=\"src\" data-group=\"0-0\">Las batas de laboratorio desechables de PP est\u00e1n fabricadas con polipropileno de alta calidad para ofrecer una excelente flexibilidad. <\/span><\/p>\n<p><span class=\"src\" data-group=\"0-1\">Con velcro en la parte delantera, sin bolsillos, pu\u00f1os el\u00e1sticos, largo hasta la rodilla. Y color azul marino.<\/span><\/p>","protected":false},"featured_media":2892,"template":"","meta":{"_seopress_robots_primary_cat":"none","_seopress_titles_title":"Disposable Lab Coats - PP Non-Woven Material - Cost-Effective &amp; Easy-to-Maintain!","_seopress_titles_desc":"Keep your lab workers safe and protected with our disposable, easy-to-clean non woven lab coats. Made from a cost-effective polypropylene material, our lab coats are available in several sizes and colors to suit your needs.","_seopress_robots_index":""},"product_brand":[],"product_cat":[48],"product_tag":[73,57],"class_list":{"0":"post-2890","1":"product","2":"type-product","3":"status-publish","4":"has-post-thumbnail","6":"product_cat-lab-coat","7":"product_tag-disposable","8":"product_tag-non-woven","10":"first","11":"instock","12":"shipping-taxable","13":"product-type-simple"},"_links":{"self":[{"href":"https:\/\/med-disposable.com\/es\/wp-json\/wp\/v2\/product\/2890","targetHints":{"allow":["GET"]}}],"collection":[{"href":"https:\/\/med-disposable.com\/es\/wp-json\/wp\/v2\/product"}],"about":[{"href":"https:\/\/med-disposable.com\/es\/wp-json\/wp\/v2\/types\/product"}],"version-history":[{"count":0,"href":"https:\/\/med-disposable.com\/es\/wp-json\/wp\/v2\/product\/2890\/revisions"}],"wp:featuredmedia":[{"embeddable":true,"href":"https:\/\/med-disposable.com\/es\/wp-json\/wp\/v2\/media\/2892"}],"wp:attachment":[{"href":"https:\/\/med-disposable.com\/es\/wp-json\/wp\/v2\/media?parent=2890"}],"wp:term":[{"taxonomy":"product_brand","embeddable":true,"href":"https:\/\/med-disposable.com\/es\/wp-json\/wp\/v2\/product_brand?post=2890"},{"taxonomy":"product_cat","embeddable":true,"href":"https:\/\/med-disposable.com\/es\/wp-json\/wp\/v2\/product_cat?post=2890"},{"taxonomy":"product_tag","embeddable":true,"href":"https:\/\/med-disposable.com\/es\/wp-json\/wp\/v2\/product_tag?post=2890"}],"curies":[{"name":"wp","href":"https:\/\/api.w.org\/{rel}","templated":true}]}}