{"id":2929,"date":"2021-10-25T18:08:49","date_gmt":"2021-10-25T10:08:49","guid":{"rendered":"https:\/\/med-disposable.com\/?post_type=product&#038;p=2929"},"modified":"2021-10-26T09:36:34","modified_gmt":"2021-10-26T01:36:34","slug":"bata-de-aislamiento-no-tejida-de-pp-de-colores","status":"publish","type":"product","link":"https:\/\/med-disposable.com\/es\/product\/colorful-pp-non-woven-isolation-gown\/","title":{"rendered":"Bata de aislamiento no tejida de PP de colores"},"content":{"rendered":"<p>Caracter\u00edstica:<\/p>\n<p>El tejido sin tejer ligero de PP ofrece una protecci\u00f3n transpirable y resistente a los fluidos<\/p>\n<p>La bata es de protecci\u00f3n cerrada desde el cuello hasta las rodillas.<\/p>\n<p>Se anuda al cuello y a la cintura para una protecci\u00f3n segura. C\u00f3modos pu\u00f1os de punto.<\/p>\n<p>Especificaci\u00f3n b\u00e1sica:<\/p>\n<table width=\"494\">\n<tbody>\n<tr>\n<td width=\"101\">Talla<\/td>\n<td width=\"393\">\u00a0120*140 cm, o como se solicite<\/td>\n<\/tr>\n<tr>\n<td width=\"101\">Material<\/td>\n<td width=\"393\">PP no tejido, 100% material virgen<\/td>\n<\/tr>\n<tr>\n<td width=\"101\">Peso<\/td>\n<td width=\"393\">30gsm, o como requisito<\/td>\n<\/tr>\n<tr>\n<td width=\"101\">Estilo<\/td>\n<td width=\"393\">lazos en el cuello y la cintura, con pu\u00f1os de punto<\/td>\n<\/tr>\n<tr>\n<td width=\"101\">Color<\/td>\n<td width=\"393\">Rosa, amarillo, verde... como desee.<\/td>\n<\/tr>\n<\/tbody>\n<\/table>","protected":false},"excerpt":{"rendered":"<p>La bata de aislamiento en material no tejido PP, ligera, transpirable y resistente a los fluidos.<\/p>\n<p>PP no tejido rentable puede ser en colores rosa y verde, tambi\u00e9n puede ser como su personalizado.<\/p>","protected":false},"featured_media":2934,"template":"","meta":{"_seopress_robots_primary_cat":"none","_seopress_titles_title":"PP Non Woven Gowns: Breathable, Fluid-Resistant Protection | 30gsm &amp; Up to Knee-Length","_seopress_titles_desc":"Keep your staff safe and comfortable with PP non woven gowns - offering breathable, fluid-resistant protection and secured neck and waist ties plus comfortable knit cuffs. Amazing range of size, color and weight available!","_seopress_robots_index":""},"product_brand":[],"product_cat":[43],"product_tag":[73,112],"class_list":{"0":"post-2929","1":"product","2":"type-product","3":"status-publish","4":"has-post-thumbnail","6":"product_cat-gowns","7":"product_tag-disposable","8":"product_tag-isolation-gown","10":"first","11":"instock","12":"shipping-taxable","13":"product-type-simple"},"_links":{"self":[{"href":"https:\/\/med-disposable.com\/es\/wp-json\/wp\/v2\/product\/2929","targetHints":{"allow":["GET"]}}],"collection":[{"href":"https:\/\/med-disposable.com\/es\/wp-json\/wp\/v2\/product"}],"about":[{"href":"https:\/\/med-disposable.com\/es\/wp-json\/wp\/v2\/types\/product"}],"version-history":[{"count":0,"href":"https:\/\/med-disposable.com\/es\/wp-json\/wp\/v2\/product\/2929\/revisions"}],"wp:featuredmedia":[{"embeddable":true,"href":"https:\/\/med-disposable.com\/es\/wp-json\/wp\/v2\/media\/2934"}],"wp:attachment":[{"href":"https:\/\/med-disposable.com\/es\/wp-json\/wp\/v2\/media?parent=2929"}],"wp:term":[{"taxonomy":"product_brand","embeddable":true,"href":"https:\/\/med-disposable.com\/es\/wp-json\/wp\/v2\/product_brand?post=2929"},{"taxonomy":"product_cat","embeddable":true,"href":"https:\/\/med-disposable.com\/es\/wp-json\/wp\/v2\/product_cat?post=2929"},{"taxonomy":"product_tag","embeddable":true,"href":"https:\/\/med-disposable.com\/es\/wp-json\/wp\/v2\/product_tag?post=2929"}],"curies":[{"name":"wp","href":"https:\/\/api.w.org\/{rel}","templated":true}]}}