{"id":495,"date":"2021-03-04T16:44:28","date_gmt":"2021-03-04T08:44:28","guid":{"rendered":"https:\/\/med-disposable.com\/?post_type=product&#038;p=495"},"modified":"2023-09-19T16:08:41","modified_gmt":"2023-09-19T08:08:41","slug":"cubrezapatos-antideslizantes-de-tela-no-tejida-desechables","status":"publish","type":"product","link":"https:\/\/med-disposable.com\/es\/product\/disposable-non-woven-anti-slip-shoe-cover\/","title":{"rendered":"Cubrezapatillas antideslizante de tejido sin tejer desechable"},"content":{"rendered":"<figure class=\"wp-block-embed wp-block-embed-youtube is-type-video is-provider-youtube epyt-figure\"><div class=\"wp-block-embed__wrapper\"><div  id=\"_ytid_87329\"  width=\"800\" height=\"450\"  data-origwidth=\"800\" data-origheight=\"450\" data-facadesrc=\"https:\/\/www.youtube.com\/embed\/4ttx0H6gcO4?enablejsapi=1&autoplay=0&cc_load_policy=0&cc_lang_pref=&iv_load_policy=1&loop=0&rel=1&fs=1&playsinline=0&autohide=2&theme=dark&color=red&controls=1&disablekb=0&\" class=\"__youtube_prefs__ epyt-facade no-lazyload\" data-epautoplay=\"1\" ><img decoding=\"async\" data-spai-excluded=\"true\" class=\"epyt-facade-poster skip-lazy\" loading=\"lazy\"  alt=\"YouTube player\"  src=\"https:\/\/i.ytimg.com\/vi\/4ttx0H6gcO4\/maxresdefault.jpg\"  \/><button class=\"epyt-facade-play\" aria-label=\"Jugar\"><svg data-no-lazy=\"1\" height=\"100%\" version=\"1.1\" viewbox=\"0 0 68 48\" width=\"100%\"><path class=\"ytp-large-play-button-bg\" d=\"M66.52,7.74c-0.78-2.93-2.49-5.41-5.42-6.19C55.79,.13,34,0,34,0S12.21,.13,6.9,1.55 C3.97,2.33,2.27,4.81,1.48,7.74C0.06,13.05,0,24,0,24s0.06,10.95,1.48,16.26c0.78,2.93,2.49,5.41,5.42,6.19 C12.21,47.87,34,48,34,48s21.79-0.13,27.1-1.55c2.93-0.78,4.64-3.26,5.42-6.19C67.94,34.95,68,24,68,24S67.94,13.05,66.52,7.74z\" fill=\"#f00\"><\/path><path d=\"M 45,24 27,14 27,34\" fill=\"#fff\"><\/path><\/svg><\/button><\/div><\/div><\/figure>\n<p>Entre con confianza en cualquier entorno con nuestro Cubrezapatos antideslizante desechable de tejido no tejido. Dise\u00f1ados meticulosamente para garantizar la seguridad y la higiene, nuestros cubrezapatos se adaptan a una amplia gama de entornos profesionales, proporcionando una barrera impecable entre el calzado y los posibles contaminantes.<\/p>\n<h3><strong>Caracter\u00edsticas:<\/strong><\/h3>\n<ol>\n<li><strong>Dimensiones<\/strong>: Sus generosas dimensiones de 40x15 cm garantizan una cobertura completa para diferentes tallas de calzado.<\/li>\n<li><strong>Material<\/strong>: Fabricado exclusivamente con material no tejido PP virgen 100%, s\u00edmbolo de durabilidad y calidad.<\/li>\n<li><strong>Dise\u00f1o antideslizante<\/strong>: Dise\u00f1ado espec\u00edficamente con una base antideslizante para mejorar la seguridad y reducir el riesgo de accidentes.<\/li>\n<li><strong>Fabricado a m\u00e1quina<\/strong>: Garantizar la uniformidad de calidad y tama\u00f1o en todas las piezas.<\/li>\n<\/ol>\n<p><img fetchpriority=\"high\" decoding=\"async\" class=\"aligncenter wp-image-8452 size-full\" src=\"https:\/\/med-disposable.com\/wp-content\/uploads\/2021\/07\/anti-slip-shoe-cover-4.jpg\" alt=\"\" width=\"800\" height=\"800\" srcset=\"https:\/\/med-disposable.com\/wp-content\/uploads\/2021\/07\/anti-slip-shoe-cover-4.jpg 800w, https:\/\/med-disposable.com\/wp-content\/uploads\/2021\/07\/anti-slip-shoe-cover-4-300x300.jpg 300w, https:\/\/med-disposable.com\/wp-content\/uploads\/2021\/07\/anti-slip-shoe-cover-4-150x150.jpg 150w, https:\/\/med-disposable.com\/wp-content\/uploads\/2021\/07\/anti-slip-shoe-cover-4-768x768.jpg 768w, https:\/\/med-disposable.com\/wp-content\/uploads\/2021\/07\/anti-slip-shoe-cover-4-600x600.jpg 600w, https:\/\/med-disposable.com\/wp-content\/uploads\/2021\/07\/anti-slip-shoe-cover-4-100x100.jpg 100w\" sizes=\"(max-width: 800px) 100vw, 800px\" \/><\/p>\n<p><strong>Especificaci\u00f3n detallada:<\/strong><\/p>\n<table width=\"592\">\n<tbody>\n<tr>\n<td width=\"69\">\n<p data-spm-anchor-id=\"a2700.details.0.i29.74fa601a6ywQxv\">Nombre del producto<\/p>\n<\/td>\n<td width=\"523\">cubrezapatos antideslizantes de tela no tejida desechables<\/td>\n<\/tr>\n<tr>\n<td width=\"69\">Talla<\/td>\n<td width=\"523\">15*40cm, 17*42cm o personalizado<\/td>\n<\/tr>\n<tr>\n<td width=\"69\">Material<\/td>\n<td width=\"523\">PP, SMS o personalizado<\/td>\n<\/tr>\n<tr>\n<td width=\"69\">Espesor<\/td>\n<td width=\"523\">\n<p data-spm-anchor-id=\"a2700.details.0.i30.74fa601a6ywQxv\">Normalmente 30-45gsm, se puede personalizar<\/p>\n<\/td>\n<\/tr>\n<tr>\n<td width=\"69\">Color<\/td>\n<td width=\"523\">blanco, azul, verde o personalizado<\/td>\n<\/tr>\n<tr>\n<td width=\"69\">Aplicaci\u00f3n<\/td>\n<td width=\"523\">\u00a0hospitales, cl\u00ednicas, laboratorios, museos, talleres sin polvo, inmobiliarias, casas piloto, interiores, coches, etc.<\/td>\n<\/tr>\n<tr>\n<td width=\"69\">Paquete<\/td>\n<td width=\"523\">100pcs\/bag, 1000pcs\/carton<\/td>\n<\/tr>\n<tr>\n<td width=\"69\">OEM\/ODM<\/td>\n<td width=\"523\">S\u00ed<\/td>\n<\/tr>\n<tr>\n<td width=\"69\">Caracter\u00edstica<\/td>\n<td width=\"523\">\n<p data-spm-anchor-id=\"a2700.details.0.i28.74fa601a6ywQxv\">transpirable, c\u00f3modo, ecol\u00f3gico, reciclable, biodegradable, sin l\u00e1tex ni fibra de vidrio, no irritante, no t\u00f3xico<\/p>\n<\/td>\n<\/tr>\n<\/tbody>\n<\/table>\n<p><img decoding=\"async\" class=\"aligncenter wp-image-5183 size-full\" src=\"https:\/\/med-disposable.com\/wp-content\/uploads\/2023\/03\/non-woven-shoe-cover.jpg\" alt=\"\" width=\"700\" height=\"700\" srcset=\"https:\/\/med-disposable.com\/wp-content\/uploads\/2023\/03\/non-woven-shoe-cover.jpg 700w, https:\/\/med-disposable.com\/wp-content\/uploads\/2023\/03\/non-woven-shoe-cover-300x300.jpg 300w, https:\/\/med-disposable.com\/wp-content\/uploads\/2023\/03\/non-woven-shoe-cover-150x150.jpg 150w, https:\/\/med-disposable.com\/wp-content\/uploads\/2023\/03\/non-woven-shoe-cover-600x600.jpg 600w, https:\/\/med-disposable.com\/wp-content\/uploads\/2023\/03\/non-woven-shoe-cover-100x100.jpg 100w\" sizes=\"(max-width: 700px) 100vw, 700px\" \/><\/p>\n<h3><strong>Ventajas:<\/strong><\/h3>\n<ul>\n<li><strong>Seguridad garantizada<\/strong>: El dise\u00f1o antideslizante garantiza que te muevas con confianza en entornos resbaladizos.<\/li>\n<li><strong>Protecci\u00f3n superior<\/strong>: Ofrece una s\u00f3lida barrera contra la suciedad, los contaminantes y la humedad.<\/li>\n<li><strong>Coherencia<\/strong>: Al estar fabricados a m\u00e1quina, cada cubrecalzado mantiene una calidad y un tama\u00f1o constantes.<\/li>\n<li><strong>Conciencia ecol\u00f3gica<\/strong>: Fabricado con material no tejido de PP virgen 100%, lo que indica un compromiso con la sostenibilidad.<\/li>\n<\/ul>\n<p><img decoding=\"async\" class=\"aligncenter wp-image-8449 size-full\" src=\"https:\/\/med-disposable.com\/wp-content\/uploads\/2021\/07\/anti-slip-shoe-cover-1.jpg\" alt=\"\" width=\"800\" height=\"800\" srcset=\"https:\/\/med-disposable.com\/wp-content\/uploads\/2021\/07\/anti-slip-shoe-cover-1.jpg 800w, https:\/\/med-disposable.com\/wp-content\/uploads\/2021\/07\/anti-slip-shoe-cover-1-300x300.jpg 300w, https:\/\/med-disposable.com\/wp-content\/uploads\/2021\/07\/anti-slip-shoe-cover-1-150x150.jpg 150w, https:\/\/med-disposable.com\/wp-content\/uploads\/2021\/07\/anti-slip-shoe-cover-1-768x768.jpg 768w, https:\/\/med-disposable.com\/wp-content\/uploads\/2021\/07\/anti-slip-shoe-cover-1-600x600.jpg 600w, https:\/\/med-disposable.com\/wp-content\/uploads\/2021\/07\/anti-slip-shoe-cover-1-100x100.jpg 100w\" sizes=\"(max-width: 800px) 100vw, 800px\" \/><\/p>\n<h3><strong>Aplicaciones:<\/strong><\/h3>\n<p>Nuestros cubrezapatos encuentran su nicho en:<\/p>\n<ul>\n<li><strong>Entornos m\u00e9dicos y cl\u00ednicos<\/strong>: Protecci\u00f3n contra posibles contaminantes.<\/li>\n<li><strong>Entornos de laboratorio<\/strong>: Garantizar que ning\u00fan contaminante externo interfiera en los experimentos sensibles.<\/li>\n<li><strong>Zonas de producci\u00f3n alimentaria<\/strong>: Mantener las normas de higiene m\u00e1s estrictas durante la manipulaci\u00f3n y el procesamiento de los alimentos.<\/li>\n<li><strong>Viviendas e inmuebles<\/strong>: Protecci\u00f3n del suelo durante las visitas a la casa o los trabajos de mantenimiento.<\/li>\n<li><strong>Instalaciones de fabricaci\u00f3n<\/strong>: Garantizar la limpieza y evitar la intrusi\u00f3n de sustancias extra\u00f1as.<\/li>\n<\/ul>\n<p><img loading=\"lazy\" decoding=\"async\" class=\"aligncenter wp-image-4093 size-large\" src=\"https:\/\/med-disposable.com\/wp-content\/uploads\/2022\/04\/shoe-cover-packing3-768x1024.jpg\" alt=\"\" width=\"768\" height=\"1024\" srcset=\"https:\/\/med-disposable.com\/wp-content\/uploads\/2022\/04\/shoe-cover-packing3-768x1024.jpg 768w, https:\/\/med-disposable.com\/wp-content\/uploads\/2022\/04\/shoe-cover-packing3-225x300.jpg 225w, https:\/\/med-disposable.com\/wp-content\/uploads\/2022\/04\/shoe-cover-packing3-1152x1536.jpg 1152w, https:\/\/med-disposable.com\/wp-content\/uploads\/2022\/04\/shoe-cover-packing3-1536x2048.jpg 1536w, https:\/\/med-disposable.com\/wp-content\/uploads\/2022\/04\/shoe-cover-packing3-600x800.jpg 600w, https:\/\/med-disposable.com\/wp-content\/uploads\/2022\/04\/shoe-cover-packing3-scaled.jpg 1920w\" sizes=\"(max-width: 768px) 100vw, 768px\" \/><\/p>\n<h3><strong>Preguntas frecuentes:<\/strong><\/h3>\n<ol>\n<li><strong>\u00bfQu\u00e9 diferencia su producto de otros cubrezapatos similares del mercado?<\/strong>\n<p>Nuestros Cubrezapatos Antideslizantes Desechables de Tejido No Tejido se distinguen por su confecci\u00f3n exclusiva a partir de material no tejido de PP virgen 100%, lo que garantiza su durabilidad, sostenibilidad y alta calidad. El proceso de fabricaci\u00f3n a m\u00e1quina garantiza la uniformidad en cada pieza, y el dise\u00f1o antideslizante especializado prioriza la seguridad del usuario.<\/li>\n<li><strong>\u00bfHasta qu\u00e9 punto son resistentes estos cubrezapatos a los desgarros y pinchazos?<\/strong>\n<p>Fabricados con material no tejido de PP virgen 100%, nuestros cubrezapatos est\u00e1n dise\u00f1ados para durar. Aunque proporcionan una fuerte barrera contra los contaminantes est\u00e1ndar y la humedad, est\u00e1n pensados para aplicaciones de un solo uso y podr\u00edan no soportar condiciones extremas o una manipulaci\u00f3n brusca.<\/li>\n<li><strong>\u00bfOfrecen soluciones a medida para pedidos al por mayor o especiales?<\/strong>\n<p>Por supuesto. Entendemos que cada instituci\u00f3n o empresa puede tener necesidades espec\u00edficas. Para pedidos al por mayor o especiales, puede ponerse en contacto con nuestro equipo de ventas, y estaremos encantados de discutir las opciones de personalizaci\u00f3n y soluciones a medida.<\/li>\n<li><strong>\u00bfC\u00f3mo se consigue la funci\u00f3n antideslizante en el cubrezapatillas?<\/strong>\n<p>La propiedad antideslizante se incorpora al dise\u00f1o mediante el uso de patrones y t\u00e9cnicas especializadas durante el proceso de fabricaci\u00f3n. Esto garantiza que los usuarios tengan una tracci\u00f3n a\u00f1adida y un menor riesgo de resbalar, especialmente en entornos potencialmente resbaladizos o h\u00famedos.<\/li>\n<li><strong>\u00bfC\u00f3mo se envasan los cubrezapatos y cu\u00e1l es su caducidad?<\/strong>\n<p>Nuestros cubrezapatos se embalan higi\u00e9nicamente en envases est\u00e1ndar. En cuanto a la vida \u00fatil, si se almacenan en un lugar fresco y seco, lejos de la luz solar directa, pueden permanecer en \u00f3ptimas condiciones durante largos periodos. No obstante, para cuestiones espec\u00edficas relacionadas con su pedido o lote, consulte a nuestro servicio de atenci\u00f3n al cliente.<\/li>\n<\/ol>","protected":false},"excerpt":{"rendered":"<p>Fabricado a m\u00e1quina<\/p>\n<p>1001TP3Material no tejido de PP virgen<\/p>\n<p>Tama\u00f1o grande, se puede personalizar<\/p>","protected":false},"featured_media":849,"template":"","meta":{"_seopress_robots_primary_cat":"none","_seopress_titles_title":"Anti Static Shoe Covers - Disposable non woven anti slip shoe cover","_seopress_titles_desc":"Disposable non woven anti slip and anti static shoe covers - 100% virgin PP non woven material. Large size, could be customized size. Contact us today.","_seopress_robots_index":""},"product_brand":[],"product_cat":[47],"product_tag":[],"class_list":{"0":"post-495","1":"product","2":"type-product","3":"status-publish","4":"has-post-thumbnail","6":"product_cat-foot-protection","8":"first","9":"instock","10":"shipping-taxable","11":"product-type-simple"},"_links":{"self":[{"href":"https:\/\/med-disposable.com\/es\/wp-json\/wp\/v2\/product\/495","targetHints":{"allow":["GET"]}}],"collection":[{"href":"https:\/\/med-disposable.com\/es\/wp-json\/wp\/v2\/product"}],"about":[{"href":"https:\/\/med-disposable.com\/es\/wp-json\/wp\/v2\/types\/product"}],"version-history":[{"count":0,"href":"https:\/\/med-disposable.com\/es\/wp-json\/wp\/v2\/product\/495\/revisions"}],"wp:featuredmedia":[{"embeddable":true,"href":"https:\/\/med-disposable.com\/es\/wp-json\/wp\/v2\/media\/849"}],"wp:attachment":[{"href":"https:\/\/med-disposable.com\/es\/wp-json\/wp\/v2\/media?parent=495"}],"wp:term":[{"taxonomy":"product_brand","embeddable":true,"href":"https:\/\/med-disposable.com\/es\/wp-json\/wp\/v2\/product_brand?post=495"},{"taxonomy":"product_cat","embeddable":true,"href":"https:\/\/med-disposable.com\/es\/wp-json\/wp\/v2\/product_cat?post=495"},{"taxonomy":"product_tag","embeddable":true,"href":"https:\/\/med-disposable.com\/es\/wp-json\/wp\/v2\/product_tag?post=495"}],"curies":[{"name":"wp","href":"https:\/\/api.w.org\/{rel}","templated":true}]}}