{"id":544,"date":"2021-03-05T10:57:15","date_gmt":"2021-03-05T02:57:15","guid":{"rendered":"https:\/\/med-disposable.com\/?post_type=product&#038;p=544"},"modified":"2023-07-03T11:41:58","modified_gmt":"2023-07-03T03:41:58","slug":"cubrecama-desechable-de-tejido-sin-tejer-con-elastico","status":"publish","type":"product","link":"https:\/\/med-disposable.com\/es\/product\/disposable-non-woven-bed-cover-with-elastic\/","title":{"rendered":"Ropa de cama m\u00e9dica no tejida desechable"},"content":{"rendered":"<h2>Especificaci\u00f3n detallada de la ropa de cama m\u00e9dica desechable:<\/h2>\n<table width=\"885\">\n<tbody>\n<tr style=\"font-style: inherit;font-weight: inherit\">\n<td style=\"font-style: inherit\" width=\"118\">Material<\/td>\n<td style=\"font-style: inherit\" width=\"767\">SMS<\/td>\n<\/tr>\n<tr style=\"font-style: inherit;font-weight: inherit\">\n<td style=\"font-style: inherit\">Estilo<\/td>\n<td style=\"font-style: inherit\">el\u00e1stico en todo el contorno, o a petici\u00f3n<\/td>\n<\/tr>\n<tr style=\"font-style: inherit;font-weight: inherit\">\n<td style=\"font-style: inherit\">Gramo de peso<\/td>\n<td style=\"font-style: inherit\">45-120gsm<\/td>\n<\/tr>\n<tr style=\"font-style: inherit;font-weight: inherit\">\n<td style=\"font-style: inherit\">Talla<\/td>\n<td style=\"font-style: inherit\">90*190 cm, 110*220 cm, 130*240 cm, o seg\u00fan se desee.<\/td>\n<\/tr>\n<tr style=\"font-style: inherit;font-weight: inherit\">\n<td style=\"font-style: inherit\">Color<\/td>\n<td style=\"font-style: inherit\">blanco, azul o seg\u00fan las necesidades<\/td>\n<\/tr>\n<tr style=\"font-style: inherit;font-weight: inherit\">\n<td style=\"font-style: inherit\">Puerto de carga<\/td>\n<td style=\"font-style: inherit\">Wuhan\/Shanghai\/Shenzhen\/Ningbo<\/td>\n<\/tr>\n<tr style=\"font-style: inherit;font-weight: inherit\">\n<td style=\"font-style: inherit\">Paquete<\/td>\n<td style=\"font-style: inherit\">10pcs\/bag, 100pcs\/carton, o como requisitos<\/td>\n<\/tr>\n<tr style=\"font-style: inherit;font-weight: inherit\">\n<td style=\"font-style: inherit\">Plazo de entrega<\/td>\n<td style=\"font-style: inherit\">15-20 d\u00edas, seg\u00fan la cantidad del pedido<\/td>\n<\/tr>\n<tr style=\"font-style: inherit;font-weight: inherit\">\n<td style=\"font-style: inherit\">Certificado<\/td>\n<td style=\"font-style: inherit\">CE, FDA, ISO13485<\/td>\n<\/tr>\n<tr style=\"font-style: inherit;font-weight: inherit\">\n<td style=\"font-style: inherit\">Utilizaci\u00f3n<\/td>\n<td style=\"font-style: inherit\">\n<p data-spm-anchor-id=\"a2700.details.0.i28.1dfe22e4pMQMEa\">Hospital, cl\u00ednica, ambulancia de urgencias, quir\u00f3fano...<\/p>\n<\/td>\n<\/tr>\n<tr style=\"font-style: inherit;font-weight: inherit\">\n<td style=\"font-style: inherit\">Observaci\u00f3n<\/td>\n<td style=\"font-style: inherit\">Disponibles en diferentes pesos, tama\u00f1os y embalajes seg\u00fan se solicite; las muestras y especificaciones del cliente son siempre bienvenidas.<\/td>\n<\/tr>\n<\/tbody>\n<\/table>\n<figure class=\"wp-block-embed wp-block-embed-youtube is-type-video is-provider-youtube epyt-figure\"><div class=\"wp-block-embed__wrapper\"><div  id=\"_ytid_97350\"  width=\"800\" height=\"450\"  data-origwidth=\"800\" data-origheight=\"450\" data-facadesrc=\"https:\/\/www.youtube.com\/embed\/_bLPd4Aihiw?enablejsapi=1&autoplay=0&cc_load_policy=0&cc_lang_pref=&iv_load_policy=1&loop=0&rel=1&fs=1&playsinline=0&autohide=2&theme=dark&color=red&controls=1&disablekb=0&\" class=\"__youtube_prefs__ epyt-facade no-lazyload\" data-epautoplay=\"1\" ><img decoding=\"async\" data-spai-excluded=\"true\" class=\"epyt-facade-poster skip-lazy\" loading=\"lazy\"  alt=\"YouTube player\"  src=\"https:\/\/i.ytimg.com\/vi\/_bLPd4Aihiw\/maxresdefault.jpg\"  \/><button class=\"epyt-facade-play\" aria-label=\"Jugar\"><svg data-no-lazy=\"1\" height=\"100%\" version=\"1.1\" viewbox=\"0 0 68 48\" width=\"100%\"><path class=\"ytp-large-play-button-bg\" d=\"M66.52,7.74c-0.78-2.93-2.49-5.41-5.42-6.19C55.79,.13,34,0,34,0S12.21,.13,6.9,1.55 C3.97,2.33,2.27,4.81,1.48,7.74C0.06,13.05,0,24,0,24s0.06,10.95,1.48,16.26c0.78,2.93,2.49,5.41,5.42,6.19 C12.21,47.87,34,48,34,48s21.79-0.13,27.1-1.55c2.93-0.78,4.64-3.26,5.42-6.19C67.94,34.95,68,24,68,24S67.94,13.05,66.52,7.74z\" fill=\"#f00\"><\/path><path d=\"M 45,24 27,14 27,34\" fill=\"#fff\"><\/path><\/svg><\/button><\/div><\/div><\/figure>\n<h2><\/h2>\n<h2>Ventajas de la ropa de cama m\u00e9dica desechable:<\/h2>\n<ul>\n<li><strong>Material:<\/strong>\u00a0Nuestra ropa de cama m\u00e9dica desechable est\u00e1 fabricada con material SMS (Spunbond-Meltblown-Spunbond) de primera calidad, que proporciona una resistencia, suavidad y protecci\u00f3n superiores. El material SMS es transpirable e hipoalerg\u00e9nico, lo que garantiza una experiencia c\u00f3moda para los pacientes con piel sensible o alergias.<\/li>\n<\/ul>\n<p><img fetchpriority=\"high\" decoding=\"async\" class=\"aligncenter wp-image-7983 size-large\" src=\"https:\/\/med-disposable.com\/wp-content\/uploads\/2021\/03\/disposable-bed-cover-1-1024x1024.jpg\" alt=\"\" width=\"800\" height=\"800\" srcset=\"https:\/\/med-disposable.com\/wp-content\/uploads\/2021\/03\/disposable-bed-cover-1-1024x1024.jpg 1024w, https:\/\/med-disposable.com\/wp-content\/uploads\/2021\/03\/disposable-bed-cover-1-300x300.jpg 300w, https:\/\/med-disposable.com\/wp-content\/uploads\/2021\/03\/disposable-bed-cover-1-150x150.jpg 150w, https:\/\/med-disposable.com\/wp-content\/uploads\/2021\/03\/disposable-bed-cover-1-768x768.jpg 768w, https:\/\/med-disposable.com\/wp-content\/uploads\/2021\/03\/disposable-bed-cover-1-1536x1536.jpg 1536w, https:\/\/med-disposable.com\/wp-content\/uploads\/2021\/03\/disposable-bed-cover-1-scaled.jpg 2048w, https:\/\/med-disposable.com\/wp-content\/uploads\/2021\/03\/disposable-bed-cover-1-600x600.jpg 600w, https:\/\/med-disposable.com\/wp-content\/uploads\/2021\/03\/disposable-bed-cover-1-100x100.jpg 100w\" sizes=\"(max-width: 800px) 100vw, 800px\" \/><\/p>\n<p><img decoding=\"async\" class=\"aligncenter wp-image-7988 size-full\" src=\"https:\/\/med-disposable.com\/wp-content\/uploads\/2021\/03\/fabric-SMS.png\" alt=\"\" width=\"802\" height=\"800\" srcset=\"https:\/\/med-disposable.com\/wp-content\/uploads\/2021\/03\/fabric-SMS.png 802w, https:\/\/med-disposable.com\/wp-content\/uploads\/2021\/03\/fabric-SMS-300x300.png 300w, https:\/\/med-disposable.com\/wp-content\/uploads\/2021\/03\/fabric-SMS-150x150.png 150w, https:\/\/med-disposable.com\/wp-content\/uploads\/2021\/03\/fabric-SMS-768x766.png 768w, https:\/\/med-disposable.com\/wp-content\/uploads\/2021\/03\/fabric-SMS-600x599.png 600w, https:\/\/med-disposable.com\/wp-content\/uploads\/2021\/03\/fabric-SMS-100x100.png 100w\" sizes=\"(max-width: 802px) 100vw, 802px\" \/><\/p>\n<p>&nbsp;<\/p>\n<ul>\n<li><strong>El\u00e1stico por todas partes:<\/strong>\u00a0El el\u00e1stico que rodea la ropa de cama garantiza un ajuste seguro en la mayor\u00eda de los tama\u00f1os de cama, proporcionando una superficie limpia e higi\u00e9nica para sus pacientes. El el\u00e1stico tambi\u00e9n facilita la colocaci\u00f3n y retirada de la ropa de cama, ahorrando tiempo y esfuerzo a su personal.<\/li>\n<\/ul>\n<p><img decoding=\"async\" class=\"aligncenter wp-image-7984 size-large\" src=\"https:\/\/med-disposable.com\/wp-content\/uploads\/2021\/03\/disposable-bed-cover-2-1024x1024.jpg\" alt=\"\" width=\"800\" height=\"800\" srcset=\"https:\/\/med-disposable.com\/wp-content\/uploads\/2021\/03\/disposable-bed-cover-2-1024x1024.jpg 1024w, https:\/\/med-disposable.com\/wp-content\/uploads\/2021\/03\/disposable-bed-cover-2-300x300.jpg 300w, https:\/\/med-disposable.com\/wp-content\/uploads\/2021\/03\/disposable-bed-cover-2-150x150.jpg 150w, https:\/\/med-disposable.com\/wp-content\/uploads\/2021\/03\/disposable-bed-cover-2-768x768.jpg 768w, https:\/\/med-disposable.com\/wp-content\/uploads\/2021\/03\/disposable-bed-cover-2-1536x1536.jpg 1536w, https:\/\/med-disposable.com\/wp-content\/uploads\/2021\/03\/disposable-bed-cover-2-scaled.jpg 2048w, https:\/\/med-disposable.com\/wp-content\/uploads\/2021\/03\/disposable-bed-cover-2-600x600.jpg 600w, https:\/\/med-disposable.com\/wp-content\/uploads\/2021\/03\/disposable-bed-cover-2-100x100.jpg 100w\" sizes=\"(max-width: 800px) 100vw, 800px\" \/><\/p>\n<ul>\n<li><strong>Higi\u00e9nico y seguro<\/strong>: Nuestro dise\u00f1o desechable garantiza una higiene \u00f3ptima, reduciendo el riesgo de contaminaci\u00f3n cruzada e infecci\u00f3n.<\/li>\n<li><strong>F\u00e1cil de usar<\/strong>: Ligera y c\u00f3moda, nuestra ropa de cama desechable es f\u00e1cil de cambiar, lo que reduce la carga de trabajo del personal sanitario.<\/li>\n<\/ul>\n<p>&nbsp;<\/p>\n<h2>\u00bfPor qu\u00e9 elegir Wuhan Youfu como proveedor de ropa de cama m\u00e9dica?<\/h2>\n<ol>\n<li><strong>Garant\u00eda de calidad:<\/strong> En Wuhan Youfu, damos prioridad a la calidad de nuestros productos. Utilizamos materiales de primera calidad y procesos de fabricaci\u00f3n avanzados para garantizar que nuestros productos no tejidos desechables cumplen los m\u00e1s altos est\u00e1ndares de calidad, comodidad y seguridad. Wuhan Youfu ha obtenido la certificaci\u00f3n ISO13485, la marca CE y el registro de la FDA para la ropa de cama.<\/li>\n<li><strong>Opciones de personalizaci\u00f3n:<\/strong>\u00a0Wuhan Youfu es consciente de que cada empresa tiene sus propias necesidades. Por eso ofrecemos opciones de personalizaci\u00f3n para nuestros productos, incluidos tama\u00f1os, colores y logotipos personalizados, atendiendo a las necesidades espec\u00edficas de nuestros clientes.<\/li>\n<li><strong>Precios competitivos:<\/strong>\u00a0Nos comprometemos a ofrecer a nuestros clientes productos de alta calidad a precios competitivos. Nuestras soluciones rentables ayudan a las empresas a mantener altos niveles de higiene y limpieza sin arruinarse.<\/li>\n<li><strong>Entrega r\u00e1pida:<\/strong>\u00a0En Wuhan Youfu somos conscientes de la importancia de la puntualidad en las entregas. Trabajamos en estrecha colaboraci\u00f3n con nuestros socios log\u00edsticos para garantizar que nuestros productos se entregan a nuestros clientes de la forma m\u00e1s r\u00e1pida y eficiente posible.<\/li>\n<li><strong>Amplia gama de productos:<\/strong>\u00a0Ofrecemos una amplia gama de productos no tejidos desechables para diversos sectores, como la sanidad, la belleza y la hosteler\u00eda, entre otros. Nuestra variada oferta de productos facilita que los clientes encuentren la soluci\u00f3n perfecta para sus necesidades espec\u00edficas.<\/li>\n<li><strong>Excelente servicio de atenci\u00f3n al cliente:<\/strong>\u00a0Nuestro dedicado y profesional equipo de ventas est\u00e1 siempre disponible para ayudar a nuestros clientes con sus consultas, pedidos y cualquier otra inquietud. Nos esforzamos por ofrecer un servicio al cliente excepcional para garantizar que nuestros clientes est\u00e9n satisfechos con su experiencia.<\/li>\n<li><strong>Soluciones ecol\u00f3gicas:<\/strong>\u00a0Wuhan Youfu se compromete a ofrecer productos respetuosos con el medio ambiente. Nuestros productos no tejidos desechables est\u00e1n fabricados con materiales ligeros y reciclables, que contribuyen a un futuro m\u00e1s sostenible.<\/li>\n<\/ol>\n<p>&nbsp;<\/p>\n<h2>Preguntas m\u00e1s frecuentes:<\/h2>\n<p><strong>1. \u00bfSon ecol\u00f3gicas estas s\u00e1banas desechables?<\/strong><\/p>\n<p>El material no tejido SMS es ligero y puede reciclarse, lo que lo convierte en una opci\u00f3n m\u00e1s respetuosa con el medio ambiente que la tradicional ropa de cama de pl\u00e1stico.<\/p>\n<p><strong>2. \u00bfPuedo personalizar el tama\u00f1o de la ropa de cama para que se adapte al m\u00edo?<\/strong><\/p>\n<p>S\u00ed, podemos atender solicitudes de tama\u00f1os personalizados. P\u00f3ngase en contacto con nuestro equipo de ventas con sus requisitos espec\u00edficos, y estaremos encantados de ayudarle.<\/p>\n<p><strong>3. \u00bfPuedo a\u00f1adir el logotipo de mi centro m\u00e9dico a la ropa de cama?<\/strong><\/p>\n<p>S\u00ed, ofrecemos opciones de personalizaci\u00f3n, como a\u00f1adir el logotipo de su centro a la ropa de cama. P\u00f3ngase en contacto con nuestro equipo de ventas para conocer los detalles y precios de la ropa de cama personalizada.<\/p>\n<p><strong>4. \u00bfC\u00f3mo puedo deshacerme de la ropa de cama usada?<\/strong><\/p>\n<p>Tras su uso, basta con retirar la ropa de cama de la cama y desecharla en un contenedor de residuos designado. Compruebe la normativa local sobre reciclaje para ver si el material no tejido SMS puede reciclarse en su zona.<\/p>\n<p><strong>5. \u00bfPuede utilizarse esta ropa de cama para cuidados a domicilio?<\/strong><\/p>\n<p>S\u00ed, nuestra ropa de cama m\u00e9dica no tejida desechable tambi\u00e9n puede utilizarse para cuidados domiciliarios, proporcionando comodidad y protecci\u00f3n a los pacientes en casa.<\/p>","protected":false},"excerpt":{"rendered":"<p>Experimente la comodidad y la higiene como nunca antes con nuestra ropa de cama m\u00e9dica desechable no tejida. Fabricada con material SMS de alta calidad, esta ropa de cama ofrece un confort y una protecci\u00f3n superiores, garantizando un entorno limpio e higi\u00e9nico para los pacientes.<\/p>","protected":false},"featured_media":7986,"template":"","meta":{"_seopress_robots_primary_cat":"none","_seopress_titles_title":"Medical Bed Linen - Disposable non woven medical bed linen","_seopress_titles_desc":"Disposable non woven medical bed linen. Eco-friendly, excellent property of air through. Strong strength and elongation, soft, non-toxic.","_seopress_robots_index":""},"product_brand":[],"product_cat":[49],"product_tag":[68,57],"class_list":{"0":"post-544","1":"product","2":"type-product","3":"status-publish","4":"has-post-thumbnail","6":"product_cat-bed-linens","7":"product_tag-bed-cover","8":"product_tag-non-woven","10":"first","11":"instock","12":"shipping-taxable","13":"product-type-simple"},"_links":{"self":[{"href":"https:\/\/med-disposable.com\/es\/wp-json\/wp\/v2\/product\/544","targetHints":{"allow":["GET"]}}],"collection":[{"href":"https:\/\/med-disposable.com\/es\/wp-json\/wp\/v2\/product"}],"about":[{"href":"https:\/\/med-disposable.com\/es\/wp-json\/wp\/v2\/types\/product"}],"version-history":[{"count":0,"href":"https:\/\/med-disposable.com\/es\/wp-json\/wp\/v2\/product\/544\/revisions"}],"wp:featuredmedia":[{"embeddable":true,"href":"https:\/\/med-disposable.com\/es\/wp-json\/wp\/v2\/media\/7986"}],"wp:attachment":[{"href":"https:\/\/med-disposable.com\/es\/wp-json\/wp\/v2\/media?parent=544"}],"wp:term":[{"taxonomy":"product_brand","embeddable":true,"href":"https:\/\/med-disposable.com\/es\/wp-json\/wp\/v2\/product_brand?post=544"},{"taxonomy":"product_cat","embeddable":true,"href":"https:\/\/med-disposable.com\/es\/wp-json\/wp\/v2\/product_cat?post=544"},{"taxonomy":"product_tag","embeddable":true,"href":"https:\/\/med-disposable.com\/es\/wp-json\/wp\/v2\/product_tag?post=544"}],"curies":[{"name":"wp","href":"https:\/\/api.w.org\/{rel}","templated":true}]}}