{"id":579,"date":"2021-03-05T11:45:56","date_gmt":"2021-03-05T03:45:56","guid":{"rendered":"https:\/\/med-disposable.com\/?post_type=product&#038;p=579"},"modified":"2023-06-28T15:16:12","modified_gmt":"2023-06-28T07:16:12","slug":"sabanas-planas-no-tejidas-desechables","status":"publish","type":"product","link":"https:\/\/med-disposable.com\/es\/product\/disposable-non-woven-flat-bed-sheets\/","title":{"rendered":"S\u00e1banas planas no tejidas desechables"},"content":{"rendered":"<p><strong>Introducci\u00f3n del producto:<\/strong><\/p>\n<p>Aporte a sus establecimientos una combinaci\u00f3n inigualable de comodidad, higiene y conveniencia con nuestras s\u00e1banas planas desechables de tejido sin tejer. Cuidadosamente dise\u00f1adas con un suave tejido no tejido, estas s\u00e1banas proporcionan una superficie suave y agradable para la piel que fomenta un alto nivel de limpieza a la vez que ofrece un nivel extra de comodidad a sus clientes o hu\u00e9spedes.<\/p>\n<p><img fetchpriority=\"high\" decoding=\"async\" class=\"aligncenter wp-image-4273 size-full\" src=\"https:\/\/med-disposable.com\/wp-content\/uploads\/2022\/06\/Three-different-colors-of-non-woven-bed-sheets.jpg\" alt=\"Tres colores diferentes de s\u00e1banas no tejidas\" width=\"700\" height=\"518\" srcset=\"https:\/\/med-disposable.com\/wp-content\/uploads\/2022\/06\/Three-different-colors-of-non-woven-bed-sheets.jpg 700w, https:\/\/med-disposable.com\/wp-content\/uploads\/2022\/06\/Three-different-colors-of-non-woven-bed-sheets-300x222.jpg 300w, https:\/\/med-disposable.com\/wp-content\/uploads\/2022\/06\/Three-different-colors-of-non-woven-bed-sheets-600x444.jpg 600w\" sizes=\"(max-width: 700px) 100vw, 700px\" \/><\/p>\n<p><strong>Caracter\u00edsticas del producto:<\/strong><\/p>\n<p>Nuestras s\u00e1banas planas desechables de tejido sin tejer han sido cuidadosamente dise\u00f1adas para satisfacer las diversas necesidades de nuestros clientes:<\/p>\n<ul>\n<li><em>Material:<\/em> Estas s\u00e1banas est\u00e1n fabricadas con un tejido no tejido muy suave que es transpirable y respetuoso con la piel, por lo que resultan c\u00f3modas incluso para un uso prolongado.<\/li>\n<li><em>Durabilidad:<\/em> A pesar de ser desechables, estas s\u00e1banas son excepcionalmente duraderas, lo que garantiza que puedan soportar las exigencias de su entorno de servicio.<\/li>\n<li><em>Protecci\u00f3n:<\/em> Ofrecen una protecci\u00f3n eficaz, manteniendo sus camas limpias y reduciendo el riesgo de contaminaci\u00f3n.<\/li>\n<\/ul>\n<p><img decoding=\"async\" class=\"alignnone wp-image-7969 size-full\" src=\"https:\/\/med-disposable.com\/wp-content\/uploads\/2021\/05\/bed-sheets-details_\u526f\u672c-1.jpg\" alt=\"\" width=\"800\" height=\"696\" srcset=\"https:\/\/med-disposable.com\/wp-content\/uploads\/2021\/05\/bed-sheets-details_\u526f\u672c-1.jpg 800w, https:\/\/med-disposable.com\/wp-content\/uploads\/2021\/05\/bed-sheets-details_\u526f\u672c-1-300x261.jpg 300w, https:\/\/med-disposable.com\/wp-content\/uploads\/2021\/05\/bed-sheets-details_\u526f\u672c-1-768x668.jpg 768w, https:\/\/med-disposable.com\/wp-content\/uploads\/2021\/05\/bed-sheets-details_\u526f\u672c-1-600x522.jpg 600w\" sizes=\"(max-width: 800px) 100vw, 800px\" \/><\/p>\n<p><strong>Especificaci\u00f3n detallada:<\/strong><\/p>\n<table width=\"885\">\n<tbody>\n<tr style=\"font-style: inherit;font-weight: inherit\">\n<td style=\"font-style: inherit\" width=\"118\">Material<\/td>\n<td style=\"font-style: inherit\" width=\"767\">SBPP,SMS,PP+PE,SMS+PE, Microporoso<\/td>\n<\/tr>\n<tr style=\"font-style: inherit;font-weight: inherit\">\n<td style=\"font-style: inherit\">Color<\/td>\n<td style=\"font-style: inherit\">Blanco, azul, verde, rosa, seg\u00fan las necesidades<\/td>\n<\/tr>\n<tr>\n<td>Estilo<\/td>\n<td>l\u00e1mina plana<\/td>\n<\/tr>\n<tr style=\"font-style: inherit;font-weight: inherit\">\n<td style=\"font-style: inherit\">Gramo de peso<\/td>\n<td style=\"font-style: inherit\">16-65gsm<\/td>\n<\/tr>\n<tr style=\"font-style: inherit;font-weight: inherit\">\n<td style=\"font-style: inherit\">Talla<\/td>\n<td style=\"font-style: inherit\">100*90cm, 110*220cm, 140*240cm, o como se desee<\/td>\n<\/tr>\n<tr style=\"font-style: inherit;font-weight: inherit\">\n<td style=\"font-style: inherit\">Paquete<\/td>\n<td style=\"font-style: inherit\">10pcs\/bag, 100pcs\/carton, o como requisitos<\/td>\n<\/tr>\n<tr style=\"font-style: inherit;font-weight: inherit\">\n<td style=\"font-style: inherit\">Puerto de carga<\/td>\n<td style=\"font-style: inherit\">Wuhan\/Shanghai\/Shenzhen\/Ningbo<\/td>\n<\/tr>\n<tr style=\"font-style: inherit;font-weight: inherit\">\n<td style=\"font-style: inherit\">Plazo de entrega<\/td>\n<td style=\"font-style: inherit\">7-20 d\u00edas, seg\u00fan la cantidad del pedido<\/td>\n<\/tr>\n<tr style=\"font-style: inherit;font-weight: inherit\">\n<td style=\"font-style: inherit\">Plazo de pago<\/td>\n<td style=\"font-style: inherit\">T\/T,L\/C<\/td>\n<\/tr>\n<tr style=\"font-style: inherit;font-weight: inherit\">\n<td style=\"font-style: inherit\">Certificado<\/td>\n<td style=\"font-style: inherit\">CE,FDA<\/td>\n<\/tr>\n<tr style=\"font-style: inherit;font-weight: inherit\">\n<td style=\"font-style: inherit\" rowspan=\"2\">Caracter\u00edstica<\/td>\n<td style=\"font-style: inherit\">Higi\u00e9nico, inofensivo para la piel; suave, impermeable; biodegradable;<\/td>\n<\/tr>\n<tr>\n<td>Alta calidad, bajo precio<\/td>\n<\/tr>\n<\/tbody>\n<\/table>\n<p>&nbsp;<\/p>\n<p><strong>Ventajas:<\/strong><\/p>\n<p>Elegir nuestras s\u00e1banas planas desechables de tejido no tejido le ofrece varias ventajas clave:<\/p>\n<ul>\n<li><em>Soluci\u00f3n higi\u00e9nica:<\/em> La naturaleza de un solo uso de estas s\u00e1banas le garantiza el mantenimiento de los m\u00e1s altos niveles de higiene, minimizando la posible contaminaci\u00f3n cruzada.<\/li>\n<li><em>C\u00f3modo:<\/em> El material transpirable y agradable a la piel ofrece una comodidad superior a sus clientes o invitados, mejorando su experiencia general.<\/li>\n<li><em>F\u00e1cil mantenimiento:<\/em> Estas s\u00e1banas desechables simplifican el mantenimiento de las camas, eliminando la necesidad de lavarlas peri\u00f3dicamente, lo que ahorra tiempo, recursos y protege el medio ambiente.<\/li>\n<li><em>Vers\u00e1til:<\/em> Son adecuadas para una amplia gama de entornos, como hoteles, exteriores y spas.<\/li>\n<\/ul>\n<p>&nbsp;<\/p>\n<p><strong>Aplicaciones:<\/strong><\/p>\n<p>Nuestras s\u00e1banas planas desechables de tejido no tejido son vers\u00e1tiles y pueden utilizarse en una gran variedad de establecimientos. Por ejemplo, en hoteles, donde pueden servir para cubrir camas de forma higi\u00e9nica; en exteriores, para camas temporales o sacos de dormir; y en balnearios, donde la limpieza es de vital importancia.<\/p>\n<p><img decoding=\"async\" class=\"aligncenter wp-image-7977 size-full\" src=\"https:\/\/med-disposable.com\/wp-content\/uploads\/2021\/05\/disposable-bed-sheet-applications.jpg\" alt=\"\" width=\"720\" height=\"660\" srcset=\"https:\/\/med-disposable.com\/wp-content\/uploads\/2021\/05\/disposable-bed-sheet-applications.jpg 720w, https:\/\/med-disposable.com\/wp-content\/uploads\/2021\/05\/disposable-bed-sheet-applications-300x275.jpg 300w, https:\/\/med-disposable.com\/wp-content\/uploads\/2021\/05\/disposable-bed-sheet-applications-600x550.jpg 600w\" sizes=\"(max-width: 720px) 100vw, 720px\" \/><\/p>\n<p><strong>PREGUNTAS FRECUENTES:<\/strong><\/p>\n<p><strong>1. \u00bfC\u00f3mo contribuyen estas s\u00e1banas desechables a un medio ambiente m\u00e1s limpio y seguro?<\/strong><\/p>\n<p>Las s\u00e1banas planas desechables de tejido sin tejer ofrecen una soluci\u00f3n sencilla y eficaz para mantener un entorno limpio y seguro. Al utilizar estas s\u00e1banas de un solo uso, los establecimientos pueden minimizar el riesgo de contaminaci\u00f3n cruzada por superficies compartidas. Esto es especialmente importante en entornos como hoteles y balnearios, donde varias personas utilizan la misma cama o mesa de tratamiento a lo largo del d\u00eda.<\/p>\n<p><strong>2. \u00bfPueden personalizarse estas fichas en funci\u00f3n de necesidades o requisitos espec\u00edficos?<\/strong><\/p>\n<p>Aunque nuestras s\u00e1banas no tejidas est\u00e1ndar est\u00e1n dise\u00f1adas para adaptarse a la mayor\u00eda de las camas de tama\u00f1o est\u00e1ndar, entendemos que algunas empresas pueden tener requisitos espec\u00edficos relacionados con el tama\u00f1o, el color o el embalaje. Estamos abiertos a discutir estas necesidades \u00fanicas y explorar las opciones de personalizaci\u00f3n que mejor se adapten a su establecimiento.<\/p>\n<p><strong>3. \u00bfExisten descuentos por compras de grandes cantidades?<\/strong><\/p>\n<p>S\u00ed, ofrecemos opciones de precios por volumen para clientes que deseen comprar grandes cantidades. Los detalles de estos descuentos pueden variar en funci\u00f3n del tama\u00f1o del pedido. Animamos a los clientes interesados a ponerse en contacto con nuestro equipo de ventas para obtener informaci\u00f3n m\u00e1s detallada.<\/p>\n<p>&nbsp;<\/p>","protected":false},"excerpt":{"rendered":"<p><span data-spm-anchor-id=\"a2700.details.pronpeci14.i3.30657c099CkhSU\">Higi\u00e9nico, desechable, c\u00f3modo y ecol\u00f3gico<\/span><\/p>\n<p><span data-spm-anchor-id=\"a2700.details.pronpeci14.i2.30657c099CkhSU\">proporcionar ropa de cama c\u00f3moda, higi\u00e9nica y rentable<\/span><\/p>\n<p><span data-spm-anchor-id=\"a2700.details.pronpeci14.i3.30657c099CkhSU\">material no tejido resistente al fuego si es necesario<\/span><\/p>","protected":false},"featured_media":560,"template":"","meta":{"_seopress_robots_primary_cat":"none","_seopress_titles_title":"Flat Bed Sheets - Disposable non woven flat bed sheets | YouFu Medical","_seopress_titles_desc":"Disposable non woven flat bed sheets made of a very soft non-woven fabric, breathable and skin-friendly. Comfortable, hygienic and cost effective bedding.","_seopress_robots_index":""},"product_brand":[],"product_cat":[49],"product_tag":[69,57],"class_list":{"0":"post-579","1":"product","2":"type-product","3":"status-publish","4":"has-post-thumbnail","6":"product_cat-bed-linens","7":"product_tag-bed-sheet","8":"product_tag-non-woven","10":"first","11":"instock","12":"shipping-taxable","13":"product-type-simple"},"_links":{"self":[{"href":"https:\/\/med-disposable.com\/es\/wp-json\/wp\/v2\/product\/579","targetHints":{"allow":["GET"]}}],"collection":[{"href":"https:\/\/med-disposable.com\/es\/wp-json\/wp\/v2\/product"}],"about":[{"href":"https:\/\/med-disposable.com\/es\/wp-json\/wp\/v2\/types\/product"}],"version-history":[{"count":0,"href":"https:\/\/med-disposable.com\/es\/wp-json\/wp\/v2\/product\/579\/revisions"}],"wp:featuredmedia":[{"embeddable":true,"href":"https:\/\/med-disposable.com\/es\/wp-json\/wp\/v2\/media\/560"}],"wp:attachment":[{"href":"https:\/\/med-disposable.com\/es\/wp-json\/wp\/v2\/media?parent=579"}],"wp:term":[{"taxonomy":"product_brand","embeddable":true,"href":"https:\/\/med-disposable.com\/es\/wp-json\/wp\/v2\/product_brand?post=579"},{"taxonomy":"product_cat","embeddable":true,"href":"https:\/\/med-disposable.com\/es\/wp-json\/wp\/v2\/product_cat?post=579"},{"taxonomy":"product_tag","embeddable":true,"href":"https:\/\/med-disposable.com\/es\/wp-json\/wp\/v2\/product_tag?post=579"}],"curies":[{"name":"wp","href":"https:\/\/api.w.org\/{rel}","templated":true}]}}