{"id":6027,"date":"2023-04-26T14:06:17","date_gmt":"2023-04-26T06:06:17","guid":{"rendered":"https:\/\/med-disposable.com\/?post_type=product&#038;p=6027"},"modified":"2023-04-26T15:21:17","modified_gmt":"2023-04-26T07:21:17","slug":"calzoncillos-desechables-para-hombres","status":"publish","type":"product","link":"https:\/\/med-disposable.com\/es\/product\/disposable-underpants-for-men\/","title":{"rendered":"Calzoncillos desechables para hombre"},"content":{"rendered":"<p>Nuestros calzoncillos desechables para hombre est\u00e1n fabricados con tejido no tejido de alta calidad que es suave, transpirable y respetuoso con la piel. El material es ligero, c\u00f3modo y f\u00e1cil de llevar. El calzoncillo desechable est\u00e1 dise\u00f1ado para ajustarse c\u00f3modamente alrededor de la cintura y las piernas, proporcionando un ajuste seguro y ce\u00f1ido. La cintura el\u00e1stica y las aberturas para las piernas garantizan que la ropa interior permanezca en su sitio durante los tratamientos.<\/p>\n<p><img fetchpriority=\"high\" decoding=\"async\" class=\"aligncenter wp-image-6036 size-full\" src=\"https:\/\/med-disposable.com\/wp-content\/uploads\/2023\/04\/40A0490.jpg\" alt=\"\" width=\"875\" height=\"875\" srcset=\"https:\/\/med-disposable.com\/wp-content\/uploads\/2023\/04\/40A0490.jpg 875w, https:\/\/med-disposable.com\/wp-content\/uploads\/2023\/04\/40A0490-300x300.jpg 300w, https:\/\/med-disposable.com\/wp-content\/uploads\/2023\/04\/40A0490-150x150.jpg 150w, https:\/\/med-disposable.com\/wp-content\/uploads\/2023\/04\/40A0490-768x768.jpg 768w, https:\/\/med-disposable.com\/wp-content\/uploads\/2023\/04\/40A0490-600x600.jpg 600w, https:\/\/med-disposable.com\/wp-content\/uploads\/2023\/04\/40A0490-100x100.jpg 100w\" sizes=\"(max-width: 875px) 100vw, 875px\" \/><\/p>\n<table class=\"table\" style=\"height: 291px\" width=\"699\">\n<tbody>\n<tr>\n<td>Material<\/td>\n<td>Tela no tejida PP<\/td>\n<\/tr>\n<tr>\n<td>Peso<\/td>\n<td>40gsm, o puede ser como su petici\u00f3n<\/td>\n<\/tr>\n<tr>\n<td>Color<\/td>\n<td>azul oscuro, tambi\u00e9n disponible en otros colores<\/td>\n<\/tr>\n<tr>\n<td>Embalaje<\/td>\n<td>1ud\/bolsa, 100ud\/ctn<\/td>\n<\/tr>\n<tr>\n<td>Certificados<\/td>\n<td>FDA, CE, ISO13485<\/td>\n<\/tr>\n<\/tbody>\n<\/table>\n<p>&nbsp;<\/p>\n<p><strong>Caracter\u00edsticas y ventajas:<\/strong><\/p>\n<ul>\n<li>Higi\u00e9nico y sanitario: Nuestro calzoncillo desechable est\u00e1 dise\u00f1ado para ofrecer una soluci\u00f3n higi\u00e9nica y sanitaria a clientes de todos los tama\u00f1os. Elimina el riesgo de contaminaci\u00f3n cruzada y garantiza el m\u00e1ximo nivel de limpieza.<\/li>\n<li>C\u00f3modo y pr\u00e1ctico: El tejido suave y transpirable de nuestro calzoncillo desechable garantiza el m\u00e1ximo confort y comodidad para los clientes. Es f\u00e1cil de llevar y desechar despu\u00e9s de su uso.<\/li>\n<li>Rentable: Nuestro calzoncillo desechable es una alternativa asequible a la ropa interior tradicional. Elimina la necesidad de lavander\u00eda y reduce los costes laborales.<\/li>\n<li>Disponible en diferentes tama\u00f1os: Nuestros calzoncillos desechables est\u00e1n disponibles en diferentes tallas para adaptarse c\u00f3modamente a clientes de todas las tallas. Podr\u00edamos hacer diferentes tama\u00f1os que tanto adecuado para hombres y mujeres.<\/li>\n<\/ul>\n<p><img decoding=\"async\" class=\"aligncenter wp-image-6030 size-large\" src=\"https:\/\/med-disposable.com\/wp-content\/uploads\/2023\/04\/40A0484-1024x1024.jpg\" alt=\"\" width=\"800\" height=\"800\" srcset=\"https:\/\/med-disposable.com\/wp-content\/uploads\/2023\/04\/40A0484-1024x1024.jpg 1024w, https:\/\/med-disposable.com\/wp-content\/uploads\/2023\/04\/40A0484-300x300.jpg 300w, https:\/\/med-disposable.com\/wp-content\/uploads\/2023\/04\/40A0484-150x150.jpg 150w, https:\/\/med-disposable.com\/wp-content\/uploads\/2023\/04\/40A0484-768x768.jpg 768w, https:\/\/med-disposable.com\/wp-content\/uploads\/2023\/04\/40A0484-1536x1536.jpg 1536w, https:\/\/med-disposable.com\/wp-content\/uploads\/2023\/04\/40A0484-scaled.jpg 2048w, https:\/\/med-disposable.com\/wp-content\/uploads\/2023\/04\/40A0484-600x600.jpg 600w, https:\/\/med-disposable.com\/wp-content\/uploads\/2023\/04\/40A0484-100x100.jpg 100w\" sizes=\"(max-width: 800px) 100vw, 800px\" \/><\/p>\n<p><strong>Aplicaciones:<\/strong><\/p>\n<p>Nuestra ropa interior desechable es adecuada para una amplia gama de tratamientos de belleza, como masajes, tratamientos faciales, depilaci\u00f3n y mucho m\u00e1s. Tambi\u00e9n es ideal para su uso durante el bronceado por pulverizaci\u00f3n, envolturas corporales y otros tratamientos en los que la ropa interior tradicional no resulta pr\u00e1ctica. Adem\u00e1s, los calzoncillos desechables tambi\u00e9n son ideales para su uso durante tratamientos m\u00e9dicos, ya que proporcionan intimidad al tiempo que evitan las infecciones cruzadas. Los calzoncillos desechables tambi\u00e9n son c\u00f3modos para los usuarios, que no tienen que preocuparse de limpiarlos despu\u00e9s de usarlos.<\/p>\n<p><img decoding=\"async\" class=\"aligncenter wp-image-5514 size-full\" src=\"https:\/\/med-disposable.com\/wp-content\/uploads\/2021\/05\/usage-of-disposable-underwear.jpg\" alt=\"\" width=\"800\" height=\"953\" srcset=\"https:\/\/med-disposable.com\/wp-content\/uploads\/2021\/05\/usage-of-disposable-underwear.jpg 800w, https:\/\/med-disposable.com\/wp-content\/uploads\/2021\/05\/usage-of-disposable-underwear-252x300.jpg 252w, https:\/\/med-disposable.com\/wp-content\/uploads\/2021\/05\/usage-of-disposable-underwear-768x915.jpg 768w, https:\/\/med-disposable.com\/wp-content\/uploads\/2021\/05\/usage-of-disposable-underwear-600x715.jpg 600w\" sizes=\"(max-width: 800px) 100vw, 800px\" \/><\/p>\n<p><strong>Finalidad del dise\u00f1o:<\/strong><\/p>\n<p>Nuestra ropa interior desechable talla grande est\u00e1 dise\u00f1ada para ofrecer una soluci\u00f3n higi\u00e9nica y c\u00f3moda a clientes de todas las tallas. Es ideal para su uso en salones de belleza, spas y otros centros de tratamientos de belleza o m\u00e9dicos. Nuestro objetivo es ofrecer un producto que cumpla las normas m\u00e1s estrictas de higiene y comodidad, y que al mismo tiempo resulte rentable para las empresas.<\/p>\n<p><img loading=\"lazy\" decoding=\"async\" class=\"aligncenter wp-image-6035 size-large\" src=\"https:\/\/med-disposable.com\/wp-content\/uploads\/2023\/04\/40A0489-1024x1024.jpg\" alt=\"\" width=\"800\" height=\"800\" srcset=\"https:\/\/med-disposable.com\/wp-content\/uploads\/2023\/04\/40A0489-1024x1024.jpg 1024w, https:\/\/med-disposable.com\/wp-content\/uploads\/2023\/04\/40A0489-300x300.jpg 300w, https:\/\/med-disposable.com\/wp-content\/uploads\/2023\/04\/40A0489-150x150.jpg 150w, https:\/\/med-disposable.com\/wp-content\/uploads\/2023\/04\/40A0489-768x768.jpg 768w, https:\/\/med-disposable.com\/wp-content\/uploads\/2023\/04\/40A0489-1536x1536.jpg 1536w, https:\/\/med-disposable.com\/wp-content\/uploads\/2023\/04\/40A0489-scaled.jpg 2048w, https:\/\/med-disposable.com\/wp-content\/uploads\/2023\/04\/40A0489-600x600.jpg 600w, https:\/\/med-disposable.com\/wp-content\/uploads\/2023\/04\/40A0489-100x100.jpg 100w\" sizes=\"(max-width: 800px) 100vw, 800px\" \/> <img loading=\"lazy\" decoding=\"async\" class=\"aligncenter wp-image-6034 size-large\" src=\"https:\/\/med-disposable.com\/wp-content\/uploads\/2023\/04\/40A0488-1024x1024.jpg\" alt=\"\" width=\"800\" height=\"800\" srcset=\"https:\/\/med-disposable.com\/wp-content\/uploads\/2023\/04\/40A0488-1024x1024.jpg 1024w, https:\/\/med-disposable.com\/wp-content\/uploads\/2023\/04\/40A0488-300x300.jpg 300w, https:\/\/med-disposable.com\/wp-content\/uploads\/2023\/04\/40A0488-150x150.jpg 150w, https:\/\/med-disposable.com\/wp-content\/uploads\/2023\/04\/40A0488-768x768.jpg 768w, https:\/\/med-disposable.com\/wp-content\/uploads\/2023\/04\/40A0488-1536x1536.jpg 1536w, https:\/\/med-disposable.com\/wp-content\/uploads\/2023\/04\/40A0488-scaled.jpg 2048w, https:\/\/med-disposable.com\/wp-content\/uploads\/2023\/04\/40A0488-600x600.jpg 600w, https:\/\/med-disposable.com\/wp-content\/uploads\/2023\/04\/40A0488-100x100.jpg 100w\" sizes=\"(max-width: 800px) 100vw, 800px\" \/><\/p>\n<p><strong>PREGUNTAS FRECUENTES:<\/strong><\/p>\n<p><strong>1.\u00bfQu\u00e9 tallas hay disponibles para sus calzoncillos desechables?<\/strong><br \/>\nNuestros calzoncillos desechables est\u00e1n disponibles en distintos tama\u00f1os para adaptarse c\u00f3modamente a clientes de todas las tallas. Entendemos que los clientes tienen formas y tama\u00f1os diferentes, y nos esforzamos por ofrecer un producto que satisfaga sus necesidades. Nuestro calzoncillo desechable est\u00e1 disponible en tallas que van de la S a la 3XL, por lo que es adecuado para clientes con tallas corporales m\u00e1s grandes. Hemos dise\u00f1ado cuidadosamente nuestro calzoncillo desechable para garantizar un ajuste c\u00f3modo y seguro a todos los clientes. La cintura el\u00e1stica y las aberturas para las piernas garantizan que la ropa interior se mantenga en su sitio durante los tratamientos.<\/p>\n<p>&nbsp;<\/p>\n<p><strong>2.\u00bfEs f\u00e1cil de llevar el calzoncillo desechable?<\/strong><br \/>\nS\u00ed, nuestro calzoncillo desechable est\u00e1 dise\u00f1ado para ser ligero, c\u00f3modo y f\u00e1cil de llevar. Entendemos que los clientes necesitan sentirse c\u00f3modos durante los tratamientos, y nuestra ropa interior desechable est\u00e1 dise\u00f1ada para proporcionar precisamente eso. Nuestra ropa interior est\u00e1 fabricada con un tejido no tejido de alta calidad que es suave, transpirable y respetuoso con la piel. El material es ligero y f\u00e1cil de llevar, por lo que proporciona el m\u00e1ximo confort y comodidad a los clientes. Nuestra ropa interior desechable tambi\u00e9n es f\u00e1cil de desechar despu\u00e9s de su uso, lo que ahorra tiempo y reduce los costes de mano de obra para las empresas.<\/p>\n<p>&nbsp;<\/p>\n<p><strong>3.\u00bfEs higi\u00e9nico tu calzoncillo desechable?<\/strong><br \/>\nS\u00ed, nuestro calzoncillo desechable est\u00e1 dise\u00f1ado para ofrecer una soluci\u00f3n higi\u00e9nica y sanitaria a clientes de todas las tallas. La higiene es de suma importancia en los tratamientos m\u00e9dicos y de belleza, y nosotros nos lo tomamos en serio. Nuestro calzoncillo desechable est\u00e1 fabricado con tejido no tejido de alta calidad resistente a l\u00edquidos y bacterias. El material es transpirable y evita la acumulaci\u00f3n de sudor y olores, garantizando que los clientes se sientan limpios y frescos durante todo el tratamiento. Nuestros calzoncillos desechables tambi\u00e9n eliminan el riesgo de contaminaci\u00f3n cruzada entre clientes, garantizando el m\u00e1ximo nivel de limpieza.<\/p>\n<p>&nbsp;<\/p>\n<p><strong>4.\u00bfPuedo utilizar sus calzoncillos desechables para broncearme con spray?<\/strong><br \/>\nS\u00ed, nuestros calzoncillos desechables son ideales para su uso durante el bronceado por pulverizaci\u00f3n y otros tratamientos en los que la ropa interior tradicional no resulta pr\u00e1ctica. Nuestros calzoncillos desechables est\u00e1n dise\u00f1ados para proporcionar un ajuste c\u00f3modo y seguro a los clientes, garantizando que est\u00e9n totalmente cubiertos durante el tratamiento. El material tambi\u00e9n es resistente a los l\u00edquidos, impidiendo la absorci\u00f3n de la soluci\u00f3n de bronceado por pulverizaci\u00f3n u otros l\u00edquidos. Esto garantiza que la soluci\u00f3n se aplique s\u00f3lo en las zonas deseadas, proporcionando un bronceado m\u00e1s uniforme y natural.<\/p>\n<p>&nbsp;<\/p>\n<p><strong>5.\u00bfEs rentable su calzoncillo desechable?<\/strong><br \/>\nS\u00ed, nuestro calzoncillo desechable es una alternativa asequible a la ropa interior tradicional. Elimina la necesidad de lavander\u00eda y reduce los costes de mano de obra para las empresas. Nuestra ropa interior desechable tambi\u00e9n est\u00e1 disponible a granel, lo que supone un ahorro de costes a\u00fan mayor para las empresas. El uso de ropa interior desechable tambi\u00e9n es m\u00e1s higi\u00e9nico, ya que elimina el riesgo de contaminaci\u00f3n cruzada entre clientes y reduce el riesgo de infecci\u00f3n. De este modo, las empresas pueden ofrecer un alto nivel de servicio al tiempo que mantienen una buena relaci\u00f3n coste-eficacia.<\/p>","protected":false},"excerpt":{"rendered":"<p>Con cintura el\u00e1stica, sin bolsillo<\/p>\n<p>Embalaje individual<\/p>\n<p>Fabricado con material no tejido<\/p>\n<p>Seguro y c\u00f3modo de llevar<\/p>","protected":false},"featured_media":6033,"template":"","meta":{"_seopress_robots_primary_cat":"","_seopress_titles_title":"High-Quality Non-Woven Disposable Underpants: Soft, Breathable &amp; Comfortable for Men &amp; Women!","_seopress_titles_desc":"Get hygienic and comfortable protection with our high-quality disposable underpants for men and women. Soft yet durable non-woven fabric makes our underwear lightweight, breathable, and skin-friendly. Secure elastic waistband and leg openings keep the underwear in place for treatments, while the variety of sizes cater to different body shapes and sizes. Make sure your clients stay comfortable and protected.","_seopress_robots_index":""},"product_brand":[],"product_cat":[86],"product_tag":[277,278,276],"class_list":{"0":"post-6027","1":"product","2":"type-product","3":"status-publish","4":"has-post-thumbnail","6":"product_cat-beauty-and-spa","7":"product_tag-disposable-pant","8":"product_tag-disposable-short-pant","9":"product_tag-disposable-underpants","11":"first","12":"instock","13":"shipping-taxable","14":"product-type-simple"},"_links":{"self":[{"href":"https:\/\/med-disposable.com\/es\/wp-json\/wp\/v2\/product\/6027","targetHints":{"allow":["GET"]}}],"collection":[{"href":"https:\/\/med-disposable.com\/es\/wp-json\/wp\/v2\/product"}],"about":[{"href":"https:\/\/med-disposable.com\/es\/wp-json\/wp\/v2\/types\/product"}],"version-history":[{"count":0,"href":"https:\/\/med-disposable.com\/es\/wp-json\/wp\/v2\/product\/6027\/revisions"}],"wp:featuredmedia":[{"embeddable":true,"href":"https:\/\/med-disposable.com\/es\/wp-json\/wp\/v2\/media\/6033"}],"wp:attachment":[{"href":"https:\/\/med-disposable.com\/es\/wp-json\/wp\/v2\/media?parent=6027"}],"wp:term":[{"taxonomy":"product_brand","embeddable":true,"href":"https:\/\/med-disposable.com\/es\/wp-json\/wp\/v2\/product_brand?post=6027"},{"taxonomy":"product_cat","embeddable":true,"href":"https:\/\/med-disposable.com\/es\/wp-json\/wp\/v2\/product_cat?post=6027"},{"taxonomy":"product_tag","embeddable":true,"href":"https:\/\/med-disposable.com\/es\/wp-json\/wp\/v2\/product_tag?post=6027"}],"curies":[{"name":"wp","href":"https:\/\/api.w.org\/{rel}","templated":true}]}}