{"id":6128,"date":"2023-04-27T14:58:36","date_gmt":"2023-04-27T06:58:36","guid":{"rendered":"https:\/\/med-disposable.com\/?post_type=product&#038;p=6128"},"modified":"2023-04-28T12:12:51","modified_gmt":"2023-04-28T04:12:51","slug":"gorro-medico-desechable-a-maquina","status":"publish","type":"product","link":"https:\/\/med-disposable.com\/es\/product\/machine-made-disposable-doctor-cap\/","title":{"rendered":"Gorro m\u00e9dico desechable fabricado a m\u00e1quina"},"content":{"rendered":"<p>Nuestro gorro m\u00e9dico desechable fabricado a m\u00e1quina est\u00e1 hecho de PP no tejido o SMS de alta calidad, lo que garantiza una experiencia suave, transpirable y agradable para la piel del usuario. El gorro est\u00e1 dise\u00f1ado para ajustarse c\u00f3modamente alrededor de la cabeza, proporcionando un ajuste seguro y ce\u00f1ido. La cinta larga garantiza que el gorro permanezca en su sitio durante los procedimientos quir\u00fargicos.<\/p>\n<p><img fetchpriority=\"high\" decoding=\"async\" class=\"alignnone size-medium wp-image-6144\" src=\"https:\/\/med-disposable.com\/wp-content\/uploads\/2023\/04\/40A9128-300x300.jpg\" alt=\"\" width=\"300\" height=\"300\" srcset=\"https:\/\/med-disposable.com\/wp-content\/uploads\/2023\/04\/40A9128-300x300.jpg 300w, https:\/\/med-disposable.com\/wp-content\/uploads\/2023\/04\/40A9128-1024x1024.jpg 1024w, https:\/\/med-disposable.com\/wp-content\/uploads\/2023\/04\/40A9128-150x150.jpg 150w, https:\/\/med-disposable.com\/wp-content\/uploads\/2023\/04\/40A9128-768x768.jpg 768w, https:\/\/med-disposable.com\/wp-content\/uploads\/2023\/04\/40A9128-600x600.jpg 600w, https:\/\/med-disposable.com\/wp-content\/uploads\/2023\/04\/40A9128-100x100.jpg 100w, https:\/\/med-disposable.com\/wp-content\/uploads\/2023\/04\/40A9128.jpg 1050w\" sizes=\"(max-width: 300px) 100vw, 300px\" \/> <img decoding=\"async\" class=\"alignnone size-medium wp-image-6134\" src=\"https:\/\/med-disposable.com\/wp-content\/uploads\/2023\/04\/40A9107-300x300.jpg\" alt=\"\" width=\"300\" height=\"300\" srcset=\"https:\/\/med-disposable.com\/wp-content\/uploads\/2023\/04\/40A9107-300x300.jpg 300w, https:\/\/med-disposable.com\/wp-content\/uploads\/2023\/04\/40A9107-1024x1024.jpg 1024w, https:\/\/med-disposable.com\/wp-content\/uploads\/2023\/04\/40A9107-150x150.jpg 150w, https:\/\/med-disposable.com\/wp-content\/uploads\/2023\/04\/40A9107-768x768.jpg 768w, https:\/\/med-disposable.com\/wp-content\/uploads\/2023\/04\/40A9107-600x600.jpg 600w, https:\/\/med-disposable.com\/wp-content\/uploads\/2023\/04\/40A9107-100x100.jpg 100w, https:\/\/med-disposable.com\/wp-content\/uploads\/2023\/04\/40A9107.jpg 1050w\" sizes=\"(max-width: 300px) 100vw, 300px\" \/><\/p>\n<p><strong>Detalles del producto:<\/strong><\/p>\n<table class=\"table\">\n<tbody>\n<tr>\n<td>Material<\/td>\n<td>PP o SMS no tejido<\/p>\n<p>El PP es un tejido de polipropileno transpirable, resistente al polvo y duradero;<\/p>\n<p>El SMS es un tejido hilado-soplado-fundido que ofrece una elevada resistencia a la tracci\u00f3n.<\/td>\n<\/tr>\n<tr>\n<td>Color<\/td>\n<td>Color azul, tambi\u00e9n puede ser como petici\u00f3n<\/td>\n<\/tr>\n<tr>\n<td>Gramo de peso<\/td>\n<td>20~40gsm<\/td>\n<\/tr>\n<tr>\n<td>Dise\u00f1o<\/td>\n<td>Con lazos en la espalda, hechos a m\u00e1quina o a mano seg\u00fan pedido<\/td>\n<\/tr>\n<tr>\n<td>Talla<\/td>\n<td>62x12cm, 64*14cm, o seg\u00fan su petici\u00f3n<\/td>\n<\/tr>\n<tr>\n<td>Embalaje<\/td>\n<td>No est\u00e9ril: 10pcs\/bag, 1000pcs\/carton<\/p>\n<p>Tambi\u00e9n puede ser con dise\u00f1o de embalaje OEM<\/td>\n<\/tr>\n<tr>\n<td>Caracter\u00edstica<\/td>\n<td>Suave, transpirable y a prueba de l\u00edquidos. Con lazos en la espalda que cubren f\u00e1cilmente todos los tama\u00f1os de cabeza y peinados.<\/td>\n<\/tr>\n<tr>\n<td>Certificado<\/td>\n<td>ISO13485, CE, aprobado por la FDA<\/td>\n<\/tr>\n<\/tbody>\n<\/table>\n<p><img decoding=\"async\" class=\"aligncenter wp-image-6132 size-large\" src=\"https:\/\/med-disposable.com\/wp-content\/uploads\/2023\/04\/40A9102-1024x1024.jpg\" alt=\"\" width=\"800\" height=\"800\" srcset=\"https:\/\/med-disposable.com\/wp-content\/uploads\/2023\/04\/40A9102-1024x1024.jpg 1024w, https:\/\/med-disposable.com\/wp-content\/uploads\/2023\/04\/40A9102-300x300.jpg 300w, https:\/\/med-disposable.com\/wp-content\/uploads\/2023\/04\/40A9102-150x150.jpg 150w, https:\/\/med-disposable.com\/wp-content\/uploads\/2023\/04\/40A9102-768x768.jpg 768w, https:\/\/med-disposable.com\/wp-content\/uploads\/2023\/04\/40A9102-600x600.jpg 600w, https:\/\/med-disposable.com\/wp-content\/uploads\/2023\/04\/40A9102-100x100.jpg 100w, https:\/\/med-disposable.com\/wp-content\/uploads\/2023\/04\/40A9102.jpg 1050w\" sizes=\"(max-width: 800px) 100vw, 800px\" \/> <img loading=\"lazy\" decoding=\"async\" class=\"aligncenter wp-image-6141 size-large\" src=\"https:\/\/med-disposable.com\/wp-content\/uploads\/2023\/04\/40A9119-1024x1024.jpg\" alt=\"\" width=\"800\" height=\"800\" srcset=\"https:\/\/med-disposable.com\/wp-content\/uploads\/2023\/04\/40A9119-1024x1024.jpg 1024w, https:\/\/med-disposable.com\/wp-content\/uploads\/2023\/04\/40A9119-300x300.jpg 300w, https:\/\/med-disposable.com\/wp-content\/uploads\/2023\/04\/40A9119-150x150.jpg 150w, https:\/\/med-disposable.com\/wp-content\/uploads\/2023\/04\/40A9119-768x768.jpg 768w, https:\/\/med-disposable.com\/wp-content\/uploads\/2023\/04\/40A9119-600x600.jpg 600w, https:\/\/med-disposable.com\/wp-content\/uploads\/2023\/04\/40A9119-100x100.jpg 100w, https:\/\/med-disposable.com\/wp-content\/uploads\/2023\/04\/40A9119.jpg 1050w\" sizes=\"(max-width: 800px) 100vw, 800px\" \/><\/p>\n<p><strong>Caracter\u00edsticas del gorro m\u00e9dico desechable fabricado a m\u00e1quina:<\/strong><\/p>\n<p><strong>1.Higi\u00e9nico y sanitario:<\/strong> Nuestro gorro m\u00e9dico desechable fabricado a m\u00e1quina est\u00e1 dise\u00f1ado para ofrecer una soluci\u00f3n higi\u00e9nica y sanitaria a los profesionales de la medicina. Elimina el riesgo de contaminaci\u00f3n cruzada y garantiza el m\u00e1ximo nivel de limpieza.<\/p>\n<p><strong>2.C\u00f3modo y transpirable:<\/strong> El tejido suave y transpirable de nuestro gorro quir\u00fargico m\u00e9dico desechable fabricado a m\u00e1quina garantiza el m\u00e1ximo confort y comodidad para los profesionales m\u00e9dicos. El gorro est\u00e1 dise\u00f1ado para ajustarse c\u00f3modamente alrededor de la cabeza, proporcionando un ajuste seguro y ce\u00f1ido.<\/p>\n<p><strong>3. Rentable:<\/strong> Nuestros gorros m\u00e9dicos desechables fabricados a m\u00e1quina son una alternativa asequible a los gorros quir\u00fargicos tradicionales. Elimina la necesidad de lavander\u00eda y reduce los costes de mano de obra, y el gorro desechable hecho a m\u00e1quina podr\u00eda ahorrar m\u00e1s costes de mano de obra, por lo que es m\u00e1s rentable que los hechos a mano.<\/p>\n<p><strong>4.Fabricado a m\u00e1quina para mayor coherencia:<\/strong> Nuestros gorros m\u00e9dicos desechables se fabrican con maquinaria avanzada para garantizar un control de calidad y un tallaje uniforme.<\/p>\n<p>&nbsp;<\/p>\n<p><strong>Finalidad del dise\u00f1o:<\/strong><\/p>\n<p>Nuestro gorro m\u00e9dico desechable fabricado a m\u00e1quina est\u00e1 dise\u00f1ado para proporcionar una soluci\u00f3n higi\u00e9nica y c\u00f3moda a los profesionales m\u00e9dicos durante los procedimientos quir\u00fargicos. El gorro est\u00e1 dise\u00f1ado para evitar la liberaci\u00f3n de bacterias y otros contaminantes del cuero cabelludo o el cabello. Tambi\u00e9n evita que el pelo caiga en la zona quir\u00fargica, lo que reduce el riesgo de infecci\u00f3n. Nuestro objetivo es ofrecer un producto que cumpla las normas m\u00e1s estrictas de higiene y comodidad, y que al mismo tiempo sea rentable para los centros m\u00e9dicos. Con lazos en la parte posterior, los usuarios pueden utilizarlos para ajustar el gorro a la forma de la cabeza y evitar que se mueva.<\/p>\n<p><img loading=\"lazy\" decoding=\"async\" class=\"aligncenter wp-image-6153 size-large\" src=\"https:\/\/med-disposable.com\/wp-content\/uploads\/2023\/04\/40A9107-1-1024x1024.jpg\" alt=\"\" width=\"800\" height=\"800\" srcset=\"https:\/\/med-disposable.com\/wp-content\/uploads\/2023\/04\/40A9107-1-1024x1024.jpg 1024w, https:\/\/med-disposable.com\/wp-content\/uploads\/2023\/04\/40A9107-1-300x300.jpg 300w, https:\/\/med-disposable.com\/wp-content\/uploads\/2023\/04\/40A9107-1-150x150.jpg 150w, https:\/\/med-disposable.com\/wp-content\/uploads\/2023\/04\/40A9107-1-768x768.jpg 768w, https:\/\/med-disposable.com\/wp-content\/uploads\/2023\/04\/40A9107-1-600x600.jpg 600w, https:\/\/med-disposable.com\/wp-content\/uploads\/2023\/04\/40A9107-1-100x100.jpg 100w, https:\/\/med-disposable.com\/wp-content\/uploads\/2023\/04\/40A9107-1.jpg 1050w\" sizes=\"(max-width: 800px) 100vw, 800px\" \/><\/p>\n<p><strong>Aplicaciones:<\/strong><\/p>\n<p>Nuestro gorro m\u00e9dico desechable fabricado a m\u00e1quina es apto para su uso en una amplia gama de entornos m\u00e9dicos, como hospitales, cl\u00ednicas, centros sanitarios y otras instalaciones m\u00e9dicas. Es un art\u00edculo esencial para los profesionales m\u00e9dicos y sanitarios que requieren un alto nivel de higiene y protecci\u00f3n durante los procedimientos quir\u00fargicos.<\/p>\n<p>&nbsp;<\/p>\n<p><strong>PREGUNTAS Y RESPUESTAS:<\/strong><\/p>\n<p><strong>1.\u00bfQu\u00e9 materiales se utilizan para fabricar sus gorros m\u00e9dicos desechables a m\u00e1quina?<\/strong><br \/>\nNuestros gorros m\u00e9dicos desechables fabricados a m\u00e1quina est\u00e1n hechos de tela no tejida o material SMS de alta calidad que son suaves, transpirables y respetuosos con la piel. Este material garantiza la m\u00e1xima comodidad y protecci\u00f3n para los profesionales m\u00e9dicos durante los procedimientos quir\u00fargicos. La tela no tejida est\u00e1 fabricada con fibras de polipropileno unidas mediante calor y presi\u00f3n. Esto crea un material duradero y resistente a desgarros y pinchazos, que lo convierte en la elecci\u00f3n ideal para gorros quir\u00fargicos.<\/p>\n<p>&nbsp;<\/p>\n<p><strong>2.\u00bfC\u00f3mo evitan la contaminaci\u00f3n cruzada sus gorros m\u00e9dicos desechables fabricados a m\u00e1quina?<\/strong><br \/>\nNuestros gorros m\u00e9dicos desechables fabricados a m\u00e1quina est\u00e1n dise\u00f1ados para evitar que las bacterias y otros contaminantes del cuero cabelludo o el cabello penetren en la zona quir\u00fargica. Esto garantiza un entorno higi\u00e9nico y seguro tanto para los profesionales m\u00e9dicos como para los pacientes. Los gorros tienen una banda el\u00e1stica que proporciona un ajuste seguro y ce\u00f1ido alrededor de la cabeza, evitando que cualquier pelo suelto caiga en la zona quir\u00fargica. Adem\u00e1s, nuestros gorros est\u00e1n fabricados con tejido no tejido PP o SMS resistente a la penetraci\u00f3n de fluidos, lo que impide que cualquier fluido contaminado se filtre y contamine la zona quir\u00fargica.<\/p>\n<p>&nbsp;<\/p>\n<p><strong>3. \u00bfPueden utilizarse sus gorros m\u00e9dicos desechables fabricados a m\u00e1quina en diversos entornos m\u00e9dicos?<\/strong><br \/>\nS\u00ed, nuestros gorros m\u00e9dicos desechables fabricados a m\u00e1quina son adecuados para su uso en diversos entornos m\u00e9dicos, como hospitales, cl\u00ednicas y otros centros m\u00e9dicos. Son ideales para procedimientos quir\u00fargicos que requieren un alto nivel de higiene y protecci\u00f3n. Adem\u00e1s, nuestros gorros est\u00e1n dise\u00f1ados para ser ligeros, c\u00f3modos y f\u00e1ciles de llevar, lo que los hace adecuados para su uso en procedimientos quir\u00fargicos prolongados.<\/p>\n<p>&nbsp;<\/p>\n<p><strong>4.\u00bfSon rentables sus gorros m\u00e9dicos desechables fabricados a m\u00e1quina?<\/strong><br \/>\nS\u00ed, nuestros gorros m\u00e9dicos desechables fabricados a m\u00e1quina son una alternativa asequible a los gorros quir\u00fargicos tradicionales. Eliminan la necesidad de lavarlos y reducen los costes de mano de obra, lo que los convierte en una opci\u00f3n rentable para centros m\u00e9dicos de todos los tama\u00f1os. Adem\u00e1s, nuestros gorros se pueden comprar al por mayor, lo que supone un ahorro de costes a\u00fan mayor para los centros m\u00e9dicos de mayor tama\u00f1o.<\/p>\n<p>&nbsp;<\/p>\n<p><strong>5. \u00bfC\u00f3mo puedo comprar al por mayor sus gorros m\u00e9dicos desechables fabricados a m\u00e1quina?<\/strong><br \/>\nOfrecemos opciones de compra al por mayor para nuestros gorros m\u00e9dicos desechables fabricados a m\u00e1quina. Nuestros precios al por mayor son competitivos y suponen un importante ahorro para pedidos grandes. Tambi\u00e9n ofrecemos opciones de personalizaci\u00f3n para nuestros gorros, como la posibilidad de a\u00f1adir logotipos o marcas. Para m\u00e1s informaci\u00f3n sobre precios al por mayor y opciones de personalizaci\u00f3n, p\u00f3ngase en contacto con nosotros.<\/p>\n<p>&nbsp;<\/p>\n<p><strong>6. \u00bfQu\u00e9 diferencia hay entre los gorros m\u00e9dicos desechables fabricados a m\u00e1quina y los gorros quir\u00fargicos tradicionales?<\/strong><br \/>\nNuestros gorros m\u00e9dicos desechables fabricados a m\u00e1quina ofrecen varias ventajas sobre los gorros quir\u00fargicos tradicionales. En primer lugar, nuestros gorros est\u00e1n fabricados con un tejido no tejido que es suave, transpirable y agradable para la piel, proporcionando la m\u00e1xima comodidad y protecci\u00f3n a los profesionales m\u00e9dicos durante los procedimientos quir\u00fargicos. En segundo lugar, nuestros gorros est\u00e1n dise\u00f1ados para evitar la contaminaci\u00f3n cruzada, lo que reduce el riesgo de infecci\u00f3n tanto para los profesionales m\u00e9dicos como para los pacientes. En tercer lugar, nuestros gorros son rentables y eliminan la necesidad de lavarlos, lo que reduce los costes de mano de obra de los centros m\u00e9dicos. Por \u00faltimo, nuestros gorros pueden comprarse al por mayor, lo que supone un ahorro a\u00fan mayor para los grandes centros m\u00e9dicos.<\/p>\n<p><img loading=\"lazy\" decoding=\"async\" class=\"aligncenter wp-image-6154 size-large\" src=\"https:\/\/med-disposable.com\/wp-content\/uploads\/2023\/04\/40A9151-1024x1024.jpg\" alt=\"\" width=\"800\" height=\"800\" srcset=\"https:\/\/med-disposable.com\/wp-content\/uploads\/2023\/04\/40A9151-1024x1024.jpg 1024w, https:\/\/med-disposable.com\/wp-content\/uploads\/2023\/04\/40A9151-300x300.jpg 300w, https:\/\/med-disposable.com\/wp-content\/uploads\/2023\/04\/40A9151-150x150.jpg 150w, https:\/\/med-disposable.com\/wp-content\/uploads\/2023\/04\/40A9151-768x768.jpg 768w, https:\/\/med-disposable.com\/wp-content\/uploads\/2023\/04\/40A9151-600x600.jpg 600w, https:\/\/med-disposable.com\/wp-content\/uploads\/2023\/04\/40A9151-100x100.jpg 100w, https:\/\/med-disposable.com\/wp-content\/uploads\/2023\/04\/40A9151.jpg 1050w\" sizes=\"(max-width: 800px) 100vw, 800px\" \/><\/p>","protected":false},"excerpt":{"rendered":"<p>Estilo: Fabricado a m\u00e1quina, con l\u00edneas precortadas.<\/p>\n<p>Con lazos en la parte posterior de la cabeza.<\/p>\n<p>De material PP o SMS.<\/p>\n<p>El color puede personalizarse.<\/p>","protected":false},"featured_media":6149,"template":"","meta":{"_seopress_robots_primary_cat":"none","_seopress_titles_title":"Machine-Made Disposable Doctor Cap:Soft, Breathable, High-Quality Protection\n\n&quot;Machine-Made Disposable Doctor Cap: Soft, Breathable Skin-Friendly Protection","_seopress_titles_desc":"Try our machine-made disposable doctor cap to experience hygienic, secure and comfortable fit for your medical procedures. Made of high-quality PP or SMS non-woven fabric, our cap ensures breathable, dustproof and durable fit. Available in blue or custom color, with OEM packing design.","_seopress_robots_index":""},"product_brand":[],"product_cat":[46],"product_tag":[280,281,279],"class_list":{"0":"post-6128","1":"product","2":"type-product","3":"status-publish","4":"has-post-thumbnail","6":"product_cat-caps","7":"product_tag-disposable-cap","8":"product_tag-disposable-surgical-cap","9":"product_tag-doctor-cap","11":"first","12":"instock","13":"shipping-taxable","14":"product-type-simple"},"_links":{"self":[{"href":"https:\/\/med-disposable.com\/es\/wp-json\/wp\/v2\/product\/6128","targetHints":{"allow":["GET"]}}],"collection":[{"href":"https:\/\/med-disposable.com\/es\/wp-json\/wp\/v2\/product"}],"about":[{"href":"https:\/\/med-disposable.com\/es\/wp-json\/wp\/v2\/types\/product"}],"version-history":[{"count":0,"href":"https:\/\/med-disposable.com\/es\/wp-json\/wp\/v2\/product\/6128\/revisions"}],"wp:featuredmedia":[{"embeddable":true,"href":"https:\/\/med-disposable.com\/es\/wp-json\/wp\/v2\/media\/6149"}],"wp:attachment":[{"href":"https:\/\/med-disposable.com\/es\/wp-json\/wp\/v2\/media?parent=6128"}],"wp:term":[{"taxonomy":"product_brand","embeddable":true,"href":"https:\/\/med-disposable.com\/es\/wp-json\/wp\/v2\/product_brand?post=6128"},{"taxonomy":"product_cat","embeddable":true,"href":"https:\/\/med-disposable.com\/es\/wp-json\/wp\/v2\/product_cat?post=6128"},{"taxonomy":"product_tag","embeddable":true,"href":"https:\/\/med-disposable.com\/es\/wp-json\/wp\/v2\/product_tag?post=6128"}],"curies":[{"name":"wp","href":"https:\/\/api.w.org\/{rel}","templated":true}]}}