{"id":625,"date":"2021-03-05T16:20:05","date_gmt":"2021-03-05T08:20:05","guid":{"rendered":"https:\/\/med-disposable.com\/?post_type=product&#038;p=625"},"modified":"2023-07-03T11:58:40","modified_gmt":"2023-07-03T03:58:40","slug":"mono-de-proteccion-medica-desechable","status":"publish","type":"product","link":"https:\/\/med-disposable.com\/es\/product\/disposable-medical-protective-coverall\/","title":{"rendered":"Mono de protecci\u00f3n m\u00e9dica desechable"},"content":{"rendered":"<h2><strong>Especificaci\u00f3n detallada<\/strong>:<\/h2>\n<table width=\"705\">\n<tbody>\n<tr>\n<td width=\"148\">El material<\/td>\n<td width=\"557\">PP no tejido+Microporoso<\/td>\n<\/tr>\n<tr>\n<td width=\"148\">Gramo de peso<\/td>\n<td>45-65gr\/m\u00b2.<\/td>\n<\/tr>\n<tr>\n<td width=\"148\">Certificado<\/td>\n<td>ISO13485, CE, FDA<\/td>\n<\/tr>\n<tr>\n<td>Producci\u00f3n diaria<\/td>\n<td>10.000 piezas<\/td>\n<\/tr>\n<tr>\n<td>Norma de calidad<\/td>\n<td width=\"557\">EN14126:2003, AAMI Nivel 3<\/td>\n<\/tr>\n<tr>\n<td width=\"148\">Plazo de pago<\/td>\n<td>TT, LC<\/td>\n<\/tr>\n<tr>\n<td>Especificaciones de embalaje<\/td>\n<td>1 unidad\/bolsa, 50 unidades\/cart\u00f3n<\/td>\n<\/tr>\n<tr>\n<td>Tama\u00f1o de la caja<\/td>\n<td>80*40*52(cm), los tama\u00f1os de las cajas var\u00edan seg\u00fan el peso y el m\u00e9todo de embalaje<\/td>\n<\/tr>\n<tr>\n<td width=\"148\">Puerto FOB<\/td>\n<td>Wuhan\/Shanghai\/Guangzhou\/Ningbo<\/td>\n<\/tr>\n<\/tbody>\n<\/table>\n<figure class=\"wp-block-embed wp-block-embed-youtube is-type-video is-provider-youtube epyt-figure\"><div class=\"wp-block-embed__wrapper\"><div  id=\"_ytid_19829\"  width=\"800\" height=\"450\"  data-origwidth=\"800\" data-origheight=\"450\" data-facadesrc=\"https:\/\/www.youtube.com\/embed\/Ee2KJKd72V8?enablejsapi=1&autoplay=0&cc_load_policy=0&cc_lang_pref=&iv_load_policy=1&loop=0&rel=1&fs=1&playsinline=0&autohide=2&theme=dark&color=red&controls=1&disablekb=0&\" class=\"__youtube_prefs__ epyt-facade no-lazyload\" data-epautoplay=\"1\" ><img decoding=\"async\" data-spai-excluded=\"true\" class=\"epyt-facade-poster skip-lazy\" loading=\"lazy\"  alt=\"YouTube player\"  src=\"https:\/\/i.ytimg.com\/vi\/Ee2KJKd72V8\/maxresdefault.jpg\"  \/><button class=\"epyt-facade-play\" aria-label=\"Jugar\"><svg data-no-lazy=\"1\" height=\"100%\" version=\"1.1\" viewbox=\"0 0 68 48\" width=\"100%\"><path class=\"ytp-large-play-button-bg\" d=\"M66.52,7.74c-0.78-2.93-2.49-5.41-5.42-6.19C55.79,.13,34,0,34,0S12.21,.13,6.9,1.55 C3.97,2.33,2.27,4.81,1.48,7.74C0.06,13.05,0,24,0,24s0.06,10.95,1.48,16.26c0.78,2.93,2.49,5.41,5.42,6.19 C12.21,47.87,34,48,34,48s21.79-0.13,27.1-1.55c2.93-0.78,4.64-3.26,5.42-6.19C67.94,34.95,68,24,68,24S67.94,13.05,66.52,7.74z\" fill=\"#f00\"><\/path><path d=\"M 45,24 27,14 27,34\" fill=\"#fff\"><\/path><\/svg><\/button><\/div><\/div><\/figure>\n<h2><\/h2>\n<h2>Detalle estilo mono de protecci\u00f3n m\u00e9dica desechable:<\/h2>\n<ul>\n<li><strong>Material microporoso revestido de PP no tejido:<\/strong>\u00a0Nuestro mono m\u00e9dico est\u00e1 fabricado con una combinaci\u00f3n de alta calidad de PP no tejido y materiales microporosos, lo que proporciona una excelente protecci\u00f3n contra derrames de l\u00edquidos, salpicaduras y part\u00edculas en suspensi\u00f3n. Este material tambi\u00e9n es transpirable, lo que garantiza la comodidad durante largos periodos de uso.<\/li>\n<li><strong>Dise\u00f1o con capucha:<\/strong>\u00a0El mono incorpora una capucha que proporciona cobertura adicional a la zona de la cabeza y el cuello, reduciendo el riesgo de contaminaci\u00f3n y garantizando un ajuste seguro.<\/li>\n<li><strong>Cintas de sellado opcionales:<\/strong>\u00a0Si es necesario, las costuras del mono pueden sellarse con cintas, lo que proporciona una capa adicional de protecci\u00f3n contra posibles peligros. Este proceso de sellado garantiza que el mono siga siendo duradero y resistente al desgaste.<\/li>\n<li><strong>Pu\u00f1os y cintura el\u00e1sticos:<\/strong>\u00a0Para un ajuste seguro y c\u00f3modo, este mono cuenta con pu\u00f1os el\u00e1sticos en las mu\u00f1ecas y cintura el\u00e1stica. Estas caracter\u00edsticas ayudan a mantener el mono en su sitio, evitando la exposici\u00f3n a contaminantes y garantizando la facilidad de movimiento.<\/li>\n<\/ul>\n<p><img fetchpriority=\"high\" decoding=\"async\" class=\"aligncenter wp-image-8305 size-large\" src=\"https:\/\/med-disposable.com\/wp-content\/uploads\/2021\/03\/disposable-medical-coverall-5-1024x1024.jpg\" alt=\"\" width=\"800\" height=\"800\" srcset=\"https:\/\/med-disposable.com\/wp-content\/uploads\/2021\/03\/disposable-medical-coverall-5-1024x1024.jpg 1024w, https:\/\/med-disposable.com\/wp-content\/uploads\/2021\/03\/disposable-medical-coverall-5-300x300.jpg 300w, https:\/\/med-disposable.com\/wp-content\/uploads\/2021\/03\/disposable-medical-coverall-5-150x150.jpg 150w, https:\/\/med-disposable.com\/wp-content\/uploads\/2021\/03\/disposable-medical-coverall-5-768x768.jpg 768w, https:\/\/med-disposable.com\/wp-content\/uploads\/2021\/03\/disposable-medical-coverall-5-1536x1536.jpg 1536w, https:\/\/med-disposable.com\/wp-content\/uploads\/2021\/03\/disposable-medical-coverall-5-scaled.jpg 2048w, https:\/\/med-disposable.com\/wp-content\/uploads\/2021\/03\/disposable-medical-coverall-5-600x600.jpg 600w, https:\/\/med-disposable.com\/wp-content\/uploads\/2021\/03\/disposable-medical-coverall-5-100x100.jpg 100w\" sizes=\"(max-width: 800px) 100vw, 800px\" \/> <img decoding=\"async\" class=\"aligncenter wp-image-8306 size-large\" src=\"https:\/\/med-disposable.com\/wp-content\/uploads\/2021\/03\/disposable-medical-coverall-11-1024x1024.jpg\" alt=\"\" width=\"800\" height=\"800\" srcset=\"https:\/\/med-disposable.com\/wp-content\/uploads\/2021\/03\/disposable-medical-coverall-11-1024x1024.jpg 1024w, https:\/\/med-disposable.com\/wp-content\/uploads\/2021\/03\/disposable-medical-coverall-11-300x300.jpg 300w, https:\/\/med-disposable.com\/wp-content\/uploads\/2021\/03\/disposable-medical-coverall-11-150x150.jpg 150w, https:\/\/med-disposable.com\/wp-content\/uploads\/2021\/03\/disposable-medical-coverall-11-768x768.jpg 768w, https:\/\/med-disposable.com\/wp-content\/uploads\/2021\/03\/disposable-medical-coverall-11-1536x1536.jpg 1536w, https:\/\/med-disposable.com\/wp-content\/uploads\/2021\/03\/disposable-medical-coverall-11-scaled.jpg 2048w, https:\/\/med-disposable.com\/wp-content\/uploads\/2021\/03\/disposable-medical-coverall-11-600x600.jpg 600w, https:\/\/med-disposable.com\/wp-content\/uploads\/2021\/03\/disposable-medical-coverall-11-100x100.jpg 100w\" sizes=\"(max-width: 800px) 100vw, 800px\" \/> \u00a0<img decoding=\"async\" class=\"wp-image-8308 size-large aligncenter\" src=\"https:\/\/med-disposable.com\/wp-content\/uploads\/2021\/03\/disposable-medical-coverall-16-1024x1024.jpg\" alt=\"\" width=\"800\" height=\"800\" srcset=\"https:\/\/med-disposable.com\/wp-content\/uploads\/2021\/03\/disposable-medical-coverall-16-1024x1024.jpg 1024w, https:\/\/med-disposable.com\/wp-content\/uploads\/2021\/03\/disposable-medical-coverall-16-300x300.jpg 300w, https:\/\/med-disposable.com\/wp-content\/uploads\/2021\/03\/disposable-medical-coverall-16-150x150.jpg 150w, https:\/\/med-disposable.com\/wp-content\/uploads\/2021\/03\/disposable-medical-coverall-16-768x768.jpg 768w, https:\/\/med-disposable.com\/wp-content\/uploads\/2021\/03\/disposable-medical-coverall-16-1536x1536.jpg 1536w, https:\/\/med-disposable.com\/wp-content\/uploads\/2021\/03\/disposable-medical-coverall-16-scaled.jpg 2048w, https:\/\/med-disposable.com\/wp-content\/uploads\/2021\/03\/disposable-medical-coverall-16-600x600.jpg 600w, https:\/\/med-disposable.com\/wp-content\/uploads\/2021\/03\/disposable-medical-coverall-16-100x100.jpg 100w\" sizes=\"(max-width: 800px) 100vw, 800px\" \/><\/p>\n<p>&nbsp;<\/p>\n<h2>\u00bfPor qu\u00e9 elegir Wuhan Youfu como proveedor de monos m\u00e9dicos?<\/h2>\n<ol>\n<li><strong>Productos de calidad:<\/strong>\u00a0Wuhan Youfu se compromete a suministrar monos m\u00e9dicos que cumplan las normas m\u00e1s estrictas de calidad y seguridad. Sus productos se someten a rigurosas pruebas y procesos de control de calidad para garantizar que protegen eficazmente a los usuarios de diversos riesgos en entornos m\u00e9dicos.<\/li>\n<li><strong>Dise\u00f1os innovadores:<\/strong>\u00a0Wuhan Youfu invierte continuamente en investigaci\u00f3n y desarrollo para crear dise\u00f1os innovadores que satisfagan las necesidades espec\u00edficas de los profesionales m\u00e9dicos. Sus monos m\u00e9dicos se dise\u00f1an pensando en la comodidad, funcionalidad y seguridad del usuario, garantizando un rendimiento \u00f3ptimo en diversos entornos m\u00e9dicos.<\/li>\n<li><strong>Amplia gama de opciones:<\/strong>\u00a0Wuhan Youfu ofrece una amplia gama de monos m\u00e9dicos de distintos materiales, dise\u00f1os y tama\u00f1os para adaptarse a diferentes aplicaciones y requisitos. Esto facilita que los clientes encuentren la soluci\u00f3n perfecta para sus necesidades espec\u00edficas.<\/li>\n<li><strong>Precios competitivos:<\/strong>\u00a0Wuhan Youfu se esfuerza por ofrecer monos m\u00e9dicos de alta calidad a precios competitivos, garantizando que sus clientes reciban el mejor valor por su inversi\u00f3n sin comprometer la calidad y la protecci\u00f3n.<\/li>\n<li><strong>Cadena de suministro fiable:<\/strong>\u00a0Wuhan Youfu ha establecido una cadena de suministro fiable que garantiza la disponibilidad constante del producto y la entrega puntual a sus clientes. Esto ayuda a las instalaciones m\u00e9dicas a mantener un suministro constante de monos de protecci\u00f3n para satisfacer sus necesidades continuas.<\/li>\n<li><strong>Excelente atenci\u00f3n al cliente:<\/strong>\u00a0Wuhan Youfu se esfuerza por ofrecer una atenci\u00f3n al cliente y una asistencia excepcionales durante todo el proceso de compra. Su experto y amable equipo est\u00e1 siempre disponible para responder a cualquier pregunta o duda, garantizando una experiencia fluida y satisfactoria para todos los clientes.<\/li>\n<li><strong>Cumplimiento de las normas del sector:<\/strong>\u00a0Los monos m\u00e9dicos de Wuhan Youfu se fabrican de acuerdo con las normas y reglamentos pertinentes del sector, lo que garantiza que sus productos cumplen los criterios de seguridad y rendimiento exigidos.<\/li>\n<\/ol>","protected":false},"excerpt":{"rendered":"<p>Nuestro mono de protecci\u00f3n m\u00e9dica desechable est\u00e1 dise\u00f1ado para ofrecer una protecci\u00f3n y comodidad excepcionales durante diversas tareas m\u00e9dicas y peligrosas. Fabricado con una combinaci\u00f3n de PP no tejido y materiales microporosos, este mono es ligero, transpirable y resistente a l\u00edquidos y part\u00edculas en suspensi\u00f3n. Con capucha para mayor cobertura y la opci\u00f3n de sellado con cinta en las costuras, puede trabajar con confianza en un entorno seguro.<\/p>","protected":false},"featured_media":5205,"template":"","meta":{"_seopress_robots_primary_cat":"none","_seopress_titles_title":"Buy Disposable Medical Protective Coverall - YouFu Medical","_seopress_titles_desc":"Explore a range of Disposable Medical Protective Coverall for clinical medical personnel in the work of contact with patients with potential infectious blood, fluids, secretions for providing barrier and protection.","_seopress_robots_index":""},"product_brand":[],"product_cat":[44],"product_tag":[64,73],"class_list":{"0":"post-625","1":"product","2":"type-product","3":"status-publish","4":"has-post-thumbnail","6":"product_cat-coverall","7":"product_tag-coverall","8":"product_tag-disposable","10":"first","11":"instock","12":"shipping-taxable","13":"product-type-simple"},"_links":{"self":[{"href":"https:\/\/med-disposable.com\/es\/wp-json\/wp\/v2\/product\/625","targetHints":{"allow":["GET"]}}],"collection":[{"href":"https:\/\/med-disposable.com\/es\/wp-json\/wp\/v2\/product"}],"about":[{"href":"https:\/\/med-disposable.com\/es\/wp-json\/wp\/v2\/types\/product"}],"version-history":[{"count":0,"href":"https:\/\/med-disposable.com\/es\/wp-json\/wp\/v2\/product\/625\/revisions"}],"wp:featuredmedia":[{"embeddable":true,"href":"https:\/\/med-disposable.com\/es\/wp-json\/wp\/v2\/media\/5205"}],"wp:attachment":[{"href":"https:\/\/med-disposable.com\/es\/wp-json\/wp\/v2\/media?parent=625"}],"wp:term":[{"taxonomy":"product_brand","embeddable":true,"href":"https:\/\/med-disposable.com\/es\/wp-json\/wp\/v2\/product_brand?post=625"},{"taxonomy":"product_cat","embeddable":true,"href":"https:\/\/med-disposable.com\/es\/wp-json\/wp\/v2\/product_cat?post=625"},{"taxonomy":"product_tag","embeddable":true,"href":"https:\/\/med-disposable.com\/es\/wp-json\/wp\/v2\/product_tag?post=625"}],"curies":[{"name":"wp","href":"https:\/\/api.w.org\/{rel}","templated":true}]}}