{"id":6452,"date":"2023-05-11T16:20:23","date_gmt":"2023-05-11T08:20:23","guid":{"rendered":"https:\/\/med-disposable.com\/?post_type=product&#038;p=6452"},"modified":"2023-05-11T16:20:23","modified_gmt":"2023-05-11T08:20:23","slug":"venta-al-por-mayor-mascarilla-desechable-azul","status":"publish","type":"product","link":"https:\/\/med-disposable.com\/es\/product\/wholesale-disposable-face-mask-blue\/","title":{"rendered":"Venta al por mayor mascarilla desechable azul"},"content":{"rendered":"<p>Informaci\u00f3n b\u00e1sica sobre la mascarilla azul:<\/p>\n<table width=\"174\">\n<tbody>\n<tr>\n<td width=\"110\">Material:<\/td>\n<td width=\"64\">\u00a0Tejido no tejido de alta calidad<\/td>\n<\/tr>\n<tr>\n<td width=\"110\">Capas:<\/td>\n<td>Tres capas :<\/p>\n<p>capa exterior - capa no tejida hidr\u00f3foba,<\/p>\n<p>capa intermedia - filtro meltblown,<\/p>\n<p>capa interior - capa no tejida absorbente suave)<\/td>\n<\/tr>\n<tr>\n<td width=\"110\">Color:<\/td>\n<td>Azul<\/td>\n<\/tr>\n<tr>\n<td width=\"110\">Tama\u00f1o:<\/td>\n<td>17,5\u00d79,5 cm<\/td>\n<\/tr>\n<tr>\n<td width=\"110\">BFE<\/td>\n<td>\u226599%<\/td>\n<\/tr>\n<tr>\n<td width=\"110\">Embalaje:<\/td>\n<td>\u00a050 mascarillas por caja, 40 cajas por caja<\/td>\n<\/tr>\n<tr>\n<td width=\"110\">Plazo de entrega<\/td>\n<td>1*40HQ se puede terminar en 5 d\u00edas<\/td>\n<\/tr>\n<tr>\n<td width=\"110\">Puerto FOB<\/td>\n<td>Wuhan\/Shanghai\/Guangzhou\/Ningbo<\/td>\n<\/tr>\n<tr>\n<td width=\"110\">Caracter\u00edstica:<\/td>\n<td>Ecol\u00f3gico, suave, c\u00f3modo, transpirable, hipoalerg\u00e9nico<\/td>\n<\/tr>\n<\/tbody>\n<\/table>\n<p><img fetchpriority=\"high\" decoding=\"async\" class=\"aligncenter wp-image-4616 size-full\" src=\"https:\/\/med-disposable.com\/wp-content\/uploads\/2022\/10\/Disposable-surgical-masks.jpg\" alt=\"\" width=\"800\" height=\"800\" srcset=\"https:\/\/med-disposable.com\/wp-content\/uploads\/2022\/10\/Disposable-surgical-masks.jpg 800w, https:\/\/med-disposable.com\/wp-content\/uploads\/2022\/10\/Disposable-surgical-masks-300x300.jpg 300w, https:\/\/med-disposable.com\/wp-content\/uploads\/2022\/10\/Disposable-surgical-masks-150x150.jpg 150w, https:\/\/med-disposable.com\/wp-content\/uploads\/2022\/10\/Disposable-surgical-masks-768x768.jpg 768w, https:\/\/med-disposable.com\/wp-content\/uploads\/2022\/10\/Disposable-surgical-masks-600x600.jpg 600w, https:\/\/med-disposable.com\/wp-content\/uploads\/2022\/10\/Disposable-surgical-masks-100x100.jpg 100w\" sizes=\"(max-width: 800px) 100vw, 800px\" \/><\/p>\n<p>&nbsp;<\/p>\n<p><strong>Principales caracter\u00edsticas y ventajas:<\/strong><\/p>\n<ul>\n<li><strong>Protecci\u00f3n \u00f3ptima<\/strong>: Nuestro dise\u00f1o de 3 capas con un filtro meltblown bloquea eficazmente las part\u00edculas y los fluidos<\/li>\n<li><strong>Ajuste c\u00f3modo<\/strong>: El material suave y transpirable y el puente nasal adaptable garantizan un ajuste ce\u00f1ido y c\u00f3modo.<\/li>\n<li><strong>F\u00e1cil de usar<\/strong>: Dise\u00f1adas para mayor comodidad, nuestras m\u00e1scaras son f\u00e1ciles de poner y quitar<\/li>\n<li><strong>Construcci\u00f3n de calidad<\/strong>: Cada m\u00e1scara se fabrica con materiales de calidad superior y se inspecciona para garantizar su calidad y seguridad.<\/li>\n<li><strong>Ecol\u00f3gico<\/strong>: Fabricadas con materiales biodegradables, nuestras mascarillas son tan buenas para el medio ambiente como para ti.<\/li>\n<\/ul>\n<p><img decoding=\"async\" class=\"aligncenter wp-image-6495 size-full\" src=\"https:\/\/med-disposable.com\/wp-content\/uploads\/2023\/05\/3ply-mask-advantage-1.jpg\" alt=\"\" width=\"800\" height=\"800\" srcset=\"https:\/\/med-disposable.com\/wp-content\/uploads\/2023\/05\/3ply-mask-advantage-1.jpg 800w, https:\/\/med-disposable.com\/wp-content\/uploads\/2023\/05\/3ply-mask-advantage-1-300x300.jpg 300w, https:\/\/med-disposable.com\/wp-content\/uploads\/2023\/05\/3ply-mask-advantage-1-150x150.jpg 150w, https:\/\/med-disposable.com\/wp-content\/uploads\/2023\/05\/3ply-mask-advantage-1-768x768.jpg 768w, https:\/\/med-disposable.com\/wp-content\/uploads\/2023\/05\/3ply-mask-advantage-1-600x600.jpg 600w, https:\/\/med-disposable.com\/wp-content\/uploads\/2023\/05\/3ply-mask-advantage-1-100x100.jpg 100w\" sizes=\"(max-width: 800px) 100vw, 800px\" \/><\/p>\n<p><strong>Materiales de las mascarillas desechables<\/strong>:<\/p>\n<ol>\n<li><strong>Capa exterior<\/strong>: La capa m\u00e1s externa de una mascarilla facial de 3 capas est\u00e1 hecha de un material no tejido hidr\u00f3fobo, normalmente polipropileno. Esta capa est\u00e1 dise\u00f1ada para repeler el agua, la sangre y otros fluidos corporales, impidiendo que lleguen a la boca y la nariz del usuario. La capa exterior tambi\u00e9n protege de las part\u00edculas y gotas m\u00e1s grandes del aire.<\/li>\n<li><strong>Capa intermedia<\/strong>: La capa intermedia es el componente m\u00e1s cr\u00edtico de la m\u00e1scara, ya que act\u00faa como filtro primario. Suele estar hecha de material fundido, que es un tipo de polipropileno procesado en una densa red de fibras finas. Esta capa puede filtrar part\u00edculas m\u00e1s peque\u00f1as, como bacterias y virus, impidiendo as\u00ed que sean inhaladas o exhaladas por el usuario.<\/li>\n<li><strong>Capa interior<\/strong>: La capa m\u00e1s interna de la mascarilla est\u00e1 hecha de un material no tejido suave y absorbente, como el polipropileno spunbond. Esta capa est\u00e1 dise\u00f1ada para absorber la humedad, como la saliva y las secreciones nasales, del usuario. Tambi\u00e9n proporciona comodidad, facilitando el uso de la mascarilla durante periodos prolongados.<\/li>\n<\/ol>\n<p><img decoding=\"async\" class=\"aligncenter wp-image-5843 size-full\" src=\"https:\/\/med-disposable.com\/wp-content\/uploads\/2023\/04\/youfu-medical-face-mask-15.jpg\" alt=\"\" width=\"800\" height=\"899\" srcset=\"https:\/\/med-disposable.com\/wp-content\/uploads\/2023\/04\/youfu-medical-face-mask-15.jpg 800w, https:\/\/med-disposable.com\/wp-content\/uploads\/2023\/04\/youfu-medical-face-mask-15-267x300.jpg 267w, https:\/\/med-disposable.com\/wp-content\/uploads\/2023\/04\/youfu-medical-face-mask-15-768x863.jpg 768w, https:\/\/med-disposable.com\/wp-content\/uploads\/2023\/04\/youfu-medical-face-mask-15-600x674.jpg 600w\" sizes=\"(max-width: 800px) 100vw, 800px\" \/><\/p>\n<p>&nbsp;<\/p>\n<p>Las normas para mascarillas de 3 capas pueden variar seg\u00fan el pa\u00eds y el uso previsto (uso m\u00e9dico frente a uso general). Estas son algunas normas comunes para mascarillas m\u00e9dicas:<\/p>\n<ol>\n<li><strong>Estados Unidos<\/strong>: ASTM F2100. Esta norma clasifica las mascarillas en tres niveles (1, 2, 3) en funci\u00f3n de la resistencia a los fluidos, la eficacia de la filtraci\u00f3n bacteriana, la eficacia de la filtraci\u00f3n de part\u00edculas, la transpirabilidad y la inflamabilidad.<\/li>\n<li><strong>Uni\u00f3n Europea<\/strong>: EN 14683. Esta norma tambi\u00e9n clasifica las m\u00e1scaras en tres tipos (Tipo I, Tipo II, Tipo IIR) en funci\u00f3n de la eficacia de la filtraci\u00f3n bacteriana, la transpirabilidad y la resistencia a las salpicaduras (s\u00f3lo para el Tipo IIR).<\/li>\n<li><strong>China<\/strong>: YY\/T 0969 (para mascarillas m\u00e9dicas de un solo uso), YY 0469 (para mascarillas quir\u00fargicas). Estas normas especifican los requisitos de materiales, dise\u00f1o, m\u00e9tricas de rendimiento, m\u00e9todos de ensayo y etiquetado.<\/li>\n<li><strong>Australia\/Nueva Zelanda<\/strong>: AS\/NZS 4381. Esta norma clasifica las mascarillas en tres niveles en funci\u00f3n de la resistencia a los fluidos y la eficacia de filtraci\u00f3n bacteriana.<\/li>\n<li><strong>Jap\u00f3n<\/strong>: JIS T 8151. Esta norma proporciona una gu\u00eda para los materiales, la estructura, la eficacia y la seguridad de la m\u00e1scara desechable.<\/li>\n<li><strong>Canad\u00e1<\/strong>: ASTM F2100 y\/o CAN\/CSA-Z94.4 (para respiradores).<\/li>\n<\/ol>\n<p>Tenga en cuenta que las normas pueden actualizarse con el tiempo y que pueden aplicarse normas diferentes a distintos tipos de mascarillas (por ejemplo, mascarillas de respiraci\u00f3n frente a mascarillas quir\u00fargicas). Consulte siempre al organismo regulador pertinente para conocer las normas m\u00e1s actualizadas.<\/p>\n<p><img loading=\"lazy\" decoding=\"async\" class=\"aligncenter wp-image-6188 size-large\" src=\"https:\/\/med-disposable.com\/wp-content\/uploads\/2021\/08\/Type-IIR-test-report-of-face-mask-Q495717L1_3-722x1024.jpg\" alt=\"\" width=\"722\" height=\"1024\" srcset=\"https:\/\/med-disposable.com\/wp-content\/uploads\/2021\/08\/Type-IIR-test-report-of-face-mask-Q495717L1_3-722x1024.jpg 722w, https:\/\/med-disposable.com\/wp-content\/uploads\/2021\/08\/Type-IIR-test-report-of-face-mask-Q495717L1_3-212x300.jpg 212w, https:\/\/med-disposable.com\/wp-content\/uploads\/2021\/08\/Type-IIR-test-report-of-face-mask-Q495717L1_3-768x1089.jpg 768w, https:\/\/med-disposable.com\/wp-content\/uploads\/2021\/08\/Type-IIR-test-report-of-face-mask-Q495717L1_3-1084x1536.jpg 1084w, https:\/\/med-disposable.com\/wp-content\/uploads\/2021\/08\/Type-IIR-test-report-of-face-mask-Q495717L1_3-scaled.jpg 1445w, https:\/\/med-disposable.com\/wp-content\/uploads\/2021\/08\/Type-IIR-test-report-of-face-mask-Q495717L1_3-600x850.jpg 600w\" sizes=\"(max-width: 722px) 100vw, 722px\" \/><\/p>\n<p><strong>Instrucciones de uso:<\/strong><\/p>\n<ol>\n<li><strong>Antes de ponerse la mascarilla<\/strong>: Aseg\u00farese de tener las manos limpias. L\u00e1vese con agua y jab\u00f3n o utilice un desinfectante de manos antes de manipular la mascarilla.<\/li>\n<li><strong>C\u00f3mo ponerse la m\u00e1scara<\/strong>: Saque una m\u00e1scara de la caja y aseg\u00farese de que no hay desgarros ni agujeros evidentes en ninguno de sus lados. Determina qu\u00e9 lado de la mascarilla es el superior. El lado de la mascarilla que tiene un borde r\u00edgido que se puede doblar es la parte superior y est\u00e1 pensado para amoldarse a la forma de la nariz. Sujeta la mascarilla por los bucles de las orejas. Coloca un lazo alrededor de cada oreja.<\/li>\n<li><strong>Moldea o pellizca el borde r\u00edgido seg\u00fan la forma de tu nariz<\/strong>: Si la m\u00e1scara tiene parte superior e inferior, aseg\u00farese de que la m\u00e1scara est\u00e1 orientada correctamente antes de pon\u00e9rsela.<\/li>\n<li><strong>C\u00fabrase la boca y la nariz con la mascarilla<\/strong>: Aseg\u00farese de que la parte inferior de la m\u00e1scara le cubre la barbilla.<\/li>\n<li><strong>Despu\u00e9s del uso<\/strong>: Qu\u00edtese la mascarilla por los bucles de las orejas sin tocar la parte delantera de la mascarilla. Des\u00e9chela inmediatamente en un contenedor cerrado y l\u00edmpiese de nuevo las manos.<\/li>\n<\/ol>\n<p>&nbsp;<\/p>\n<p><strong>Preguntas m\u00e1s frecuentes:<\/strong><\/p>\n<p><strong>P: \u00bfSe pueden reutilizar estas mascarillas?<\/strong><\/p>\n<p>R: Nuestras mascarillas azules de 3 capas est\u00e1n dise\u00f1adas para un solo uso a fin de garantizar la m\u00e1xima higiene. Tras su uso, deben retirarse con cuidado y desecharse de acuerdo con la normativa local.<\/p>\n<p><strong>P: \u00bfHay m\u00e1scaras de otros colores?<\/strong><\/p>\n<p>R: Actualmente, nuestras mascarillas de 3 capas est\u00e1n disponibles en azul. Hemos elegido este color por su atractivo universal y su aspecto profesional.<\/p>\n<p><strong>P: \u00bfC\u00f3mo se ajustan bien estas mascarillas?<\/strong><\/p>\n<p>R: Nuestras mascarillas cuentan con un puente nasal flexible que puede ajustarse para adaptarse perfectamente a la cara. Tambi\u00e9n cuentan con suaves trabillas el\u00e1sticas dise\u00f1adas para minimizar las molestias durante un uso prolongado.<\/p>\n<p><strong>P: \u00bfPuedo comprar estas mascarillas al por mayor?<\/strong><\/p>\n<p>R: Por supuesto. Somos mayoristas. Por favor, p\u00f3ngase en contacto con nuestro equipo de ventas para cualquier consulta o para discutir los requisitos personalizados.<\/p>\n<p><strong>P: \u00bfSon hipoalerg\u00e9nicas estas mascarillas?<\/strong><\/p>\n<p>R: S\u00ed, los materiales utilizados en nuestras mascarillas son hipoalerg\u00e9nicos, lo que reduce la probabilidad de reacciones al\u00e9rgicas.<\/p>","protected":false},"excerpt":{"rendered":"<p>La mascarilla facial azul de 3 capas est\u00e1 dise\u00f1ada para proporcionar el m\u00e1ximo nivel de protecci\u00f3n sin comprometer la comodidad ni la transpirabilidad. Hecho de tela no tejida de primera calidad, este uso diario, que ofrece comodidad y protecci\u00f3n fiable para mantenerlo seguro y tranquilo.<\/p>\n<p>&nbsp;<\/p>\n<p>&nbsp;<\/p>\n<p>&nbsp;<\/p>","protected":false},"featured_media":3229,"template":"","meta":{"_seopress_robots_primary_cat":"none","_seopress_titles_title":"Protect Yourself with Optimal Protection: Blue Disposable Face Mask BFE \u226599%","_seopress_titles_desc":"Get high-quality, eco-friendly 3-ply blue face masks with superior protection, comfortable fit, and easy-to-use design. Our masks have a meltblown filter layer to effectively block particulates and fluids, ensuring you stay safe and protected.","_seopress_robots_index":""},"product_brand":[],"product_cat":[100],"product_tag":[60],"class_list":{"0":"post-6452","1":"product","2":"type-product","3":"status-publish","4":"has-post-thumbnail","6":"product_cat-face-mask","7":"product_tag-face-mask","9":"first","10":"instock","11":"shipping-taxable","12":"product-type-simple"},"_links":{"self":[{"href":"https:\/\/med-disposable.com\/es\/wp-json\/wp\/v2\/product\/6452","targetHints":{"allow":["GET"]}}],"collection":[{"href":"https:\/\/med-disposable.com\/es\/wp-json\/wp\/v2\/product"}],"about":[{"href":"https:\/\/med-disposable.com\/es\/wp-json\/wp\/v2\/types\/product"}],"version-history":[{"count":0,"href":"https:\/\/med-disposable.com\/es\/wp-json\/wp\/v2\/product\/6452\/revisions"}],"wp:featuredmedia":[{"embeddable":true,"href":"https:\/\/med-disposable.com\/es\/wp-json\/wp\/v2\/media\/3229"}],"wp:attachment":[{"href":"https:\/\/med-disposable.com\/es\/wp-json\/wp\/v2\/media?parent=6452"}],"wp:term":[{"taxonomy":"product_brand","embeddable":true,"href":"https:\/\/med-disposable.com\/es\/wp-json\/wp\/v2\/product_brand?post=6452"},{"taxonomy":"product_cat","embeddable":true,"href":"https:\/\/med-disposable.com\/es\/wp-json\/wp\/v2\/product_cat?post=6452"},{"taxonomy":"product_tag","embeddable":true,"href":"https:\/\/med-disposable.com\/es\/wp-json\/wp\/v2\/product_tag?post=6452"}],"curies":[{"name":"wp","href":"https:\/\/api.w.org\/{rel}","templated":true}]}}