{"id":6502,"date":"2023-05-11T17:53:21","date_gmt":"2023-05-11T09:53:21","guid":{"rendered":"https:\/\/med-disposable.com\/?post_type=product&#038;p=6502"},"modified":"2023-07-24T12:07:52","modified_gmt":"2023-07-24T04:07:52","slug":"mascarilla-3-capas-color-verde","status":"publish","type":"product","link":"https:\/\/med-disposable.com\/es\/product\/3ply-face-mask-green-color\/","title":{"rendered":"Mascarilla 3 capas color verde"},"content":{"rendered":"<p>Especificaciones b\u00e1sicas de la mascarilla facial de color verde:<\/p>\n<table width=\"174\">\n<tbody>\n<tr>\n<td width=\"110\">Material:<\/td>\n<td width=\"64\">\u00a0Tejido no tejido de alta calidad<\/td>\n<\/tr>\n<tr>\n<td width=\"110\">Capas:<\/td>\n<td>Tres capas (capa exterior - capa no tejida hidr\u00f3foba, capa intermedia - filtro meltblown, capa interior - capa no tejida absorbente suave)<\/td>\n<\/tr>\n<tr>\n<td width=\"110\">Color:<\/td>\n<td>Verde<\/td>\n<\/tr>\n<tr>\n<td width=\"110\">Tama\u00f1o:<\/td>\n<td>17,5\u00d79,5 cm<\/td>\n<\/tr>\n<tr>\n<td width=\"110\">Embalaje:<\/td>\n<td>\u00a050 mascarillas por caja, 40 cajas por caja<\/td>\n<\/tr>\n<tr>\n<td width=\"110\">Dise\u00f1o del embalaje<\/td>\n<td>Toda la impresi\u00f3n de la caja interior y del cart\u00f3n puede ser seg\u00fan los requisitos<\/td>\n<\/tr>\n<tr>\n<td width=\"110\">Plazo de entrega<\/td>\n<td>1*40HQ se puede terminar en 5 d\u00edas<\/td>\n<\/tr>\n<tr>\n<td width=\"110\">Puerto FOB<\/td>\n<td>Wuhan\/Shanghai\/Guangzhou\/Ningbo<\/td>\n<\/tr>\n<tr>\n<td width=\"110\">Caracter\u00edstica:<\/td>\n<td>Ecol\u00f3gico, suave, c\u00f3modo, transpirable, hipoalerg\u00e9nico<\/td>\n<\/tr>\n<\/tbody>\n<\/table>\n<p><img fetchpriority=\"high\" decoding=\"async\" class=\"aligncenter wp-image-6512 size-full\" src=\"https:\/\/med-disposable.com\/wp-content\/uploads\/2023\/05\/s-l1600-1.jpg\" alt=\"\" width=\"800\" height=\"712\" srcset=\"https:\/\/med-disposable.com\/wp-content\/uploads\/2023\/05\/s-l1600-1.jpg 800w, https:\/\/med-disposable.com\/wp-content\/uploads\/2023\/05\/s-l1600-1-300x267.jpg 300w, https:\/\/med-disposable.com\/wp-content\/uploads\/2023\/05\/s-l1600-1-768x684.jpg 768w, https:\/\/med-disposable.com\/wp-content\/uploads\/2023\/05\/s-l1600-1-600x534.jpg 600w\" sizes=\"(max-width: 800px) 100vw, 800px\" \/><\/p>\n<p><strong>Las mascarillas de 3 capas cumplen las normas internacionales<\/strong>:<\/p>\n<ul>\n<li>Cumple la norma ISO 13485:2016, lo que garantiza los m\u00e1s altos est\u00e1ndares de calidad para productos sanitarios<\/li>\n<li>Cumple el nivel 1 de la norma ASTM, lo que proporciona una protecci\u00f3n fiable contra part\u00edculas y fluidos<\/li>\n<li>Conforme a la norma EN 14683, cumple las normas de la UE sobre mascarillas m\u00e9dicas<\/li>\n<li>Conforme a la norma YY\/T 0969, cumple las normas chinas sobre mascarillas m\u00e9dicas de un solo uso.<\/li>\n<\/ul>\n<p><img decoding=\"async\" class=\"aligncenter wp-image-6513 size-full\" src=\"https:\/\/med-disposable.com\/wp-content\/uploads\/2023\/05\/O1CN01bnJPuh1o3S3lIKTmZ_2200812155169-0-scmitem6000.jpg\" alt=\"\" width=\"748\" height=\"737\" srcset=\"https:\/\/med-disposable.com\/wp-content\/uploads\/2023\/05\/O1CN01bnJPuh1o3S3lIKTmZ_2200812155169-0-scmitem6000.jpg 748w, https:\/\/med-disposable.com\/wp-content\/uploads\/2023\/05\/O1CN01bnJPuh1o3S3lIKTmZ_2200812155169-0-scmitem6000-300x296.jpg 300w, https:\/\/med-disposable.com\/wp-content\/uploads\/2023\/05\/O1CN01bnJPuh1o3S3lIKTmZ_2200812155169-0-scmitem6000-600x591.jpg 600w, https:\/\/med-disposable.com\/wp-content\/uploads\/2023\/05\/O1CN01bnJPuh1o3S3lIKTmZ_2200812155169-0-scmitem6000-100x100.jpg 100w\" sizes=\"(max-width: 748px) 100vw, 748px\" \/><\/p>\n<p>&nbsp;<\/p>\n<p><strong>Aplicaciones de la m\u00e1scara verde de 3 capas<\/strong><\/p>\n<ul>\n<li><strong>Centros sanitarios<\/strong>: Hospitales, cl\u00ednicas dentales, residencias de ancianos, etc.<\/li>\n<li><strong>Espacios p\u00fablicos<\/strong>: Supermercados, oficinas, escuelas y transporte p\u00fablico<\/li>\n<li><strong>Uso personal<\/strong>: Prot\u00e9gete a ti mismo y a los que te rodean en todo momento<\/li>\n<\/ul>\n<p><img decoding=\"async\" class=\"aligncenter wp-image-6514 size-full\" src=\"https:\/\/med-disposable.com\/wp-content\/uploads\/2023\/05\/face-mask-application.jpg\" alt=\"\" width=\"800\" height=\"800\" srcset=\"https:\/\/med-disposable.com\/wp-content\/uploads\/2023\/05\/face-mask-application.jpg 800w, https:\/\/med-disposable.com\/wp-content\/uploads\/2023\/05\/face-mask-application-300x300.jpg 300w, https:\/\/med-disposable.com\/wp-content\/uploads\/2023\/05\/face-mask-application-150x150.jpg 150w, https:\/\/med-disposable.com\/wp-content\/uploads\/2023\/05\/face-mask-application-768x768.jpg 768w, https:\/\/med-disposable.com\/wp-content\/uploads\/2023\/05\/face-mask-application-600x600.jpg 600w, https:\/\/med-disposable.com\/wp-content\/uploads\/2023\/05\/face-mask-application-100x100.jpg 100w\" sizes=\"(max-width: 800px) 100vw, 800px\" \/><\/p>\n<p>&nbsp;<\/p>\n<p><strong>\u00bfC\u00f3mo elegir proveedor de mascarillas desechables de 3 capas?<\/strong><\/p>\n<p>Es crucial tener en cuenta varios factores a la hora de seleccionar un proveedor:<\/p>\n<ul>\n<li><strong>Garant\u00eda de calidad<\/strong>: Compruebe si el proveedor cumple las normas internacionales y realiza controles de calidad peri\u00f3dicos. Wuhan Youfu mantiene los m\u00e1s altos est\u00e1ndares de calidad y cumple la norma ISO 13485:2016.<\/li>\n<li><strong>Experiencia<\/strong>: Busque un proveedor con amplia experiencia en el sector. Con m\u00e1s de 10 a\u00f1os en el sector, Wuhan Youfu ofrece una gran cantidad de conocimientos y experiencia.<\/li>\n<li><strong>Atenci\u00f3n al cliente<\/strong>: Un buen servicio de atenci\u00f3n al cliente puede hacer que su proceso de adquisici\u00f3n sea mucho m\u00e1s fluido. Wuhan Youfu ofrece un servicio de atenci\u00f3n al cliente r\u00e1pido, \u00e1gil y personalizado.<\/li>\n<li><strong>Entrega y log\u00edstica<\/strong>: Elija un proveedor con entrega y log\u00edstica fiables que pueda cumplir sus plazos. Wuhan Youfu ofrece opciones de entrega eficientes en todo el mundo.<\/li>\n<\/ul>\n<p>&nbsp;<\/p>\n<p><strong>Ventajas de Wuhan Youfu para mascarillas faciales:<\/strong><\/p>\n<ul>\n<li><strong>Experiencia<\/strong>: Con una d\u00e9cada de experiencia en el sector, hemos perfeccionado nuestro proceso de fabricaci\u00f3n para garantizar productos de la m\u00e1xima calidad.<\/li>\n<li><strong>Garant\u00eda de calidad<\/strong>: Nuestras mascarillas cumplen las normas internacionales y mantenemos un estricto control de calidad para garantizar una protecci\u00f3n constante y fiable.<\/li>\n<li><strong>Atenci\u00f3n al cliente<\/strong>: Ofrecemos un excelente servicio de atenci\u00f3n al cliente, que incluye tiempos de respuesta r\u00e1pidos y soluciones a medida para los clientes.<\/li>\n<\/ul>\n<p><img loading=\"lazy\" decoding=\"async\" class=\"aligncenter wp-image-5910 size-large\" src=\"https:\/\/med-disposable.com\/wp-content\/uploads\/2023\/04\/2-1024x577.png\" alt=\"\" width=\"800\" height=\"451\" srcset=\"https:\/\/med-disposable.com\/wp-content\/uploads\/2023\/04\/2-1024x577.png 1024w, https:\/\/med-disposable.com\/wp-content\/uploads\/2023\/04\/2-300x169.png 300w, https:\/\/med-disposable.com\/wp-content\/uploads\/2023\/04\/2-768x433.png 768w, https:\/\/med-disposable.com\/wp-content\/uploads\/2023\/04\/2-1536x865.png 1536w, https:\/\/med-disposable.com\/wp-content\/uploads\/2023\/04\/2-600x338.png 600w, https:\/\/med-disposable.com\/wp-content\/uploads\/2023\/04\/2.png 1640w\" sizes=\"(max-width: 800px) 100vw, 800px\" \/><\/p>","protected":false},"excerpt":{"rendered":"<p>Nuestra mascarilla verde de 3 capas est\u00e1 dise\u00f1ada para proporcionar el m\u00e1ximo nivel de protecci\u00f3n sin sacrificar la comodidad ni la transpirabilidad. Fabricada con tejido no tejido de primera calidad, esta mascarilla es perfecta para el uso diario, ya que ofrece seguridad y facilidad de uso.<\/p>","protected":false},"featured_media":6507,"template":"","meta":{"_seopress_robots_primary_cat":"none","_seopress_titles_title":"Delivery and Logistics: We provide fast delivery options worldwide.Eco-Friendly Face Masks: Green 3-Ply Masks by Wuhan Youfu, ISO 13485:2016 Compliant","_seopress_titles_desc":"Delivery and Logistics: We offer flexible international delivery and logistics solutions to ensure timely and reliable product delivery.\r\n\r\nDiscover the highest quality standards and reliable protection with Wuhan Youfu&#039;s 3-ply green face mask. With over 10 years experience and international standards like ISO 13485 &amp; EN 14683, enjoy fast, personalized customer service and worldwide delivery.","_seopress_robots_index":""},"product_brand":[],"product_cat":[100],"product_tag":[169],"class_list":{"0":"post-6502","1":"product","2":"type-product","3":"status-publish","4":"has-post-thumbnail","6":"product_cat-face-mask","7":"product_tag-disposable-face-mask","9":"first","10":"instock","11":"shipping-taxable","12":"product-type-simple"},"_links":{"self":[{"href":"https:\/\/med-disposable.com\/es\/wp-json\/wp\/v2\/product\/6502","targetHints":{"allow":["GET"]}}],"collection":[{"href":"https:\/\/med-disposable.com\/es\/wp-json\/wp\/v2\/product"}],"about":[{"href":"https:\/\/med-disposable.com\/es\/wp-json\/wp\/v2\/types\/product"}],"version-history":[{"count":0,"href":"https:\/\/med-disposable.com\/es\/wp-json\/wp\/v2\/product\/6502\/revisions"}],"wp:featuredmedia":[{"embeddable":true,"href":"https:\/\/med-disposable.com\/es\/wp-json\/wp\/v2\/media\/6507"}],"wp:attachment":[{"href":"https:\/\/med-disposable.com\/es\/wp-json\/wp\/v2\/media?parent=6502"}],"wp:term":[{"taxonomy":"product_brand","embeddable":true,"href":"https:\/\/med-disposable.com\/es\/wp-json\/wp\/v2\/product_brand?post=6502"},{"taxonomy":"product_cat","embeddable":true,"href":"https:\/\/med-disposable.com\/es\/wp-json\/wp\/v2\/product_cat?post=6502"},{"taxonomy":"product_tag","embeddable":true,"href":"https:\/\/med-disposable.com\/es\/wp-json\/wp\/v2\/product_tag?post=6502"}],"curies":[{"name":"wp","href":"https:\/\/api.w.org\/{rel}","templated":true}]}}