{"id":6754,"date":"2023-05-22T10:50:54","date_gmt":"2023-05-22T02:50:54","guid":{"rendered":"https:\/\/med-disposable.com\/?post_type=product&#038;p=6754"},"modified":"2023-05-22T10:50:54","modified_gmt":"2023-05-22T02:50:54","slug":"sabana-de-transferencia-desechable-de-gran-absorcion","status":"publish","type":"product","link":"https:\/\/med-disposable.com\/es\/product\/heavy-absorbency-disposable-transfer-sheet\/","title":{"rendered":"s\u00e1bana de transferencia desechable de gran absorci\u00f3n"},"content":{"rendered":"<p><strong>Especificaciones del producto:<\/strong><\/p>\n<ul>\n<li><strong>Material<\/strong>: Tela no tejida hidr\u00f3fila + papel transpirable de pulpa de madera + pol\u00edmero + algod\u00f3n de pulpa de madera + papel transpirable de pulpa de madera + pel\u00edcula transpirable + tela no tejida hidr\u00f3fuga.<\/li>\n<li><strong>Talla<\/strong>Medidas: 80x190 cm, adecuadas para la mayor\u00eda de las camas de pacientes. Tama\u00f1o personalizable disponible bajo petici\u00f3n.<\/li>\n<li><strong>Color<\/strong>: Azul para facilitar la identificaci\u00f3n.<\/li>\n<li><strong>Nivel de absorci\u00f3n<\/strong>: Alta absorbencia adecuada para situaciones de emergencia y fluidos pesados.<\/li>\n<\/ul>\n<p><img fetchpriority=\"high\" decoding=\"async\" class=\"aligncenter wp-image-6745 size-full\" src=\"https:\/\/med-disposable.com\/wp-content\/uploads\/2023\/05\/disposable-transfer-sheet-2_\u526f\u672c.jpg\" alt=\"\" width=\"800\" height=\"800\" srcset=\"https:\/\/med-disposable.com\/wp-content\/uploads\/2023\/05\/disposable-transfer-sheet-2_\u526f\u672c.jpg 800w, https:\/\/med-disposable.com\/wp-content\/uploads\/2023\/05\/disposable-transfer-sheet-2_\u526f\u672c-300x300.jpg 300w, https:\/\/med-disposable.com\/wp-content\/uploads\/2023\/05\/disposable-transfer-sheet-2_\u526f\u672c-150x150.jpg 150w, https:\/\/med-disposable.com\/wp-content\/uploads\/2023\/05\/disposable-transfer-sheet-2_\u526f\u672c-768x768.jpg 768w, https:\/\/med-disposable.com\/wp-content\/uploads\/2023\/05\/disposable-transfer-sheet-2_\u526f\u672c-600x600.jpg 600w, https:\/\/med-disposable.com\/wp-content\/uploads\/2023\/05\/disposable-transfer-sheet-2_\u526f\u672c-100x100.jpg 100w\" sizes=\"(max-width: 800px) 100vw, 800px\" \/><\/p>\n<p><img decoding=\"async\" class=\"aligncenter wp-image-6747 size-full\" src=\"https:\/\/med-disposable.com\/wp-content\/uploads\/2023\/05\/disposable-transfer-sheet-1_\u526f\u672c.jpg\" alt=\"\" width=\"800\" height=\"800\" srcset=\"https:\/\/med-disposable.com\/wp-content\/uploads\/2023\/05\/disposable-transfer-sheet-1_\u526f\u672c.jpg 800w, https:\/\/med-disposable.com\/wp-content\/uploads\/2023\/05\/disposable-transfer-sheet-1_\u526f\u672c-300x300.jpg 300w, https:\/\/med-disposable.com\/wp-content\/uploads\/2023\/05\/disposable-transfer-sheet-1_\u526f\u672c-150x150.jpg 150w, https:\/\/med-disposable.com\/wp-content\/uploads\/2023\/05\/disposable-transfer-sheet-1_\u526f\u672c-768x768.jpg 768w, https:\/\/med-disposable.com\/wp-content\/uploads\/2023\/05\/disposable-transfer-sheet-1_\u526f\u672c-600x600.jpg 600w, https:\/\/med-disposable.com\/wp-content\/uploads\/2023\/05\/disposable-transfer-sheet-1_\u526f\u672c-100x100.jpg 100w\" sizes=\"(max-width: 800px) 100vw, 800px\" \/><\/p>\n<p>&nbsp;<\/p>\n<p><strong>Material y dise\u00f1o:<\/strong><\/p>\n<p>Fabricada con una combinaci\u00f3n \u00fanica de un n\u00facleo de pelusa no polim\u00e9rica y una l\u00e1mina superior no tejida, esta s\u00e1bana de transferencia permite que los fluidos pasen r\u00e1pidamente al n\u00facleo de pelusa. Se ha a\u00f1adido un pol\u00edmero superabsorbente para mejorar su capacidad de absorci\u00f3n, manteniendo eficazmente una superficie seca para los pacientes.<\/p>\n<p>Su dise\u00f1o tambi\u00e9n cuenta con un patr\u00f3n en relieve en forma de diamante para una mayor estabilidad de la almohadilla y un mejor aprovechamiento. La l\u00e1mina posterior de polietileno impermeable garantiza la ausencia de fugas, preservando as\u00ed la limpieza del entorno de transferencia.<\/p>\n<p><img decoding=\"async\" class=\"aligncenter wp-image-6741 size-full\" src=\"https:\/\/med-disposable.com\/wp-content\/uploads\/2023\/05\/transfer-sheet-detail.jpg\" alt=\"\" width=\"800\" height=\"800\" srcset=\"https:\/\/med-disposable.com\/wp-content\/uploads\/2023\/05\/transfer-sheet-detail.jpg 800w, https:\/\/med-disposable.com\/wp-content\/uploads\/2023\/05\/transfer-sheet-detail-300x300.jpg 300w, https:\/\/med-disposable.com\/wp-content\/uploads\/2023\/05\/transfer-sheet-detail-150x150.jpg 150w, https:\/\/med-disposable.com\/wp-content\/uploads\/2023\/05\/transfer-sheet-detail-768x768.jpg 768w, https:\/\/med-disposable.com\/wp-content\/uploads\/2023\/05\/transfer-sheet-detail-600x600.jpg 600w, https:\/\/med-disposable.com\/wp-content\/uploads\/2023\/05\/transfer-sheet-detail-100x100.jpg 100w\" sizes=\"(max-width: 800px) 100vw, 800px\" \/><img loading=\"lazy\" decoding=\"async\" class=\"aligncenter wp-image-6726 size-full\" src=\"https:\/\/med-disposable.com\/wp-content\/uploads\/2023\/05\/disposable-transfer-sheet-8.png\" alt=\"\" width=\"800\" height=\"800\" srcset=\"https:\/\/med-disposable.com\/wp-content\/uploads\/2023\/05\/disposable-transfer-sheet-8.png 800w, https:\/\/med-disposable.com\/wp-content\/uploads\/2023\/05\/disposable-transfer-sheet-8-300x300.png 300w, https:\/\/med-disposable.com\/wp-content\/uploads\/2023\/05\/disposable-transfer-sheet-8-150x150.png 150w, https:\/\/med-disposable.com\/wp-content\/uploads\/2023\/05\/disposable-transfer-sheet-8-768x768.png 768w, https:\/\/med-disposable.com\/wp-content\/uploads\/2023\/05\/disposable-transfer-sheet-8-600x600.png 600w, https:\/\/med-disposable.com\/wp-content\/uploads\/2023\/05\/disposable-transfer-sheet-8-100x100.png 100w\" sizes=\"(max-width: 800px) 100vw, 800px\" \/> <img loading=\"lazy\" decoding=\"async\" class=\"aligncenter wp-image-6730 size-full\" src=\"https:\/\/med-disposable.com\/wp-content\/uploads\/2023\/05\/disposable-transfer-sheet-12.png\" alt=\"\" width=\"800\" height=\"800\" srcset=\"https:\/\/med-disposable.com\/wp-content\/uploads\/2023\/05\/disposable-transfer-sheet-12.png 800w, https:\/\/med-disposable.com\/wp-content\/uploads\/2023\/05\/disposable-transfer-sheet-12-300x300.png 300w, https:\/\/med-disposable.com\/wp-content\/uploads\/2023\/05\/disposable-transfer-sheet-12-150x150.png 150w, https:\/\/med-disposable.com\/wp-content\/uploads\/2023\/05\/disposable-transfer-sheet-12-768x768.png 768w, https:\/\/med-disposable.com\/wp-content\/uploads\/2023\/05\/disposable-transfer-sheet-12-600x600.png 600w, https:\/\/med-disposable.com\/wp-content\/uploads\/2023\/05\/disposable-transfer-sheet-12-100x100.png 100w\" sizes=\"(max-width: 800px) 100vw, 800px\" \/><\/p>\n<p>&nbsp;<\/p>\n<p><strong>Aplicaciones:<\/strong><\/p>\n<p>Esta s\u00e1bana desechable de absorci\u00f3n pesada para traslado de pacientes est\u00e1 dise\u00f1ada principalmente para su uso en:<\/p>\n<ul>\n<li><strong>Servicios de urgencias<\/strong>: Estas s\u00e1banas facilitan el movimiento r\u00e1pido y eficaz de los pacientes, minimizando el riesgo de lesiones adicionales durante el proceso de traslado.<\/li>\n<li><strong>Quir\u00f3fanos<\/strong>: Ayudan a ajustar de forma segura las posiciones de los pacientes durante las intervenciones quir\u00fargicas, reduciendo los posibles da\u00f1os.<\/li>\n<\/ul>\n<p>&nbsp;<\/p>\n<p><strong>Ventajas de elegir nuestras s\u00e1banas desechables para traslado de pacientes:<\/strong><\/p>\n<p>En Wuhan Youfu, nuestra prioridad es proporcionar suministros m\u00e9dicos de primera calidad que garanticen la seguridad, higiene y comodidad del paciente. Al elegir nuestra S\u00e1bana de Transferencia de Paciente Desechable de Absorci\u00f3n Pesada, usted est\u00e1 invirtiendo en un producto que ha sido fabricado con una meticulosa atenci\u00f3n al detalle y un enfoque en el cuidado del paciente.<\/p>\n<p><img loading=\"lazy\" decoding=\"async\" class=\"aligncenter wp-image-6735 size-full\" src=\"https:\/\/med-disposable.com\/wp-content\/uploads\/2023\/05\/2.jpg\" alt=\"\" width=\"800\" height=\"753\" srcset=\"https:\/\/med-disposable.com\/wp-content\/uploads\/2023\/05\/2.jpg 800w, https:\/\/med-disposable.com\/wp-content\/uploads\/2023\/05\/2-300x282.jpg 300w, https:\/\/med-disposable.com\/wp-content\/uploads\/2023\/05\/2-768x723.jpg 768w, https:\/\/med-disposable.com\/wp-content\/uploads\/2023\/05\/2-600x565.jpg 600w\" sizes=\"(max-width: 800px) 100vw, 800px\" \/><\/p>\n<p>&nbsp;<\/p>\n<p><strong>Preguntas m\u00e1s frecuentes (FAQ):<\/strong><\/p>\n<ol>\n<li><strong>\u00bfEs reutilizable la S\u00e1bana de Transferencia de Pacientes Desechable de Absorci\u00f3n Pesada?<\/strong>\n<ul>\n<li>No, para una higiene \u00f3ptima y evitar la contaminaci\u00f3n cruzada, estas s\u00e1banas est\u00e1n dise\u00f1adas para ser de un solo uso.<\/li>\n<\/ul>\n<\/li>\n<li><strong>\u00bfPueden utilizarse estas s\u00e1banas en cualquier cama o camilla?<\/strong>\n<ul>\n<li>S\u00ed, estas s\u00e1banas est\u00e1n dise\u00f1adas para adaptarse a la mayor\u00eda de las camas y camillas de hospital est\u00e1ndar. Sin embargo, podemos personalizar el tama\u00f1o bajo petici\u00f3n.<\/li>\n<\/ul>\n<\/li>\n<li><strong>\u00bfCu\u00e1l es el peso m\u00e1ximo que pueden soportar estas planchas?<\/strong>\n<ul>\n<li>Estas s\u00e1banas est\u00e1n dise\u00f1adas para facilitar el traslado de adultos de peso medio. No obstante, p\u00f3ngase en contacto con nosotros para conocer las restricciones de peso espec\u00edficas.<\/li>\n<\/ul>\n<\/li>\n<li><strong>\u00bfC\u00f3mo gestiona la s\u00e1bana la gran capacidad de absorci\u00f3n?<\/strong>\n<ul>\n<li>La s\u00e1bana est\u00e1 dise\u00f1ada con una estructura multicapa, que incluye un pol\u00edmero superabsorbente y un n\u00facleo de pelusa que absorbe y retiene r\u00e1pidamente los l\u00edquidos, garantizando una superficie seca.<\/li>\n<\/ul>\n<\/li>\n<li><strong>\u00bfQu\u00e9 hay que hacer en caso de fuga?<\/strong>\n<ul>\n<li>Aunque nuestras s\u00e1banas est\u00e1n dise\u00f1adas con una l\u00e1mina posterior impermeable para evitar fugas, en caso de que se produzca alguna, la s\u00e1bana debe sustituirse inmediatamente para garantizar la comodidad del paciente y mantener la higiene.<\/li>\n<\/ul>\n<\/li>\n<\/ol>","protected":false},"excerpt":{"rendered":"<p>Presentamos nuestra s\u00e1bana de transferencia desechable de gran absorbencia para pacientes, un gran avance en la tecnolog\u00eda de cuidado y traslado de pacientes. Esta s\u00e1bana de transferencia est\u00e1 dise\u00f1ada espec\u00edficamente para situaciones que exigen una gran absorbencia y robustez, sin sacrificar la comodidad del paciente.<\/p>","protected":false},"featured_media":6721,"template":"","meta":{"_seopress_robots_primary_cat":"","_seopress_titles_title":"Discover Healthcare Safety &amp; Comfort w\/ Wuhan Youfu&#039;s Heavy Absorbency Disposable Patient Transfer Sheet!","_seopress_titles_desc":"Get the most reliable Heavy Absorbency Disposable Patient Transfer Sheet at Wuhan Youfu that fits most beds &amp; stretchers, is made of multi-layered structure, &amp; ensures patient safety, comfort &amp; hygiene. Easily contact us for customization &amp; support.","_seopress_robots_index":""},"product_brand":[],"product_cat":[49],"product_tag":[84],"class_list":{"0":"post-6754","1":"product","2":"type-product","3":"status-publish","4":"has-post-thumbnail","6":"product_cat-bed-linens","7":"product_tag-transfer-sheet","9":"first","10":"instock","11":"shipping-taxable","12":"product-type-simple"},"_links":{"self":[{"href":"https:\/\/med-disposable.com\/es\/wp-json\/wp\/v2\/product\/6754","targetHints":{"allow":["GET"]}}],"collection":[{"href":"https:\/\/med-disposable.com\/es\/wp-json\/wp\/v2\/product"}],"about":[{"href":"https:\/\/med-disposable.com\/es\/wp-json\/wp\/v2\/types\/product"}],"version-history":[{"count":0,"href":"https:\/\/med-disposable.com\/es\/wp-json\/wp\/v2\/product\/6754\/revisions"}],"wp:featuredmedia":[{"embeddable":true,"href":"https:\/\/med-disposable.com\/es\/wp-json\/wp\/v2\/media\/6721"}],"wp:attachment":[{"href":"https:\/\/med-disposable.com\/es\/wp-json\/wp\/v2\/media?parent=6754"}],"wp:term":[{"taxonomy":"product_brand","embeddable":true,"href":"https:\/\/med-disposable.com\/es\/wp-json\/wp\/v2\/product_brand?post=6754"},{"taxonomy":"product_cat","embeddable":true,"href":"https:\/\/med-disposable.com\/es\/wp-json\/wp\/v2\/product_cat?post=6754"},{"taxonomy":"product_tag","embeddable":true,"href":"https:\/\/med-disposable.com\/es\/wp-json\/wp\/v2\/product_tag?post=6754"}],"curies":[{"name":"wp","href":"https:\/\/api.w.org\/{rel}","templated":true}]}}