{"id":6814,"date":"2023-05-23T11:00:20","date_gmt":"2023-05-23T03:00:20","guid":{"rendered":"https:\/\/med-disposable.com\/?post_type=product&#038;p=6814"},"modified":"2023-05-23T11:15:18","modified_gmt":"2023-05-23T03:15:18","slug":"cubrecamas-de-plastico-negro-para-tatuajes","status":"publish","type":"product","link":"https:\/\/med-disposable.com\/es\/product\/black-plastic-bed-covers-for-tattoo\/","title":{"rendered":"Cubrecamas de pl\u00e1stico negro para tatuajes"},"content":{"rendered":"<h2>Informaci\u00f3n b\u00e1sica de la cubierta de cama de pl\u00e1stico negro:<\/h2>\n<ul>\n<li>Material: Pl\u00e1stico de polietileno clorado (CPE)<\/li>\n<li>Peso: 50 g por pieza. Tambi\u00e9n puede ser otro peso y grosor bajo petici\u00f3n<\/li>\n<li>Color: Negro, tambi\u00e9n puede ser de otros colores bajo petici\u00f3n<\/li>\n<li>Tama\u00f1o: 210cm x 90cm, 210c80cm, otros tama\u00f1os a petici\u00f3n<\/li>\n<li>Estilo: con el\u00e1stico en todo el contorno, para que quede bien ajustado al colch\u00f3n<\/li>\n<li>Embalaje: 1 unidad por rollo, 10 unidades por bolsa, 100 unidades por caja, embalaje personalizado disponible<\/li>\n<\/ul>\n<p><img fetchpriority=\"high\" decoding=\"async\" class=\"aligncenter wp-image-6820 size-full\" src=\"https:\/\/med-disposable.com\/wp-content\/uploads\/2023\/05\/CPE-bed-cover-4.png\" alt=\"\" width=\"800\" height=\"800\" srcset=\"https:\/\/med-disposable.com\/wp-content\/uploads\/2023\/05\/CPE-bed-cover-4.png 800w, https:\/\/med-disposable.com\/wp-content\/uploads\/2023\/05\/CPE-bed-cover-4-300x300.png 300w, https:\/\/med-disposable.com\/wp-content\/uploads\/2023\/05\/CPE-bed-cover-4-150x150.png 150w, https:\/\/med-disposable.com\/wp-content\/uploads\/2023\/05\/CPE-bed-cover-4-768x768.png 768w, https:\/\/med-disposable.com\/wp-content\/uploads\/2023\/05\/CPE-bed-cover-4-600x600.png 600w, https:\/\/med-disposable.com\/wp-content\/uploads\/2023\/05\/CPE-bed-cover-4-100x100.png 100w\" sizes=\"(max-width: 800px) 100vw, 800px\" \/> <img decoding=\"async\" class=\"aligncenter wp-image-6818 size-full\" src=\"https:\/\/med-disposable.com\/wp-content\/uploads\/2023\/05\/CPE-bed-cover-2.png\" alt=\"\" width=\"800\" height=\"800\" srcset=\"https:\/\/med-disposable.com\/wp-content\/uploads\/2023\/05\/CPE-bed-cover-2.png 800w, https:\/\/med-disposable.com\/wp-content\/uploads\/2023\/05\/CPE-bed-cover-2-300x300.png 300w, https:\/\/med-disposable.com\/wp-content\/uploads\/2023\/05\/CPE-bed-cover-2-150x150.png 150w, https:\/\/med-disposable.com\/wp-content\/uploads\/2023\/05\/CPE-bed-cover-2-768x768.png 768w, https:\/\/med-disposable.com\/wp-content\/uploads\/2023\/05\/CPE-bed-cover-2-600x600.png 600w, https:\/\/med-disposable.com\/wp-content\/uploads\/2023\/05\/CPE-bed-cover-2-100x100.png 100w\" sizes=\"(max-width: 800px) 100vw, 800px\" \/><\/p>\n<h2>Ventajas del cubrecama desechable CPE<\/h2>\n<p><strong>Eficiencia Dise\u00f1ada<\/strong>: Nuestras cubiertas est\u00e1n dise\u00f1adas para una f\u00e1cil instalaci\u00f3n y eliminaci\u00f3n, lo que reduce significativamente el tiempo y el esfuerzo de limpieza.<\/p>\n<p><strong>Compatibilidad universal<\/strong>: El dise\u00f1o el\u00e1stico envolvente de las fundas garantiza un ajuste perfecto en la mayor\u00eda de camas de tatuaje y camillas de masaje.<\/p>\n<p><strong>Excelencia en higiene<\/strong>: Nuestros cubrecamas desechables CPE son una soluci\u00f3n higi\u00e9nica superior que reduce eficazmente el riesgo de contaminaci\u00f3n cruzada.<\/p>\n<p><strong>Comodidad del cliente<\/strong>: A pesar de su resistente composici\u00f3n de pl\u00e1stico CPE, nuestras cubiertas ofrecen una superficie suave y c\u00f3moda, garantizando la satisfacci\u00f3n del cliente durante las sesiones de tatuaje.<\/p>\n<p>&nbsp;<\/p>\n<p><img decoding=\"async\" class=\"aligncenter wp-image-6824 size-full\" src=\"https:\/\/med-disposable.com\/wp-content\/uploads\/2023\/05\/CPE-bed-cover-9.png\" alt=\"\" width=\"800\" height=\"800\" srcset=\"https:\/\/med-disposable.com\/wp-content\/uploads\/2023\/05\/CPE-bed-cover-9.png 800w, https:\/\/med-disposable.com\/wp-content\/uploads\/2023\/05\/CPE-bed-cover-9-300x300.png 300w, https:\/\/med-disposable.com\/wp-content\/uploads\/2023\/05\/CPE-bed-cover-9-150x150.png 150w, https:\/\/med-disposable.com\/wp-content\/uploads\/2023\/05\/CPE-bed-cover-9-768x768.png 768w, https:\/\/med-disposable.com\/wp-content\/uploads\/2023\/05\/CPE-bed-cover-9-600x600.png 600w, https:\/\/med-disposable.com\/wp-content\/uploads\/2023\/05\/CPE-bed-cover-9-100x100.png 100w\" sizes=\"(max-width: 800px) 100vw, 800px\" \/><\/p>\n<p>&nbsp;<\/p>\n<h2>\u00bfPor qu\u00e9 confiar en Wuhan Youfu?<\/h2>\n<p><strong>Experiencia:<\/strong> Con una trayectoria de m\u00e1s de una d\u00e9cada en la fabricaci\u00f3n de productos desechables no tejidos y de pl\u00e1stico, hemos adquirido la experiencia y los conocimientos necesarios para ofrecer productos que cumplen y superan las normas del sector.<\/p>\n<p><strong>Calidad:<\/strong> Utilizamos materiales de alta calidad como el polietileno clorado (CPE) en nuestros productos para garantizar su durabilidad y eficacia.<\/p>\n<p><strong>Orientaci\u00f3n al cliente:<\/strong> En Wuhan Youfu, el cliente es siempre la prioridad. Nuestro equipo se dedica a ofrecer un excelente servicio de atenci\u00f3n al cliente, desde la respuesta a consultas hasta la tramitaci\u00f3n de pedidos, garantizando una experiencia impecable.<\/p>\n<p><strong>Innovaci\u00f3n:<\/strong> Innovamos continuamente nuestros productos para satisfacer las necesidades cambiantes de nuestros clientes. Nuestros cubrecamas de pl\u00e1stico negro con dise\u00f1o el\u00e1stico integral son un ejemplo de nuestro compromiso con la creaci\u00f3n de soluciones pr\u00e1cticas y eficientes.<\/p>\n<p>&nbsp;<\/p>\n<p><img loading=\"lazy\" decoding=\"async\" class=\"aligncenter wp-image-6828 size-large\" src=\"https:\/\/med-disposable.com\/wp-content\/uploads\/2023\/05\/warehouse-1024x768.jpg\" alt=\"\" width=\"800\" height=\"600\" srcset=\"https:\/\/med-disposable.com\/wp-content\/uploads\/2023\/05\/warehouse-1024x768.jpg 1024w, https:\/\/med-disposable.com\/wp-content\/uploads\/2023\/05\/warehouse-300x225.jpg 300w, https:\/\/med-disposable.com\/wp-content\/uploads\/2023\/05\/warehouse-768x576.jpg 768w, https:\/\/med-disposable.com\/wp-content\/uploads\/2023\/05\/warehouse-600x450.jpg 600w, https:\/\/med-disposable.com\/wp-content\/uploads\/2023\/05\/warehouse.jpg 1440w\" sizes=\"(max-width: 800px) 100vw, 800px\" \/><\/p>","protected":false},"excerpt":{"rendered":"<p>Nuestros cubrecamas est\u00e1n meticulosamente fabricados con pl\u00e1stico CPE resistente y de calidad industrial. Conocido por su notable resistencia a los desgarros, las perforaciones y los productos qu\u00edmicos, el CPE garantiza una barrera resistente entre el cliente y la cama. Los cubrecamas vienen en un elegante color negro que a\u00f1ade un toque profesional al ambiente de su estudio.<\/p>","protected":false},"featured_media":6817,"template":"","meta":{"_seopress_robots_primary_cat":"none","_seopress_titles_title":"Black Plastic Bed Cover: CPE Plastic | Weight: 50g | Elastic Fit | Quality &amp; Durable | Wuhan Youfu","_seopress_titles_desc":"Try our Black Plastic Bed Covers for efficient and thorough hygiene solutions. Chlorinated Polyethylene (CPE) plastic with an all-around elastic design; available in multiple sizes, weights and colors. Quality meets service with Wuhan Youfu&#039;s disposable CPE bed covers - ideal for tattoo beds &amp; massage tables.","_seopress_robots_index":""},"product_brand":[],"product_cat":[49],"product_tag":[316],"class_list":{"0":"post-6814","1":"product","2":"type-product","3":"status-publish","4":"has-post-thumbnail","6":"product_cat-bed-linens","7":"product_tag-plastic-bed-cover","9":"first","10":"instock","11":"shipping-taxable","12":"product-type-simple"},"_links":{"self":[{"href":"https:\/\/med-disposable.com\/es\/wp-json\/wp\/v2\/product\/6814","targetHints":{"allow":["GET"]}}],"collection":[{"href":"https:\/\/med-disposable.com\/es\/wp-json\/wp\/v2\/product"}],"about":[{"href":"https:\/\/med-disposable.com\/es\/wp-json\/wp\/v2\/types\/product"}],"version-history":[{"count":0,"href":"https:\/\/med-disposable.com\/es\/wp-json\/wp\/v2\/product\/6814\/revisions"}],"wp:featuredmedia":[{"embeddable":true,"href":"https:\/\/med-disposable.com\/es\/wp-json\/wp\/v2\/media\/6817"}],"wp:attachment":[{"href":"https:\/\/med-disposable.com\/es\/wp-json\/wp\/v2\/media?parent=6814"}],"wp:term":[{"taxonomy":"product_brand","embeddable":true,"href":"https:\/\/med-disposable.com\/es\/wp-json\/wp\/v2\/product_brand?post=6814"},{"taxonomy":"product_cat","embeddable":true,"href":"https:\/\/med-disposable.com\/es\/wp-json\/wp\/v2\/product_cat?post=6814"},{"taxonomy":"product_tag","embeddable":true,"href":"https:\/\/med-disposable.com\/es\/wp-json\/wp\/v2\/product_tag?post=6814"}],"curies":[{"name":"wp","href":"https:\/\/api.w.org\/{rel}","templated":true}]}}