{"id":698,"date":"2021-03-08T14:59:51","date_gmt":"2021-03-08T06:59:51","guid":{"rendered":"https:\/\/med-disposable.com\/?post_type=product&#038;p=698"},"modified":"2023-07-10T18:15:45","modified_gmt":"2023-07-10T10:15:45","slug":"bata-cpe-de-plastico-desechable-con-presillas-para-el-pulgar","status":"publish","type":"product","link":"https:\/\/med-disposable.com\/es\/product\/disposable-plastic-cpe-gown-with-thumb-loops\/","title":{"rendered":"Bata de pl\u00e1stico desechable para CPE con presillas para los pulgares"},"content":{"rendered":"<h2>Especificaci\u00f3n detallada:<\/h2>\n<table width=\"642\">\n<tbody>\n<tr style=\"font-style: inherit;font-weight: inherit\">\n<td style=\"font-style: inherit\" width=\"129\"><span style=\"font-style: inherit;font-weight: inherit\">Material:<\/span><\/td>\n<td style=\"font-style: inherit\" width=\"513\"><span style=\"font-style: inherit;font-weight: inherit\">100% Polietileno clorado (CPE)<\/span><\/td>\n<\/tr>\n<tr style=\"font-style: inherit;font-weight: inherit\">\n<td style=\"font-style: inherit\"><span style=\"font-style: inherit;font-weight: inherit\">Peso del material:<\/span><\/td>\n<td style=\"font-style: inherit\"><span style=\"font-style: inherit;font-weight: inherit\">25-70g\/pc<\/span><\/td>\n<\/tr>\n<tr style=\"font-style: inherit;font-weight: inherit\">\n<td style=\"font-style: inherit\"><span style=\"font-style: inherit;font-weight: inherit\">Proceso:<\/span><\/td>\n<td style=\"font-style: inherit\"><span style=\"font-style: inherit;font-weight: inherit\">Corte, termosellado<\/span><\/td>\n<\/tr>\n<tr style=\"font-style: inherit;font-weight: inherit\">\n<td style=\"font-style: inherit\"><span style=\"font-style: inherit;font-weight: inherit\">Tama\u00f1o:<\/span><\/td>\n<td style=\"font-style: inherit\"><span style=\"font-style: inherit;font-weight: inherit\">190*115 cm, 120*195 cm, 125*200 cm, o seg\u00fan las necesidades<\/span><\/td>\n<\/tr>\n<tr style=\"font-style: inherit;font-weight: inherit\">\n<td style=\"font-style: inherit\"><span style=\"font-style: inherit;font-weight: inherit\">Color:<\/span><\/td>\n<td style=\"font-style: inherit\"><span style=\"font-style: inherit;font-weight: inherit\">Azul, amarillo o personalizado<\/span><\/td>\n<\/tr>\n<tr style=\"font-style: inherit;font-weight: inherit\">\n<td style=\"font-style: inherit\"><span style=\"font-style: inherit;font-weight: inherit\">Embalaje:<\/span><\/td>\n<td style=\"font-style: inherit\"><span style=\"font-style: inherit;font-weight: inherit\">1pc\/bag, 200pcs\/carton o modificado para requisitos particulares<\/span><\/td>\n<\/tr>\n<tr style=\"font-style: inherit;font-weight: inherit\">\n<td style=\"font-style: inherit\"><span style=\"font-style: inherit;font-weight: inherit\">Certificaci\u00f3n:<\/span><\/td>\n<td style=\"font-style: inherit\"><span style=\"font-style: inherit;font-weight: inherit\">FDA, CE, ISO13485<\/span><\/td>\n<\/tr>\n<tr style=\"font-style: inherit;font-weight: inherit\">\n<td style=\"font-style: inherit\"><span style=\"font-style: inherit;font-weight: inherit\">Capacidad:<\/span><\/td>\n<td style=\"font-style: inherit\"><span style=\"font-style: inherit;font-weight: inherit\" data-spm-anchor-id=\"a2700.details.pronpeci14.i3.27639cd7Do9U3i\">100000pcs-150000pcs\/day<\/span><\/td>\n<\/tr>\n<tr style=\"font-style: inherit;font-weight: inherit\">\n<td style=\"font-style: inherit\"><span style=\"font-style: inherit;font-weight: inherit\">Aplicaci\u00f3n:<\/span><\/td>\n<td style=\"font-style: inherit\">Medicina, laboratorio, hogar, restauraci\u00f3n, industria alimentaria y otros sectores<\/td>\n<\/tr>\n<\/tbody>\n<\/table>\n<figure class=\"wp-block-embed wp-block-embed-youtube is-type-video is-provider-youtube epyt-figure\"><div class=\"wp-block-embed__wrapper\"><div  id=\"_ytid_33973\"  width=\"800\" height=\"450\"  data-origwidth=\"800\" data-origheight=\"450\" data-facadesrc=\"https:\/\/www.youtube.com\/embed\/Zpe9IUfABwQ?enablejsapi=1&autoplay=0&cc_load_policy=0&cc_lang_pref=&iv_load_policy=1&loop=0&rel=1&fs=1&playsinline=0&autohide=2&theme=dark&color=red&controls=1&disablekb=0&\" class=\"__youtube_prefs__ epyt-facade no-lazyload\" data-epautoplay=\"1\" ><img decoding=\"async\" data-spai-excluded=\"true\" class=\"epyt-facade-poster skip-lazy\" loading=\"lazy\"  alt=\"YouTube player\"  src=\"https:\/\/i.ytimg.com\/vi\/Zpe9IUfABwQ\/maxresdefault.jpg\"  \/><button class=\"epyt-facade-play\" aria-label=\"Jugar\"><svg data-no-lazy=\"1\" height=\"100%\" version=\"1.1\" viewbox=\"0 0 68 48\" width=\"100%\"><path class=\"ytp-large-play-button-bg\" d=\"M66.52,7.74c-0.78-2.93-2.49-5.41-5.42-6.19C55.79,.13,34,0,34,0S12.21,.13,6.9,1.55 C3.97,2.33,2.27,4.81,1.48,7.74C0.06,13.05,0,24,0,24s0.06,10.95,1.48,16.26c0.78,2.93,2.49,5.41,5.42,6.19 C12.21,47.87,34,48,34,48s21.79-0.13,27.1-1.55c2.93-0.78,4.64-3.26,5.42-6.19C67.94,34.95,68,24,68,24S67.94,13.05,66.52,7.74z\" fill=\"#f00\"><\/path><path d=\"M 45,24 27,14 27,34\" fill=\"#fff\"><\/path><\/svg><\/button><\/div><\/div><\/figure>\n<p>&nbsp;<\/p>\n<h2>Detalle de estilos y ventajas de las batas CPE<\/h2>\n<ul>\n<li><strong>Dise\u00f1o de espalda abierta:<\/strong>\u00a0El dise\u00f1o de espalda abierta de estas batas permite una mayor transpirabilidad y comodidad durante el trabajo, lo que las hace adecuadas para largos periodos de uso.<\/li>\n<li><strong>Lazos ajustables en la cintura:<\/strong>\u00a0Los lazos de la cintura proporcionan un ajuste personalizable, garantizando que la bata permanezca en su sitio durante las actividades y reduciendo el riesgo de exposici\u00f3n a contaminantes.<\/li>\n<\/ul>\n<p><img fetchpriority=\"high\" decoding=\"async\" class=\"aligncenter wp-image-8535 size-large\" src=\"https:\/\/med-disposable.com\/wp-content\/uploads\/2021\/03\/yellow-color-CPE-gown-5-1024x1024.jpg\" alt=\"\" width=\"800\" height=\"800\" srcset=\"https:\/\/med-disposable.com\/wp-content\/uploads\/2021\/03\/yellow-color-CPE-gown-5-1024x1024.jpg 1024w, https:\/\/med-disposable.com\/wp-content\/uploads\/2021\/03\/yellow-color-CPE-gown-5-300x300.jpg 300w, https:\/\/med-disposable.com\/wp-content\/uploads\/2021\/03\/yellow-color-CPE-gown-5-150x150.jpg 150w, https:\/\/med-disposable.com\/wp-content\/uploads\/2021\/03\/yellow-color-CPE-gown-5-768x768.jpg 768w, https:\/\/med-disposable.com\/wp-content\/uploads\/2021\/03\/yellow-color-CPE-gown-5-1536x1536.jpg 1536w, https:\/\/med-disposable.com\/wp-content\/uploads\/2021\/03\/yellow-color-CPE-gown-5-scaled.jpg 2048w, https:\/\/med-disposable.com\/wp-content\/uploads\/2021\/03\/yellow-color-CPE-gown-5-600x600.jpg 600w, https:\/\/med-disposable.com\/wp-content\/uploads\/2021\/03\/yellow-color-CPE-gown-5-100x100.jpg 100w\" sizes=\"(max-width: 800px) 100vw, 800px\" \/><\/p>\n<ul>\n<li><strong>Thumb Loops:<\/strong>\u00a0Las trabillas integradas para los pulgares evitan que las mangas se enrollen, garantizando una cobertura total de los brazos y una mayor protecci\u00f3n durante las tareas que requieren un alto nivel de destreza.<\/li>\n<\/ul>\n<p><img decoding=\"async\" class=\"aligncenter wp-image-8536 size-large\" src=\"https:\/\/med-disposable.com\/wp-content\/uploads\/2021\/03\/yellow-color-CPE-gown-7-1024x1024.jpg\" alt=\"\" width=\"800\" height=\"800\" srcset=\"https:\/\/med-disposable.com\/wp-content\/uploads\/2021\/03\/yellow-color-CPE-gown-7-1024x1024.jpg 1024w, https:\/\/med-disposable.com\/wp-content\/uploads\/2021\/03\/yellow-color-CPE-gown-7-300x300.jpg 300w, https:\/\/med-disposable.com\/wp-content\/uploads\/2021\/03\/yellow-color-CPE-gown-7-150x150.jpg 150w, https:\/\/med-disposable.com\/wp-content\/uploads\/2021\/03\/yellow-color-CPE-gown-7-768x768.jpg 768w, https:\/\/med-disposable.com\/wp-content\/uploads\/2021\/03\/yellow-color-CPE-gown-7-1536x1536.jpg 1536w, https:\/\/med-disposable.com\/wp-content\/uploads\/2021\/03\/yellow-color-CPE-gown-7-scaled.jpg 2048w, https:\/\/med-disposable.com\/wp-content\/uploads\/2021\/03\/yellow-color-CPE-gown-7-600x600.jpg 600w, https:\/\/med-disposable.com\/wp-content\/uploads\/2021\/03\/yellow-color-CPE-gown-7-100x100.jpg 100w\" sizes=\"(max-width: 800px) 100vw, 800px\" \/><\/p>\n<ul>\n<li><strong>Disponible en amarillo, azul y blanco:<\/strong>\u00a0Elija entre tres colores diferentes para satisfacer las necesidades espec\u00edficas de su lugar de trabajo o sus preferencias personales.<\/li>\n<\/ul>\n<p><img decoding=\"async\" class=\"aligncenter wp-image-8531 size-full\" src=\"https:\/\/med-disposable.com\/wp-content\/uploads\/2021\/03\/disposable-cpe-gowns.jpg\" alt=\"\" width=\"800\" height=\"729\" srcset=\"https:\/\/med-disposable.com\/wp-content\/uploads\/2021\/03\/disposable-cpe-gowns.jpg 800w, https:\/\/med-disposable.com\/wp-content\/uploads\/2021\/03\/disposable-cpe-gowns-300x273.jpg 300w, https:\/\/med-disposable.com\/wp-content\/uploads\/2021\/03\/disposable-cpe-gowns-768x700.jpg 768w, https:\/\/med-disposable.com\/wp-content\/uploads\/2021\/03\/disposable-cpe-gowns-600x547.jpg 600w\" sizes=\"(max-width: 800px) 100vw, 800px\" \/><\/p>\n<ul>\n<li><strong>Material CPE:<\/strong>\u00a0Fabricadas con material de polietileno clorado (CPE) de alta calidad, estas batas desechables ofrecen una excelente durabilidad, protecci\u00f3n impermeable y resistencia a los productos qu\u00edmicos, garantizando una barrera segura contra los contaminantes.<\/li>\n<li><strong>Tama\u00f1o universal:<\/strong>\u00a0Dise\u00f1adas para adaptarse a la mayor\u00eda de las personas, estas batas proporcionan una protecci\u00f3n completa sin comprometer la comodidad ni la facilidad de movimiento.<\/li>\n<\/ul>\n<p>&nbsp;<\/p>\n<h2>Satisfacci\u00f3n garantizada<\/h2>\n<p>Respaldamos la calidad de nuestras batas desechables para CPE y estamos seguros de que quedar\u00e1 satisfecho con su compra. Si tiene alg\u00fan problema o inquietud, no dude en ponerse en contacto con nuestro equipo de atenci\u00f3n al cliente para obtener ayuda: info@med-disposable.com.<\/p>\n<p>Mant\u00e9ngase protegido y garantice un entorno de trabajo higi\u00e9nico con nuestras duraderas, c\u00f3modas y vers\u00e1tiles batas CPE desechables con presillas para el pulgar. Haga su pedido hoy mismo y compruebe la diferencia.<\/p>\n<p><img loading=\"lazy\" decoding=\"async\" class=\"aligncenter wp-image-6653 size-large\" src=\"https:\/\/med-disposable.com\/wp-content\/uploads\/2023\/05\/\u62fc\u56fe-1-1024x729.jpg\" alt=\"\" width=\"800\" height=\"570\" srcset=\"https:\/\/med-disposable.com\/wp-content\/uploads\/2023\/05\/\u62fc\u56fe-1-1024x729.jpg 1024w, https:\/\/med-disposable.com\/wp-content\/uploads\/2023\/05\/\u62fc\u56fe-1-300x214.jpg 300w, https:\/\/med-disposable.com\/wp-content\/uploads\/2023\/05\/\u62fc\u56fe-1-768x547.jpg 768w, https:\/\/med-disposable.com\/wp-content\/uploads\/2023\/05\/\u62fc\u56fe-1-600x427.jpg 600w, https:\/\/med-disposable.com\/wp-content\/uploads\/2023\/05\/\u62fc\u56fe-1.jpg 1189w\" sizes=\"(max-width: 800px) 100vw, 800px\" \/><\/p>","protected":false},"excerpt":{"rendered":"<p class=\"product_title entry-title elementor-heading-title elementor-size-default\">Mant\u00e9ngase protegido y mantenga un alto nivel de higiene con nuestras batas desechables para CPE, que incorporan presillas para el pulgar para mayor seguridad y comodidad. Estas batas son perfectas para una gran variedad de entornos, como centros sanitarios, laboratorios, plantas de procesamiento de alimentos, etc. Disponibles en amarillo, azul y blanco, estas batas est\u00e1n dise\u00f1adas para proporcionar una protecci\u00f3n \u00f3ptima al tiempo que garantizan un ajuste c\u00f3modo.<\/p>","protected":false},"featured_media":8532,"template":"","meta":{"_seopress_robots_primary_cat":"none","_seopress_titles_title":"Disposable plastic CPE gown with thumb loops - YouFu Medical","_seopress_titles_desc":"Explore a range of Disposable plastic CPE gown with thumb loops for Medical, labortory, household, restaurant and food industry use. Waterproof, anti-fouling, sanitary and convenient.","_seopress_robots_index":""},"product_brand":[],"product_cat":[43],"product_tag":[78,75],"class_list":{"0":"post-698","1":"product","2":"type-product","3":"status-publish","4":"has-post-thumbnail","6":"product_cat-gowns","7":"product_tag-gown","8":"product_tag-plastic","10":"first","11":"instock","12":"shipping-taxable","13":"product-type-simple"},"_links":{"self":[{"href":"https:\/\/med-disposable.com\/es\/wp-json\/wp\/v2\/product\/698","targetHints":{"allow":["GET"]}}],"collection":[{"href":"https:\/\/med-disposable.com\/es\/wp-json\/wp\/v2\/product"}],"about":[{"href":"https:\/\/med-disposable.com\/es\/wp-json\/wp\/v2\/types\/product"}],"version-history":[{"count":0,"href":"https:\/\/med-disposable.com\/es\/wp-json\/wp\/v2\/product\/698\/revisions"}],"wp:featuredmedia":[{"embeddable":true,"href":"https:\/\/med-disposable.com\/es\/wp-json\/wp\/v2\/media\/8532"}],"wp:attachment":[{"href":"https:\/\/med-disposable.com\/es\/wp-json\/wp\/v2\/media?parent=698"}],"wp:term":[{"taxonomy":"product_brand","embeddable":true,"href":"https:\/\/med-disposable.com\/es\/wp-json\/wp\/v2\/product_brand?post=698"},{"taxonomy":"product_cat","embeddable":true,"href":"https:\/\/med-disposable.com\/es\/wp-json\/wp\/v2\/product_cat?post=698"},{"taxonomy":"product_tag","embeddable":true,"href":"https:\/\/med-disposable.com\/es\/wp-json\/wp\/v2\/product_tag?post=698"}],"curies":[{"name":"wp","href":"https:\/\/api.w.org\/{rel}","templated":true}]}}