{"id":7213,"date":"2023-05-29T16:22:54","date_gmt":"2023-05-29T08:22:54","guid":{"rendered":"https:\/\/med-disposable.com\/?post_type=product&#038;p=7213"},"modified":"2023-05-29T16:22:54","modified_gmt":"2023-05-29T08:22:54","slug":"pantalones-cortos-medicos-desechables-no-tejidos-azul-oscuro","status":"publish","type":"product","link":"https:\/\/med-disposable.com\/es\/product\/dark-blue-nonwoven-disposable-medical-shorts\/","title":{"rendered":"Pantalones cortos m\u00e9dicos desechables no tejidos azul oscuro"},"content":{"rendered":"<h2>Detalles del producto Pantalones cortos desechables:<\/h2>\n<ul>\n<li>Material: Tela no tejida suave<\/li>\n<li>Tama\u00f1o: Universal fit 54x64cm, tama\u00f1os personalizados est\u00e1n disponibles<\/li>\n<li>Cintura: Cintura el\u00e1stica para un ajuste seguro y c\u00f3modo.<\/li>\n<li>Color: azul oscuro. Disponible en varios colores<\/li>\n<li>Embalaje: 1pc\/bag, 400pcs\/ctn. Opciones de embalaje personalizables disponibles<\/li>\n<\/ul>\n<p><img fetchpriority=\"high\" decoding=\"async\" class=\"aligncenter wp-image-7220 size-large\" src=\"https:\/\/med-disposable.com\/wp-content\/uploads\/2023\/05\/disposable-shorts-5-1024x1024.jpg\" alt=\"\" width=\"800\" height=\"800\" srcset=\"https:\/\/med-disposable.com\/wp-content\/uploads\/2023\/05\/disposable-shorts-5-1024x1024.jpg 1024w, https:\/\/med-disposable.com\/wp-content\/uploads\/2023\/05\/disposable-shorts-5-300x300.jpg 300w, https:\/\/med-disposable.com\/wp-content\/uploads\/2023\/05\/disposable-shorts-5-150x150.jpg 150w, https:\/\/med-disposable.com\/wp-content\/uploads\/2023\/05\/disposable-shorts-5-768x768.jpg 768w, https:\/\/med-disposable.com\/wp-content\/uploads\/2023\/05\/disposable-shorts-5-1536x1536.jpg 1536w, https:\/\/med-disposable.com\/wp-content\/uploads\/2023\/05\/disposable-shorts-5-scaled.jpg 2048w, https:\/\/med-disposable.com\/wp-content\/uploads\/2023\/05\/disposable-shorts-5-600x600.jpg 600w, https:\/\/med-disposable.com\/wp-content\/uploads\/2023\/05\/disposable-shorts-5-100x100.jpg 100w\" sizes=\"(max-width: 800px) 100vw, 800px\" \/><\/p>\n<h2>Caracter\u00edsticas y ventajas del producto:<\/h2>\n<ol>\n<li>Material de alta calidad: Nuestros pantalones cortos m\u00e9dicos desechables est\u00e1n hechos de tela suave, no tejida, lo que garantiza la m\u00e1xima comodidad del paciente durante los ex\u00e1menes y procedimientos m\u00e9dicos.<\/li>\n<li>Higi\u00e9nicos y c\u00f3modos: Estos shorts de un solo uso garantizan la limpieza y reducen el riesgo de contaminaci\u00f3n cruzada, por lo que son perfectos para mantener un entorno higi\u00e9nico en los centros sanitarios.<\/li>\n<li>Ajuste universal: Nuestros pantalones cortos m\u00e9dicos desechables no tejidos vienen en un tama\u00f1o universal, dise\u00f1ado para adaptarse c\u00f3modamente a la mayor\u00eda de los pacientes, lo que garantiza la facilidad de uso tanto para los pacientes como para los profesionales sanitarios.<\/li>\n<li>Cintura el\u00e1stica: La cintura el\u00e1stica proporciona un ajuste seguro y c\u00f3modo, permitiendo a los pacientes moverse libremente durante los ex\u00e1menes y procedimientos sin sentirse restringidos.<\/li>\n<li>Mayor privacidad: El color azul oscuro de los pantalones cortos ofrece una mayor protecci\u00f3n de la intimidad de los pacientes durante los ex\u00e1menes y procedimientos m\u00e9dicos.<\/li>\n<li>F\u00e1cil eliminaci\u00f3n: Tras su uso, basta con desechar los cortos en una papelera designada, lo que garantiza un flujo de trabajo limpio y eficiente para los profesionales sanitarios.<\/li>\n<li>Rentables: Nuestros shorts m\u00e9dicos desechables ofrecen una soluci\u00f3n asequible para mantener los est\u00e1ndares de higiene en los entornos sanitarios, sin comprometer la comodidad y privacidad del paciente.<\/li>\n<li>Uso polivalente: Perfectos para diversos entornos m\u00e9dicos, incluidos hospitales, cl\u00ednicas, centros de diagn\u00f3stico y m\u00e1s, estos pantalones cortos proporcionan una soluci\u00f3n vers\u00e1til para el cuidado del paciente.<\/li>\n<\/ol>\n<p><img decoding=\"async\" class=\"aligncenter wp-image-7222 size-large\" src=\"https:\/\/med-disposable.com\/wp-content\/uploads\/2023\/05\/disposable-shorts-7-1024x1024.jpg\" alt=\"\" width=\"800\" height=\"800\" srcset=\"https:\/\/med-disposable.com\/wp-content\/uploads\/2023\/05\/disposable-shorts-7-1024x1024.jpg 1024w, https:\/\/med-disposable.com\/wp-content\/uploads\/2023\/05\/disposable-shorts-7-300x300.jpg 300w, https:\/\/med-disposable.com\/wp-content\/uploads\/2023\/05\/disposable-shorts-7-150x150.jpg 150w, https:\/\/med-disposable.com\/wp-content\/uploads\/2023\/05\/disposable-shorts-7-768x768.jpg 768w, https:\/\/med-disposable.com\/wp-content\/uploads\/2023\/05\/disposable-shorts-7-1536x1536.jpg 1536w, https:\/\/med-disposable.com\/wp-content\/uploads\/2023\/05\/disposable-shorts-7-scaled.jpg 2048w, https:\/\/med-disposable.com\/wp-content\/uploads\/2023\/05\/disposable-shorts-7-600x600.jpg 600w, https:\/\/med-disposable.com\/wp-content\/uploads\/2023\/05\/disposable-shorts-7-100x100.jpg 100w\" sizes=\"(max-width: 800px) 100vw, 800px\" \/> <img decoding=\"async\" class=\"aligncenter wp-image-7221 size-large\" src=\"https:\/\/med-disposable.com\/wp-content\/uploads\/2023\/05\/disposable-shorts-6-1024x1024.jpg\" alt=\"\" width=\"800\" height=\"800\" srcset=\"https:\/\/med-disposable.com\/wp-content\/uploads\/2023\/05\/disposable-shorts-6-1024x1024.jpg 1024w, https:\/\/med-disposable.com\/wp-content\/uploads\/2023\/05\/disposable-shorts-6-300x300.jpg 300w, https:\/\/med-disposable.com\/wp-content\/uploads\/2023\/05\/disposable-shorts-6-150x150.jpg 150w, https:\/\/med-disposable.com\/wp-content\/uploads\/2023\/05\/disposable-shorts-6-768x768.jpg 768w, https:\/\/med-disposable.com\/wp-content\/uploads\/2023\/05\/disposable-shorts-6-1536x1536.jpg 1536w, https:\/\/med-disposable.com\/wp-content\/uploads\/2023\/05\/disposable-shorts-6-scaled.jpg 2048w, https:\/\/med-disposable.com\/wp-content\/uploads\/2023\/05\/disposable-shorts-6-600x600.jpg 600w, https:\/\/med-disposable.com\/wp-content\/uploads\/2023\/05\/disposable-shorts-6-100x100.jpg 100w\" sizes=\"(max-width: 800px) 100vw, 800px\" \/> <img loading=\"lazy\" decoding=\"async\" class=\"aligncenter wp-image-7218 size-large\" src=\"https:\/\/med-disposable.com\/wp-content\/uploads\/2023\/05\/disposable-shorts-3-1024x1024.jpg\" alt=\"\" width=\"800\" height=\"800\" srcset=\"https:\/\/med-disposable.com\/wp-content\/uploads\/2023\/05\/disposable-shorts-3-1024x1024.jpg 1024w, https:\/\/med-disposable.com\/wp-content\/uploads\/2023\/05\/disposable-shorts-3-300x300.jpg 300w, https:\/\/med-disposable.com\/wp-content\/uploads\/2023\/05\/disposable-shorts-3-150x150.jpg 150w, https:\/\/med-disposable.com\/wp-content\/uploads\/2023\/05\/disposable-shorts-3-768x768.jpg 768w, https:\/\/med-disposable.com\/wp-content\/uploads\/2023\/05\/disposable-shorts-3-1536x1536.jpg 1536w, https:\/\/med-disposable.com\/wp-content\/uploads\/2023\/05\/disposable-shorts-3-scaled.jpg 2048w, https:\/\/med-disposable.com\/wp-content\/uploads\/2023\/05\/disposable-shorts-3-600x600.jpg 600w, https:\/\/med-disposable.com\/wp-content\/uploads\/2023\/05\/disposable-shorts-3-100x100.jpg 100w\" sizes=\"(max-width: 800px) 100vw, 800px\" \/><\/p>\n<p>&nbsp;<\/p>\n<h2>\u00bfPor qu\u00e9 elegir Wuhan Youfu?<\/h2>\n<ul>\n<li>M\u00e1s de 10 a\u00f1os de experiencia industrial en la fabricaci\u00f3n de productos desechables no tejidos y de pl\u00e1stico<\/li>\n<li>Productos fiables y de alta calidad dise\u00f1ados pensando en la comodidad y la higiene del paciente<\/li>\n<li>Precios competitivos y productos de alta calidad<\/li>\n<li>Especificaciones de producto y opciones de envasado personalizables para satisfacer sus necesidades espec\u00edficas<\/li>\n<li>Un equipo de atenci\u00f3n al cliente especializado, siempre dispuesto a ayudarle con cualquier pregunta o duda.<\/li>\n<\/ul>\n<p>&nbsp;<\/p>\n<p><img loading=\"lazy\" decoding=\"async\" class=\"aligncenter wp-image-6653 size-large\" src=\"https:\/\/med-disposable.com\/wp-content\/uploads\/2023\/05\/\u62fc\u56fe-1-1024x729.jpg\" alt=\"\" width=\"800\" height=\"570\" srcset=\"https:\/\/med-disposable.com\/wp-content\/uploads\/2023\/05\/\u62fc\u56fe-1-1024x729.jpg 1024w, https:\/\/med-disposable.com\/wp-content\/uploads\/2023\/05\/\u62fc\u56fe-1-300x214.jpg 300w, https:\/\/med-disposable.com\/wp-content\/uploads\/2023\/05\/\u62fc\u56fe-1-768x547.jpg 768w, https:\/\/med-disposable.com\/wp-content\/uploads\/2023\/05\/\u62fc\u56fe-1-600x427.jpg 600w, https:\/\/med-disposable.com\/wp-content\/uploads\/2023\/05\/\u62fc\u56fe-1.jpg 1189w\" sizes=\"(max-width: 800px) 100vw, 800px\" \/><\/p>\n<p>&nbsp;<\/p>\n<h2>Preguntas frecuentes:<\/h2>\n<ol>\n<li><strong>\u00bfPuedo obtener una muestra de los pantalones cortos m\u00e9dicos desechables no tejidos?<\/strong><\/li>\n<\/ol>\n<p>S\u00ed, podemos proporcionar muestras previa solicitud. P\u00f3ngase en contacto con nuestro equipo de atenci\u00f3n al cliente para obtener m\u00e1s informaci\u00f3n en information:info@med-disposable.com.<\/p>\n<ol start=\"2\">\n<li><strong>\u00bfCu\u00e1l es la cantidad m\u00ednima de pedido (MOQ) para los pantalones cortos m\u00e9dicos desechables no tejidos?<\/strong><\/li>\n<\/ol>\n<p>Por lo general, el MOQ debe ser 10.000pcs, por favor p\u00f3ngase en contacto con nosotros para m\u00e1s detalles.<\/p>\n<ol start=\"3\">\n<li><strong>\u00bfPuedo personalizar el color y el embalaje de los pantalones cortos m\u00e9dicos desechables no tejidos?<\/strong><\/li>\n<\/ol>\n<p>S\u00ed, ofrecemos opciones personalizables de color y embalaje. Especifique sus requisitos al realizar el pedido y haremos todo lo posible por satisfacer sus necesidades.<\/p>\n<ol start=\"4\">\n<li><strong>\u00bfCu\u00e1l es el plazo de producci\u00f3n y entrega?<\/strong><\/li>\n<\/ol>\n<p>Normalmente podemos producir 2.000 unidades al d\u00eda. El plazo de producci\u00f3n y entrega depende de la cantidad del pedido y de los requisitos de personalizaci\u00f3n. P\u00f3ngase en contacto con nuestro equipo de atenci\u00f3n al cliente para obtener m\u00e1s informaci\u00f3n.<\/p>","protected":false},"excerpt":{"rendered":"<p>Los pantalones cortos m\u00e9dicos desechables no tejidos proporcionan a los pacientes una comodidad e higiene \u00f3ptimas durante los ex\u00e1menes y procedimientos m\u00e9dicos. Fabricados con materiales no tejidos de PP de alta calidad, estos pantalones cortos desechables son perfectos para hospitales, cl\u00ednicas y otros centros sanitarios.<\/p>","protected":false},"featured_media":7223,"template":"","meta":{"_seopress_robots_primary_cat":"none","_seopress_titles_title":"Shop Nonwoven Disposable Medical Shorts - Soft, Secure Fit, Comfort &amp; Hygiene!","_seopress_titles_desc":"Get high-quality disposable medical shorts made from soft nonwoven fabric, designed for ultimate comfort and privacy. Elastic waistband ensures a secure fit, perfect for healthcare settings. Easily disposable and cost-effective. Customizable options available!","_seopress_robots_index":""},"product_brand":[],"product_cat":[87],"product_tag":[330],"class_list":{"0":"post-7213","1":"product","2":"type-product","3":"status-publish","4":"has-post-thumbnail","6":"product_cat-healthcare","7":"product_tag-disposable-shorts","9":"first","10":"instock","11":"shipping-taxable","12":"product-type-simple"},"_links":{"self":[{"href":"https:\/\/med-disposable.com\/es\/wp-json\/wp\/v2\/product\/7213","targetHints":{"allow":["GET"]}}],"collection":[{"href":"https:\/\/med-disposable.com\/es\/wp-json\/wp\/v2\/product"}],"about":[{"href":"https:\/\/med-disposable.com\/es\/wp-json\/wp\/v2\/types\/product"}],"version-history":[{"count":0,"href":"https:\/\/med-disposable.com\/es\/wp-json\/wp\/v2\/product\/7213\/revisions"}],"wp:featuredmedia":[{"embeddable":true,"href":"https:\/\/med-disposable.com\/es\/wp-json\/wp\/v2\/media\/7223"}],"wp:attachment":[{"href":"https:\/\/med-disposable.com\/es\/wp-json\/wp\/v2\/media?parent=7213"}],"wp:term":[{"taxonomy":"product_brand","embeddable":true,"href":"https:\/\/med-disposable.com\/es\/wp-json\/wp\/v2\/product_brand?post=7213"},{"taxonomy":"product_cat","embeddable":true,"href":"https:\/\/med-disposable.com\/es\/wp-json\/wp\/v2\/product_cat?post=7213"},{"taxonomy":"product_tag","embeddable":true,"href":"https:\/\/med-disposable.com\/es\/wp-json\/wp\/v2\/product_tag?post=7213"}],"curies":[{"name":"wp","href":"https:\/\/api.w.org\/{rel}","templated":true}]}}