{"id":7236,"date":"2023-05-30T14:52:42","date_gmt":"2023-05-30T06:52:42","guid":{"rendered":"https:\/\/med-disposable.com\/?post_type=product&#038;p=7236"},"modified":"2023-05-30T14:52:42","modified_gmt":"2023-05-30T06:52:42","slug":"tape-reinforced-medical-coverall-with-booties","status":"publish","type":"product","link":"https:\/\/med-disposable.com\/es\/product\/tape-reinforced-medical-coverall-with-booties\/","title":{"rendered":"Mono m\u00e9dico reforzado con cinta y escarpines"},"content":{"rendered":"<h2>Detail specifications:<\/h2>\n<table width=\"128\">\n<tbody>\n<tr>\n<td width=\"64\">Material:<\/td>\n<td width=\"64\">Durable, PP nonwoven coated Microporous film, with taped seams<\/td>\n<\/tr>\n<tr>\n<td width=\"64\">Tama\u00f1o:<\/td>\n<td>Available in various sizes (S, M, L, XL, XXL)<\/td>\n<\/tr>\n<tr>\n<td width=\"64\">Color:<\/td>\n<td>White color, blue tape<\/td>\n<\/tr>\n<tr>\n<td width=\"64\">Closure:<\/td>\n<td>Zipper closure with adhesive flap for added protection<\/td>\n<\/tr>\n<tr>\n<td rowspan=\"4\" width=\"64\">Estilo:<\/td>\n<td>Elastic cuffs, with one thumb loops<\/td>\n<\/tr>\n<tr>\n<td>Attached hood for full head coverage<\/td>\n<\/tr>\n<tr>\n<td>Elastic cuffs, waist, and ankles for a secure fit<\/td>\n<\/tr>\n<tr>\n<td>\u00a0With ties on ankle for better fit; tape on each seamed part<\/td>\n<\/tr>\n<tr>\n<td width=\"64\">Quality standard:<\/td>\n<td>ASTM Nivel 3<\/td>\n<\/tr>\n<tr>\n<td width=\"64\">Embalaje:<\/td>\n<td>1pc\/bag, 50pcs\/ctn, customizable packaging options available<\/td>\n<\/tr>\n<\/tbody>\n<\/table>\n<p>&nbsp;<\/p>\n<p><img fetchpriority=\"high\" decoding=\"async\" class=\"aligncenter wp-image-7255 size-full\" src=\"https:\/\/med-disposable.com\/wp-content\/uploads\/2023\/05\/medical-coveralls.jpg\" alt=\"\" width=\"800\" height=\"694\" srcset=\"https:\/\/med-disposable.com\/wp-content\/uploads\/2023\/05\/medical-coveralls.jpg 800w, https:\/\/med-disposable.com\/wp-content\/uploads\/2023\/05\/medical-coveralls-300x260.jpg 300w, https:\/\/med-disposable.com\/wp-content\/uploads\/2023\/05\/medical-coveralls-768x666.jpg 768w, https:\/\/med-disposable.com\/wp-content\/uploads\/2023\/05\/medical-coveralls-600x521.jpg 600w\" sizes=\"(max-width: 800px) 100vw, 800px\" \/><\/p>\n<p>&nbsp;<\/p>\n<h2>Style features and advantages of tape reinforced coveralls:<\/h2>\n<p><strong>1.Thumb loops are added<\/strong>: help ensure that the coverall&#8217;s sleeves do not slide up the arm, the wrists and lower arms are fully covered, minimizing the risk of contamination and exposure to infectious materials.When the coverall&#8217;s sleeves are securely in place with the help of thumb loops, it becomes easier to put on gloves without the sleeves bunching up or sliding.<\/p>\n<p>&nbsp;<\/p>\n<p><img decoding=\"async\" class=\"aligncenter wp-image-7250 size-full\" src=\"https:\/\/med-disposable.com\/wp-content\/uploads\/2023\/05\/taped-disposable-coveralls-17.png\" alt=\"\" width=\"800\" height=\"800\" srcset=\"https:\/\/med-disposable.com\/wp-content\/uploads\/2023\/05\/taped-disposable-coveralls-17.png 800w, https:\/\/med-disposable.com\/wp-content\/uploads\/2023\/05\/taped-disposable-coveralls-17-300x300.png 300w, https:\/\/med-disposable.com\/wp-content\/uploads\/2023\/05\/taped-disposable-coveralls-17-150x150.png 150w, https:\/\/med-disposable.com\/wp-content\/uploads\/2023\/05\/taped-disposable-coveralls-17-768x768.png 768w, https:\/\/med-disposable.com\/wp-content\/uploads\/2023\/05\/taped-disposable-coveralls-17-600x600.png 600w, https:\/\/med-disposable.com\/wp-content\/uploads\/2023\/05\/taped-disposable-coveralls-17-100x100.png 100w\" sizes=\"(max-width: 800px) 100vw, 800px\" \/><\/p>\n<p><strong>2.All seam seal parts are reinforced with blue tapes<\/strong>: tapes at the waist, wrists, and ankles to ensure a snug fit, minimizing the risk of contaminants entering the coveralls. Also increase the durability by reinforcing the seams and preventing them from fraying or ripping under stress.<\/p>\n<p>&nbsp;<\/p>\n<p><img decoding=\"async\" class=\"aligncenter wp-image-7243 size-full\" src=\"https:\/\/med-disposable.com\/wp-content\/uploads\/2023\/05\/taped-disposable-coveralls-5.png\" alt=\"\" width=\"800\" height=\"800\" srcset=\"https:\/\/med-disposable.com\/wp-content\/uploads\/2023\/05\/taped-disposable-coveralls-5.png 800w, https:\/\/med-disposable.com\/wp-content\/uploads\/2023\/05\/taped-disposable-coveralls-5-300x300.png 300w, https:\/\/med-disposable.com\/wp-content\/uploads\/2023\/05\/taped-disposable-coveralls-5-150x150.png 150w, https:\/\/med-disposable.com\/wp-content\/uploads\/2023\/05\/taped-disposable-coveralls-5-768x768.png 768w, https:\/\/med-disposable.com\/wp-content\/uploads\/2023\/05\/taped-disposable-coveralls-5-600x600.png 600w, https:\/\/med-disposable.com\/wp-content\/uploads\/2023\/05\/taped-disposable-coveralls-5-100x100.png 100w\" sizes=\"(max-width: 800px) 100vw, 800px\" \/><\/p>\n<p>&nbsp;<\/p>\n<p><strong>3.With boot, and ties on the ankle<\/strong>: boots provide an additional layer of protection for the feet. Ties on the ankles help to secure the coverall&#8217;s boots in place, ensuring a snug fit and minimizing the risk of contaminants entering from the bottom of the coverall. This also prevents the boots from slipping or moving around during work, which can be uncomfortable and distracting for the wearer.<\/p>\n<p>&nbsp;<\/p>\n<p><img loading=\"lazy\" decoding=\"async\" class=\"aligncenter wp-image-7241 size-full\" src=\"https:\/\/med-disposable.com\/wp-content\/uploads\/2023\/05\/taped-disposable-coveralls-3.png\" alt=\"\" width=\"800\" height=\"800\" srcset=\"https:\/\/med-disposable.com\/wp-content\/uploads\/2023\/05\/taped-disposable-coveralls-3.png 800w, https:\/\/med-disposable.com\/wp-content\/uploads\/2023\/05\/taped-disposable-coveralls-3-300x300.png 300w, https:\/\/med-disposable.com\/wp-content\/uploads\/2023\/05\/taped-disposable-coveralls-3-150x150.png 150w, https:\/\/med-disposable.com\/wp-content\/uploads\/2023\/05\/taped-disposable-coveralls-3-768x768.png 768w, https:\/\/med-disposable.com\/wp-content\/uploads\/2023\/05\/taped-disposable-coveralls-3-600x600.png 600w, https:\/\/med-disposable.com\/wp-content\/uploads\/2023\/05\/taped-disposable-coveralls-3-100x100.png 100w\" sizes=\"(max-width: 800px) 100vw, 800px\" \/><\/p>\n<p>&nbsp;<\/p>\n<p><strong>4.Front zipper with flap, secured by an adhesive sticker<\/strong>: The adhesive sticker helps to secure the flap in place, keeping it firmly closed and preventing contaminants from entering through the zipper area. This ensures a more secure barrier against potential hazards and enhances overall protection.<\/p>\n<p>&nbsp;<\/p>\n<p><img loading=\"lazy\" decoding=\"async\" class=\"aligncenter wp-image-7240 size-full\" src=\"https:\/\/med-disposable.com\/wp-content\/uploads\/2023\/05\/taped-disposable-coveralls-2.png\" alt=\"\" width=\"800\" height=\"800\" srcset=\"https:\/\/med-disposable.com\/wp-content\/uploads\/2023\/05\/taped-disposable-coveralls-2.png 800w, https:\/\/med-disposable.com\/wp-content\/uploads\/2023\/05\/taped-disposable-coveralls-2-300x300.png 300w, https:\/\/med-disposable.com\/wp-content\/uploads\/2023\/05\/taped-disposable-coveralls-2-150x150.png 150w, https:\/\/med-disposable.com\/wp-content\/uploads\/2023\/05\/taped-disposable-coveralls-2-768x768.png 768w, https:\/\/med-disposable.com\/wp-content\/uploads\/2023\/05\/taped-disposable-coveralls-2-600x600.png 600w, https:\/\/med-disposable.com\/wp-content\/uploads\/2023\/05\/taped-disposable-coveralls-2-100x100.png 100w\" sizes=\"(max-width: 800px) 100vw, 800px\" \/><\/p>\n<p>&nbsp;<\/p>\n<p>&nbsp;<\/p>\n<p>&nbsp;<\/p>","protected":false},"excerpt":{"rendered":"<p>El mono m\u00e9dico reforzado con cinta con escarpines est\u00e1 dise\u00f1ado para proporcionar a los profesionales sanitarios la m\u00e1xima protecci\u00f3n y comodidad durante los procedimientos m\u00e9dicos. Fabricados con materiales de alta calidad y con costuras selladas para una mayor durabilidad, estos monos son perfectos para hospitales, cl\u00ednicas y otras instalaciones sanitarias que requieren estrictas normas de higiene.<\/p>","protected":false},"featured_media":7244,"template":"","meta":{"_seopress_robots_primary_cat":"none","_seopress_titles_title":"Durable Protectives Coveralls For Medical Work W\/Thumb Loops, Taped Seams &amp; Boot","_seopress_titles_desc":"Get extended protection with our reinforced tape coveralls! Features Elastic cuffs, thumb loops, front zipper with flap &amp; ties on ankles. ASTM Level 3 protection. Durable &amp; comfortable. Available in various sizes.","_seopress_robots_index":""},"product_brand":[],"product_cat":[44],"product_tag":[331],"class_list":{"0":"post-7236","1":"product","2":"type-product","3":"status-publish","4":"has-post-thumbnail","6":"product_cat-coverall","7":"product_tag-medical-coveralls","9":"first","10":"instock","11":"shipping-taxable","12":"product-type-simple"},"_links":{"self":[{"href":"https:\/\/med-disposable.com\/es\/wp-json\/wp\/v2\/product\/7236","targetHints":{"allow":["GET"]}}],"collection":[{"href":"https:\/\/med-disposable.com\/es\/wp-json\/wp\/v2\/product"}],"about":[{"href":"https:\/\/med-disposable.com\/es\/wp-json\/wp\/v2\/types\/product"}],"version-history":[{"count":0,"href":"https:\/\/med-disposable.com\/es\/wp-json\/wp\/v2\/product\/7236\/revisions"}],"wp:featuredmedia":[{"embeddable":true,"href":"https:\/\/med-disposable.com\/es\/wp-json\/wp\/v2\/media\/7244"}],"wp:attachment":[{"href":"https:\/\/med-disposable.com\/es\/wp-json\/wp\/v2\/media?parent=7236"}],"wp:term":[{"taxonomy":"product_brand","embeddable":true,"href":"https:\/\/med-disposable.com\/es\/wp-json\/wp\/v2\/product_brand?post=7236"},{"taxonomy":"product_cat","embeddable":true,"href":"https:\/\/med-disposable.com\/es\/wp-json\/wp\/v2\/product_cat?post=7236"},{"taxonomy":"product_tag","embeddable":true,"href":"https:\/\/med-disposable.com\/es\/wp-json\/wp\/v2\/product_tag?post=7236"}],"curies":[{"name":"wp","href":"https:\/\/api.w.org\/{rel}","templated":true}]}}