{"id":1016,"date":"2021-03-23T14:15:04","date_gmt":"2021-03-23T06:15:04","guid":{"rendered":"https:\/\/med-disposable.com\/?post_type=product&#038;p=1016"},"modified":"2023-04-07T16:20:11","modified_gmt":"2023-04-07T08:20:11","slug":"taie-doreiller-jetable-non-tissee","status":"publish","type":"product","link":"https:\/\/med-disposable.com\/fr\/product\/disposable-non-woven-pillow-case-cover\/","title":{"rendered":"Taie d'oreiller jetable non tiss\u00e9e"},"content":{"rendered":"<p><strong>Fonctionnalit\u00e9 :<\/strong><\/p>\n<p>Durable, non toxique, imperm\u00e9able et absorbant l'eau, respectueux de la peau<\/p>\n<p><strong>Sp\u00e9cification d\u00e9taill\u00e9e :<\/strong><\/p>\n<table width=\"875\">\n<tbody>\n<tr style=\"font-style: inherit;font-weight: inherit\">\n<td style=\"font-style: inherit\" width=\"106\">Mat\u00e9riau<\/td>\n<td style=\"font-style: inherit\" width=\"769\">PP, SMS, PP+PE, Spunlace+Microporous, sur demande<\/td>\n<\/tr>\n<tr style=\"font-style: inherit;font-weight: inherit\">\n<td style=\"font-style: inherit\">Taille<\/td>\n<td style=\"font-style: inherit\">50*70cm, 60*80cm, sur demande<\/td>\n<\/tr>\n<tr style=\"font-style: inherit;font-weight: inherit\">\n<td style=\"font-style: inherit\">Poids en grammes<\/td>\n<td style=\"font-style: inherit\">20-50gsm<\/td>\n<\/tr>\n<tr style=\"font-style: inherit;font-weight: inherit\">\n<td style=\"font-style: inherit\">Couleur<\/td>\n<td style=\"font-style: inherit\">Blanc, bleu, rose, gris, noir...<\/td>\n<\/tr>\n<tr style=\"font-style: inherit;font-weight: inherit\">\n<td style=\"font-style: inherit\">Application<\/td>\n<td style=\"font-style: inherit\">H\u00f4pital, clinique, soins dentaires, soins de sant\u00e9, salon de beaut\u00e9, h\u00f4tels, etc.<\/td>\n<\/tr>\n<tr style=\"font-style: inherit;font-weight: inherit\">\n<td style=\"font-style: inherit\">Emballage<\/td>\n<td style=\"font-style: inherit\">10pcs\/sac, 10sacs\/carton, ou selon la demande<\/td>\n<\/tr>\n<tr style=\"font-style: inherit;font-weight: inherit\">\n<td style=\"font-style: inherit\">\u00c9chantillon<\/td>\n<td style=\"font-style: inherit\">\u00c9chantillons gratuits pour v\u00e9rification dans un d\u00e9lai d'une semaine<\/td>\n<\/tr>\n<\/tbody>\n<\/table>\n<p>&nbsp;<\/p>\n<p><strong>Quels sont les mat\u00e9riaux utilis\u00e9s dans la production de votre taie d'oreiller non tiss\u00e9e, et sont-ils respectueux de l'environnement et durables ?<\/strong><br \/>\nNos taies d'oreiller non tiss\u00e9es sont principalement fabriqu\u00e9es \u00e0 partir de mat\u00e9riaux de haute qualit\u00e9. <strong>polypropyl\u00e8ne (PP)<\/strong> qui sont \u00e0 la fois \u00e9cologiques et durables. Le polypropyl\u00e8ne est un polym\u00e8re thermoplastique largement utilis\u00e9 dans l'industrie textile en raison de sa durabilit\u00e9, de sa l\u00e9g\u00e8ret\u00e9 et de sa r\u00e9sistance \u00e0 l'humidit\u00e9. Le processus de production des tissus non tiss\u00e9s implique un minimum de d\u00e9chets et consomme moins d'\u00e9nergie que les tissus traditionnels. En outre, le polypropyl\u00e8ne est recyclable, ce qui contribue \u00e0 r\u00e9duire l'impact environnemental global de nos taies d'oreiller non tiss\u00e9es.<\/p>\n<p><img fetchpriority=\"high\" decoding=\"async\" class=\"alignnone size-medium wp-image-5388\" src=\"https:\/\/med-disposable.com\/wp-content\/uploads\/2021\/03\/40A0790-300x300.jpg\" alt=\"\" width=\"300\" height=\"300\" srcset=\"https:\/\/med-disposable.com\/wp-content\/uploads\/2021\/03\/40A0790-300x300.jpg 300w, https:\/\/med-disposable.com\/wp-content\/uploads\/2021\/03\/40A0790-1024x1024.jpg 1024w, https:\/\/med-disposable.com\/wp-content\/uploads\/2021\/03\/40A0790-150x150.jpg 150w, https:\/\/med-disposable.com\/wp-content\/uploads\/2021\/03\/40A0790-768x768.jpg 768w, https:\/\/med-disposable.com\/wp-content\/uploads\/2021\/03\/40A0790-1536x1536.jpg 1536w, https:\/\/med-disposable.com\/wp-content\/uploads\/2021\/03\/40A0790-scaled.jpg 2048w, https:\/\/med-disposable.com\/wp-content\/uploads\/2021\/03\/40A0790-600x600.jpg 600w, https:\/\/med-disposable.com\/wp-content\/uploads\/2021\/03\/40A0790-100x100.jpg 100w\" sizes=\"(max-width: 300px) 100vw, 300px\" \/><\/p>\n<p>Outre le polypropyl\u00e8ne, les taies d'oreiller jetables peuvent \u00e9galement \u00eatre fabriqu\u00e9es en SMS (Spunbond Meltblown Spunbond) et en mat\u00e9riaux microporeux.<\/p>\n<p><strong>SMS<\/strong> est un mat\u00e9riau composite non tiss\u00e9 qui combine trois couches : deux couches de spunbond \u00e0 l'ext\u00e9rieur et une couche de meltblown au milieu. Cette combinaison offre une durabilit\u00e9, une respirabilit\u00e9 et des propri\u00e9t\u00e9s de barri\u00e8re accrues, ce qui le rend adapt\u00e9 \u00e0 diverses applications, y compris les housses d'oreiller. Le SMS est respectueux de l'environnement car il est fabriqu\u00e9 \u00e0 partir de polypropyl\u00e8ne 100%, qui est recyclable et dont la production n\u00e9cessite moins d'\u00e9nergie que celle des mat\u00e9riaux tiss\u00e9s traditionnels.<\/p>\n<p><img decoding=\"async\" class=\"alignnone size-medium wp-image-5395\" src=\"https:\/\/med-disposable.com\/wp-content\/uploads\/2021\/03\/40A0797-300x300.jpg\" alt=\"\" width=\"300\" height=\"300\" srcset=\"https:\/\/med-disposable.com\/wp-content\/uploads\/2021\/03\/40A0797-300x300.jpg 300w, https:\/\/med-disposable.com\/wp-content\/uploads\/2021\/03\/40A0797-150x150.jpg 150w, https:\/\/med-disposable.com\/wp-content\/uploads\/2021\/03\/40A0797-600x600.jpg 600w, https:\/\/med-disposable.com\/wp-content\/uploads\/2021\/03\/40A0797-100x100.jpg 100w, https:\/\/med-disposable.com\/wp-content\/uploads\/2021\/03\/40A0797.jpg 700w\" sizes=\"(max-width: 300px) 100vw, 300px\" \/><\/p>\n<p><strong>Microporeux<\/strong> sont un autre type de tissu non tiss\u00e9 couramment utilis\u00e9 pour les taies d'oreiller. Ils sont constitu\u00e9s d'un film fin et respirant lamin\u00e9 sur une couche de non-tiss\u00e9, cr\u00e9ant ainsi un tissu l\u00e9ger et confortable. Les mat\u00e9riaux microporeux sont connus pour leurs excellentes propri\u00e9t\u00e9s de barri\u00e8re, ce qui les rend adapt\u00e9s aux applications n\u00e9cessitant une protection contre la poussi\u00e8re, les liquides et autres contaminants. Ils sont \u00e9galement \u00e9cologiques et durables, car ils peuvent \u00eatre produits en utilisant un minimum d'\u00e9nergie et de ressources par rapport aux tissus traditionnels.<\/p>\n<p><img decoding=\"async\" class=\"alignnone size-medium wp-image-5396\" src=\"https:\/\/med-disposable.com\/wp-content\/uploads\/2021\/03\/40A0812-300x300.jpg\" alt=\"\" width=\"300\" height=\"300\" srcset=\"https:\/\/med-disposable.com\/wp-content\/uploads\/2021\/03\/40A0812-300x300.jpg 300w, https:\/\/med-disposable.com\/wp-content\/uploads\/2021\/03\/40A0812-1024x1024.jpg 1024w, https:\/\/med-disposable.com\/wp-content\/uploads\/2021\/03\/40A0812-150x150.jpg 150w, https:\/\/med-disposable.com\/wp-content\/uploads\/2021\/03\/40A0812-768x768.jpg 768w, https:\/\/med-disposable.com\/wp-content\/uploads\/2021\/03\/40A0812-1536x1536.jpg 1536w, https:\/\/med-disposable.com\/wp-content\/uploads\/2021\/03\/40A0812-scaled.jpg 2048w, https:\/\/med-disposable.com\/wp-content\/uploads\/2021\/03\/40A0812-600x600.jpg 600w, https:\/\/med-disposable.com\/wp-content\/uploads\/2021\/03\/40A0812-100x100.jpg 100w\" sizes=\"(max-width: 300px) 100vw, 300px\" \/><\/p>\n<p>Les mat\u00e9riaux SMS et microporeux sont des options viables pour les housses d'oreiller non tiss\u00e9es, offrant des avantages uniques en fonction des exigences sp\u00e9cifiques et des caract\u00e9ristiques souhait\u00e9es pour le produit final.<\/p>\n<p>En outre, les mat\u00e9riaux PP+PE, Spunlace+Microporous sont \u00e9galement un excellent choix pour la taie d'oreiller jetable non tiss\u00e9e.<\/p>\n<p><img loading=\"lazy\" decoding=\"async\" class=\"alignnone size-medium wp-image-5397\" src=\"https:\/\/med-disposable.com\/wp-content\/uploads\/2021\/03\/40A0736-300x300.jpg\" alt=\"\" width=\"300\" height=\"300\" srcset=\"https:\/\/med-disposable.com\/wp-content\/uploads\/2021\/03\/40A0736-300x300.jpg 300w, https:\/\/med-disposable.com\/wp-content\/uploads\/2021\/03\/40A0736-1024x1024.jpg 1024w, https:\/\/med-disposable.com\/wp-content\/uploads\/2021\/03\/40A0736-150x150.jpg 150w, https:\/\/med-disposable.com\/wp-content\/uploads\/2021\/03\/40A0736-768x768.jpg 768w, https:\/\/med-disposable.com\/wp-content\/uploads\/2021\/03\/40A0736-1536x1536.jpg 1536w, https:\/\/med-disposable.com\/wp-content\/uploads\/2021\/03\/40A0736-scaled.jpg 2048w, https:\/\/med-disposable.com\/wp-content\/uploads\/2021\/03\/40A0736-600x600.jpg 600w, https:\/\/med-disposable.com\/wp-content\/uploads\/2021\/03\/40A0736-100x100.jpg 100w\" sizes=\"(max-width: 300px) 100vw, 300px\" \/><\/p>\n<p><strong>Les taies d'oreiller jetables non tiss\u00e9es peuvent-elles \u00eatre personnalis\u00e9es en termes de taille, de design et de couleur pour r\u00e9pondre aux exigences sp\u00e9cifiques du client ?<\/strong><br \/>\nOui, nous proposons des options de personnalisation pour nos housses d'oreiller en non-tiss\u00e9, notamment en termes de taille, de design et de couleur. Nous travaillons en \u00e9troite collaboration avec nos clients B2B pour nous assurer que le produit final r\u00e9pond \u00e0 leurs exigences et pr\u00e9f\u00e9rences uniques, ce qui permet une plus grande flexibilit\u00e9 dans l'offre de produits.<\/p>\n<p><img loading=\"lazy\" decoding=\"async\" class=\"alignnone size-medium wp-image-5392\" src=\"https:\/\/med-disposable.com\/wp-content\/uploads\/2021\/03\/40A0794-300x300.jpg\" alt=\"\" width=\"300\" height=\"300\" srcset=\"https:\/\/med-disposable.com\/wp-content\/uploads\/2021\/03\/40A0794-300x300.jpg 300w, https:\/\/med-disposable.com\/wp-content\/uploads\/2021\/03\/40A0794-1024x1024.jpg 1024w, https:\/\/med-disposable.com\/wp-content\/uploads\/2021\/03\/40A0794-150x150.jpg 150w, https:\/\/med-disposable.com\/wp-content\/uploads\/2021\/03\/40A0794-768x768.jpg 768w, https:\/\/med-disposable.com\/wp-content\/uploads\/2021\/03\/40A0794-600x600.jpg 600w, https:\/\/med-disposable.com\/wp-content\/uploads\/2021\/03\/40A0794-100x100.jpg 100w, https:\/\/med-disposable.com\/wp-content\/uploads\/2021\/03\/40A0794.jpg 1050w\" sizes=\"(max-width: 300px) 100vw, 300px\" \/> <img loading=\"lazy\" decoding=\"async\" class=\"alignnone size-medium wp-image-5387\" src=\"https:\/\/med-disposable.com\/wp-content\/uploads\/2021\/03\/40A0789-300x300.jpg\" alt=\"\" width=\"300\" height=\"300\" srcset=\"https:\/\/med-disposable.com\/wp-content\/uploads\/2021\/03\/40A0789-300x300.jpg 300w, https:\/\/med-disposable.com\/wp-content\/uploads\/2021\/03\/40A0789-1024x1024.jpg 1024w, https:\/\/med-disposable.com\/wp-content\/uploads\/2021\/03\/40A0789-150x150.jpg 150w, https:\/\/med-disposable.com\/wp-content\/uploads\/2021\/03\/40A0789-768x768.jpg 768w, https:\/\/med-disposable.com\/wp-content\/uploads\/2021\/03\/40A0789-1536x1536.jpg 1536w, https:\/\/med-disposable.com\/wp-content\/uploads\/2021\/03\/40A0789-scaled.jpg 2048w, https:\/\/med-disposable.com\/wp-content\/uploads\/2021\/03\/40A0789-600x600.jpg 600w, https:\/\/med-disposable.com\/wp-content\/uploads\/2021\/03\/40A0789-100x100.jpg 100w\" sizes=\"(max-width: 300px) 100vw, 300px\" \/> <img loading=\"lazy\" decoding=\"async\" class=\"alignnone size-medium wp-image-5383\" src=\"https:\/\/med-disposable.com\/wp-content\/uploads\/2021\/03\/40A0781-300x300.jpg\" alt=\"\" width=\"300\" height=\"300\" srcset=\"https:\/\/med-disposable.com\/wp-content\/uploads\/2021\/03\/40A0781-300x300.jpg 300w, https:\/\/med-disposable.com\/wp-content\/uploads\/2021\/03\/40A0781-1024x1024.jpg 1024w, https:\/\/med-disposable.com\/wp-content\/uploads\/2021\/03\/40A0781-150x150.jpg 150w, https:\/\/med-disposable.com\/wp-content\/uploads\/2021\/03\/40A0781-768x768.jpg 768w, https:\/\/med-disposable.com\/wp-content\/uploads\/2021\/03\/40A0781-1536x1536.jpg 1536w, https:\/\/med-disposable.com\/wp-content\/uploads\/2021\/03\/40A0781-scaled.jpg 2048w, https:\/\/med-disposable.com\/wp-content\/uploads\/2021\/03\/40A0781-600x600.jpg 600w, https:\/\/med-disposable.com\/wp-content\/uploads\/2021\/03\/40A0781-100x100.jpg 100w\" sizes=\"(max-width: 300px) 100vw, 300px\" \/><\/p>\n<p><strong>Comment vos housses d'oreiller non tiss\u00e9es se comparent-elles aux housses tiss\u00e9es traditionnelles en termes de durabilit\u00e9, de confort et de respirabilit\u00e9 ?<\/strong><br \/>\nNos taies d'oreiller non tiss\u00e9es offrent une durabilit\u00e9, un confort et une respirabilit\u00e9 comparables \u00e0 ceux des taies tiss\u00e9es traditionnelles. Le processus de fabrication du non-tiss\u00e9 permet d'obtenir un tissu solide et r\u00e9silient qui r\u00e9siste aux d\u00e9chirures et \u00e0 l'effilochage. En outre, la texture douce et lisse du mat\u00e9riau assure le confort, tandis que sa respirabilit\u00e9 permet une bonne circulation de l'air et une bonne \u00e9vacuation de l'humidit\u00e9.<\/p>\n<p>&nbsp;<\/p>\n<p><strong>Quelles sont les applications pour lesquelles les taies d'oreiller jetables en non-tiss\u00e9 conviennent le mieux, et sont-elles appropri\u00e9es pour une utilisation dans des environnements commerciaux tels que les h\u00f4tels et les h\u00f4pitaux ?<\/strong><br \/>\nLes taies d'oreiller non tiss\u00e9es jetables sont id\u00e9ales pour diverses applications o\u00f9 l'hygi\u00e8ne, la commodit\u00e9 et la rentabilit\u00e9 sont des facteurs essentiels. Elles sont particuli\u00e8rement bien adapt\u00e9es aux environnements commerciaux et institutionnels, tels que.. :<\/p>\n<p><strong>1.H\u00f4pitaux<\/strong>: Les housses d'oreiller non tiss\u00e9es sont un excellent choix pour les \u00e9tablissements de sant\u00e9 en raison de leurs propri\u00e9t\u00e9s hygi\u00e9niques. Elles agissent comme une barri\u00e8re contre les contaminants, tels que la poussi\u00e8re, les bact\u00e9ries et les fluides corporels, aidant \u00e0 pr\u00e9venir la contamination crois\u00e9e et \u00e0 maintenir un environnement st\u00e9rile. Leur nature jetable permet de les remplacer facilement, garantissant ainsi une surface de sommeil propre et s\u00fbre pour chaque patient.<\/p>\n<p><strong>2.H\u00f4tels<\/strong>: Les taies d'oreiller jetables en non-tiss\u00e9 peuvent constituer une solution \u00e9conomique et pratique pour les h\u00f4tels, en particulier ceux dont le taux de rotation des clients est \u00e9lev\u00e9. Elles offrent une surface de sommeil propre et confortable aux clients tout en r\u00e9duisant le temps et les ressources n\u00e9cessaires au lavage des taies d'oreiller traditionnelles. Cela permet aux h\u00f4teliers de r\u00e9aliser des \u00e9conomies et d'am\u00e9liorer leur efficacit\u00e9 op\u00e9rationnelle.<\/p>\n<p><strong>3. \u00e9tablissements de soins de longue dur\u00e9e<\/strong>: Dans les maisons de retraite et les centres d'h\u00e9bergement, il est essentiel de maintenir un environnement propre et hygi\u00e9nique. Les housses d'oreiller jetables en non-tiss\u00e9 peuvent aider \u00e0 minimiser le risque d'infection et de contamination crois\u00e9e tout en offrant une surface de sommeil confortable aux r\u00e9sidents.<\/p>\n<p><strong>4. les abris d'urgence et les logements temporaires<\/strong>: Dans les situations o\u00f9 un h\u00e9bergement temporaire est n\u00e9cessaire, telles que les op\u00e9rations de secours en cas de catastrophe ou les \u00e9v\u00e9nements de grande envergure, les housses d'oreiller jetables en non-tiss\u00e9 peuvent constituer une solution de literie pratique et hygi\u00e9nique.<\/p>\n<p><strong>5. les centres de spa et de bien-\u00eatre<\/strong>: Les housses d'oreiller en non-tiss\u00e9 peuvent \u00eatre utilis\u00e9es dans les salles de massage et de traitement, garantissant une surface propre et confortable pour les clients tout en simplifiant le processus de nettoyage pour le personnel.<\/p>\n<p>&nbsp;<\/p>\n<p><strong>Quelle est la quantit\u00e9 minimale de commande pour vos housses d'oreiller en non-tiss\u00e9, et proposez-vous des remises ou des incitations pour les commandes en gros ?<\/strong><br \/>\nLa quantit\u00e9 minimale de commande pour nos housses d'oreiller non tiss\u00e9es varie en fonction des exigences de personnalisation. Nous offrons \u00e0 nos clients des remises et des incitations pour les commandes en gros, avec des structures de prix con\u00e7ues pour s'adapter aux diff\u00e9rents volumes de commande et aux besoins des clients. Pour plus d'informations, n'h\u00e9sitez pas \u00e0 nous contacter par e-mail, t\u00e9l\u00e9phone ou Whatsapp.<\/p>","protected":false},"excerpt":{"rendered":"<p>Mat\u00e9riau non tiss\u00e9, extra doux, solide et r\u00e9sistant aux d\u00e9chirures.<\/p>\n<p>Style : ouvert sur un petit c\u00f4t\u00e9, avec ou sans rabat, avec ou sans fermeture \u00e9clair. Selon vos besoins.<\/p>","protected":false},"featured_media":1021,"template":"","meta":{"_seopress_robots_primary_cat":"none","_seopress_titles_title":"Discover the durable, comfortable &amp; breathable non woven pillow cover from Eco-Friendly Materials","_seopress_titles_desc":"Learn about the eco-friendly, highly durable materials used to make our non woven pillow case covers, which are available in various sizes, designs, and colors with customization options. Our non woven pillow covers provide excellent breathability, moisture-wicking, and durable protection and comfort that are comparable to traditional woven covers.","_seopress_robots_index":""},"product_brand":[],"product_cat":[49],"product_tag":[82,57],"class_list":{"0":"post-1016","1":"product","2":"type-product","3":"status-publish","4":"has-post-thumbnail","6":"product_cat-bed-linens","7":"product_tag-cover","8":"product_tag-non-woven","10":"first","11":"instock","12":"shipping-taxable","13":"product-type-simple"},"_links":{"self":[{"href":"https:\/\/med-disposable.com\/fr\/wp-json\/wp\/v2\/product\/1016","targetHints":{"allow":["GET"]}}],"collection":[{"href":"https:\/\/med-disposable.com\/fr\/wp-json\/wp\/v2\/product"}],"about":[{"href":"https:\/\/med-disposable.com\/fr\/wp-json\/wp\/v2\/types\/product"}],"version-history":[{"count":0,"href":"https:\/\/med-disposable.com\/fr\/wp-json\/wp\/v2\/product\/1016\/revisions"}],"wp:featuredmedia":[{"embeddable":true,"href":"https:\/\/med-disposable.com\/fr\/wp-json\/wp\/v2\/media\/1021"}],"wp:attachment":[{"href":"https:\/\/med-disposable.com\/fr\/wp-json\/wp\/v2\/media?parent=1016"}],"wp:term":[{"taxonomy":"product_brand","embeddable":true,"href":"https:\/\/med-disposable.com\/fr\/wp-json\/wp\/v2\/product_brand?post=1016"},{"taxonomy":"product_cat","embeddable":true,"href":"https:\/\/med-disposable.com\/fr\/wp-json\/wp\/v2\/product_cat?post=1016"},{"taxonomy":"product_tag","embeddable":true,"href":"https:\/\/med-disposable.com\/fr\/wp-json\/wp\/v2\/product_tag?post=1016"}],"curies":[{"name":"wp","href":"https:\/\/api.w.org\/{rel}","templated":true}]}}